{"id":20992,"date":"2023-09-27T10:26:57","date_gmt":"2023-09-27T07:26:57","guid":{"rendered":"https:\/\/fordcargoparca.com\/urunler\/gc46-8b546-ee-nt384760su-pompasi-komple-sogutma-suyufltr-pmp-thermo-assembly-cooler\/"},"modified":"2024-01-26T15:20:15","modified_gmt":"2024-01-26T12:20:15","slug":"gc46-8b546-ee-nt384760su-pompasi-komple-sogutma-suyufltr-pmp-thermo-assembly-cooler","status":"publish","type":"product","link":"https:\/\/fordcargoparca.com\/ar\/urunler\/gc46-8b546-ee-nt384760%d9%85%d8%b6%d8%ae%d8%a9-%d9%85%d9%8a%d8%a7%d9%87-%d8%aa%d8%a8%d8%b1%d9%8a%d8%af-%d9%83%d8%a7%d9%85%d9%84-waterfltr-pmp-%d8%aa%d8%ac%d9%85%d9%8a%d8%b9-%d8%ad%d8%b1%d8%a7%d8%b1\/","title":{"rendered":"GC46 8B546 EE N;T384760;\u0645\u062c\u0645\u0648\u0639\u0629 \u0645\u0636\u062e\u0629 \u0627\u0644\u0645\u064a\u0627\u0647 \u2013 \u0645\u064a\u0627\u0647 \u0627\u0644\u062a\u0628\u0631\u064a\u062f;\u0645\u0628\u0631\u062f \u0627\u0644\u062a\u062c\u0645\u064a\u0639 FLTR\/PMP\/\u0627\u0644\u062d\u0631\u0627\u0631\u064a"},"content":{"rendered":"<p>\u0627\u0633\u0645 \u0627\u0644\u0645\u0646\u062a\u062c: \u0645\u0636\u062e\u0629 \u0645\u064a\u0627\u0647 \u0643\u0627\u0645\u0644\u0629<br \/>\n\u0631\u0645\u0632 \u0627\u0644\u0645\u0646\u062a\u062c: GC46 8B546 EE<br \/>\n\u062a\u0635\u0646\u064a\u0639 \u0627\u0644\u0645\u0639\u062f\u0627\u062a \u0627\u0644\u0623\u0635\u0644\u064a\u0629: GC46 8B546EE<br \/>\n\u0627\u0644\u0628\u0627\u0631\u0643\u0648\u062f: \u0641\u0648\u0631\u062f \u0623\u0648\u062a\u0648\u0633\u0627\u0646 GC468B546EE<br \/>\n\u0627\u0644\u0641\u0646\u0644\u0646\u062f\u064a\u0629: T384760<\/p>","protected":false},"excerpt":{"rendered":"<p>\u0627\u0633\u0645 \u0627\u0644\u0645\u0646\u062a\u062c: \u0645\u0636\u062e\u0629 \u0645\u064a\u0627\u0647 \u0643\u0627\u0645\u0644\u0629<br \/>\n\u0631\u0645\u0632 \u0627\u0644\u0645\u0646\u062a\u062c: GC46 8B546 EE<br \/>\n\u062a\u0635\u0646\u064a\u0639 \u0627\u0644\u0645\u0639\u062f\u0627\u062a \u0627\u0644\u0623\u0635\u0644\u064a\u0629: GC46 8B546EE<br \/>\n\u0627\u0644\u0628\u0627\u0631\u0643\u0648\u062f: \u0641\u0648\u0631\u062f \u0623\u0648\u062a\u0648\u0633\u0627\u0646 GC468B546EE<br \/>\n\u0627\u0644\u0641\u0646\u0644\u0646\u062f\u064a\u0629: T384760<\/p>","protected":false},"featured_media":76888,"template":"","meta":[],"product_cat":[118],"product_tag":[606,610,607,608,609],"class_list":{"0":"post-20992","1":"product","2":"type-product","3":"status-publish","4":"has-post-thumbnail","6":"product_cat-motor","7":"product_tag-ford-cargo-devirdaim","8":"product_tag-ford-cargo-su-pompasi","9":"product_tag-gc46-8b546-ee","10":"product_tag-gc468b546ee","11":"product_tag-t384760","12":"badges-style-3","14":"first","15":"instock","16":"shipping-taxable","17":"product-type-simple"},"yoast_head":"<!-- This site is optimized with the Yoast SEO plugin v23.0 - https:\/\/yoast.com\/wordpress\/plugins\/seo\/ -->\n<title>GC46 8B546 EE N;T384760;SU POMPASI KOMPLE - SOGUTMA SUYU;FLTR\/PMP\/THERMO ASSEMBLY COOLER - Kamil Y\u0131lmaz Otomotiv - Ford Cargo Yedek Par&ccedil;a<\/title>\n<meta name=\"description\" content=\"\u00dcr\u00fcn Ad\u0131 : FORD CARGO SU POMPASI KOMPLE \u00dcr\u00fcn Kodu : GC46 8B546 EE OEM : GC468B546EE Barkod : FORD OTOSAN GC46 8B546 EE Finnish : T384760\" \/>\n<meta name=\"robots\" content=\"index, follow, max-snippet:-1, max-image-preview:large, max-video-preview:-1\" \/>\n<link rel=\"canonical\" href=\"https:\/\/fordcargoparca.com\/ar\/urunler\/gc46-8b546-ee-nt384760\u0645\u0636\u062e\u0629-\u0645\u064a\u0627\u0647-\u062a\u0628\u0631\u064a\u062f-\u0643\u0627\u0645\u0644-waterfltr-pmp-\u062a\u062c\u0645\u064a\u0639-\u062d\u0631\u0627\u0631\/\" \/>\n<meta property=\"og:locale\" content=\"ar_AR\" \/>\n<meta property=\"og:type\" content=\"article\" \/>\n<meta property=\"og:title\" content=\"GC46 8B546 EE N;T384760;SU POMPASI KOMPLE - SOGUTMA SUYU;FLTR\/PMP\/THERMO ASSEMBLY COOLER - Kamil Y\u0131lmaz Otomotiv - Ford Cargo Yedek Par&ccedil;a\" \/>\n<meta property=\"og:description\" content=\"\u00dcr\u00fcn Ad\u0131 : FORD CARGO SU POMPASI KOMPLE \u00dcr\u00fcn Kodu : GC46 8B546 EE OEM : GC468B546EE Barkod : FORD OTOSAN GC46 8B546 EE Finnish : T384760\" \/>\n<meta property=\"og:url\" content=\"https:\/\/fordcargoparca.com\/ar\/urunler\/gc46-8b546-ee-nt384760\u0645\u0636\u062e\u0629-\u0645\u064a\u0627\u0647-\u062a\u0628\u0631\u064a\u062f-\u0643\u0627\u0645\u0644-waterfltr-pmp-\u062a\u062c\u0645\u064a\u0639-\u062d\u0631\u0627\u0631\/\" \/>\n<meta property=\"og:site_name\" content=\"Kamil Y\u0131lmaz Otomotiv - Ford Cargo Yedek Par&ccedil;a\" \/>\n<meta property=\"article:publisher\" content=\"https:\/\/www.facebook.com\/fordtrucksparts\/\" \/>\n<meta property=\"article:modified_time\" content=\"2024-01-26T12:20:15+00:00\" \/>\n<meta property=\"og:image\" content=\"https:\/\/fordcargoparca.com\/wp-content\/uploads\/2023\/09\/GC468B546EE.png\" \/>\n\t<meta property=\"og:image:width\" content=\"1040\" \/>\n\t<meta property=\"og:image:height\" content=\"585\" \/>\n\t<meta property=\"og:image:type\" content=\"image\/png\" \/>\n<meta name=\"twitter:card\" content=\"summary_large_image\" \/>\n<meta name=\"twitter:label1\" content=\"\u0648\u0642\u062a \u0627\u0644\u0642\u0631\u0627\u0621\u0629 \u0627\u0644\u0645\u064f\u0642\u062f\u0651\u0631\" \/>\n\t<meta name=\"twitter:data1\" content=\"\u062f\u0642\u064a\u0642\u0629 \u0648\u0627\u062d\u062f\u0629\" \/>\n<script type=\"application\/ld+json\" class=\"yoast-schema-graph\">{\"@context\":\"https:\/\/schema.org\",\"@graph\":[{\"@type\":\"WebPage\",\"@id\":\"https:\/\/fordcargoparca.com\/urunler\/gc46-8b546-ee-nt384760su-pompasi-komple-sogutma-suyufltr-pmp-thermo-assembly-cooler\/\",\"url\":\"https:\/\/fordcargoparca.com\/urunler\/gc46-8b546-ee-nt384760su-pompasi-komple-sogutma-suyufltr-pmp-thermo-assembly-cooler\/\",\"name\":\"GC46 8B546 EE N;T384760;SU POMPASI KOMPLE - SOGUTMA SUYU;FLTR\/PMP\/THERMO ASSEMBLY COOLER - Kamil Y\u0131lmaz Otomotiv - Ford Cargo Yedek Par&ccedil;a\",\"isPartOf\":{\"@id\":\"https:\/\/fordcargoparca.com\/#website\"},\"primaryImageOfPage\":{\"@id\":\"https:\/\/fordcargoparca.com\/urunler\/gc46-8b546-ee-nt384760su-pompasi-komple-sogutma-suyufltr-pmp-thermo-assembly-cooler\/#primaryimage\"},\"image\":{\"@id\":\"https:\/\/fordcargoparca.com\/urunler\/gc46-8b546-ee-nt384760su-pompasi-komple-sogutma-suyufltr-pmp-thermo-assembly-cooler\/#primaryimage\"},\"thumbnailUrl\":\"https:\/\/fordcargoparca.com\/wp-content\/uploads\/2023\/09\/GC468B546EE.png\",\"datePublished\":\"2023-09-27T07:26:57+00:00\",\"dateModified\":\"2024-01-26T12:20:15+00:00\",\"description\":\"\u00dcr\u00fcn Ad\u0131 : FORD CARGO SU POMPASI KOMPLE \u00dcr\u00fcn Kodu : GC46 8B546 EE OEM : GC468B546EE Barkod : FORD OTOSAN GC46 8B546 EE Finnish : T384760\",\"breadcrumb\":{\"@id\":\"https:\/\/fordcargoparca.com\/urunler\/gc46-8b546-ee-nt384760su-pompasi-komple-sogutma-suyufltr-pmp-thermo-assembly-cooler\/#breadcrumb\"},\"inLanguage\":\"ar\",\"potentialAction\":[{\"@type\":\"ReadAction\",\"target\":[\"https:\/\/fordcargoparca.com\/urunler\/gc46-8b546-ee-nt384760su-pompasi-komple-sogutma-suyufltr-pmp-thermo-assembly-cooler\/\"]}]},{\"@type\":\"ImageObject\",\"inLanguage\":\"ar\",\"@id\":\"https:\/\/fordcargoparca.com\/urunler\/gc46-8b546-ee-nt384760su-pompasi-komple-sogutma-suyufltr-pmp-thermo-assembly-cooler\/#primaryimage\",\"url\":\"https:\/\/fordcargoparca.com\/wp-content\/uploads\/2023\/09\/GC468B546EE.png\",\"contentUrl\":\"https:\/\/fordcargoparca.com\/wp-content\/uploads\/2023\/09\/GC468B546EE.png\",\"width\":1040,\"height\":585},{\"@type\":\"BreadcrumbList\",\"@id\":\"https:\/\/fordcargoparca.com\/urunler\/gc46-8b546-ee-nt384760su-pompasi-komple-sogutma-suyufltr-pmp-thermo-assembly-cooler\/#breadcrumb\",\"itemListElement\":[{\"@type\":\"ListItem\",\"position\":1,\"name\":\"Anasayfa\",\"item\":\"https:\/\/fordcargoparca.com\/\"},{\"@type\":\"ListItem\",\"position\":2,\"name\":\"\u00dcr\u00fcnler\",\"item\":\"https:\/\/fordcargoparca.com\/urunler\/\"},{\"@type\":\"ListItem\",\"position\":3,\"name\":\"GC46 8B546 EE N;T384760;SU POMPASI KOMPLE &#8211; SOGUTMA SUYU;FLTR\/PMP\/THERMO ASSEMBLY COOLER\"}]},{\"@type\":\"WebSite\",\"@id\":\"https:\/\/fordcargoparca.com\/#website\",\"url\":\"https:\/\/fordcargoparca.com\/\",\"name\":\"Kamil Y\u0131lmaz Otomotiv - Ford Cargo Par\u00e7a\",\"description\":\"\",\"publisher\":{\"@id\":\"https:\/\/fordcargoparca.com\/#organization\"},\"potentialAction\":[{\"@type\":\"SearchAction\",\"target\":{\"@type\":\"EntryPoint\",\"urlTemplate\":\"https:\/\/fordcargoparca.com\/?s={search_term_string}\"},\"query-input\":\"required name=search_term_string\"}],\"inLanguage\":\"ar\"},{\"@type\":\"Organization\",\"@id\":\"https:\/\/fordcargoparca.com\/#organization\",\"name\":\"Kamil Y\u0131lmaz Otomotiv - Ford Cargo Par\u00e7a\",\"url\":\"https:\/\/fordcargoparca.com\/\",\"logo\":{\"@type\":\"ImageObject\",\"inLanguage\":\"ar\",\"@id\":\"https:\/\/fordcargoparca.com\/#\/schema\/logo\/image\/\",\"url\":\"https:\/\/fordcargoparca.com\/wp-content\/uploads\/2023\/07\/cropped-kamilyilmazlogo3.png\",\"contentUrl\":\"https:\/\/fordcargoparca.com\/wp-content\/uploads\/2023\/07\/cropped-kamilyilmazlogo3.png\",\"width\":1080,\"height\":720,\"caption\":\"Kamil Y\u0131lmaz Otomotiv - Ford Cargo Par\u00e7a\"},\"image\":{\"@id\":\"https:\/\/fordcargoparca.com\/#\/schema\/logo\/image\/\"},\"sameAs\":[\"https:\/\/www.facebook.com\/fordtrucksparts\/\",\"https:\/\/www.instagram.com\/kamilyilmazotomotiv\/\"]}]}<\/script>\n<!-- \/ Yoast SEO plugin. -->","yoast_head_json":{"title":"GC46 8B546 EE N;T384760;SU POMPASI KOMPLE - SOGUTMA SUYU;FLTR\/PMP\/THERMO ASSEMBLY COOLER - Kamil Y\u0131lmaz Otomotiv - Ford Cargo Yedek Par&ccedil;a","description":"\u00dcr\u00fcn Ad\u0131 : FORD CARGO SU POMPASI KOMPLE \u00dcr\u00fcn Kodu : GC46 8B546 EE OEM : GC468B546EE Barkod : FORD OTOSAN GC46 8B546 EE Finnish : T384760","robots":{"index":"index","follow":"follow","max-snippet":"max-snippet:-1","max-image-preview":"max-image-preview:large","max-video-preview":"max-video-preview:-1"},"canonical":"https:\/\/fordcargoparca.com\/ar\/urunler\/gc46-8b546-ee-nt384760\u0645\u0636\u062e\u0629-\u0645\u064a\u0627\u0647-\u062a\u0628\u0631\u064a\u062f-\u0643\u0627\u0645\u0644-waterfltr-pmp-\u062a\u062c\u0645\u064a\u0639-\u062d\u0631\u0627\u0631\/","og_locale":"ar_AR","og_type":"article","og_title":"GC46 8B546 EE N;T384760;SU POMPASI KOMPLE - SOGUTMA SUYU;FLTR\/PMP\/THERMO ASSEMBLY COOLER - Kamil Y\u0131lmaz Otomotiv - Ford Cargo Yedek Par&ccedil;a","og_description":"\u00dcr\u00fcn Ad\u0131 : FORD CARGO SU POMPASI KOMPLE \u00dcr\u00fcn Kodu : GC46 8B546 EE OEM : GC468B546EE Barkod : FORD OTOSAN GC46 8B546 EE Finnish : T384760","og_url":"https:\/\/fordcargoparca.com\/ar\/urunler\/gc46-8b546-ee-nt384760\u0645\u0636\u062e\u0629-\u0645\u064a\u0627\u0647-\u062a\u0628\u0631\u064a\u062f-\u0643\u0627\u0645\u0644-waterfltr-pmp-\u062a\u062c\u0645\u064a\u0639-\u062d\u0631\u0627\u0631\/","og_site_name":"Kamil Y\u0131lmaz Otomotiv - Ford Cargo Yedek Par&ccedil;a","article_publisher":"https:\/\/www.facebook.com\/fordtrucksparts\/","article_modified_time":"2024-01-26T12:20:15+00:00","og_image":[{"width":1040,"height":585,"url":"https:\/\/fordcargoparca.com\/wp-content\/uploads\/2023\/09\/GC468B546EE.png","type":"image\/png"}],"twitter_card":"summary_large_image","twitter_misc":{"\u0648\u0642\u062a \u0627\u0644\u0642\u0631\u0627\u0621\u0629 \u0627\u0644\u0645\u064f\u0642\u062f\u0651\u0631":"\u062f\u0642\u064a\u0642\u0629 \u0648\u0627\u062d\u062f\u0629"},"schema":{"@context":"https:\/\/schema.org","@graph":[{"@type":"WebPage","@id":"https:\/\/fordcargoparca.com\/urunler\/gc46-8b546-ee-nt384760su-pompasi-komple-sogutma-suyufltr-pmp-thermo-assembly-cooler\/","url":"https:\/\/fordcargoparca.com\/urunler\/gc46-8b546-ee-nt384760su-pompasi-komple-sogutma-suyufltr-pmp-thermo-assembly-cooler\/","name":"GC46 8B546 EE N;T384760;SU POMPASI KOMPLE - SOGUTMA SUYU;FLTR\/PMP\/THERMO ASSEMBLY COOLER - Kamil Y\u0131lmaz Otomotiv - Ford Cargo Yedek Par&ccedil;a","isPartOf":{"@id":"https:\/\/fordcargoparca.com\/#website"},"primaryImageOfPage":{"@id":"https:\/\/fordcargoparca.com\/urunler\/gc46-8b546-ee-nt384760su-pompasi-komple-sogutma-suyufltr-pmp-thermo-assembly-cooler\/#primaryimage"},"image":{"@id":"https:\/\/fordcargoparca.com\/urunler\/gc46-8b546-ee-nt384760su-pompasi-komple-sogutma-suyufltr-pmp-thermo-assembly-cooler\/#primaryimage"},"thumbnailUrl":"https:\/\/fordcargoparca.com\/wp-content\/uploads\/2023\/09\/GC468B546EE.png","datePublished":"2023-09-27T07:26:57+00:00","dateModified":"2024-01-26T12:20:15+00:00","description":"\u00dcr\u00fcn Ad\u0131 : FORD CARGO SU POMPASI KOMPLE \u00dcr\u00fcn Kodu : GC46 8B546 EE OEM : GC468B546EE Barkod : FORD OTOSAN GC46 8B546 EE Finnish : T384760","breadcrumb":{"@id":"https:\/\/fordcargoparca.com\/urunler\/gc46-8b546-ee-nt384760su-pompasi-komple-sogutma-suyufltr-pmp-thermo-assembly-cooler\/#breadcrumb"},"inLanguage":"ar","potentialAction":[{"@type":"ReadAction","target":["https:\/\/fordcargoparca.com\/urunler\/gc46-8b546-ee-nt384760su-pompasi-komple-sogutma-suyufltr-pmp-thermo-assembly-cooler\/"]}]},{"@type":"ImageObject","inLanguage":"ar","@id":"https:\/\/fordcargoparca.com\/urunler\/gc46-8b546-ee-nt384760su-pompasi-komple-sogutma-suyufltr-pmp-thermo-assembly-cooler\/#primaryimage","url":"https:\/\/fordcargoparca.com\/wp-content\/uploads\/2023\/09\/GC468B546EE.png","contentUrl":"https:\/\/fordcargoparca.com\/wp-content\/uploads\/2023\/09\/GC468B546EE.png","width":1040,"height":585},{"@type":"BreadcrumbList","@id":"https:\/\/fordcargoparca.com\/urunler\/gc46-8b546-ee-nt384760su-pompasi-komple-sogutma-suyufltr-pmp-thermo-assembly-cooler\/#breadcrumb","itemListElement":[{"@type":"ListItem","position":1,"name":"Anasayfa","item":"https:\/\/fordcargoparca.com\/"},{"@type":"ListItem","position":2,"name":"\u00dcr\u00fcnler","item":"https:\/\/fordcargoparca.com\/urunler\/"},{"@type":"ListItem","position":3,"name":"GC46 8B546 EE N;T384760;SU POMPASI KOMPLE &#8211; SOGUTMA SUYU;FLTR\/PMP\/THERMO ASSEMBLY COOLER"}]},{"@type":"WebSite","@id":"https:\/\/fordcargoparca.com\/#website","url":"https:\/\/fordcargoparca.com\/","name":"Kamil Y\u0131lmaz Otomotiv - Ford Cargo Par\u00e7a","description":"","publisher":{"@id":"https:\/\/fordcargoparca.com\/#organization"},"potentialAction":[{"@type":"SearchAction","target":{"@type":"EntryPoint","urlTemplate":"https:\/\/fordcargoparca.com\/?s={search_term_string}"},"query-input":"required name=search_term_string"}],"inLanguage":"ar"},{"@type":"Organization","@id":"https:\/\/fordcargoparca.com\/#organization","name":"Kamil Y\u0131lmaz Otomotiv - Ford Cargo Par\u00e7a","url":"https:\/\/fordcargoparca.com\/","logo":{"@type":"ImageObject","inLanguage":"ar","@id":"https:\/\/fordcargoparca.com\/#\/schema\/logo\/image\/","url":"https:\/\/fordcargoparca.com\/wp-content\/uploads\/2023\/07\/cropped-kamilyilmazlogo3.png","contentUrl":"https:\/\/fordcargoparca.com\/wp-content\/uploads\/2023\/07\/cropped-kamilyilmazlogo3.png","width":1080,"height":720,"caption":"Kamil Y\u0131lmaz Otomotiv - Ford Cargo Par\u00e7a"},"image":{"@id":"https:\/\/fordcargoparca.com\/#\/schema\/logo\/image\/"},"sameAs":["https:\/\/www.facebook.com\/fordtrucksparts\/","https:\/\/www.instagram.com\/kamilyilmazotomotiv\/"]}]}},"_links":{"self":[{"href":"https:\/\/fordcargoparca.com\/ar\/wp-json\/wp\/v2\/product\/20992"}],"collection":[{"href":"https:\/\/fordcargoparca.com\/ar\/wp-json\/wp\/v2\/product"}],"about":[{"href":"https:\/\/fordcargoparca.com\/ar\/wp-json\/wp\/v2\/types\/product"}],"version-history":[{"count":2,"href":"https:\/\/fordcargoparca.com\/ar\/wp-json\/wp\/v2\/product\/20992\/revisions"}],"predecessor-version":[{"id":76892,"href":"https:\/\/fordcargoparca.com\/ar\/wp-json\/wp\/v2\/product\/20992\/revisions\/76892"}],"wp:featuredmedia":[{"embeddable":true,"href":"https:\/\/fordcargoparca.com\/ar\/wp-json\/wp\/v2\/media\/76888"}],"wp:attachment":[{"href":"https:\/\/fordcargoparca.com\/ar\/wp-json\/wp\/v2\/media?parent=20992"}],"wp:term":[{"taxonomy":"product_cat","embeddable":true,"href":"https:\/\/fordcargoparca.com\/ar\/wp-json\/wp\/v2\/product_cat?post=20992"},{"taxonomy":"product_tag","embeddable":true,"href":"https:\/\/fordcargoparca.com\/ar\/wp-json\/wp\/v2\/product_tag?post=20992"}],"curies":[{"name":"wp","href":"https:\/\/api.w.org\/{rel}","templated":true}]}}