{"id":4861,"date":"2023-07-16T16:50:51","date_gmt":"2023-07-16T13:50:51","guid":{"rendered":"https:\/\/fordcargoparca.com\/?post_type=product&#038;p=4861"},"modified":"2026-01-16T22:07:04","modified_gmt":"2026-01-16T19:07:04","slug":"ford-f-max-yan-ikaz-lambasi-jc46-15c426-ad","status":"publish","type":"product","link":"https:\/\/fordcargoparca.com\/ar\/urunler\/%d9%81%d9%88%d8%b1%d8%af-%d8%a7%d9%81-%d9%85%d8%a7%d9%83%d8%b3-%d9%85%d8%b5%d8%a8%d8%a7%d8%ad-%d8%aa%d8%ad%d8%b0%d9%8a%d8%b1-%d8%ac%d8%a7%d9%86%d8%a8%d9%8a-jc46-15c426-ad\/","title":{"rendered":"\u0645\u0635\u0628\u0627\u062d \u062a\u062d\u0630\u064a\u0631 \u062c\u0627\u0646\u0628\u064a \u0644\u0633\u064a\u0627\u0631\u0629 \u0641\u0648\u0631\u062f F-MAX - JC46 15C426 AD"},"content":{"rendered":"<p>\u0627\u0633\u0645 \u0627\u0644\u0645\u0646\u062a\u062c: \u0645\u0635\u0628\u0627\u062d \u0627\u0644\u062a\u062d\u0630\u064a\u0631 \u0627\u0644\u062c\u0627\u0646\u0628\u064a FORD F-MAX<br \/>\n\u0631\u0645\u0632 \u0627\u0644\u0645\u0646\u062a\u062c: JC46 15C426 \u0645<br \/>\n\u062a\u0635\u0646\u064a\u0639 \u0627\u0644\u0645\u0639\u062f\u0627\u062a \u0627\u0644\u0623\u0635\u0644\u064a\u0629: JC4615C426AD<br \/>\n\u0627\u0644\u0628\u0627\u0631\u0643\u0648\u062f: \u0641\u0648\u0631\u062f \u0623\u0648\u062a\u0648\u0633\u0627\u0646 JC46 15C426 \u0645<br \/>\n\u0627\u0644\u0641\u0646\u0644\u0646\u062f\u064a\u0629: T403070<\/p>","protected":false},"excerpt":{"rendered":"<p>\u0627\u0633\u0645 \u0627\u0644\u0645\u0646\u062a\u062c: \u0645\u0635\u0628\u0627\u062d \u0627\u0644\u062a\u062d\u0630\u064a\u0631 \u0627\u0644\u062c\u0627\u0646\u0628\u064a FORD F-MAX<br \/>\n\u0631\u0645\u0632 \u0627\u0644\u0645\u0646\u062a\u062c: JC46 15C426 \u0645<br \/>\n\u062a\u0635\u0646\u064a\u0639 \u0627\u0644\u0645\u0639\u062f\u0627\u062a \u0627\u0644\u0623\u0635\u0644\u064a\u0629: JC4615C426AD<br \/>\n\u0627\u0644\u0628\u0627\u0631\u0643\u0648\u062f: \u0641\u0648\u0631\u062f \u0623\u0648\u062a\u0648\u0633\u0627\u0646 JC46 15C426 \u0645<br \/>\n\u0627\u0644\u0641\u0646\u0644\u0646\u062f\u064a\u0629: T403070<\/p>","protected":false},"featured_media":78489,"template":"","meta":[],"product_cat":[124,15],"product_tag":[357],"class_list":{"0":"post-4861","1":"product","2":"type-product","3":"status-publish","4":"has-post-thumbnail","6":"product_cat-elektrik","7":"product_cat-ford-cargo-yedek-parca","8":"product_tag-ford-f-max-yan-ikaz-lambasi-jc46-15c426-ad","9":"badges-style-3","11":"first","12":"instock","13":"shipping-taxable","14":"product-type-simple"},"yoast_head":"<!-- This site is optimized with the Yoast SEO plugin v23.0 - https:\/\/yoast.com\/wordpress\/plugins\/seo\/ -->\n<title>FORD F-MAX YAN \u0130KAZ LAMBASI - JC46 15C426 AD - Kamil Y\u0131lmaz Otomotiv - Ford Cargo Yedek Par&ccedil;a<\/title>\n<meta name=\"description\" content=\"\u00dcr\u00fcn Ad\u0131 : FORD F-MAX YAN \u0130KAZ LAMBASI \u00dcr\u00fcn Kodu : JC46 15C426 AD OEM : JC4615C426AD Barkod : FORD OTOSAN JC46 15C426 AD Finnish : T403070\" \/>\n<meta name=\"robots\" content=\"index, follow, max-snippet:-1, max-image-preview:large, max-video-preview:-1\" \/>\n<link rel=\"canonical\" href=\"https:\/\/fordcargoparca.com\/ar\/urunler\/\u0641\u0648\u0631\u062f-\u0627\u0641-\u0645\u0627\u0643\u0633-\u0645\u0635\u0628\u0627\u062d-\u062a\u062d\u0630\u064a\u0631-\u062c\u0627\u0646\u0628\u064a-jc46-15c426-ad\/\" \/>\n<meta property=\"og:locale\" content=\"ar_AR\" \/>\n<meta property=\"og:type\" content=\"article\" \/>\n<meta property=\"og:title\" content=\"FORD F-MAX YAN \u0130KAZ LAMBASI - JC46 15C426 AD - Kamil Y\u0131lmaz Otomotiv - Ford Cargo Yedek Par&ccedil;a\" \/>\n<meta property=\"og:description\" content=\"\u00dcr\u00fcn Ad\u0131 : FORD F-MAX YAN \u0130KAZ LAMBASI \u00dcr\u00fcn Kodu : JC46 15C426 AD OEM : JC4615C426AD Barkod : FORD OTOSAN JC46 15C426 AD Finnish : T403070\" \/>\n<meta property=\"og:url\" content=\"https:\/\/fordcargoparca.com\/ar\/urunler\/\u0641\u0648\u0631\u062f-\u0627\u0641-\u0645\u0627\u0643\u0633-\u0645\u0635\u0628\u0627\u062d-\u062a\u062d\u0630\u064a\u0631-\u062c\u0627\u0646\u0628\u064a-jc46-15c426-ad\/\" \/>\n<meta property=\"og:site_name\" content=\"Kamil Y\u0131lmaz Otomotiv - Ford Cargo Yedek Par&ccedil;a\" \/>\n<meta property=\"article:publisher\" content=\"https:\/\/www.facebook.com\/fordtrucksparts\/\" \/>\n<meta property=\"article:modified_time\" content=\"2026-01-16T19:07:04+00:00\" \/>\n<meta property=\"og:image\" content=\"https:\/\/fordcargoparca.com\/wp-content\/uploads\/2026\/01\/JC46-15C426.png\" \/>\n\t<meta property=\"og:image:width\" content=\"1028\" \/>\n\t<meta property=\"og:image:height\" content=\"1000\" \/>\n\t<meta property=\"og:image:type\" content=\"image\/png\" \/>\n<meta name=\"twitter:card\" content=\"summary_large_image\" \/>\n<meta name=\"twitter:label1\" content=\"\u0648\u0642\u062a \u0627\u0644\u0642\u0631\u0627\u0621\u0629 \u0627\u0644\u0645\u064f\u0642\u062f\u0651\u0631\" \/>\n\t<meta name=\"twitter:data1\" content=\"\u062f\u0642\u064a\u0642\u0629 \u0648\u0627\u062d\u062f\u0629\" \/>\n<script type=\"application\/ld+json\" class=\"yoast-schema-graph\">{\"@context\":\"https:\/\/schema.org\",\"@graph\":[{\"@type\":\"WebPage\",\"@id\":\"https:\/\/fordcargoparca.com\/urunler\/ford-f-max-yan-ikaz-lambasi-jc46-15c426-ad\/\",\"url\":\"https:\/\/fordcargoparca.com\/urunler\/ford-f-max-yan-ikaz-lambasi-jc46-15c426-ad\/\",\"name\":\"FORD F-MAX YAN \u0130KAZ LAMBASI - JC46 15C426 AD - Kamil Y\u0131lmaz Otomotiv - Ford Cargo Yedek Par&ccedil;a\",\"isPartOf\":{\"@id\":\"https:\/\/fordcargoparca.com\/#website\"},\"primaryImageOfPage\":{\"@id\":\"https:\/\/fordcargoparca.com\/urunler\/ford-f-max-yan-ikaz-lambasi-jc46-15c426-ad\/#primaryimage\"},\"image\":{\"@id\":\"https:\/\/fordcargoparca.com\/urunler\/ford-f-max-yan-ikaz-lambasi-jc46-15c426-ad\/#primaryimage\"},\"thumbnailUrl\":\"https:\/\/fordcargoparca.com\/wp-content\/uploads\/2026\/01\/JC46-15C426.png\",\"datePublished\":\"2023-07-16T13:50:51+00:00\",\"dateModified\":\"2026-01-16T19:07:04+00:00\",\"description\":\"\u00dcr\u00fcn Ad\u0131 : FORD F-MAX YAN \u0130KAZ LAMBASI \u00dcr\u00fcn Kodu : JC46 15C426 AD OEM : JC4615C426AD Barkod : FORD OTOSAN JC46 15C426 AD Finnish : T403070\",\"breadcrumb\":{\"@id\":\"https:\/\/fordcargoparca.com\/urunler\/ford-f-max-yan-ikaz-lambasi-jc46-15c426-ad\/#breadcrumb\"},\"inLanguage\":\"ar\",\"potentialAction\":[{\"@type\":\"ReadAction\",\"target\":[\"https:\/\/fordcargoparca.com\/urunler\/ford-f-max-yan-ikaz-lambasi-jc46-15c426-ad\/\"]}]},{\"@type\":\"ImageObject\",\"inLanguage\":\"ar\",\"@id\":\"https:\/\/fordcargoparca.com\/urunler\/ford-f-max-yan-ikaz-lambasi-jc46-15c426-ad\/#primaryimage\",\"url\":\"https:\/\/fordcargoparca.com\/wp-content\/uploads\/2026\/01\/JC46-15C426.png\",\"contentUrl\":\"https:\/\/fordcargoparca.com\/wp-content\/uploads\/2026\/01\/JC46-15C426.png\",\"width\":1028,\"height\":1000},{\"@type\":\"BreadcrumbList\",\"@id\":\"https:\/\/fordcargoparca.com\/urunler\/ford-f-max-yan-ikaz-lambasi-jc46-15c426-ad\/#breadcrumb\",\"itemListElement\":[{\"@type\":\"ListItem\",\"position\":1,\"name\":\"Anasayfa\",\"item\":\"https:\/\/fordcargoparca.com\/\"},{\"@type\":\"ListItem\",\"position\":2,\"name\":\"\u00dcr\u00fcnler\",\"item\":\"https:\/\/fordcargoparca.com\/urunler\/\"},{\"@type\":\"ListItem\",\"position\":3,\"name\":\"FORD F-MAX YAN \u0130KAZ LAMBASI &#8211; JC46 15C426 AD\"}]},{\"@type\":\"WebSite\",\"@id\":\"https:\/\/fordcargoparca.com\/#website\",\"url\":\"https:\/\/fordcargoparca.com\/\",\"name\":\"Kamil Y\u0131lmaz Otomotiv - Ford Cargo Par\u00e7a\",\"description\":\"\",\"publisher\":{\"@id\":\"https:\/\/fordcargoparca.com\/#organization\"},\"potentialAction\":[{\"@type\":\"SearchAction\",\"target\":{\"@type\":\"EntryPoint\",\"urlTemplate\":\"https:\/\/fordcargoparca.com\/?s={search_term_string}\"},\"query-input\":\"required name=search_term_string\"}],\"inLanguage\":\"ar\"},{\"@type\":\"Organization\",\"@id\":\"https:\/\/fordcargoparca.com\/#organization\",\"name\":\"Kamil Y\u0131lmaz Otomotiv - Ford Cargo Par\u00e7a\",\"url\":\"https:\/\/fordcargoparca.com\/\",\"logo\":{\"@type\":\"ImageObject\",\"inLanguage\":\"ar\",\"@id\":\"https:\/\/fordcargoparca.com\/#\/schema\/logo\/image\/\",\"url\":\"https:\/\/fordcargoparca.com\/wp-content\/uploads\/2023\/07\/cropped-kamilyilmazlogo3.png\",\"contentUrl\":\"https:\/\/fordcargoparca.com\/wp-content\/uploads\/2023\/07\/cropped-kamilyilmazlogo3.png\",\"width\":1080,\"height\":720,\"caption\":\"Kamil Y\u0131lmaz Otomotiv - Ford Cargo Par\u00e7a\"},\"image\":{\"@id\":\"https:\/\/fordcargoparca.com\/#\/schema\/logo\/image\/\"},\"sameAs\":[\"https:\/\/www.facebook.com\/fordtrucksparts\/\",\"https:\/\/www.instagram.com\/kamilyilmazotomotiv\/\"]}]}<\/script>\n<!-- \/ Yoast SEO plugin. -->","yoast_head_json":{"title":"FORD F-MAX YAN \u0130KAZ LAMBASI - JC46 15C426 AD - Kamil Y\u0131lmaz Otomotiv - Ford Cargo Yedek Par&ccedil;a","description":"\u00dcr\u00fcn Ad\u0131 : FORD F-MAX YAN \u0130KAZ LAMBASI \u00dcr\u00fcn Kodu : JC46 15C426 AD OEM : JC4615C426AD Barkod : FORD OTOSAN JC46 15C426 AD Finnish : T403070","robots":{"index":"index","follow":"follow","max-snippet":"max-snippet:-1","max-image-preview":"max-image-preview:large","max-video-preview":"max-video-preview:-1"},"canonical":"https:\/\/fordcargoparca.com\/ar\/urunler\/\u0641\u0648\u0631\u062f-\u0627\u0641-\u0645\u0627\u0643\u0633-\u0645\u0635\u0628\u0627\u062d-\u062a\u062d\u0630\u064a\u0631-\u062c\u0627\u0646\u0628\u064a-jc46-15c426-ad\/","og_locale":"ar_AR","og_type":"article","og_title":"FORD F-MAX YAN \u0130KAZ LAMBASI - JC46 15C426 AD - Kamil Y\u0131lmaz Otomotiv - Ford Cargo Yedek Par&ccedil;a","og_description":"\u00dcr\u00fcn Ad\u0131 : FORD F-MAX YAN \u0130KAZ LAMBASI \u00dcr\u00fcn Kodu : JC46 15C426 AD OEM : JC4615C426AD Barkod : FORD OTOSAN JC46 15C426 AD Finnish : T403070","og_url":"https:\/\/fordcargoparca.com\/ar\/urunler\/\u0641\u0648\u0631\u062f-\u0627\u0641-\u0645\u0627\u0643\u0633-\u0645\u0635\u0628\u0627\u062d-\u062a\u062d\u0630\u064a\u0631-\u062c\u0627\u0646\u0628\u064a-jc46-15c426-ad\/","og_site_name":"Kamil Y\u0131lmaz Otomotiv - Ford Cargo Yedek Par&ccedil;a","article_publisher":"https:\/\/www.facebook.com\/fordtrucksparts\/","article_modified_time":"2026-01-16T19:07:04+00:00","og_image":[{"width":1028,"height":1000,"url":"https:\/\/fordcargoparca.com\/wp-content\/uploads\/2026\/01\/JC46-15C426.png","type":"image\/png"}],"twitter_card":"summary_large_image","twitter_misc":{"\u0648\u0642\u062a \u0627\u0644\u0642\u0631\u0627\u0621\u0629 \u0627\u0644\u0645\u064f\u0642\u062f\u0651\u0631":"\u062f\u0642\u064a\u0642\u0629 \u0648\u0627\u062d\u062f\u0629"},"schema":{"@context":"https:\/\/schema.org","@graph":[{"@type":"WebPage","@id":"https:\/\/fordcargoparca.com\/urunler\/ford-f-max-yan-ikaz-lambasi-jc46-15c426-ad\/","url":"https:\/\/fordcargoparca.com\/urunler\/ford-f-max-yan-ikaz-lambasi-jc46-15c426-ad\/","name":"FORD F-MAX YAN \u0130KAZ LAMBASI - JC46 15C426 AD - Kamil Y\u0131lmaz Otomotiv - Ford Cargo Yedek Par&ccedil;a","isPartOf":{"@id":"https:\/\/fordcargoparca.com\/#website"},"primaryImageOfPage":{"@id":"https:\/\/fordcargoparca.com\/urunler\/ford-f-max-yan-ikaz-lambasi-jc46-15c426-ad\/#primaryimage"},"image":{"@id":"https:\/\/fordcargoparca.com\/urunler\/ford-f-max-yan-ikaz-lambasi-jc46-15c426-ad\/#primaryimage"},"thumbnailUrl":"https:\/\/fordcargoparca.com\/wp-content\/uploads\/2026\/01\/JC46-15C426.png","datePublished":"2023-07-16T13:50:51+00:00","dateModified":"2026-01-16T19:07:04+00:00","description":"\u00dcr\u00fcn Ad\u0131 : FORD F-MAX YAN \u0130KAZ LAMBASI \u00dcr\u00fcn Kodu : JC46 15C426 AD OEM : JC4615C426AD Barkod : FORD OTOSAN JC46 15C426 AD Finnish : T403070","breadcrumb":{"@id":"https:\/\/fordcargoparca.com\/urunler\/ford-f-max-yan-ikaz-lambasi-jc46-15c426-ad\/#breadcrumb"},"inLanguage":"ar","potentialAction":[{"@type":"ReadAction","target":["https:\/\/fordcargoparca.com\/urunler\/ford-f-max-yan-ikaz-lambasi-jc46-15c426-ad\/"]}]},{"@type":"ImageObject","inLanguage":"ar","@id":"https:\/\/fordcargoparca.com\/urunler\/ford-f-max-yan-ikaz-lambasi-jc46-15c426-ad\/#primaryimage","url":"https:\/\/fordcargoparca.com\/wp-content\/uploads\/2026\/01\/JC46-15C426.png","contentUrl":"https:\/\/fordcargoparca.com\/wp-content\/uploads\/2026\/01\/JC46-15C426.png","width":1028,"height":1000},{"@type":"BreadcrumbList","@id":"https:\/\/fordcargoparca.com\/urunler\/ford-f-max-yan-ikaz-lambasi-jc46-15c426-ad\/#breadcrumb","itemListElement":[{"@type":"ListItem","position":1,"name":"Anasayfa","item":"https:\/\/fordcargoparca.com\/"},{"@type":"ListItem","position":2,"name":"\u00dcr\u00fcnler","item":"https:\/\/fordcargoparca.com\/urunler\/"},{"@type":"ListItem","position":3,"name":"FORD F-MAX YAN \u0130KAZ LAMBASI &#8211; JC46 15C426 AD"}]},{"@type":"WebSite","@id":"https:\/\/fordcargoparca.com\/#website","url":"https:\/\/fordcargoparca.com\/","name":"Kamil Y\u0131lmaz Otomotiv - Ford Cargo Par\u00e7a","description":"","publisher":{"@id":"https:\/\/fordcargoparca.com\/#organization"},"potentialAction":[{"@type":"SearchAction","target":{"@type":"EntryPoint","urlTemplate":"https:\/\/fordcargoparca.com\/?s={search_term_string}"},"query-input":"required name=search_term_string"}],"inLanguage":"ar"},{"@type":"Organization","@id":"https:\/\/fordcargoparca.com\/#organization","name":"Kamil Y\u0131lmaz Otomotiv - Ford Cargo Par\u00e7a","url":"https:\/\/fordcargoparca.com\/","logo":{"@type":"ImageObject","inLanguage":"ar","@id":"https:\/\/fordcargoparca.com\/#\/schema\/logo\/image\/","url":"https:\/\/fordcargoparca.com\/wp-content\/uploads\/2023\/07\/cropped-kamilyilmazlogo3.png","contentUrl":"https:\/\/fordcargoparca.com\/wp-content\/uploads\/2023\/07\/cropped-kamilyilmazlogo3.png","width":1080,"height":720,"caption":"Kamil Y\u0131lmaz Otomotiv - Ford Cargo Par\u00e7a"},"image":{"@id":"https:\/\/fordcargoparca.com\/#\/schema\/logo\/image\/"},"sameAs":["https:\/\/www.facebook.com\/fordtrucksparts\/","https:\/\/www.instagram.com\/kamilyilmazotomotiv\/"]}]}},"_links":{"self":[{"href":"https:\/\/fordcargoparca.com\/ar\/wp-json\/wp\/v2\/product\/4861"}],"collection":[{"href":"https:\/\/fordcargoparca.com\/ar\/wp-json\/wp\/v2\/product"}],"about":[{"href":"https:\/\/fordcargoparca.com\/ar\/wp-json\/wp\/v2\/types\/product"}],"version-history":[{"count":1,"href":"https:\/\/fordcargoparca.com\/ar\/wp-json\/wp\/v2\/product\/4861\/revisions"}],"predecessor-version":[{"id":4862,"href":"https:\/\/fordcargoparca.com\/ar\/wp-json\/wp\/v2\/product\/4861\/revisions\/4862"}],"wp:featuredmedia":[{"embeddable":true,"href":"https:\/\/fordcargoparca.com\/ar\/wp-json\/wp\/v2\/media\/78489"}],"wp:attachment":[{"href":"https:\/\/fordcargoparca.com\/ar\/wp-json\/wp\/v2\/media?parent=4861"}],"wp:term":[{"taxonomy":"product_cat","embeddable":true,"href":"https:\/\/fordcargoparca.com\/ar\/wp-json\/wp\/v2\/product_cat?post=4861"},{"taxonomy":"product_tag","embeddable":true,"href":"https:\/\/fordcargoparca.com\/ar\/wp-json\/wp\/v2\/product_tag?post=4861"}],"curies":[{"name":"wp","href":"https:\/\/api.w.org\/{rel}","templated":true}]}}