{"id":5015,"date":"2023-07-16T22:56:32","date_gmt":"2023-07-16T19:56:32","guid":{"rendered":"https:\/\/fordcargoparca.com\/?post_type=product&#038;p=5015"},"modified":"2026-01-16T21:31:02","modified_gmt":"2026-01-16T18:31:02","slug":"ford-cargo-kaput-komple-1846-dc46-16610-ae","status":"publish","type":"product","link":"https:\/\/fordcargoparca.com\/ar\/urunler\/%d8%ba%d8%b7%d8%a7%d8%a1-%d9%85%d8%ad%d8%b1%d9%83-%d8%a7%d9%84%d8%b3%d9%8a%d8%a7%d8%b1%d8%a9-%d9%81%d9%88%d8%b1%d8%af-%d9%83%d8%a7%d8%b1%d8%ac%d9%88-%d9%83%d8%a7%d9%85%d9%84-1846-dc46-16610-ae\/","title":{"rendered":"\u063a\u0637\u0627\u0621 \u0645\u062d\u0631\u0643 \u0627\u0644\u0633\u064a\u0627\u0631\u0629 FORD CARGO \u0643\u0627\u0645\u0644 1846 \u2013 DC46 16610 AE"},"content":{"rendered":"<p>\u0627\u0633\u0645 \u0627\u0644\u0645\u0646\u062a\u062c: \u063a\u0637\u0627\u0621 \u0645\u062d\u0631\u0643 \u0627\u0644\u0633\u064a\u0627\u0631\u0629 FORD CARGO HOOD COMPLETE 1846<br \/>\n\u0631\u0645\u0632 \u0627\u0644\u0645\u0646\u062a\u062c: DC46 16610 AE<br \/>\n\u062a\u0635\u0646\u064a\u0639 \u0627\u0644\u0645\u0639\u062f\u0627\u062a \u0627\u0644\u0623\u0635\u0644\u064a\u0629: DC4616610AE<br \/>\n\u0627\u0644\u0628\u0627\u0631\u0643\u0648\u062f: FORD OTOSAN DC46 16610 AE<br \/>\n\u0627\u0644\u0641\u0646\u0644\u0646\u062f\u064a\u0629: T231223<\/p>","protected":false},"excerpt":{"rendered":"<p>\u0627\u0633\u0645 \u0627\u0644\u0645\u0646\u062a\u062c: \u063a\u0637\u0627\u0621 \u0645\u062d\u0631\u0643 \u0627\u0644\u0633\u064a\u0627\u0631\u0629 FORD CARGO HOOD COMPLETE 1846<br \/>\n\u0631\u0645\u0632 \u0627\u0644\u0645\u0646\u062a\u062c: DC46 16610 AE<br \/>\n\u062a\u0635\u0646\u064a\u0639 \u0627\u0644\u0645\u0639\u062f\u0627\u062a \u0627\u0644\u0623\u0635\u0644\u064a\u0629: DC4616610AE<br \/>\n\u0627\u0644\u0628\u0627\u0631\u0643\u0648\u062f: FORD OTOSAN DC46 16610 AE<br \/>\n\u0627\u0644\u0641\u0646\u0644\u0646\u062f\u064a\u0629: T231223<\/p>","protected":false},"featured_media":78436,"template":"","meta":[],"product_cat":[122,15],"product_tag":[433],"class_list":{"0":"post-5015","1":"product","2":"type-product","3":"status-publish","4":"has-post-thumbnail","6":"product_cat-kaporta","7":"product_cat-ford-cargo-yedek-parca","8":"product_tag-ford-cargo-kaput-komple-1846-dc46-16610-ae","9":"badges-style-3","11":"first","12":"instock","13":"shipping-taxable","14":"product-type-simple"},"yoast_head":"<!-- This site is optimized with the Yoast SEO plugin v23.0 - https:\/\/yoast.com\/wordpress\/plugins\/seo\/ -->\n<title>FORD CARGO KAPUT KOMPLE 1846 - DC46 16610 AE - Kamil Y\u0131lmaz Otomotiv - Ford Cargo Yedek Par&ccedil;a<\/title>\n<meta name=\"description\" content=\"\u00dcr\u00fcn Ad\u0131 : FORD CARGO KAPUT KOMPLE 1846 \u00dcr\u00fcn Kodu : DC46 16610 AE OEM : DC4616610AE Barkod : FORD OTOSAN DC46 16610 AE Finnish : T231223\" \/>\n<meta name=\"robots\" content=\"index, follow, max-snippet:-1, max-image-preview:large, max-video-preview:-1\" \/>\n<link rel=\"canonical\" href=\"https:\/\/fordcargoparca.com\/ar\/urunler\/\u063a\u0637\u0627\u0621-\u0645\u062d\u0631\u0643-\u0627\u0644\u0633\u064a\u0627\u0631\u0629-\u0641\u0648\u0631\u062f-\u0643\u0627\u0631\u062c\u0648-\u0643\u0627\u0645\u0644-1846-dc46-16610-ae\/\" \/>\n<meta property=\"og:locale\" content=\"ar_AR\" \/>\n<meta property=\"og:type\" content=\"article\" \/>\n<meta property=\"og:title\" content=\"FORD CARGO KAPUT KOMPLE 1846 - DC46 16610 AE - Kamil Y\u0131lmaz Otomotiv - Ford Cargo Yedek Par&ccedil;a\" \/>\n<meta property=\"og:description\" content=\"\u00dcr\u00fcn Ad\u0131 : FORD CARGO KAPUT KOMPLE 1846 \u00dcr\u00fcn Kodu : DC46 16610 AE OEM : DC4616610AE Barkod : FORD OTOSAN DC46 16610 AE Finnish : T231223\" \/>\n<meta property=\"og:url\" content=\"https:\/\/fordcargoparca.com\/ar\/urunler\/\u063a\u0637\u0627\u0621-\u0645\u062d\u0631\u0643-\u0627\u0644\u0633\u064a\u0627\u0631\u0629-\u0641\u0648\u0631\u062f-\u0643\u0627\u0631\u062c\u0648-\u0643\u0627\u0645\u0644-1846-dc46-16610-ae\/\" \/>\n<meta property=\"og:site_name\" content=\"Kamil Y\u0131lmaz Otomotiv - Ford Cargo Yedek Par&ccedil;a\" \/>\n<meta property=\"article:publisher\" content=\"https:\/\/www.facebook.com\/fordtrucksparts\/\" \/>\n<meta property=\"article:modified_time\" content=\"2026-01-16T18:31:02+00:00\" \/>\n<meta property=\"og:image\" content=\"https:\/\/fordcargoparca.com\/wp-content\/uploads\/2026\/01\/DC46-16610-AE-PDC46-16610-AE5JTQ-PDC46-16610-AE5JCR-.png\" \/>\n\t<meta property=\"og:image:width\" content=\"1028\" \/>\n\t<meta property=\"og:image:height\" content=\"1000\" \/>\n\t<meta property=\"og:image:type\" content=\"image\/png\" \/>\n<meta name=\"twitter:card\" content=\"summary_large_image\" \/>\n<meta name=\"twitter:label1\" content=\"\u0648\u0642\u062a \u0627\u0644\u0642\u0631\u0627\u0621\u0629 \u0627\u0644\u0645\u064f\u0642\u062f\u0651\u0631\" \/>\n\t<meta name=\"twitter:data1\" content=\"\u062f\u0642\u064a\u0642\u0629 \u0648\u0627\u062d\u062f\u0629\" \/>\n<script type=\"application\/ld+json\" class=\"yoast-schema-graph\">{\"@context\":\"https:\/\/schema.org\",\"@graph\":[{\"@type\":\"WebPage\",\"@id\":\"https:\/\/fordcargoparca.com\/urunler\/ford-cargo-kaput-komple-1846-dc46-16610-ae\/\",\"url\":\"https:\/\/fordcargoparca.com\/urunler\/ford-cargo-kaput-komple-1846-dc46-16610-ae\/\",\"name\":\"FORD CARGO KAPUT KOMPLE 1846 - DC46 16610 AE - Kamil Y\u0131lmaz Otomotiv - Ford Cargo Yedek Par&ccedil;a\",\"isPartOf\":{\"@id\":\"https:\/\/fordcargoparca.com\/#website\"},\"primaryImageOfPage\":{\"@id\":\"https:\/\/fordcargoparca.com\/urunler\/ford-cargo-kaput-komple-1846-dc46-16610-ae\/#primaryimage\"},\"image\":{\"@id\":\"https:\/\/fordcargoparca.com\/urunler\/ford-cargo-kaput-komple-1846-dc46-16610-ae\/#primaryimage\"},\"thumbnailUrl\":\"https:\/\/fordcargoparca.com\/wp-content\/uploads\/2026\/01\/DC46-16610-AE-PDC46-16610-AE5JTQ-PDC46-16610-AE5JCR-.png\",\"datePublished\":\"2023-07-16T19:56:32+00:00\",\"dateModified\":\"2026-01-16T18:31:02+00:00\",\"description\":\"\u00dcr\u00fcn Ad\u0131 : FORD CARGO KAPUT KOMPLE 1846 \u00dcr\u00fcn Kodu : DC46 16610 AE OEM : DC4616610AE Barkod : FORD OTOSAN DC46 16610 AE Finnish : T231223\",\"breadcrumb\":{\"@id\":\"https:\/\/fordcargoparca.com\/urunler\/ford-cargo-kaput-komple-1846-dc46-16610-ae\/#breadcrumb\"},\"inLanguage\":\"ar\",\"potentialAction\":[{\"@type\":\"ReadAction\",\"target\":[\"https:\/\/fordcargoparca.com\/urunler\/ford-cargo-kaput-komple-1846-dc46-16610-ae\/\"]}]},{\"@type\":\"ImageObject\",\"inLanguage\":\"ar\",\"@id\":\"https:\/\/fordcargoparca.com\/urunler\/ford-cargo-kaput-komple-1846-dc46-16610-ae\/#primaryimage\",\"url\":\"https:\/\/fordcargoparca.com\/wp-content\/uploads\/2026\/01\/DC46-16610-AE-PDC46-16610-AE5JTQ-PDC46-16610-AE5JCR-.png\",\"contentUrl\":\"https:\/\/fordcargoparca.com\/wp-content\/uploads\/2026\/01\/DC46-16610-AE-PDC46-16610-AE5JTQ-PDC46-16610-AE5JCR-.png\",\"width\":1028,\"height\":1000},{\"@type\":\"BreadcrumbList\",\"@id\":\"https:\/\/fordcargoparca.com\/urunler\/ford-cargo-kaput-komple-1846-dc46-16610-ae\/#breadcrumb\",\"itemListElement\":[{\"@type\":\"ListItem\",\"position\":1,\"name\":\"Anasayfa\",\"item\":\"https:\/\/fordcargoparca.com\/\"},{\"@type\":\"ListItem\",\"position\":2,\"name\":\"\u00dcr\u00fcnler\",\"item\":\"https:\/\/fordcargoparca.com\/urunler\/\"},{\"@type\":\"ListItem\",\"position\":3,\"name\":\"FORD CARGO KAPUT KOMPLE 1846 &#8211; DC46 16610 AE\"}]},{\"@type\":\"WebSite\",\"@id\":\"https:\/\/fordcargoparca.com\/#website\",\"url\":\"https:\/\/fordcargoparca.com\/\",\"name\":\"Kamil Y\u0131lmaz Otomotiv - Ford Cargo Par\u00e7a\",\"description\":\"\",\"publisher\":{\"@id\":\"https:\/\/fordcargoparca.com\/#organization\"},\"potentialAction\":[{\"@type\":\"SearchAction\",\"target\":{\"@type\":\"EntryPoint\",\"urlTemplate\":\"https:\/\/fordcargoparca.com\/?s={search_term_string}\"},\"query-input\":\"required name=search_term_string\"}],\"inLanguage\":\"ar\"},{\"@type\":\"Organization\",\"@id\":\"https:\/\/fordcargoparca.com\/#organization\",\"name\":\"Kamil Y\u0131lmaz Otomotiv - Ford Cargo Par\u00e7a\",\"url\":\"https:\/\/fordcargoparca.com\/\",\"logo\":{\"@type\":\"ImageObject\",\"inLanguage\":\"ar\",\"@id\":\"https:\/\/fordcargoparca.com\/#\/schema\/logo\/image\/\",\"url\":\"https:\/\/fordcargoparca.com\/wp-content\/uploads\/2023\/07\/cropped-kamilyilmazlogo3.png\",\"contentUrl\":\"https:\/\/fordcargoparca.com\/wp-content\/uploads\/2023\/07\/cropped-kamilyilmazlogo3.png\",\"width\":1080,\"height\":720,\"caption\":\"Kamil Y\u0131lmaz Otomotiv - Ford Cargo Par\u00e7a\"},\"image\":{\"@id\":\"https:\/\/fordcargoparca.com\/#\/schema\/logo\/image\/\"},\"sameAs\":[\"https:\/\/www.facebook.com\/fordtrucksparts\/\",\"https:\/\/www.instagram.com\/kamilyilmazotomotiv\/\"]}]}<\/script>\n<!-- \/ Yoast SEO plugin. -->","yoast_head_json":{"title":"FORD CARGO KAPUT KOMPLE 1846 - DC46 16610 AE - Kamil Y\u0131lmaz Otomotiv - Ford Cargo Yedek Par&ccedil;a","description":"\u00dcr\u00fcn Ad\u0131 : FORD CARGO KAPUT KOMPLE 1846 \u00dcr\u00fcn Kodu : DC46 16610 AE OEM : DC4616610AE Barkod : FORD OTOSAN DC46 16610 AE Finnish : T231223","robots":{"index":"index","follow":"follow","max-snippet":"max-snippet:-1","max-image-preview":"max-image-preview:large","max-video-preview":"max-video-preview:-1"},"canonical":"https:\/\/fordcargoparca.com\/ar\/urunler\/\u063a\u0637\u0627\u0621-\u0645\u062d\u0631\u0643-\u0627\u0644\u0633\u064a\u0627\u0631\u0629-\u0641\u0648\u0631\u062f-\u0643\u0627\u0631\u062c\u0648-\u0643\u0627\u0645\u0644-1846-dc46-16610-ae\/","og_locale":"ar_AR","og_type":"article","og_title":"FORD CARGO KAPUT KOMPLE 1846 - DC46 16610 AE - Kamil Y\u0131lmaz Otomotiv - Ford Cargo Yedek Par&ccedil;a","og_description":"\u00dcr\u00fcn Ad\u0131 : FORD CARGO KAPUT KOMPLE 1846 \u00dcr\u00fcn Kodu : DC46 16610 AE OEM : DC4616610AE Barkod : FORD OTOSAN DC46 16610 AE Finnish : T231223","og_url":"https:\/\/fordcargoparca.com\/ar\/urunler\/\u063a\u0637\u0627\u0621-\u0645\u062d\u0631\u0643-\u0627\u0644\u0633\u064a\u0627\u0631\u0629-\u0641\u0648\u0631\u062f-\u0643\u0627\u0631\u062c\u0648-\u0643\u0627\u0645\u0644-1846-dc46-16610-ae\/","og_site_name":"Kamil Y\u0131lmaz Otomotiv - Ford Cargo Yedek Par&ccedil;a","article_publisher":"https:\/\/www.facebook.com\/fordtrucksparts\/","article_modified_time":"2026-01-16T18:31:02+00:00","og_image":[{"width":1028,"height":1000,"url":"https:\/\/fordcargoparca.com\/wp-content\/uploads\/2026\/01\/DC46-16610-AE-PDC46-16610-AE5JTQ-PDC46-16610-AE5JCR-.png","type":"image\/png"}],"twitter_card":"summary_large_image","twitter_misc":{"\u0648\u0642\u062a \u0627\u0644\u0642\u0631\u0627\u0621\u0629 \u0627\u0644\u0645\u064f\u0642\u062f\u0651\u0631":"\u062f\u0642\u064a\u0642\u0629 \u0648\u0627\u062d\u062f\u0629"},"schema":{"@context":"https:\/\/schema.org","@graph":[{"@type":"WebPage","@id":"https:\/\/fordcargoparca.com\/urunler\/ford-cargo-kaput-komple-1846-dc46-16610-ae\/","url":"https:\/\/fordcargoparca.com\/urunler\/ford-cargo-kaput-komple-1846-dc46-16610-ae\/","name":"FORD CARGO KAPUT KOMPLE 1846 - DC46 16610 AE - Kamil Y\u0131lmaz Otomotiv - Ford Cargo Yedek Par&ccedil;a","isPartOf":{"@id":"https:\/\/fordcargoparca.com\/#website"},"primaryImageOfPage":{"@id":"https:\/\/fordcargoparca.com\/urunler\/ford-cargo-kaput-komple-1846-dc46-16610-ae\/#primaryimage"},"image":{"@id":"https:\/\/fordcargoparca.com\/urunler\/ford-cargo-kaput-komple-1846-dc46-16610-ae\/#primaryimage"},"thumbnailUrl":"https:\/\/fordcargoparca.com\/wp-content\/uploads\/2026\/01\/DC46-16610-AE-PDC46-16610-AE5JTQ-PDC46-16610-AE5JCR-.png","datePublished":"2023-07-16T19:56:32+00:00","dateModified":"2026-01-16T18:31:02+00:00","description":"\u00dcr\u00fcn Ad\u0131 : FORD CARGO KAPUT KOMPLE 1846 \u00dcr\u00fcn Kodu : DC46 16610 AE OEM : DC4616610AE Barkod : FORD OTOSAN DC46 16610 AE Finnish : T231223","breadcrumb":{"@id":"https:\/\/fordcargoparca.com\/urunler\/ford-cargo-kaput-komple-1846-dc46-16610-ae\/#breadcrumb"},"inLanguage":"ar","potentialAction":[{"@type":"ReadAction","target":["https:\/\/fordcargoparca.com\/urunler\/ford-cargo-kaput-komple-1846-dc46-16610-ae\/"]}]},{"@type":"ImageObject","inLanguage":"ar","@id":"https:\/\/fordcargoparca.com\/urunler\/ford-cargo-kaput-komple-1846-dc46-16610-ae\/#primaryimage","url":"https:\/\/fordcargoparca.com\/wp-content\/uploads\/2026\/01\/DC46-16610-AE-PDC46-16610-AE5JTQ-PDC46-16610-AE5JCR-.png","contentUrl":"https:\/\/fordcargoparca.com\/wp-content\/uploads\/2026\/01\/DC46-16610-AE-PDC46-16610-AE5JTQ-PDC46-16610-AE5JCR-.png","width":1028,"height":1000},{"@type":"BreadcrumbList","@id":"https:\/\/fordcargoparca.com\/urunler\/ford-cargo-kaput-komple-1846-dc46-16610-ae\/#breadcrumb","itemListElement":[{"@type":"ListItem","position":1,"name":"Anasayfa","item":"https:\/\/fordcargoparca.com\/"},{"@type":"ListItem","position":2,"name":"\u00dcr\u00fcnler","item":"https:\/\/fordcargoparca.com\/urunler\/"},{"@type":"ListItem","position":3,"name":"FORD CARGO KAPUT KOMPLE 1846 &#8211; DC46 16610 AE"}]},{"@type":"WebSite","@id":"https:\/\/fordcargoparca.com\/#website","url":"https:\/\/fordcargoparca.com\/","name":"Kamil Y\u0131lmaz Otomotiv - Ford Cargo Par\u00e7a","description":"","publisher":{"@id":"https:\/\/fordcargoparca.com\/#organization"},"potentialAction":[{"@type":"SearchAction","target":{"@type":"EntryPoint","urlTemplate":"https:\/\/fordcargoparca.com\/?s={search_term_string}"},"query-input":"required name=search_term_string"}],"inLanguage":"ar"},{"@type":"Organization","@id":"https:\/\/fordcargoparca.com\/#organization","name":"Kamil Y\u0131lmaz Otomotiv - Ford Cargo Par\u00e7a","url":"https:\/\/fordcargoparca.com\/","logo":{"@type":"ImageObject","inLanguage":"ar","@id":"https:\/\/fordcargoparca.com\/#\/schema\/logo\/image\/","url":"https:\/\/fordcargoparca.com\/wp-content\/uploads\/2023\/07\/cropped-kamilyilmazlogo3.png","contentUrl":"https:\/\/fordcargoparca.com\/wp-content\/uploads\/2023\/07\/cropped-kamilyilmazlogo3.png","width":1080,"height":720,"caption":"Kamil Y\u0131lmaz Otomotiv - Ford Cargo Par\u00e7a"},"image":{"@id":"https:\/\/fordcargoparca.com\/#\/schema\/logo\/image\/"},"sameAs":["https:\/\/www.facebook.com\/fordtrucksparts\/","https:\/\/www.instagram.com\/kamilyilmazotomotiv\/"]}]}},"_links":{"self":[{"href":"https:\/\/fordcargoparca.com\/ar\/wp-json\/wp\/v2\/product\/5015"}],"collection":[{"href":"https:\/\/fordcargoparca.com\/ar\/wp-json\/wp\/v2\/product"}],"about":[{"href":"https:\/\/fordcargoparca.com\/ar\/wp-json\/wp\/v2\/types\/product"}],"version-history":[{"count":1,"href":"https:\/\/fordcargoparca.com\/ar\/wp-json\/wp\/v2\/product\/5015\/revisions"}],"predecessor-version":[{"id":5017,"href":"https:\/\/fordcargoparca.com\/ar\/wp-json\/wp\/v2\/product\/5015\/revisions\/5017"}],"wp:featuredmedia":[{"embeddable":true,"href":"https:\/\/fordcargoparca.com\/ar\/wp-json\/wp\/v2\/media\/78436"}],"wp:attachment":[{"href":"https:\/\/fordcargoparca.com\/ar\/wp-json\/wp\/v2\/media?parent=5015"}],"wp:term":[{"taxonomy":"product_cat","embeddable":true,"href":"https:\/\/fordcargoparca.com\/ar\/wp-json\/wp\/v2\/product_cat?post=5015"},{"taxonomy":"product_tag","embeddable":true,"href":"https:\/\/fordcargoparca.com\/ar\/wp-json\/wp\/v2\/product_tag?post=5015"}],"curies":[{"name":"wp","href":"https:\/\/api.w.org\/{rel}","templated":true}]}}