{"id":5059,"date":"2023-07-17T11:56:28","date_gmt":"2023-07-17T08:56:28","guid":{"rendered":"https:\/\/fordcargoparca.com\/?page_id=5059"},"modified":"2025-03-03T22:44:39","modified_gmt":"2025-03-03T19:44:39","slug":"katalog","status":"publish","type":"page","link":"https:\/\/fordcargoparca.com\/en\/catalog\/","title":{"rendered":"Catalog"},"content":{"rendered":"<div data-elementor-type=\"wp-page\" data-elementor-id=\"5059\" class=\"elementor elementor-5059\">\n\t\t\t\t\t\t<section class=\"elementor-section elementor-top-section elementor-element elementor-element-2e4b9d33 elementor-section-boxed elementor-section-height-default elementor-section-height-default\" data-id=\"2e4b9d33\" data-element_type=\"section\">\n\t\t\t\t\t\t<div class=\"elementor-container elementor-column-gap-default\">\n\t\t\t\t\t<div class=\"elementor-column elementor-col-100 elementor-top-column elementor-element elementor-element-7bce5b72\" data-id=\"7bce5b72\" data-element_type=\"column\">\n\t\t\t<div class=\"elementor-widget-wrap elementor-element-populated\">\n\t\t\t\t\t\t<div class=\"elementor-element elementor-element-52fa09bd elementor-widget elementor-widget-text-editor\" data-id=\"52fa09bd\" data-element_type=\"widget\" data-widget_type=\"text-editor.default\">\n\t\t\t\t<div class=\"elementor-widget-container\">\n\t\t\t<style>\/*! elementor - v3.22.0 - 26-06-2024 *\/\n.elementor-widget-text-editor.elementor-drop-cap-view-stacked .elementor-drop-cap{background-color:#69727d;color:#fff}.elementor-widget-text-editor.elementor-drop-cap-view-framed .elementor-drop-cap{color:#69727d;border:3px solid;background-color:transparent}.elementor-widget-text-editor:not(.elementor-drop-cap-view-default) .elementor-drop-cap{margin-top:8px}.elementor-widget-text-editor:not(.elementor-drop-cap-view-default) .elementor-drop-cap-letter{width:1em;height:1em}.elementor-widget-text-editor .elementor-drop-cap{float:left;text-align:center;line-height:1;font-size:50px}.elementor-widget-text-editor .elementor-drop-cap-letter{display:inline-block}<\/style>\t\t\t\t<!-- wp:tropicalista\/pdfembed {\"blockId\":\"4698be2c\",\"apiKey\":\"c28790b8ffd84b5a80befcc1d5e2bff0\",\"mediaUrl\":\"https:\/\/fordcargoparca.com\/wp-content\/uploads\/2023\/07\/Kamil-YILMAZ-Otomotiv-Ford-Cargo-Yedek-Parca-Katalogu.pdf\",\"fileName\":\"Kamil-YILMAZ-Otomotiv-Ford-Cargo-Yedek-Parca-Katalogu\"} -->\n<div id=\"4698be2c\" class=\"wp-block-tropicalista-pdfembed\" style=\"height:500px\" data-apikey=\"c28790b8ffd84b5a80befcc1d5e2bff0\" data-filename=\"Kamil-YILMAZ-Otomotiv-Ford-Cargo-Yedek-Parca-Katalogu\" data-mediaurl=\"https:\/\/fordcargoparca.com\/wp-content\/uploads\/2023\/07\/Kamil-YILMAZ-Otomotiv-Ford-Cargo-Yedek-Parca-Katalogu.pdf\" data-embedmode=\"\" data-showdownloadpdf=\"true\" data-showprintpdf=\"true\" data-showpagecontrols=\"true\" data-showfullscreen=\"true\" data-dockpagecontrols=\"true\" data-showannotationtools=\"true\" data-enableformfilling=\"true\"><\/div>\n<!-- \/wp:tropicalista\/pdfembed -->\t\t\t\t\t\t<\/div>\n\t\t\t\t<\/div>\n\t\t\t\t\t<\/div>\n\t\t<\/div>\n\t\t\t\t\t<\/div>\n\t\t<\/section>\n\t\t\t\t<section class=\"elementor-section elementor-top-section elementor-element elementor-element-612e39b elementor-section-boxed elementor-section-height-default elementor-section-height-default\" data-id=\"612e39b\" data-element_type=\"section\">\n\t\t\t\t\t\t<div class=\"elementor-container elementor-column-gap-default\">\n\t\t\t\t\t<div class=\"elementor-column elementor-col-100 elementor-top-column elementor-element elementor-element-ab6bda8\" data-id=\"ab6bda8\" data-element_type=\"column\">\n\t\t\t<div class=\"elementor-widget-wrap elementor-element-populated\">\n\t\t\t\t\t\t<div class=\"elementor-element elementor-element-c9b1333 elementor-widget elementor-widget-image\" data-id=\"c9b1333\" data-element_type=\"widget\" data-widget_type=\"image.default\">\n\t\t\t\t<div class=\"elementor-widget-container\">\n\t\t\t<style>\/*! elementor - v3.22.0 - 26-06-2024 *\/\n.elementor-widget-image{text-align:center}.elementor-widget-image a{display:inline-block}.elementor-widget-image a img[src$=\".svg\"]{width:48px}.elementor-widget-image img{vertical-align:middle;display:inline-block}<\/style>\t\t\t\t\t\t\t\t\t\t<img fetchpriority=\"high\" decoding=\"async\" width=\"300\" height=\"298\" src=\"https:\/\/fordcargoparca.com\/wp-content\/uploads\/2025\/02\/FORD-CARGO-YEDEK-PARCA-300x298-1.jpg\" class=\"attachment-chromium-grid-blog size-chromium-grid-blog wp-image-77708\" alt=\"\" srcset=\"https:\/\/fordcargoparca.com\/wp-content\/uploads\/2025\/02\/FORD-CARGO-YEDEK-PARCA-300x298-1.jpg 300w, https:\/\/fordcargoparca.com\/wp-content\/uploads\/2025\/02\/FORD-CARGO-YEDEK-PARCA-300x298-1-150x150.jpg 150w, https:\/\/fordcargoparca.com\/wp-content\/uploads\/2025\/02\/FORD-CARGO-YEDEK-PARCA-300x298-1-12x12.jpg 12w, https:\/\/fordcargoparca.com\/wp-content\/uploads\/2025\/02\/FORD-CARGO-YEDEK-PARCA-300x298-1-100x100.jpg 100w, https:\/\/fordcargoparca.com\/wp-content\/uploads\/2025\/02\/FORD-CARGO-YEDEK-PARCA-300x298-1-64x64.jpg 64w\" sizes=\"(max-width: 300px) 100vw, 300px\" \/>\t\t\t\t\t\t\t\t\t\t\t\t\t<\/div>\n\t\t\t\t<\/div>\n\t\t\t\t\t<\/div>\n\t\t<\/div>\n\t\t\t\t\t<\/div>\n\t\t<\/section>\n\t\t\t\t<\/div>","protected":false},"excerpt":{"rendered":"","protected":false},"author":1,"featured_media":0,"parent":0,"menu_order":0,"comment_status":"closed","ping_status":"closed","template":"","meta":{"footnotes":""},"class_list":["post-5059","page","type-page","status-publish","hentry","badges-style-3"],"yoast_head":"<!-- This site is optimized with the Yoast SEO plugin v23.0 - https:\/\/yoast.com\/wordpress\/plugins\/seo\/ -->\n<title>Katalog - Kamil Y\u0131lmaz Otomotiv - Ford Cargo Yedek Par&ccedil;a<\/title>\n<meta name=\"description\" content=\"Ford Cargo Yedek Par\u00e7a - Ford Trucks Spare Parts - Ford Fmax - Ford Cargo 3230- Ford Cargo 1838 - Ford Cargo Parts - Ford Kamyon Yedek Par\u00e7a\" \/>\n<meta name=\"robots\" content=\"index, follow, max-snippet:-1, max-image-preview:large, max-video-preview:-1\" \/>\n<link rel=\"canonical\" href=\"https:\/\/fordcargoparca.com\/en\/catalog\/\" \/>\n<meta property=\"og:locale\" content=\"en_US\" \/>\n<meta property=\"og:type\" content=\"article\" \/>\n<meta property=\"og:title\" content=\"Katalog - Kamil Y\u0131lmaz Otomotiv - Ford Cargo Yedek Par&ccedil;a\" \/>\n<meta property=\"og:description\" content=\"Ford Cargo Yedek Par\u00e7a - Ford Trucks Spare Parts - Ford Fmax - Ford Cargo 3230- Ford Cargo 1838 - Ford Cargo Parts - Ford Kamyon Yedek Par\u00e7a\" \/>\n<meta property=\"og:url\" content=\"https:\/\/fordcargoparca.com\/en\/catalog\/\" \/>\n<meta property=\"og:site_name\" content=\"Kamil Y\u0131lmaz Otomotiv - Ford Cargo Yedek Par&ccedil;a\" \/>\n<meta property=\"article:publisher\" content=\"https:\/\/www.facebook.com\/fordtrucksparts\/\" \/>\n<meta property=\"article:modified_time\" content=\"2025-03-03T19:44:39+00:00\" \/>\n<meta property=\"og:image\" content=\"https:\/\/fordcargoparca.com\/wp-content\/uploads\/2025\/02\/FORD-CARGO-YEDEK-PARCA-300x298-1.jpg\" \/>\n<meta name=\"twitter:card\" content=\"summary_large_image\" \/>\n<meta name=\"twitter:label1\" content=\"Est. reading time\" \/>\n\t<meta name=\"twitter:data1\" content=\"1 minute\" \/>\n<script type=\"application\/ld+json\" class=\"yoast-schema-graph\">{\"@context\":\"https:\/\/schema.org\",\"@graph\":[{\"@type\":\"WebPage\",\"@id\":\"https:\/\/fordcargoparca.com\/katalog\/\",\"url\":\"https:\/\/fordcargoparca.com\/katalog\/\",\"name\":\"Katalog - Kamil Y\u0131lmaz Otomotiv - Ford Cargo Yedek Par&ccedil;a\",\"isPartOf\":{\"@id\":\"https:\/\/fordcargoparca.com\/#website\"},\"primaryImageOfPage\":{\"@id\":\"https:\/\/fordcargoparca.com\/katalog\/#primaryimage\"},\"image\":{\"@id\":\"https:\/\/fordcargoparca.com\/katalog\/#primaryimage\"},\"thumbnailUrl\":\"https:\/\/fordcargoparca.com\/wp-content\/uploads\/2025\/02\/FORD-CARGO-YEDEK-PARCA-300x298-1.jpg\",\"datePublished\":\"2023-07-17T08:56:28+00:00\",\"dateModified\":\"2025-03-03T19:44:39+00:00\",\"description\":\"Ford Cargo Yedek Par\u00e7a - Ford Trucks Spare Parts - Ford Fmax - Ford Cargo 3230- Ford Cargo 1838 - Ford Cargo Parts - Ford Kamyon Yedek Par\u00e7a\",\"breadcrumb\":{\"@id\":\"https:\/\/fordcargoparca.com\/katalog\/#breadcrumb\"},\"inLanguage\":\"en-US\",\"potentialAction\":[{\"@type\":\"ReadAction\",\"target\":[\"https:\/\/fordcargoparca.com\/katalog\/\"]}]},{\"@type\":\"ImageObject\",\"inLanguage\":\"en-US\",\"@id\":\"https:\/\/fordcargoparca.com\/katalog\/#primaryimage\",\"url\":\"https:\/\/fordcargoparca.com\/wp-content\/uploads\/2025\/02\/FORD-CARGO-YEDEK-PARCA-300x298-1.jpg\",\"contentUrl\":\"https:\/\/fordcargoparca.com\/wp-content\/uploads\/2025\/02\/FORD-CARGO-YEDEK-PARCA-300x298-1.jpg\"},{\"@type\":\"BreadcrumbList\",\"@id\":\"https:\/\/fordcargoparca.com\/katalog\/#breadcrumb\",\"itemListElement\":[{\"@type\":\"ListItem\",\"position\":1,\"name\":\"Anasayfa\",\"item\":\"https:\/\/fordcargoparca.com\/\"},{\"@type\":\"ListItem\",\"position\":2,\"name\":\"Katalog\"}]},{\"@type\":\"WebSite\",\"@id\":\"https:\/\/fordcargoparca.com\/#website\",\"url\":\"https:\/\/fordcargoparca.com\/\",\"name\":\"Kamil Y\u0131lmaz Otomotiv - Ford Cargo Par\u00e7a\",\"description\":\"\",\"publisher\":{\"@id\":\"https:\/\/fordcargoparca.com\/#organization\"},\"potentialAction\":[{\"@type\":\"SearchAction\",\"target\":{\"@type\":\"EntryPoint\",\"urlTemplate\":\"https:\/\/fordcargoparca.com\/?s={search_term_string}\"},\"query-input\":\"required name=search_term_string\"}],\"inLanguage\":\"en-US\"},{\"@type\":\"Organization\",\"@id\":\"https:\/\/fordcargoparca.com\/#organization\",\"name\":\"Kamil Y\u0131lmaz Otomotiv - Ford Cargo Par\u00e7a\",\"url\":\"https:\/\/fordcargoparca.com\/\",\"logo\":{\"@type\":\"ImageObject\",\"inLanguage\":\"en-US\",\"@id\":\"https:\/\/fordcargoparca.com\/#\/schema\/logo\/image\/\",\"url\":\"https:\/\/fordcargoparca.com\/wp-content\/uploads\/2023\/07\/cropped-kamilyilmazlogo3.png\",\"contentUrl\":\"https:\/\/fordcargoparca.com\/wp-content\/uploads\/2023\/07\/cropped-kamilyilmazlogo3.png\",\"width\":1080,\"height\":720,\"caption\":\"Kamil Y\u0131lmaz Otomotiv - Ford Cargo Par\u00e7a\"},\"image\":{\"@id\":\"https:\/\/fordcargoparca.com\/#\/schema\/logo\/image\/\"},\"sameAs\":[\"https:\/\/www.facebook.com\/fordtrucksparts\/\",\"https:\/\/www.instagram.com\/kamilyilmazotomotiv\/\"]}]}<\/script>\n<!-- \/ Yoast SEO plugin. -->","yoast_head_json":{"title":"Katalog - Kamil Y\u0131lmaz Otomotiv - Ford Cargo Yedek Par&ccedil;a","description":"Ford Cargo Yedek Par\u00e7a - Ford Trucks Spare Parts - Ford Fmax - Ford Cargo 3230- Ford Cargo 1838 - Ford Cargo Parts - Ford Kamyon Yedek Par\u00e7a","robots":{"index":"index","follow":"follow","max-snippet":"max-snippet:-1","max-image-preview":"max-image-preview:large","max-video-preview":"max-video-preview:-1"},"canonical":"https:\/\/fordcargoparca.com\/en\/catalog\/","og_locale":"en_US","og_type":"article","og_title":"Katalog - Kamil Y\u0131lmaz Otomotiv - Ford Cargo Yedek Par&ccedil;a","og_description":"Ford Cargo Yedek Par\u00e7a - Ford Trucks Spare Parts - Ford Fmax - Ford Cargo 3230- Ford Cargo 1838 - Ford Cargo Parts - Ford Kamyon Yedek Par\u00e7a","og_url":"https:\/\/fordcargoparca.com\/en\/catalog\/","og_site_name":"Kamil Y\u0131lmaz Otomotiv - Ford Cargo Yedek Par&ccedil;a","article_publisher":"https:\/\/www.facebook.com\/fordtrucksparts\/","article_modified_time":"2025-03-03T19:44:39+00:00","og_image":[{"url":"https:\/\/fordcargoparca.com\/wp-content\/uploads\/2025\/02\/FORD-CARGO-YEDEK-PARCA-300x298-1.jpg"}],"twitter_card":"summary_large_image","twitter_misc":{"Est. reading time":"1 minute"},"schema":{"@context":"https:\/\/schema.org","@graph":[{"@type":"WebPage","@id":"https:\/\/fordcargoparca.com\/katalog\/","url":"https:\/\/fordcargoparca.com\/katalog\/","name":"Katalog - Kamil Y\u0131lmaz Otomotiv - Ford Cargo Yedek Par&ccedil;a","isPartOf":{"@id":"https:\/\/fordcargoparca.com\/#website"},"primaryImageOfPage":{"@id":"https:\/\/fordcargoparca.com\/katalog\/#primaryimage"},"image":{"@id":"https:\/\/fordcargoparca.com\/katalog\/#primaryimage"},"thumbnailUrl":"https:\/\/fordcargoparca.com\/wp-content\/uploads\/2025\/02\/FORD-CARGO-YEDEK-PARCA-300x298-1.jpg","datePublished":"2023-07-17T08:56:28+00:00","dateModified":"2025-03-03T19:44:39+00:00","description":"Ford Cargo Yedek Par\u00e7a - Ford Trucks Spare Parts - Ford Fmax - Ford Cargo 3230- Ford Cargo 1838 - Ford Cargo Parts - Ford Kamyon Yedek Par\u00e7a","breadcrumb":{"@id":"https:\/\/fordcargoparca.com\/katalog\/#breadcrumb"},"inLanguage":"en-US","potentialAction":[{"@type":"ReadAction","target":["https:\/\/fordcargoparca.com\/katalog\/"]}]},{"@type":"ImageObject","inLanguage":"en-US","@id":"https:\/\/fordcargoparca.com\/katalog\/#primaryimage","url":"https:\/\/fordcargoparca.com\/wp-content\/uploads\/2025\/02\/FORD-CARGO-YEDEK-PARCA-300x298-1.jpg","contentUrl":"https:\/\/fordcargoparca.com\/wp-content\/uploads\/2025\/02\/FORD-CARGO-YEDEK-PARCA-300x298-1.jpg"},{"@type":"BreadcrumbList","@id":"https:\/\/fordcargoparca.com\/katalog\/#breadcrumb","itemListElement":[{"@type":"ListItem","position":1,"name":"Anasayfa","item":"https:\/\/fordcargoparca.com\/"},{"@type":"ListItem","position":2,"name":"Katalog"}]},{"@type":"WebSite","@id":"https:\/\/fordcargoparca.com\/#website","url":"https:\/\/fordcargoparca.com\/","name":"Kamil Y\u0131lmaz Otomotiv - Ford Cargo Par\u00e7a","description":"","publisher":{"@id":"https:\/\/fordcargoparca.com\/#organization"},"potentialAction":[{"@type":"SearchAction","target":{"@type":"EntryPoint","urlTemplate":"https:\/\/fordcargoparca.com\/?s={search_term_string}"},"query-input":"required name=search_term_string"}],"inLanguage":"en-US"},{"@type":"Organization","@id":"https:\/\/fordcargoparca.com\/#organization","name":"Kamil Y\u0131lmaz Otomotiv - Ford Cargo Par\u00e7a","url":"https:\/\/fordcargoparca.com\/","logo":{"@type":"ImageObject","inLanguage":"en-US","@id":"https:\/\/fordcargoparca.com\/#\/schema\/logo\/image\/","url":"https:\/\/fordcargoparca.com\/wp-content\/uploads\/2023\/07\/cropped-kamilyilmazlogo3.png","contentUrl":"https:\/\/fordcargoparca.com\/wp-content\/uploads\/2023\/07\/cropped-kamilyilmazlogo3.png","width":1080,"height":720,"caption":"Kamil Y\u0131lmaz Otomotiv - Ford Cargo Par\u00e7a"},"image":{"@id":"https:\/\/fordcargoparca.com\/#\/schema\/logo\/image\/"},"sameAs":["https:\/\/www.facebook.com\/fordtrucksparts\/","https:\/\/www.instagram.com\/kamilyilmazotomotiv\/"]}]}},"_links":{"self":[{"href":"https:\/\/fordcargoparca.com\/en\/wp-json\/wp\/v2\/pages\/5059"}],"collection":[{"href":"https:\/\/fordcargoparca.com\/en\/wp-json\/wp\/v2\/pages"}],"about":[{"href":"https:\/\/fordcargoparca.com\/en\/wp-json\/wp\/v2\/types\/page"}],"author":[{"embeddable":true,"href":"https:\/\/fordcargoparca.com\/en\/wp-json\/wp\/v2\/users\/1"}],"replies":[{"embeddable":true,"href":"https:\/\/fordcargoparca.com\/en\/wp-json\/wp\/v2\/comments?post=5059"}],"version-history":[{"count":14,"href":"https:\/\/fordcargoparca.com\/en\/wp-json\/wp\/v2\/pages\/5059\/revisions"}],"predecessor-version":[{"id":77724,"href":"https:\/\/fordcargoparca.com\/en\/wp-json\/wp\/v2\/pages\/5059\/revisions\/77724"}],"wp:attachment":[{"href":"https:\/\/fordcargoparca.com\/en\/wp-json\/wp\/v2\/media?parent=5059"}],"curies":[{"name":"wp","href":"https:\/\/api.w.org\/{rel}","templated":true}]}}