{"id":20992,"date":"2023-09-27T10:26:57","date_gmt":"2023-09-27T07:26:57","guid":{"rendered":"https:\/\/fordcargoparca.com\/urunler\/gc46-8b546-ee-nt384760su-pompasi-komple-sogutma-suyufltr-pmp-thermo-assembly-cooler\/"},"modified":"2024-01-26T15:20:15","modified_gmt":"2024-01-26T12:20:15","slug":"gc46-8b546-ee-nt384760su-pompasi-komple-sogutma-suyufltr-pmp-thermo-assembly-cooler","status":"publish","type":"product","link":"https:\/\/fordcargoparca.com\/en\/urunler\/gc46-8b546-ee-nt384760water-pump-complete-cooling-waterfltr-pmp-thermo-assembly-cooler\/","title":{"rendered":"GC46 8B546 EE N;T384760;WATER PUMP ASSEMBLY \u2013 COOLING WATER;FLTR\/PMP\/THERMO ASSEMBLY COOLER"},"content":{"rendered":"<p>Product Name: WATER PUMP COMPLETE<br \/>\nProduct Code: GC46 8B546 EE<br \/>\nOEM: GC46 8B546EE<br \/>\nBarcode: FORD OTOSAN GC468B546EE<br \/>\nFinnish: T384760<\/p>","protected":false},"excerpt":{"rendered":"<p>Product Name: WATER PUMP COMPLETE<br \/>\nProduct Code: GC46 8B546 EE<br \/>\nOEM: GC46 8B546EE<br \/>\nBarcode: FORD OTOSAN GC468B546EE<br \/>\nFinnish: T384760<\/p>","protected":false},"featured_media":76888,"template":"","meta":[],"product_cat":[118],"product_tag":[606,610,607,608,609],"class_list":{"0":"post-20992","1":"product","2":"type-product","3":"status-publish","4":"has-post-thumbnail","6":"product_cat-motor","7":"product_tag-ford-cargo-devirdaim","8":"product_tag-ford-cargo-su-pompasi","9":"product_tag-gc46-8b546-ee","10":"product_tag-gc468b546ee","11":"product_tag-t384760","12":"badges-style-3","14":"first","15":"instock","16":"shipping-taxable","17":"product-type-simple"},"yoast_head":"<!-- This site is optimized with the Yoast SEO plugin v23.0 - https:\/\/yoast.com\/wordpress\/plugins\/seo\/ -->\n<title>GC46 8B546 EE N;T384760;SU POMPASI KOMPLE - SOGUTMA SUYU;FLTR\/PMP\/THERMO ASSEMBLY COOLER - Kamil Y\u0131lmaz Otomotiv - Ford Cargo Yedek Par&ccedil;a<\/title>\n<meta name=\"description\" content=\"\u00dcr\u00fcn Ad\u0131 : FORD CARGO SU POMPASI KOMPLE \u00dcr\u00fcn Kodu : GC46 8B546 EE OEM : GC468B546EE Barkod : FORD OTOSAN GC46 8B546 EE Finnish : T384760\" \/>\n<meta name=\"robots\" content=\"index, follow, max-snippet:-1, max-image-preview:large, max-video-preview:-1\" \/>\n<link rel=\"canonical\" href=\"https:\/\/fordcargoparca.com\/en\/urunler\/gc46-8b546-ee-nt384760water-pump-complete-cooling-waterfltr-pmp-thermo-assembly-cooler\/\" \/>\n<meta property=\"og:locale\" content=\"en_US\" \/>\n<meta property=\"og:type\" content=\"article\" \/>\n<meta property=\"og:title\" content=\"GC46 8B546 EE N;T384760;SU POMPASI KOMPLE - SOGUTMA SUYU;FLTR\/PMP\/THERMO ASSEMBLY COOLER - Kamil Y\u0131lmaz Otomotiv - Ford Cargo Yedek Par&ccedil;a\" \/>\n<meta property=\"og:description\" content=\"\u00dcr\u00fcn Ad\u0131 : FORD CARGO SU POMPASI KOMPLE \u00dcr\u00fcn Kodu : GC46 8B546 EE OEM : GC468B546EE Barkod : FORD OTOSAN GC46 8B546 EE Finnish : T384760\" \/>\n<meta property=\"og:url\" content=\"https:\/\/fordcargoparca.com\/en\/urunler\/gc46-8b546-ee-nt384760water-pump-complete-cooling-waterfltr-pmp-thermo-assembly-cooler\/\" \/>\n<meta property=\"og:site_name\" content=\"Kamil Y\u0131lmaz Otomotiv - Ford Cargo Yedek Par&ccedil;a\" \/>\n<meta property=\"article:publisher\" content=\"https:\/\/www.facebook.com\/fordtrucksparts\/\" \/>\n<meta property=\"article:modified_time\" content=\"2024-01-26T12:20:15+00:00\" \/>\n<meta property=\"og:image\" content=\"https:\/\/fordcargoparca.com\/wp-content\/uploads\/2023\/09\/GC468B546EE.png\" \/>\n\t<meta property=\"og:image:width\" content=\"1040\" \/>\n\t<meta property=\"og:image:height\" content=\"585\" \/>\n\t<meta property=\"og:image:type\" content=\"image\/png\" \/>\n<meta name=\"twitter:card\" content=\"summary_large_image\" \/>\n<meta name=\"twitter:label1\" content=\"Est. reading time\" \/>\n\t<meta name=\"twitter:data1\" content=\"1 minute\" \/>\n<script type=\"application\/ld+json\" class=\"yoast-schema-graph\">{\"@context\":\"https:\/\/schema.org\",\"@graph\":[{\"@type\":\"WebPage\",\"@id\":\"https:\/\/fordcargoparca.com\/urunler\/gc46-8b546-ee-nt384760su-pompasi-komple-sogutma-suyufltr-pmp-thermo-assembly-cooler\/\",\"url\":\"https:\/\/fordcargoparca.com\/urunler\/gc46-8b546-ee-nt384760su-pompasi-komple-sogutma-suyufltr-pmp-thermo-assembly-cooler\/\",\"name\":\"GC46 8B546 EE N;T384760;SU POMPASI KOMPLE - SOGUTMA SUYU;FLTR\/PMP\/THERMO ASSEMBLY COOLER - Kamil Y\u0131lmaz Otomotiv - Ford Cargo Yedek Par&ccedil;a\",\"isPartOf\":{\"@id\":\"https:\/\/fordcargoparca.com\/#website\"},\"primaryImageOfPage\":{\"@id\":\"https:\/\/fordcargoparca.com\/urunler\/gc46-8b546-ee-nt384760su-pompasi-komple-sogutma-suyufltr-pmp-thermo-assembly-cooler\/#primaryimage\"},\"image\":{\"@id\":\"https:\/\/fordcargoparca.com\/urunler\/gc46-8b546-ee-nt384760su-pompasi-komple-sogutma-suyufltr-pmp-thermo-assembly-cooler\/#primaryimage\"},\"thumbnailUrl\":\"https:\/\/fordcargoparca.com\/wp-content\/uploads\/2023\/09\/GC468B546EE.png\",\"datePublished\":\"2023-09-27T07:26:57+00:00\",\"dateModified\":\"2024-01-26T12:20:15+00:00\",\"description\":\"\u00dcr\u00fcn Ad\u0131 : FORD CARGO SU POMPASI KOMPLE \u00dcr\u00fcn Kodu : GC46 8B546 EE OEM : GC468B546EE Barkod : FORD OTOSAN GC46 8B546 EE Finnish : T384760\",\"breadcrumb\":{\"@id\":\"https:\/\/fordcargoparca.com\/urunler\/gc46-8b546-ee-nt384760su-pompasi-komple-sogutma-suyufltr-pmp-thermo-assembly-cooler\/#breadcrumb\"},\"inLanguage\":\"en-US\",\"potentialAction\":[{\"@type\":\"ReadAction\",\"target\":[\"https:\/\/fordcargoparca.com\/urunler\/gc46-8b546-ee-nt384760su-pompasi-komple-sogutma-suyufltr-pmp-thermo-assembly-cooler\/\"]}]},{\"@type\":\"ImageObject\",\"inLanguage\":\"en-US\",\"@id\":\"https:\/\/fordcargoparca.com\/urunler\/gc46-8b546-ee-nt384760su-pompasi-komple-sogutma-suyufltr-pmp-thermo-assembly-cooler\/#primaryimage\",\"url\":\"https:\/\/fordcargoparca.com\/wp-content\/uploads\/2023\/09\/GC468B546EE.png\",\"contentUrl\":\"https:\/\/fordcargoparca.com\/wp-content\/uploads\/2023\/09\/GC468B546EE.png\",\"width\":1040,\"height\":585},{\"@type\":\"BreadcrumbList\",\"@id\":\"https:\/\/fordcargoparca.com\/urunler\/gc46-8b546-ee-nt384760su-pompasi-komple-sogutma-suyufltr-pmp-thermo-assembly-cooler\/#breadcrumb\",\"itemListElement\":[{\"@type\":\"ListItem\",\"position\":1,\"name\":\"Anasayfa\",\"item\":\"https:\/\/fordcargoparca.com\/\"},{\"@type\":\"ListItem\",\"position\":2,\"name\":\"\u00dcr\u00fcnler\",\"item\":\"https:\/\/fordcargoparca.com\/urunler\/\"},{\"@type\":\"ListItem\",\"position\":3,\"name\":\"GC46 8B546 EE N;T384760;SU POMPASI KOMPLE &#8211; SOGUTMA SUYU;FLTR\/PMP\/THERMO ASSEMBLY COOLER\"}]},{\"@type\":\"WebSite\",\"@id\":\"https:\/\/fordcargoparca.com\/#website\",\"url\":\"https:\/\/fordcargoparca.com\/\",\"name\":\"Kamil Y\u0131lmaz Otomotiv - Ford Cargo Par\u00e7a\",\"description\":\"\",\"publisher\":{\"@id\":\"https:\/\/fordcargoparca.com\/#organization\"},\"potentialAction\":[{\"@type\":\"SearchAction\",\"target\":{\"@type\":\"EntryPoint\",\"urlTemplate\":\"https:\/\/fordcargoparca.com\/?s={search_term_string}\"},\"query-input\":\"required name=search_term_string\"}],\"inLanguage\":\"en-US\"},{\"@type\":\"Organization\",\"@id\":\"https:\/\/fordcargoparca.com\/#organization\",\"name\":\"Kamil Y\u0131lmaz Otomotiv - Ford Cargo Par\u00e7a\",\"url\":\"https:\/\/fordcargoparca.com\/\",\"logo\":{\"@type\":\"ImageObject\",\"inLanguage\":\"en-US\",\"@id\":\"https:\/\/fordcargoparca.com\/#\/schema\/logo\/image\/\",\"url\":\"https:\/\/fordcargoparca.com\/wp-content\/uploads\/2023\/07\/cropped-kamilyilmazlogo3.png\",\"contentUrl\":\"https:\/\/fordcargoparca.com\/wp-content\/uploads\/2023\/07\/cropped-kamilyilmazlogo3.png\",\"width\":1080,\"height\":720,\"caption\":\"Kamil Y\u0131lmaz Otomotiv - Ford Cargo Par\u00e7a\"},\"image\":{\"@id\":\"https:\/\/fordcargoparca.com\/#\/schema\/logo\/image\/\"},\"sameAs\":[\"https:\/\/www.facebook.com\/fordtrucksparts\/\",\"https:\/\/www.instagram.com\/kamilyilmazotomotiv\/\"]}]}<\/script>\n<!-- \/ Yoast SEO plugin. -->","yoast_head_json":{"title":"GC46 8B546 EE N;T384760;SU POMPASI KOMPLE - SOGUTMA SUYU;FLTR\/PMP\/THERMO ASSEMBLY COOLER - Kamil Y\u0131lmaz Otomotiv - Ford Cargo Yedek Par&ccedil;a","description":"\u00dcr\u00fcn Ad\u0131 : FORD CARGO SU POMPASI KOMPLE \u00dcr\u00fcn Kodu : GC46 8B546 EE OEM : GC468B546EE Barkod : FORD OTOSAN GC46 8B546 EE Finnish : T384760","robots":{"index":"index","follow":"follow","max-snippet":"max-snippet:-1","max-image-preview":"max-image-preview:large","max-video-preview":"max-video-preview:-1"},"canonical":"https:\/\/fordcargoparca.com\/en\/urunler\/gc46-8b546-ee-nt384760water-pump-complete-cooling-waterfltr-pmp-thermo-assembly-cooler\/","og_locale":"en_US","og_type":"article","og_title":"GC46 8B546 EE N;T384760;SU POMPASI KOMPLE - SOGUTMA SUYU;FLTR\/PMP\/THERMO ASSEMBLY COOLER - Kamil Y\u0131lmaz Otomotiv - Ford Cargo Yedek Par&ccedil;a","og_description":"\u00dcr\u00fcn Ad\u0131 : FORD CARGO SU POMPASI KOMPLE \u00dcr\u00fcn Kodu : GC46 8B546 EE OEM : GC468B546EE Barkod : FORD OTOSAN GC46 8B546 EE Finnish : T384760","og_url":"https:\/\/fordcargoparca.com\/en\/urunler\/gc46-8b546-ee-nt384760water-pump-complete-cooling-waterfltr-pmp-thermo-assembly-cooler\/","og_site_name":"Kamil Y\u0131lmaz Otomotiv - Ford Cargo Yedek Par&ccedil;a","article_publisher":"https:\/\/www.facebook.com\/fordtrucksparts\/","article_modified_time":"2024-01-26T12:20:15+00:00","og_image":[{"width":1040,"height":585,"url":"https:\/\/fordcargoparca.com\/wp-content\/uploads\/2023\/09\/GC468B546EE.png","type":"image\/png"}],"twitter_card":"summary_large_image","twitter_misc":{"Est. reading time":"1 minute"},"schema":{"@context":"https:\/\/schema.org","@graph":[{"@type":"WebPage","@id":"https:\/\/fordcargoparca.com\/urunler\/gc46-8b546-ee-nt384760su-pompasi-komple-sogutma-suyufltr-pmp-thermo-assembly-cooler\/","url":"https:\/\/fordcargoparca.com\/urunler\/gc46-8b546-ee-nt384760su-pompasi-komple-sogutma-suyufltr-pmp-thermo-assembly-cooler\/","name":"GC46 8B546 EE N;T384760;SU POMPASI KOMPLE - SOGUTMA SUYU;FLTR\/PMP\/THERMO ASSEMBLY COOLER - Kamil Y\u0131lmaz Otomotiv - Ford Cargo Yedek Par&ccedil;a","isPartOf":{"@id":"https:\/\/fordcargoparca.com\/#website"},"primaryImageOfPage":{"@id":"https:\/\/fordcargoparca.com\/urunler\/gc46-8b546-ee-nt384760su-pompasi-komple-sogutma-suyufltr-pmp-thermo-assembly-cooler\/#primaryimage"},"image":{"@id":"https:\/\/fordcargoparca.com\/urunler\/gc46-8b546-ee-nt384760su-pompasi-komple-sogutma-suyufltr-pmp-thermo-assembly-cooler\/#primaryimage"},"thumbnailUrl":"https:\/\/fordcargoparca.com\/wp-content\/uploads\/2023\/09\/GC468B546EE.png","datePublished":"2023-09-27T07:26:57+00:00","dateModified":"2024-01-26T12:20:15+00:00","description":"\u00dcr\u00fcn Ad\u0131 : FORD CARGO SU POMPASI KOMPLE \u00dcr\u00fcn Kodu : GC46 8B546 EE OEM : GC468B546EE Barkod : FORD OTOSAN GC46 8B546 EE Finnish : T384760","breadcrumb":{"@id":"https:\/\/fordcargoparca.com\/urunler\/gc46-8b546-ee-nt384760su-pompasi-komple-sogutma-suyufltr-pmp-thermo-assembly-cooler\/#breadcrumb"},"inLanguage":"en-US","potentialAction":[{"@type":"ReadAction","target":["https:\/\/fordcargoparca.com\/urunler\/gc46-8b546-ee-nt384760su-pompasi-komple-sogutma-suyufltr-pmp-thermo-assembly-cooler\/"]}]},{"@type":"ImageObject","inLanguage":"en-US","@id":"https:\/\/fordcargoparca.com\/urunler\/gc46-8b546-ee-nt384760su-pompasi-komple-sogutma-suyufltr-pmp-thermo-assembly-cooler\/#primaryimage","url":"https:\/\/fordcargoparca.com\/wp-content\/uploads\/2023\/09\/GC468B546EE.png","contentUrl":"https:\/\/fordcargoparca.com\/wp-content\/uploads\/2023\/09\/GC468B546EE.png","width":1040,"height":585},{"@type":"BreadcrumbList","@id":"https:\/\/fordcargoparca.com\/urunler\/gc46-8b546-ee-nt384760su-pompasi-komple-sogutma-suyufltr-pmp-thermo-assembly-cooler\/#breadcrumb","itemListElement":[{"@type":"ListItem","position":1,"name":"Anasayfa","item":"https:\/\/fordcargoparca.com\/"},{"@type":"ListItem","position":2,"name":"\u00dcr\u00fcnler","item":"https:\/\/fordcargoparca.com\/urunler\/"},{"@type":"ListItem","position":3,"name":"GC46 8B546 EE N;T384760;SU POMPASI KOMPLE &#8211; SOGUTMA SUYU;FLTR\/PMP\/THERMO ASSEMBLY COOLER"}]},{"@type":"WebSite","@id":"https:\/\/fordcargoparca.com\/#website","url":"https:\/\/fordcargoparca.com\/","name":"Kamil Y\u0131lmaz Otomotiv - Ford Cargo Par\u00e7a","description":"","publisher":{"@id":"https:\/\/fordcargoparca.com\/#organization"},"potentialAction":[{"@type":"SearchAction","target":{"@type":"EntryPoint","urlTemplate":"https:\/\/fordcargoparca.com\/?s={search_term_string}"},"query-input":"required name=search_term_string"}],"inLanguage":"en-US"},{"@type":"Organization","@id":"https:\/\/fordcargoparca.com\/#organization","name":"Kamil Y\u0131lmaz Otomotiv - Ford Cargo Par\u00e7a","url":"https:\/\/fordcargoparca.com\/","logo":{"@type":"ImageObject","inLanguage":"en-US","@id":"https:\/\/fordcargoparca.com\/#\/schema\/logo\/image\/","url":"https:\/\/fordcargoparca.com\/wp-content\/uploads\/2023\/07\/cropped-kamilyilmazlogo3.png","contentUrl":"https:\/\/fordcargoparca.com\/wp-content\/uploads\/2023\/07\/cropped-kamilyilmazlogo3.png","width":1080,"height":720,"caption":"Kamil Y\u0131lmaz Otomotiv - Ford Cargo Par\u00e7a"},"image":{"@id":"https:\/\/fordcargoparca.com\/#\/schema\/logo\/image\/"},"sameAs":["https:\/\/www.facebook.com\/fordtrucksparts\/","https:\/\/www.instagram.com\/kamilyilmazotomotiv\/"]}]}},"_links":{"self":[{"href":"https:\/\/fordcargoparca.com\/en\/wp-json\/wp\/v2\/product\/20992"}],"collection":[{"href":"https:\/\/fordcargoparca.com\/en\/wp-json\/wp\/v2\/product"}],"about":[{"href":"https:\/\/fordcargoparca.com\/en\/wp-json\/wp\/v2\/types\/product"}],"version-history":[{"count":2,"href":"https:\/\/fordcargoparca.com\/en\/wp-json\/wp\/v2\/product\/20992\/revisions"}],"predecessor-version":[{"id":76892,"href":"https:\/\/fordcargoparca.com\/en\/wp-json\/wp\/v2\/product\/20992\/revisions\/76892"}],"wp:featuredmedia":[{"embeddable":true,"href":"https:\/\/fordcargoparca.com\/en\/wp-json\/wp\/v2\/media\/76888"}],"wp:attachment":[{"href":"https:\/\/fordcargoparca.com\/en\/wp-json\/wp\/v2\/media?parent=20992"}],"wp:term":[{"taxonomy":"product_cat","embeddable":true,"href":"https:\/\/fordcargoparca.com\/en\/wp-json\/wp\/v2\/product_cat?post=20992"},{"taxonomy":"product_tag","embeddable":true,"href":"https:\/\/fordcargoparca.com\/en\/wp-json\/wp\/v2\/product_tag?post=20992"}],"curies":[{"name":"wp","href":"https:\/\/api.w.org\/{rel}","templated":true}]}}