{"id":4409,"date":"2023-07-14T21:36:06","date_gmt":"2023-07-14T18:36:06","guid":{"rendered":"https:\/\/fordcargoparca.com\/?post_type=product&#038;p=4409"},"modified":"2023-07-14T21:36:07","modified_gmt":"2023-07-14T18:36:07","slug":"ford-cargo-diferansiyel-flans-kecesi-fc46-4231-ba","status":"publish","type":"product","link":"https:\/\/fordcargoparca.com\/en\/urunler\/ford-cargo-differential-flange-seal-fc46-4231-ba\/","title":{"rendered":"FORD CARGO DIFFERENTIAL FLANGE SEAL \u2013 FC46 4231 BA"},"content":{"rendered":"<p>Product Name: FORD CARGO DIFFERENTIAL FLANGE SEAL<br \/>\nProduct Code: FC46 4231 BA<br \/>\nOEM: FC464231BA<br \/>\nBarcode: FORD OTOSAN FC46 4231 BA<br \/>\nFinnish : T216714<\/p>","protected":false},"excerpt":{"rendered":"<p>Product Name: FORD CARGO DIFFERENTIAL FLANGE SEAL<br \/>\nProduct Code: FC46 4231 BA<br \/>\nOEM: FC464231BA<br \/>\nBarcode: FORD OTOSAN FC46 4231 BA<br \/>\nFinnish : T216714<\/p>","protected":false},"featured_media":4410,"template":"","meta":[],"product_cat":[121],"product_tag":[140],"class_list":{"0":"post-4409","1":"product","2":"type-product","3":"status-publish","4":"has-post-thumbnail","6":"product_cat-diferansiyel","7":"product_tag-ford-cargo-diferansiyel-flans-kecesi-fc46-4231-ba","8":"badges-style-3","10":"first","11":"instock","12":"shipping-taxable","13":"product-type-simple"},"yoast_head":"<!-- This site is optimized with the Yoast SEO plugin v23.0 - https:\/\/yoast.com\/wordpress\/plugins\/seo\/ -->\n<title>FORD CARGO D\u0130FERANS\u0130YEL FLAN\u015e KE\u00c7ES\u0130 - FC46 4231 BA - Kamil Y\u0131lmaz Otomotiv - Ford Cargo Yedek Par&ccedil;a<\/title>\n<meta name=\"description\" content=\"\u00dcr\u00fcn Ad\u0131 : FORD CARGO D\u0130FERANS\u0130YEL FLAN\u015e KE\u00c7ES\u0130 \u00dcr\u00fcn Kodu : FC46 4231 BA OEM : FC464231BA Barkod : FORD OTOSAN FC46 4231 BA Finnish : T216714\" \/>\n<meta name=\"robots\" content=\"index, follow, max-snippet:-1, max-image-preview:large, max-video-preview:-1\" \/>\n<link rel=\"canonical\" href=\"https:\/\/fordcargoparca.com\/en\/urunler\/ford-cargo-differential-flange-seal-fc46-4231-ba\/\" \/>\n<meta property=\"og:locale\" content=\"en_US\" \/>\n<meta property=\"og:type\" content=\"article\" \/>\n<meta property=\"og:title\" content=\"FORD CARGO D\u0130FERANS\u0130YEL FLAN\u015e KE\u00c7ES\u0130 - FC46 4231 BA - Kamil Y\u0131lmaz Otomotiv - Ford Cargo Yedek Par&ccedil;a\" \/>\n<meta property=\"og:description\" content=\"\u00dcr\u00fcn Ad\u0131 : FORD CARGO D\u0130FERANS\u0130YEL FLAN\u015e KE\u00c7ES\u0130 \u00dcr\u00fcn Kodu : FC46 4231 BA OEM : FC464231BA Barkod : FORD OTOSAN FC46 4231 BA Finnish : T216714\" \/>\n<meta property=\"og:url\" content=\"https:\/\/fordcargoparca.com\/en\/urunler\/ford-cargo-differential-flange-seal-fc46-4231-ba\/\" \/>\n<meta property=\"og:site_name\" content=\"Kamil Y\u0131lmaz Otomotiv - Ford Cargo Yedek Par&ccedil;a\" \/>\n<meta property=\"article:publisher\" content=\"https:\/\/www.facebook.com\/fordtrucksparts\/\" \/>\n<meta property=\"article:modified_time\" content=\"2023-07-14T18:36:07+00:00\" \/>\n<meta property=\"og:image\" content=\"https:\/\/fordcargoparca.com\/wp-content\/uploads\/2023\/07\/6C46-4231-BA-DEFRANSIYEL-FLANS-KECESI.jpg\" \/>\n\t<meta property=\"og:image:width\" content=\"1250\" \/>\n\t<meta property=\"og:image:height\" content=\"848\" \/>\n\t<meta property=\"og:image:type\" content=\"image\/jpeg\" \/>\n<meta name=\"twitter:card\" content=\"summary_large_image\" \/>\n<script type=\"application\/ld+json\" class=\"yoast-schema-graph\">{\"@context\":\"https:\/\/schema.org\",\"@graph\":[{\"@type\":\"WebPage\",\"@id\":\"https:\/\/fordcargoparca.com\/urunler\/ford-cargo-diferansiyel-flans-kecesi-fc46-4231-ba\/\",\"url\":\"https:\/\/fordcargoparca.com\/urunler\/ford-cargo-diferansiyel-flans-kecesi-fc46-4231-ba\/\",\"name\":\"FORD CARGO D\u0130FERANS\u0130YEL FLAN\u015e KE\u00c7ES\u0130 - FC46 4231 BA - Kamil Y\u0131lmaz Otomotiv - Ford Cargo Yedek Par&ccedil;a\",\"isPartOf\":{\"@id\":\"https:\/\/fordcargoparca.com\/#website\"},\"primaryImageOfPage\":{\"@id\":\"https:\/\/fordcargoparca.com\/urunler\/ford-cargo-diferansiyel-flans-kecesi-fc46-4231-ba\/#primaryimage\"},\"image\":{\"@id\":\"https:\/\/fordcargoparca.com\/urunler\/ford-cargo-diferansiyel-flans-kecesi-fc46-4231-ba\/#primaryimage\"},\"thumbnailUrl\":\"https:\/\/fordcargoparca.com\/wp-content\/uploads\/2023\/07\/6C46-4231-BA-DEFRANSIYEL-FLANS-KECESI.jpg\",\"datePublished\":\"2023-07-14T18:36:06+00:00\",\"dateModified\":\"2023-07-14T18:36:07+00:00\",\"description\":\"\u00dcr\u00fcn Ad\u0131 : FORD CARGO D\u0130FERANS\u0130YEL FLAN\u015e KE\u00c7ES\u0130 \u00dcr\u00fcn Kodu : FC46 4231 BA OEM : FC464231BA Barkod : FORD OTOSAN FC46 4231 BA Finnish : T216714\",\"breadcrumb\":{\"@id\":\"https:\/\/fordcargoparca.com\/urunler\/ford-cargo-diferansiyel-flans-kecesi-fc46-4231-ba\/#breadcrumb\"},\"inLanguage\":\"en-US\",\"potentialAction\":[{\"@type\":\"ReadAction\",\"target\":[\"https:\/\/fordcargoparca.com\/urunler\/ford-cargo-diferansiyel-flans-kecesi-fc46-4231-ba\/\"]}]},{\"@type\":\"ImageObject\",\"inLanguage\":\"en-US\",\"@id\":\"https:\/\/fordcargoparca.com\/urunler\/ford-cargo-diferansiyel-flans-kecesi-fc46-4231-ba\/#primaryimage\",\"url\":\"https:\/\/fordcargoparca.com\/wp-content\/uploads\/2023\/07\/6C46-4231-BA-DEFRANSIYEL-FLANS-KECESI.jpg\",\"contentUrl\":\"https:\/\/fordcargoparca.com\/wp-content\/uploads\/2023\/07\/6C46-4231-BA-DEFRANSIYEL-FLANS-KECESI.jpg\",\"width\":1250,\"height\":848},{\"@type\":\"BreadcrumbList\",\"@id\":\"https:\/\/fordcargoparca.com\/urunler\/ford-cargo-diferansiyel-flans-kecesi-fc46-4231-ba\/#breadcrumb\",\"itemListElement\":[{\"@type\":\"ListItem\",\"position\":1,\"name\":\"Anasayfa\",\"item\":\"https:\/\/fordcargoparca.com\/\"},{\"@type\":\"ListItem\",\"position\":2,\"name\":\"\u00dcr\u00fcnler\",\"item\":\"https:\/\/fordcargoparca.com\/urunler\/\"},{\"@type\":\"ListItem\",\"position\":3,\"name\":\"FORD CARGO D\u0130FERANS\u0130YEL FLAN\u015e KE\u00c7ES\u0130 &#8211; FC46 4231 BA\"}]},{\"@type\":\"WebSite\",\"@id\":\"https:\/\/fordcargoparca.com\/#website\",\"url\":\"https:\/\/fordcargoparca.com\/\",\"name\":\"Kamil Y\u0131lmaz Otomotiv - Ford Cargo Par\u00e7a\",\"description\":\"\",\"publisher\":{\"@id\":\"https:\/\/fordcargoparca.com\/#organization\"},\"potentialAction\":[{\"@type\":\"SearchAction\",\"target\":{\"@type\":\"EntryPoint\",\"urlTemplate\":\"https:\/\/fordcargoparca.com\/?s={search_term_string}\"},\"query-input\":\"required name=search_term_string\"}],\"inLanguage\":\"en-US\"},{\"@type\":\"Organization\",\"@id\":\"https:\/\/fordcargoparca.com\/#organization\",\"name\":\"Kamil Y\u0131lmaz Otomotiv - Ford Cargo Par\u00e7a\",\"url\":\"https:\/\/fordcargoparca.com\/\",\"logo\":{\"@type\":\"ImageObject\",\"inLanguage\":\"en-US\",\"@id\":\"https:\/\/fordcargoparca.com\/#\/schema\/logo\/image\/\",\"url\":\"https:\/\/fordcargoparca.com\/wp-content\/uploads\/2023\/07\/cropped-kamilyilmazlogo3.png\",\"contentUrl\":\"https:\/\/fordcargoparca.com\/wp-content\/uploads\/2023\/07\/cropped-kamilyilmazlogo3.png\",\"width\":1080,\"height\":720,\"caption\":\"Kamil Y\u0131lmaz Otomotiv - Ford Cargo Par\u00e7a\"},\"image\":{\"@id\":\"https:\/\/fordcargoparca.com\/#\/schema\/logo\/image\/\"},\"sameAs\":[\"https:\/\/www.facebook.com\/fordtrucksparts\/\",\"https:\/\/www.instagram.com\/kamilyilmazotomotiv\/\"]}]}<\/script>\n<!-- \/ Yoast SEO plugin. -->","yoast_head_json":{"title":"FORD CARGO D\u0130FERANS\u0130YEL FLAN\u015e KE\u00c7ES\u0130 - FC46 4231 BA - Kamil Y\u0131lmaz Otomotiv - Ford Cargo Yedek Par&ccedil;a","description":"\u00dcr\u00fcn Ad\u0131 : FORD CARGO D\u0130FERANS\u0130YEL FLAN\u015e KE\u00c7ES\u0130 \u00dcr\u00fcn Kodu : FC46 4231 BA OEM : FC464231BA Barkod : FORD OTOSAN FC46 4231 BA Finnish : T216714","robots":{"index":"index","follow":"follow","max-snippet":"max-snippet:-1","max-image-preview":"max-image-preview:large","max-video-preview":"max-video-preview:-1"},"canonical":"https:\/\/fordcargoparca.com\/en\/urunler\/ford-cargo-differential-flange-seal-fc46-4231-ba\/","og_locale":"en_US","og_type":"article","og_title":"FORD CARGO D\u0130FERANS\u0130YEL FLAN\u015e KE\u00c7ES\u0130 - FC46 4231 BA - Kamil Y\u0131lmaz Otomotiv - Ford Cargo Yedek Par&ccedil;a","og_description":"\u00dcr\u00fcn Ad\u0131 : FORD CARGO D\u0130FERANS\u0130YEL FLAN\u015e KE\u00c7ES\u0130 \u00dcr\u00fcn Kodu : FC46 4231 BA OEM : FC464231BA Barkod : FORD OTOSAN FC46 4231 BA Finnish : T216714","og_url":"https:\/\/fordcargoparca.com\/en\/urunler\/ford-cargo-differential-flange-seal-fc46-4231-ba\/","og_site_name":"Kamil Y\u0131lmaz Otomotiv - Ford Cargo Yedek Par&ccedil;a","article_publisher":"https:\/\/www.facebook.com\/fordtrucksparts\/","article_modified_time":"2023-07-14T18:36:07+00:00","og_image":[{"width":1250,"height":848,"url":"https:\/\/fordcargoparca.com\/wp-content\/uploads\/2023\/07\/6C46-4231-BA-DEFRANSIYEL-FLANS-KECESI.jpg","type":"image\/jpeg"}],"twitter_card":"summary_large_image","schema":{"@context":"https:\/\/schema.org","@graph":[{"@type":"WebPage","@id":"https:\/\/fordcargoparca.com\/urunler\/ford-cargo-diferansiyel-flans-kecesi-fc46-4231-ba\/","url":"https:\/\/fordcargoparca.com\/urunler\/ford-cargo-diferansiyel-flans-kecesi-fc46-4231-ba\/","name":"FORD CARGO D\u0130FERANS\u0130YEL FLAN\u015e KE\u00c7ES\u0130 - FC46 4231 BA - Kamil Y\u0131lmaz Otomotiv - Ford Cargo Yedek Par&ccedil;a","isPartOf":{"@id":"https:\/\/fordcargoparca.com\/#website"},"primaryImageOfPage":{"@id":"https:\/\/fordcargoparca.com\/urunler\/ford-cargo-diferansiyel-flans-kecesi-fc46-4231-ba\/#primaryimage"},"image":{"@id":"https:\/\/fordcargoparca.com\/urunler\/ford-cargo-diferansiyel-flans-kecesi-fc46-4231-ba\/#primaryimage"},"thumbnailUrl":"https:\/\/fordcargoparca.com\/wp-content\/uploads\/2023\/07\/6C46-4231-BA-DEFRANSIYEL-FLANS-KECESI.jpg","datePublished":"2023-07-14T18:36:06+00:00","dateModified":"2023-07-14T18:36:07+00:00","description":"\u00dcr\u00fcn Ad\u0131 : FORD CARGO D\u0130FERANS\u0130YEL FLAN\u015e KE\u00c7ES\u0130 \u00dcr\u00fcn Kodu : FC46 4231 BA OEM : FC464231BA Barkod : FORD OTOSAN FC46 4231 BA Finnish : T216714","breadcrumb":{"@id":"https:\/\/fordcargoparca.com\/urunler\/ford-cargo-diferansiyel-flans-kecesi-fc46-4231-ba\/#breadcrumb"},"inLanguage":"en-US","potentialAction":[{"@type":"ReadAction","target":["https:\/\/fordcargoparca.com\/urunler\/ford-cargo-diferansiyel-flans-kecesi-fc46-4231-ba\/"]}]},{"@type":"ImageObject","inLanguage":"en-US","@id":"https:\/\/fordcargoparca.com\/urunler\/ford-cargo-diferansiyel-flans-kecesi-fc46-4231-ba\/#primaryimage","url":"https:\/\/fordcargoparca.com\/wp-content\/uploads\/2023\/07\/6C46-4231-BA-DEFRANSIYEL-FLANS-KECESI.jpg","contentUrl":"https:\/\/fordcargoparca.com\/wp-content\/uploads\/2023\/07\/6C46-4231-BA-DEFRANSIYEL-FLANS-KECESI.jpg","width":1250,"height":848},{"@type":"BreadcrumbList","@id":"https:\/\/fordcargoparca.com\/urunler\/ford-cargo-diferansiyel-flans-kecesi-fc46-4231-ba\/#breadcrumb","itemListElement":[{"@type":"ListItem","position":1,"name":"Anasayfa","item":"https:\/\/fordcargoparca.com\/"},{"@type":"ListItem","position":2,"name":"\u00dcr\u00fcnler","item":"https:\/\/fordcargoparca.com\/urunler\/"},{"@type":"ListItem","position":3,"name":"FORD CARGO D\u0130FERANS\u0130YEL FLAN\u015e KE\u00c7ES\u0130 &#8211; FC46 4231 BA"}]},{"@type":"WebSite","@id":"https:\/\/fordcargoparca.com\/#website","url":"https:\/\/fordcargoparca.com\/","name":"Kamil Y\u0131lmaz Otomotiv - Ford Cargo Par\u00e7a","description":"","publisher":{"@id":"https:\/\/fordcargoparca.com\/#organization"},"potentialAction":[{"@type":"SearchAction","target":{"@type":"EntryPoint","urlTemplate":"https:\/\/fordcargoparca.com\/?s={search_term_string}"},"query-input":"required name=search_term_string"}],"inLanguage":"en-US"},{"@type":"Organization","@id":"https:\/\/fordcargoparca.com\/#organization","name":"Kamil Y\u0131lmaz Otomotiv - Ford Cargo Par\u00e7a","url":"https:\/\/fordcargoparca.com\/","logo":{"@type":"ImageObject","inLanguage":"en-US","@id":"https:\/\/fordcargoparca.com\/#\/schema\/logo\/image\/","url":"https:\/\/fordcargoparca.com\/wp-content\/uploads\/2023\/07\/cropped-kamilyilmazlogo3.png","contentUrl":"https:\/\/fordcargoparca.com\/wp-content\/uploads\/2023\/07\/cropped-kamilyilmazlogo3.png","width":1080,"height":720,"caption":"Kamil Y\u0131lmaz Otomotiv - Ford Cargo Par\u00e7a"},"image":{"@id":"https:\/\/fordcargoparca.com\/#\/schema\/logo\/image\/"},"sameAs":["https:\/\/www.facebook.com\/fordtrucksparts\/","https:\/\/www.instagram.com\/kamilyilmazotomotiv\/"]}]}},"_links":{"self":[{"href":"https:\/\/fordcargoparca.com\/en\/wp-json\/wp\/v2\/product\/4409"}],"collection":[{"href":"https:\/\/fordcargoparca.com\/en\/wp-json\/wp\/v2\/product"}],"about":[{"href":"https:\/\/fordcargoparca.com\/en\/wp-json\/wp\/v2\/types\/product"}],"version-history":[{"count":1,"href":"https:\/\/fordcargoparca.com\/en\/wp-json\/wp\/v2\/product\/4409\/revisions"}],"predecessor-version":[{"id":4411,"href":"https:\/\/fordcargoparca.com\/en\/wp-json\/wp\/v2\/product\/4409\/revisions\/4411"}],"wp:featuredmedia":[{"embeddable":true,"href":"https:\/\/fordcargoparca.com\/en\/wp-json\/wp\/v2\/media\/4410"}],"wp:attachment":[{"href":"https:\/\/fordcargoparca.com\/en\/wp-json\/wp\/v2\/media?parent=4409"}],"wp:term":[{"taxonomy":"product_cat","embeddable":true,"href":"https:\/\/fordcargoparca.com\/en\/wp-json\/wp\/v2\/product_cat?post=4409"},{"taxonomy":"product_tag","embeddable":true,"href":"https:\/\/fordcargoparca.com\/en\/wp-json\/wp\/v2\/product_tag?post=4409"}],"curies":[{"name":"wp","href":"https:\/\/api.w.org\/{rel}","templated":true}]}}