{"id":4584,"date":"2023-07-15T17:56:16","date_gmt":"2023-07-15T14:56:16","guid":{"rendered":"https:\/\/fordcargoparca.com\/?post_type=product&#038;p=4584"},"modified":"2023-07-17T19:51:43","modified_gmt":"2023-07-17T16:51:43","slug":"ford-cargo-yakit-gosterge-saati-3c46-9280-aa","status":"publish","type":"product","link":"https:\/\/fordcargoparca.com\/en\/urunler\/ford-cargo-fuel-display-clock-3c46-9280-aa\/","title":{"rendered":"FORD CARGO FUEL GAUGE TIMER \u2013 3C46 9280 AA"},"content":{"rendered":"<p>Product Name : FORD CARGO FUEL INDICATOR<br \/>\nProduct Code : 3C46 9280 AA<br \/>\nOEM : 3C469280AA<br \/>\nBarcode : FORD OTOSAN 3C46 9280 AA<br \/>\nFinnish : T118951<\/p>","protected":false},"excerpt":{"rendered":"<p>Product Name : FORD CARGO FUEL INDICATOR<br \/>\nProduct Code : 3C46 9280 AA<br \/>\nOEM : 3C469280AA<br \/>\nBarcode : FORD OTOSAN 3C46 9280 AA<br \/>\nFinnish : T118951<\/p>","protected":false},"featured_media":5093,"template":"","meta":[],"product_cat":[124],"product_tag":[214],"class_list":{"0":"post-4584","1":"product","2":"type-product","3":"status-publish","4":"has-post-thumbnail","6":"product_cat-elektrik","7":"product_tag-ford-cargo-yakit-gosterge-saati-3c46-9280-aa","8":"badges-style-3","10":"first","11":"instock","12":"shipping-taxable","13":"product-type-simple"},"yoast_head":"<!-- This site is optimized with the Yoast SEO plugin v23.0 - https:\/\/yoast.com\/wordpress\/plugins\/seo\/ -->\n<title>FORD CARGO YAKIT G\u00d6STERGE SAAT\u0130 - 3C46 9280 AA - Kamil Y\u0131lmaz Otomotiv - Ford Cargo Yedek Par&ccedil;a<\/title>\n<meta name=\"description\" content=\"\u00dcr\u00fcn Ad\u0131 : FORD CARGO YAKIT G\u00d6STERGE SAAT\u0130 \u00dcr\u00fcn Kodu : 3C46 9280 AA OEM : 3C469280AA Barkod : FORD OTOSAN 3C46 9280 AA Finnish : T118951\" \/>\n<meta name=\"robots\" content=\"index, follow, max-snippet:-1, max-image-preview:large, max-video-preview:-1\" \/>\n<link rel=\"canonical\" href=\"https:\/\/fordcargoparca.com\/en\/urunler\/ford-cargo-fuel-display-clock-3c46-9280-aa\/\" \/>\n<meta property=\"og:locale\" content=\"en_US\" \/>\n<meta property=\"og:type\" content=\"article\" \/>\n<meta property=\"og:title\" content=\"FORD CARGO YAKIT G\u00d6STERGE SAAT\u0130 - 3C46 9280 AA - Kamil Y\u0131lmaz Otomotiv - Ford Cargo Yedek Par&ccedil;a\" \/>\n<meta property=\"og:description\" content=\"\u00dcr\u00fcn Ad\u0131 : FORD CARGO YAKIT G\u00d6STERGE SAAT\u0130 \u00dcr\u00fcn Kodu : 3C46 9280 AA OEM : 3C469280AA Barkod : FORD OTOSAN 3C46 9280 AA Finnish : T118951\" \/>\n<meta property=\"og:url\" content=\"https:\/\/fordcargoparca.com\/en\/urunler\/ford-cargo-fuel-display-clock-3c46-9280-aa\/\" \/>\n<meta property=\"og:site_name\" content=\"Kamil Y\u0131lmaz Otomotiv - Ford Cargo Yedek Par&ccedil;a\" \/>\n<meta property=\"article:publisher\" content=\"https:\/\/www.facebook.com\/fordtrucksparts\/\" \/>\n<meta property=\"article:modified_time\" content=\"2023-07-17T16:51:43+00:00\" \/>\n<meta property=\"og:image\" content=\"https:\/\/fordcargoparca.com\/wp-content\/uploads\/2023\/07\/3C469280AA.jpg\" \/>\n\t<meta property=\"og:image:width\" content=\"1060\" \/>\n\t<meta property=\"og:image:height\" content=\"776\" \/>\n\t<meta property=\"og:image:type\" content=\"image\/jpeg\" \/>\n<meta name=\"twitter:card\" content=\"summary_large_image\" \/>\n<meta name=\"twitter:label1\" content=\"Est. reading time\" \/>\n\t<meta name=\"twitter:data1\" content=\"1 minute\" \/>\n<script type=\"application\/ld+json\" class=\"yoast-schema-graph\">{\"@context\":\"https:\/\/schema.org\",\"@graph\":[{\"@type\":\"WebPage\",\"@id\":\"https:\/\/fordcargoparca.com\/urunler\/ford-cargo-yakit-gosterge-saati-3c46-9280-aa\/\",\"url\":\"https:\/\/fordcargoparca.com\/urunler\/ford-cargo-yakit-gosterge-saati-3c46-9280-aa\/\",\"name\":\"FORD CARGO YAKIT G\u00d6STERGE SAAT\u0130 - 3C46 9280 AA - Kamil Y\u0131lmaz Otomotiv - Ford Cargo Yedek Par&ccedil;a\",\"isPartOf\":{\"@id\":\"https:\/\/fordcargoparca.com\/#website\"},\"primaryImageOfPage\":{\"@id\":\"https:\/\/fordcargoparca.com\/urunler\/ford-cargo-yakit-gosterge-saati-3c46-9280-aa\/#primaryimage\"},\"image\":{\"@id\":\"https:\/\/fordcargoparca.com\/urunler\/ford-cargo-yakit-gosterge-saati-3c46-9280-aa\/#primaryimage\"},\"thumbnailUrl\":\"https:\/\/fordcargoparca.com\/wp-content\/uploads\/2023\/07\/3C469280AA.jpg\",\"datePublished\":\"2023-07-15T14:56:16+00:00\",\"dateModified\":\"2023-07-17T16:51:43+00:00\",\"description\":\"\u00dcr\u00fcn Ad\u0131 : FORD CARGO YAKIT G\u00d6STERGE SAAT\u0130 \u00dcr\u00fcn Kodu : 3C46 9280 AA OEM : 3C469280AA Barkod : FORD OTOSAN 3C46 9280 AA Finnish : T118951\",\"breadcrumb\":{\"@id\":\"https:\/\/fordcargoparca.com\/urunler\/ford-cargo-yakit-gosterge-saati-3c46-9280-aa\/#breadcrumb\"},\"inLanguage\":\"en-US\",\"potentialAction\":[{\"@type\":\"ReadAction\",\"target\":[\"https:\/\/fordcargoparca.com\/urunler\/ford-cargo-yakit-gosterge-saati-3c46-9280-aa\/\"]}]},{\"@type\":\"ImageObject\",\"inLanguage\":\"en-US\",\"@id\":\"https:\/\/fordcargoparca.com\/urunler\/ford-cargo-yakit-gosterge-saati-3c46-9280-aa\/#primaryimage\",\"url\":\"https:\/\/fordcargoparca.com\/wp-content\/uploads\/2023\/07\/3C469280AA.jpg\",\"contentUrl\":\"https:\/\/fordcargoparca.com\/wp-content\/uploads\/2023\/07\/3C469280AA.jpg\",\"width\":1060,\"height\":776},{\"@type\":\"BreadcrumbList\",\"@id\":\"https:\/\/fordcargoparca.com\/urunler\/ford-cargo-yakit-gosterge-saati-3c46-9280-aa\/#breadcrumb\",\"itemListElement\":[{\"@type\":\"ListItem\",\"position\":1,\"name\":\"Anasayfa\",\"item\":\"https:\/\/fordcargoparca.com\/\"},{\"@type\":\"ListItem\",\"position\":2,\"name\":\"\u00dcr\u00fcnler\",\"item\":\"https:\/\/fordcargoparca.com\/urunler\/\"},{\"@type\":\"ListItem\",\"position\":3,\"name\":\"FORD CARGO YAKIT G\u00d6STERGE SAAT\u0130 &#8211; 3C46 9280 AA\"}]},{\"@type\":\"WebSite\",\"@id\":\"https:\/\/fordcargoparca.com\/#website\",\"url\":\"https:\/\/fordcargoparca.com\/\",\"name\":\"Kamil Y\u0131lmaz Otomotiv - Ford Cargo Par\u00e7a\",\"description\":\"\",\"publisher\":{\"@id\":\"https:\/\/fordcargoparca.com\/#organization\"},\"potentialAction\":[{\"@type\":\"SearchAction\",\"target\":{\"@type\":\"EntryPoint\",\"urlTemplate\":\"https:\/\/fordcargoparca.com\/?s={search_term_string}\"},\"query-input\":\"required name=search_term_string\"}],\"inLanguage\":\"en-US\"},{\"@type\":\"Organization\",\"@id\":\"https:\/\/fordcargoparca.com\/#organization\",\"name\":\"Kamil Y\u0131lmaz Otomotiv - Ford Cargo Par\u00e7a\",\"url\":\"https:\/\/fordcargoparca.com\/\",\"logo\":{\"@type\":\"ImageObject\",\"inLanguage\":\"en-US\",\"@id\":\"https:\/\/fordcargoparca.com\/#\/schema\/logo\/image\/\",\"url\":\"https:\/\/fordcargoparca.com\/wp-content\/uploads\/2023\/07\/cropped-kamilyilmazlogo3.png\",\"contentUrl\":\"https:\/\/fordcargoparca.com\/wp-content\/uploads\/2023\/07\/cropped-kamilyilmazlogo3.png\",\"width\":1080,\"height\":720,\"caption\":\"Kamil Y\u0131lmaz Otomotiv - Ford Cargo Par\u00e7a\"},\"image\":{\"@id\":\"https:\/\/fordcargoparca.com\/#\/schema\/logo\/image\/\"},\"sameAs\":[\"https:\/\/www.facebook.com\/fordtrucksparts\/\",\"https:\/\/www.instagram.com\/kamilyilmazotomotiv\/\"]}]}<\/script>\n<!-- \/ Yoast SEO plugin. -->","yoast_head_json":{"title":"FORD CARGO YAKIT G\u00d6STERGE SAAT\u0130 - 3C46 9280 AA - Kamil Y\u0131lmaz Otomotiv - Ford Cargo Yedek Par&ccedil;a","description":"\u00dcr\u00fcn Ad\u0131 : FORD CARGO YAKIT G\u00d6STERGE SAAT\u0130 \u00dcr\u00fcn Kodu : 3C46 9280 AA OEM : 3C469280AA Barkod : FORD OTOSAN 3C46 9280 AA Finnish : T118951","robots":{"index":"index","follow":"follow","max-snippet":"max-snippet:-1","max-image-preview":"max-image-preview:large","max-video-preview":"max-video-preview:-1"},"canonical":"https:\/\/fordcargoparca.com\/en\/urunler\/ford-cargo-fuel-display-clock-3c46-9280-aa\/","og_locale":"en_US","og_type":"article","og_title":"FORD CARGO YAKIT G\u00d6STERGE SAAT\u0130 - 3C46 9280 AA - Kamil Y\u0131lmaz Otomotiv - Ford Cargo Yedek Par&ccedil;a","og_description":"\u00dcr\u00fcn Ad\u0131 : FORD CARGO YAKIT G\u00d6STERGE SAAT\u0130 \u00dcr\u00fcn Kodu : 3C46 9280 AA OEM : 3C469280AA Barkod : FORD OTOSAN 3C46 9280 AA Finnish : T118951","og_url":"https:\/\/fordcargoparca.com\/en\/urunler\/ford-cargo-fuel-display-clock-3c46-9280-aa\/","og_site_name":"Kamil Y\u0131lmaz Otomotiv - Ford Cargo Yedek Par&ccedil;a","article_publisher":"https:\/\/www.facebook.com\/fordtrucksparts\/","article_modified_time":"2023-07-17T16:51:43+00:00","og_image":[{"width":1060,"height":776,"url":"https:\/\/fordcargoparca.com\/wp-content\/uploads\/2023\/07\/3C469280AA.jpg","type":"image\/jpeg"}],"twitter_card":"summary_large_image","twitter_misc":{"Est. reading time":"1 minute"},"schema":{"@context":"https:\/\/schema.org","@graph":[{"@type":"WebPage","@id":"https:\/\/fordcargoparca.com\/urunler\/ford-cargo-yakit-gosterge-saati-3c46-9280-aa\/","url":"https:\/\/fordcargoparca.com\/urunler\/ford-cargo-yakit-gosterge-saati-3c46-9280-aa\/","name":"FORD CARGO YAKIT G\u00d6STERGE SAAT\u0130 - 3C46 9280 AA - Kamil Y\u0131lmaz Otomotiv - Ford Cargo Yedek Par&ccedil;a","isPartOf":{"@id":"https:\/\/fordcargoparca.com\/#website"},"primaryImageOfPage":{"@id":"https:\/\/fordcargoparca.com\/urunler\/ford-cargo-yakit-gosterge-saati-3c46-9280-aa\/#primaryimage"},"image":{"@id":"https:\/\/fordcargoparca.com\/urunler\/ford-cargo-yakit-gosterge-saati-3c46-9280-aa\/#primaryimage"},"thumbnailUrl":"https:\/\/fordcargoparca.com\/wp-content\/uploads\/2023\/07\/3C469280AA.jpg","datePublished":"2023-07-15T14:56:16+00:00","dateModified":"2023-07-17T16:51:43+00:00","description":"\u00dcr\u00fcn Ad\u0131 : FORD CARGO YAKIT G\u00d6STERGE SAAT\u0130 \u00dcr\u00fcn Kodu : 3C46 9280 AA OEM : 3C469280AA Barkod : FORD OTOSAN 3C46 9280 AA Finnish : T118951","breadcrumb":{"@id":"https:\/\/fordcargoparca.com\/urunler\/ford-cargo-yakit-gosterge-saati-3c46-9280-aa\/#breadcrumb"},"inLanguage":"en-US","potentialAction":[{"@type":"ReadAction","target":["https:\/\/fordcargoparca.com\/urunler\/ford-cargo-yakit-gosterge-saati-3c46-9280-aa\/"]}]},{"@type":"ImageObject","inLanguage":"en-US","@id":"https:\/\/fordcargoparca.com\/urunler\/ford-cargo-yakit-gosterge-saati-3c46-9280-aa\/#primaryimage","url":"https:\/\/fordcargoparca.com\/wp-content\/uploads\/2023\/07\/3C469280AA.jpg","contentUrl":"https:\/\/fordcargoparca.com\/wp-content\/uploads\/2023\/07\/3C469280AA.jpg","width":1060,"height":776},{"@type":"BreadcrumbList","@id":"https:\/\/fordcargoparca.com\/urunler\/ford-cargo-yakit-gosterge-saati-3c46-9280-aa\/#breadcrumb","itemListElement":[{"@type":"ListItem","position":1,"name":"Anasayfa","item":"https:\/\/fordcargoparca.com\/"},{"@type":"ListItem","position":2,"name":"\u00dcr\u00fcnler","item":"https:\/\/fordcargoparca.com\/urunler\/"},{"@type":"ListItem","position":3,"name":"FORD CARGO YAKIT G\u00d6STERGE SAAT\u0130 &#8211; 3C46 9280 AA"}]},{"@type":"WebSite","@id":"https:\/\/fordcargoparca.com\/#website","url":"https:\/\/fordcargoparca.com\/","name":"Kamil Y\u0131lmaz Otomotiv - Ford Cargo Par\u00e7a","description":"","publisher":{"@id":"https:\/\/fordcargoparca.com\/#organization"},"potentialAction":[{"@type":"SearchAction","target":{"@type":"EntryPoint","urlTemplate":"https:\/\/fordcargoparca.com\/?s={search_term_string}"},"query-input":"required name=search_term_string"}],"inLanguage":"en-US"},{"@type":"Organization","@id":"https:\/\/fordcargoparca.com\/#organization","name":"Kamil Y\u0131lmaz Otomotiv - Ford Cargo Par\u00e7a","url":"https:\/\/fordcargoparca.com\/","logo":{"@type":"ImageObject","inLanguage":"en-US","@id":"https:\/\/fordcargoparca.com\/#\/schema\/logo\/image\/","url":"https:\/\/fordcargoparca.com\/wp-content\/uploads\/2023\/07\/cropped-kamilyilmazlogo3.png","contentUrl":"https:\/\/fordcargoparca.com\/wp-content\/uploads\/2023\/07\/cropped-kamilyilmazlogo3.png","width":1080,"height":720,"caption":"Kamil Y\u0131lmaz Otomotiv - Ford Cargo Par\u00e7a"},"image":{"@id":"https:\/\/fordcargoparca.com\/#\/schema\/logo\/image\/"},"sameAs":["https:\/\/www.facebook.com\/fordtrucksparts\/","https:\/\/www.instagram.com\/kamilyilmazotomotiv\/"]}]}},"_links":{"self":[{"href":"https:\/\/fordcargoparca.com\/en\/wp-json\/wp\/v2\/product\/4584"}],"collection":[{"href":"https:\/\/fordcargoparca.com\/en\/wp-json\/wp\/v2\/product"}],"about":[{"href":"https:\/\/fordcargoparca.com\/en\/wp-json\/wp\/v2\/types\/product"}],"version-history":[{"count":1,"href":"https:\/\/fordcargoparca.com\/en\/wp-json\/wp\/v2\/product\/4584\/revisions"}],"predecessor-version":[{"id":4585,"href":"https:\/\/fordcargoparca.com\/en\/wp-json\/wp\/v2\/product\/4584\/revisions\/4585"}],"wp:featuredmedia":[{"embeddable":true,"href":"https:\/\/fordcargoparca.com\/en\/wp-json\/wp\/v2\/media\/5093"}],"wp:attachment":[{"href":"https:\/\/fordcargoparca.com\/en\/wp-json\/wp\/v2\/media?parent=4584"}],"wp:term":[{"taxonomy":"product_cat","embeddable":true,"href":"https:\/\/fordcargoparca.com\/en\/wp-json\/wp\/v2\/product_cat?post=4584"},{"taxonomy":"product_tag","embeddable":true,"href":"https:\/\/fordcargoparca.com\/en\/wp-json\/wp\/v2\/product_tag?post=4584"}],"curies":[{"name":"wp","href":"https:\/\/api.w.org\/{rel}","templated":true}]}}