{"id":4626,"date":"2023-07-16T01:15:43","date_gmt":"2023-07-15T22:15:43","guid":{"rendered":"https:\/\/fordcargoparca.com\/?post_type=product&#038;p=4626"},"modified":"2023-07-17T20:04:21","modified_gmt":"2023-07-17T17:04:21","slug":"ford-cargo-fren-role-ventili-4c46-2k422-aa-9730110010","status":"publish","type":"product","link":"https:\/\/fordcargoparca.com\/en\/urunler\/ford-cargo-brake-role-ventili-4c46-2k422-aa-9730110010\/","title":{"rendered":"FORD CARGO BRAKE RELAY VALVE \u2013 4C46 2K422 AA"},"content":{"rendered":"<p>Product Name: FORD CARGO BRAKE RELAY VALVE<br \/>\nProduct Code: 4C46 2K422 AA 9730110010<br \/>\nOEM : 4C462K422AA<br \/>\nBarcode: FORD OTOSAN 4C46 2K422 AA<br \/>\nFinnish : T129909<\/p>","protected":false},"excerpt":{"rendered":"<p>Product Name: FORD CARGO BRAKE RELAY VALVE<br \/>\nProduct Code: 4C46 2K422 AA 9730110010<br \/>\nOEM : 4C462K422AA<br \/>\nBarcode: FORD OTOSAN 4C46 2K422 AA<br \/>\nFinnish : T129909<\/p>","protected":false},"featured_media":5104,"template":"","meta":[],"product_cat":[123],"product_tag":[254],"class_list":{"0":"post-4626","1":"product","2":"type-product","3":"status-publish","4":"has-post-thumbnail","6":"product_cat-fren","7":"product_tag-ford-cargo-fren-role-ventili-4c46-2k422-aa-9730110010","8":"badges-style-3","10":"first","11":"instock","12":"shipping-taxable","13":"product-type-simple"},"yoast_head":"<!-- This site is optimized with the Yoast SEO plugin v23.0 - https:\/\/yoast.com\/wordpress\/plugins\/seo\/ -->\n<title>FORD CARGO FREN ROLE VENT\u0130L\u0130 - 4C46 2K422 AA - Kamil Y\u0131lmaz Otomotiv - Ford Cargo Yedek Par&ccedil;a<\/title>\n<meta name=\"description\" content=\"\u00dcr\u00fcn Ad\u0131 : FORD CARGO FREN ROLE VENT\u0130L\u0130 \u00dcr\u00fcn Kodu : 4C46 2K422 AA 9730110010 OEM : 4C462K422AA Barkod : FORD OTOSAN 4C46 2K422 AA Finnish : T129909\" \/>\n<meta name=\"robots\" content=\"index, follow, max-snippet:-1, max-image-preview:large, max-video-preview:-1\" \/>\n<link rel=\"canonical\" href=\"https:\/\/fordcargoparca.com\/en\/urunler\/ford-cargo-brake-role-ventili-4c46-2k422-aa-9730110010\/\" \/>\n<meta property=\"og:locale\" content=\"en_US\" \/>\n<meta property=\"og:type\" content=\"article\" \/>\n<meta property=\"og:title\" content=\"FORD CARGO FREN ROLE VENT\u0130L\u0130 - 4C46 2K422 AA - Kamil Y\u0131lmaz Otomotiv - Ford Cargo Yedek Par&ccedil;a\" \/>\n<meta property=\"og:description\" content=\"\u00dcr\u00fcn Ad\u0131 : FORD CARGO FREN ROLE VENT\u0130L\u0130 \u00dcr\u00fcn Kodu : 4C46 2K422 AA 9730110010 OEM : 4C462K422AA Barkod : FORD OTOSAN 4C46 2K422 AA Finnish : T129909\" \/>\n<meta property=\"og:url\" content=\"https:\/\/fordcargoparca.com\/en\/urunler\/ford-cargo-brake-role-ventili-4c46-2k422-aa-9730110010\/\" \/>\n<meta property=\"og:site_name\" content=\"Kamil Y\u0131lmaz Otomotiv - Ford Cargo Yedek Par&ccedil;a\" \/>\n<meta property=\"article:publisher\" content=\"https:\/\/www.facebook.com\/fordtrucksparts\/\" \/>\n<meta property=\"article:modified_time\" content=\"2023-07-17T17:04:21+00:00\" \/>\n<meta property=\"og:image\" content=\"https:\/\/fordcargoparca.com\/wp-content\/uploads\/2023\/07\/4C462K422AA.jpg\" \/>\n\t<meta property=\"og:image:width\" content=\"969\" \/>\n\t<meta property=\"og:image:height\" content=\"901\" \/>\n\t<meta property=\"og:image:type\" content=\"image\/jpeg\" \/>\n<meta name=\"twitter:card\" content=\"summary_large_image\" \/>\n<meta name=\"twitter:label1\" content=\"Est. reading time\" \/>\n\t<meta name=\"twitter:data1\" content=\"1 minute\" \/>\n<script type=\"application\/ld+json\" class=\"yoast-schema-graph\">{\"@context\":\"https:\/\/schema.org\",\"@graph\":[{\"@type\":\"WebPage\",\"@id\":\"https:\/\/fordcargoparca.com\/urunler\/ford-cargo-fren-role-ventili-4c46-2k422-aa-9730110010\/\",\"url\":\"https:\/\/fordcargoparca.com\/urunler\/ford-cargo-fren-role-ventili-4c46-2k422-aa-9730110010\/\",\"name\":\"FORD CARGO FREN ROLE VENT\u0130L\u0130 - 4C46 2K422 AA - Kamil Y\u0131lmaz Otomotiv - Ford Cargo Yedek Par&ccedil;a\",\"isPartOf\":{\"@id\":\"https:\/\/fordcargoparca.com\/#website\"},\"primaryImageOfPage\":{\"@id\":\"https:\/\/fordcargoparca.com\/urunler\/ford-cargo-fren-role-ventili-4c46-2k422-aa-9730110010\/#primaryimage\"},\"image\":{\"@id\":\"https:\/\/fordcargoparca.com\/urunler\/ford-cargo-fren-role-ventili-4c46-2k422-aa-9730110010\/#primaryimage\"},\"thumbnailUrl\":\"https:\/\/fordcargoparca.com\/wp-content\/uploads\/2023\/07\/4C462K422AA.jpg\",\"datePublished\":\"2023-07-15T22:15:43+00:00\",\"dateModified\":\"2023-07-17T17:04:21+00:00\",\"description\":\"\u00dcr\u00fcn Ad\u0131 : FORD CARGO FREN ROLE VENT\u0130L\u0130 \u00dcr\u00fcn Kodu : 4C46 2K422 AA 9730110010 OEM : 4C462K422AA Barkod : FORD OTOSAN 4C46 2K422 AA Finnish : T129909\",\"breadcrumb\":{\"@id\":\"https:\/\/fordcargoparca.com\/urunler\/ford-cargo-fren-role-ventili-4c46-2k422-aa-9730110010\/#breadcrumb\"},\"inLanguage\":\"en-US\",\"potentialAction\":[{\"@type\":\"ReadAction\",\"target\":[\"https:\/\/fordcargoparca.com\/urunler\/ford-cargo-fren-role-ventili-4c46-2k422-aa-9730110010\/\"]}]},{\"@type\":\"ImageObject\",\"inLanguage\":\"en-US\",\"@id\":\"https:\/\/fordcargoparca.com\/urunler\/ford-cargo-fren-role-ventili-4c46-2k422-aa-9730110010\/#primaryimage\",\"url\":\"https:\/\/fordcargoparca.com\/wp-content\/uploads\/2023\/07\/4C462K422AA.jpg\",\"contentUrl\":\"https:\/\/fordcargoparca.com\/wp-content\/uploads\/2023\/07\/4C462K422AA.jpg\",\"width\":969,\"height\":901},{\"@type\":\"BreadcrumbList\",\"@id\":\"https:\/\/fordcargoparca.com\/urunler\/ford-cargo-fren-role-ventili-4c46-2k422-aa-9730110010\/#breadcrumb\",\"itemListElement\":[{\"@type\":\"ListItem\",\"position\":1,\"name\":\"Anasayfa\",\"item\":\"https:\/\/fordcargoparca.com\/\"},{\"@type\":\"ListItem\",\"position\":2,\"name\":\"\u00dcr\u00fcnler\",\"item\":\"https:\/\/fordcargoparca.com\/urunler\/\"},{\"@type\":\"ListItem\",\"position\":3,\"name\":\"FORD CARGO FREN ROLE VENT\u0130L\u0130 &#8211; 4C46 2K422 AA\"}]},{\"@type\":\"WebSite\",\"@id\":\"https:\/\/fordcargoparca.com\/#website\",\"url\":\"https:\/\/fordcargoparca.com\/\",\"name\":\"Kamil Y\u0131lmaz Otomotiv - Ford Cargo Par\u00e7a\",\"description\":\"\",\"publisher\":{\"@id\":\"https:\/\/fordcargoparca.com\/#organization\"},\"potentialAction\":[{\"@type\":\"SearchAction\",\"target\":{\"@type\":\"EntryPoint\",\"urlTemplate\":\"https:\/\/fordcargoparca.com\/?s={search_term_string}\"},\"query-input\":\"required name=search_term_string\"}],\"inLanguage\":\"en-US\"},{\"@type\":\"Organization\",\"@id\":\"https:\/\/fordcargoparca.com\/#organization\",\"name\":\"Kamil Y\u0131lmaz Otomotiv - Ford Cargo Par\u00e7a\",\"url\":\"https:\/\/fordcargoparca.com\/\",\"logo\":{\"@type\":\"ImageObject\",\"inLanguage\":\"en-US\",\"@id\":\"https:\/\/fordcargoparca.com\/#\/schema\/logo\/image\/\",\"url\":\"https:\/\/fordcargoparca.com\/wp-content\/uploads\/2023\/07\/cropped-kamilyilmazlogo3.png\",\"contentUrl\":\"https:\/\/fordcargoparca.com\/wp-content\/uploads\/2023\/07\/cropped-kamilyilmazlogo3.png\",\"width\":1080,\"height\":720,\"caption\":\"Kamil Y\u0131lmaz Otomotiv - Ford Cargo Par\u00e7a\"},\"image\":{\"@id\":\"https:\/\/fordcargoparca.com\/#\/schema\/logo\/image\/\"},\"sameAs\":[\"https:\/\/www.facebook.com\/fordtrucksparts\/\",\"https:\/\/www.instagram.com\/kamilyilmazotomotiv\/\"]}]}<\/script>\n<!-- \/ Yoast SEO plugin. -->","yoast_head_json":{"title":"FORD CARGO FREN ROLE VENT\u0130L\u0130 - 4C46 2K422 AA - Kamil Y\u0131lmaz Otomotiv - Ford Cargo Yedek Par&ccedil;a","description":"\u00dcr\u00fcn Ad\u0131 : FORD CARGO FREN ROLE VENT\u0130L\u0130 \u00dcr\u00fcn Kodu : 4C46 2K422 AA 9730110010 OEM : 4C462K422AA Barkod : FORD OTOSAN 4C46 2K422 AA Finnish : T129909","robots":{"index":"index","follow":"follow","max-snippet":"max-snippet:-1","max-image-preview":"max-image-preview:large","max-video-preview":"max-video-preview:-1"},"canonical":"https:\/\/fordcargoparca.com\/en\/urunler\/ford-cargo-brake-role-ventili-4c46-2k422-aa-9730110010\/","og_locale":"en_US","og_type":"article","og_title":"FORD CARGO FREN ROLE VENT\u0130L\u0130 - 4C46 2K422 AA - Kamil Y\u0131lmaz Otomotiv - Ford Cargo Yedek Par&ccedil;a","og_description":"\u00dcr\u00fcn Ad\u0131 : FORD CARGO FREN ROLE VENT\u0130L\u0130 \u00dcr\u00fcn Kodu : 4C46 2K422 AA 9730110010 OEM : 4C462K422AA Barkod : FORD OTOSAN 4C46 2K422 AA Finnish : T129909","og_url":"https:\/\/fordcargoparca.com\/en\/urunler\/ford-cargo-brake-role-ventili-4c46-2k422-aa-9730110010\/","og_site_name":"Kamil Y\u0131lmaz Otomotiv - Ford Cargo Yedek Par&ccedil;a","article_publisher":"https:\/\/www.facebook.com\/fordtrucksparts\/","article_modified_time":"2023-07-17T17:04:21+00:00","og_image":[{"width":969,"height":901,"url":"https:\/\/fordcargoparca.com\/wp-content\/uploads\/2023\/07\/4C462K422AA.jpg","type":"image\/jpeg"}],"twitter_card":"summary_large_image","twitter_misc":{"Est. reading time":"1 minute"},"schema":{"@context":"https:\/\/schema.org","@graph":[{"@type":"WebPage","@id":"https:\/\/fordcargoparca.com\/urunler\/ford-cargo-fren-role-ventili-4c46-2k422-aa-9730110010\/","url":"https:\/\/fordcargoparca.com\/urunler\/ford-cargo-fren-role-ventili-4c46-2k422-aa-9730110010\/","name":"FORD CARGO FREN ROLE VENT\u0130L\u0130 - 4C46 2K422 AA - Kamil Y\u0131lmaz Otomotiv - Ford Cargo Yedek Par&ccedil;a","isPartOf":{"@id":"https:\/\/fordcargoparca.com\/#website"},"primaryImageOfPage":{"@id":"https:\/\/fordcargoparca.com\/urunler\/ford-cargo-fren-role-ventili-4c46-2k422-aa-9730110010\/#primaryimage"},"image":{"@id":"https:\/\/fordcargoparca.com\/urunler\/ford-cargo-fren-role-ventili-4c46-2k422-aa-9730110010\/#primaryimage"},"thumbnailUrl":"https:\/\/fordcargoparca.com\/wp-content\/uploads\/2023\/07\/4C462K422AA.jpg","datePublished":"2023-07-15T22:15:43+00:00","dateModified":"2023-07-17T17:04:21+00:00","description":"\u00dcr\u00fcn Ad\u0131 : FORD CARGO FREN ROLE VENT\u0130L\u0130 \u00dcr\u00fcn Kodu : 4C46 2K422 AA 9730110010 OEM : 4C462K422AA Barkod : FORD OTOSAN 4C46 2K422 AA Finnish : T129909","breadcrumb":{"@id":"https:\/\/fordcargoparca.com\/urunler\/ford-cargo-fren-role-ventili-4c46-2k422-aa-9730110010\/#breadcrumb"},"inLanguage":"en-US","potentialAction":[{"@type":"ReadAction","target":["https:\/\/fordcargoparca.com\/urunler\/ford-cargo-fren-role-ventili-4c46-2k422-aa-9730110010\/"]}]},{"@type":"ImageObject","inLanguage":"en-US","@id":"https:\/\/fordcargoparca.com\/urunler\/ford-cargo-fren-role-ventili-4c46-2k422-aa-9730110010\/#primaryimage","url":"https:\/\/fordcargoparca.com\/wp-content\/uploads\/2023\/07\/4C462K422AA.jpg","contentUrl":"https:\/\/fordcargoparca.com\/wp-content\/uploads\/2023\/07\/4C462K422AA.jpg","width":969,"height":901},{"@type":"BreadcrumbList","@id":"https:\/\/fordcargoparca.com\/urunler\/ford-cargo-fren-role-ventili-4c46-2k422-aa-9730110010\/#breadcrumb","itemListElement":[{"@type":"ListItem","position":1,"name":"Anasayfa","item":"https:\/\/fordcargoparca.com\/"},{"@type":"ListItem","position":2,"name":"\u00dcr\u00fcnler","item":"https:\/\/fordcargoparca.com\/urunler\/"},{"@type":"ListItem","position":3,"name":"FORD CARGO FREN ROLE VENT\u0130L\u0130 &#8211; 4C46 2K422 AA"}]},{"@type":"WebSite","@id":"https:\/\/fordcargoparca.com\/#website","url":"https:\/\/fordcargoparca.com\/","name":"Kamil Y\u0131lmaz Otomotiv - Ford Cargo Par\u00e7a","description":"","publisher":{"@id":"https:\/\/fordcargoparca.com\/#organization"},"potentialAction":[{"@type":"SearchAction","target":{"@type":"EntryPoint","urlTemplate":"https:\/\/fordcargoparca.com\/?s={search_term_string}"},"query-input":"required name=search_term_string"}],"inLanguage":"en-US"},{"@type":"Organization","@id":"https:\/\/fordcargoparca.com\/#organization","name":"Kamil Y\u0131lmaz Otomotiv - Ford Cargo Par\u00e7a","url":"https:\/\/fordcargoparca.com\/","logo":{"@type":"ImageObject","inLanguage":"en-US","@id":"https:\/\/fordcargoparca.com\/#\/schema\/logo\/image\/","url":"https:\/\/fordcargoparca.com\/wp-content\/uploads\/2023\/07\/cropped-kamilyilmazlogo3.png","contentUrl":"https:\/\/fordcargoparca.com\/wp-content\/uploads\/2023\/07\/cropped-kamilyilmazlogo3.png","width":1080,"height":720,"caption":"Kamil Y\u0131lmaz Otomotiv - Ford Cargo Par\u00e7a"},"image":{"@id":"https:\/\/fordcargoparca.com\/#\/schema\/logo\/image\/"},"sameAs":["https:\/\/www.facebook.com\/fordtrucksparts\/","https:\/\/www.instagram.com\/kamilyilmazotomotiv\/"]}]}},"_links":{"self":[{"href":"https:\/\/fordcargoparca.com\/en\/wp-json\/wp\/v2\/product\/4626"}],"collection":[{"href":"https:\/\/fordcargoparca.com\/en\/wp-json\/wp\/v2\/product"}],"about":[{"href":"https:\/\/fordcargoparca.com\/en\/wp-json\/wp\/v2\/types\/product"}],"version-history":[{"count":2,"href":"https:\/\/fordcargoparca.com\/en\/wp-json\/wp\/v2\/product\/4626\/revisions"}],"predecessor-version":[{"id":5105,"href":"https:\/\/fordcargoparca.com\/en\/wp-json\/wp\/v2\/product\/4626\/revisions\/5105"}],"wp:featuredmedia":[{"embeddable":true,"href":"https:\/\/fordcargoparca.com\/en\/wp-json\/wp\/v2\/media\/5104"}],"wp:attachment":[{"href":"https:\/\/fordcargoparca.com\/en\/wp-json\/wp\/v2\/media?parent=4626"}],"wp:term":[{"taxonomy":"product_cat","embeddable":true,"href":"https:\/\/fordcargoparca.com\/en\/wp-json\/wp\/v2\/product_cat?post=4626"},{"taxonomy":"product_tag","embeddable":true,"href":"https:\/\/fordcargoparca.com\/en\/wp-json\/wp\/v2\/product_tag?post=4626"}],"curies":[{"name":"wp","href":"https:\/\/api.w.org\/{rel}","templated":true}]}}