{"id":4658,"date":"2023-07-16T01:58:36","date_gmt":"2023-07-15T22:58:36","guid":{"rendered":"https:\/\/fordcargoparca.com\/?post_type=product&#038;p=4658"},"modified":"2024-03-21T23:57:14","modified_gmt":"2024-03-21T20:57:14","slug":"ford-cargo-cam-krikosu-sag-2524-3230-3c46-e23200-bg","status":"publish","type":"product","link":"https:\/\/fordcargoparca.com\/en\/urunler\/ford-cargo-window-jack-sag-2524-3230-3c46-e23200-bg\/","title":{"rendered":"FORD CARGO WINDOW JACK RH 2524-3230 \u2013 3C46 E23200 BG"},"content":{"rendered":"<p><a href=\"https:\/\/fordcargoparca.com\/wp-content\/uploads\/2023\/09\/CC46-E23200.png\"><img fetchpriority=\"high\" decoding=\"async\" class=\"alignnone size-medium wp-image-76929\" src=\"https:\/\/fordcargoparca.com\/wp-content\/uploads\/2023\/09\/CC46-E23200-179x300.png\" alt=\"\" width=\"179\" height=\"300\" srcset=\"https:\/\/fordcargoparca.com\/wp-content\/uploads\/2023\/09\/CC46-E23200-179x300.png 179w, https:\/\/fordcargoparca.com\/wp-content\/uploads\/2023\/09\/CC46-E23200-7x12.png 7w, https:\/\/fordcargoparca.com\/wp-content\/uploads\/2023\/09\/CC46-E23200-300x503.png 300w, https:\/\/fordcargoparca.com\/wp-content\/uploads\/2023\/09\/CC46-E23200-64x107.png 64w, https:\/\/fordcargoparca.com\/wp-content\/uploads\/2023\/09\/CC46-E23200.png 603w\" sizes=\"(max-width: 179px) 100vw, 179px\" \/><\/a><\/p>\n<p>Product Name : FORD CARGO WINDOW JACK RIGHT 2524-3230<br \/>\nProduct Code : 3C46 E23200 BG<br \/>\nOEM : 3C46E23200BG<br \/>\nBarcode : FORD OTOSAN 3C46 E23200 BG<br \/>\nFinnish : T215057<\/p>","protected":false},"excerpt":{"rendered":"<p>Product Name : FORD CARGO WINDOW JACK RIGHT 2524-3230<br \/>\nProduct Code : 3C46 E23200 BG<br \/>\nOEM : 3C46E23200BG<br \/>\nBarcode : FORD OTOSAN 3C46 E23200 BG<br \/>\nFinnish : T215057<\/p>","protected":false},"featured_media":76929,"template":"","meta":[],"product_cat":[122],"product_tag":[270],"class_list":{"0":"post-4658","1":"product","2":"type-product","3":"status-publish","4":"has-post-thumbnail","6":"product_cat-kaporta","7":"product_tag-ford-cargo-cam-krikosu-sag-2524-3230-3c46-e23200-bg","8":"badges-style-3","10":"first","11":"instock","12":"shipping-taxable","13":"product-type-simple"},"yoast_head":"<!-- This site is optimized with the Yoast SEO plugin v23.0 - https:\/\/yoast.com\/wordpress\/plugins\/seo\/ -->\n<title>FORD CARGO CAM KR\u0130KOSU SA\u011e 2524-3230 - 3C46 E23200 BG - Kamil Y\u0131lmaz Otomotiv - Ford Cargo Yedek Par&ccedil;a<\/title>\n<meta name=\"description\" content=\"\u00dcr\u00fcn Ad\u0131 : FORD CARGO CAM KR\u0130KOSU SA\u011e 2524-3230 \u00dcr\u00fcn Kodu : 3C46 E23200 BG OEM : 3C46E23200BG Barkod : FORD OTOSAN 3C46 E23200 BG Finnish : T215057\" \/>\n<meta name=\"robots\" content=\"index, follow, max-snippet:-1, max-image-preview:large, max-video-preview:-1\" \/>\n<link rel=\"canonical\" href=\"https:\/\/fordcargoparca.com\/en\/urunler\/ford-cargo-window-jack-sag-2524-3230-3c46-e23200-bg\/\" \/>\n<meta property=\"og:locale\" content=\"en_US\" \/>\n<meta property=\"og:type\" content=\"article\" \/>\n<meta property=\"og:title\" content=\"FORD CARGO CAM KR\u0130KOSU SA\u011e 2524-3230 - 3C46 E23200 BG - Kamil Y\u0131lmaz Otomotiv - Ford Cargo Yedek Par&ccedil;a\" \/>\n<meta property=\"og:description\" content=\"\u00dcr\u00fcn Ad\u0131 : FORD CARGO CAM KR\u0130KOSU SA\u011e 2524-3230 \u00dcr\u00fcn Kodu : 3C46 E23200 BG OEM : 3C46E23200BG Barkod : FORD OTOSAN 3C46 E23200 BG Finnish : T215057\" \/>\n<meta property=\"og:url\" content=\"https:\/\/fordcargoparca.com\/en\/urunler\/ford-cargo-window-jack-sag-2524-3230-3c46-e23200-bg\/\" \/>\n<meta property=\"og:site_name\" content=\"Kamil Y\u0131lmaz Otomotiv - Ford Cargo Yedek Par&ccedil;a\" \/>\n<meta property=\"article:publisher\" content=\"https:\/\/www.facebook.com\/fordtrucksparts\/\" \/>\n<meta property=\"article:modified_time\" content=\"2024-03-21T20:57:14+00:00\" \/>\n<meta property=\"og:image\" content=\"https:\/\/fordcargoparca.com\/wp-content\/uploads\/2023\/09\/CC46-E23200.png\" \/>\n\t<meta property=\"og:image:width\" content=\"603\" \/>\n\t<meta property=\"og:image:height\" content=\"1011\" \/>\n\t<meta property=\"og:image:type\" content=\"image\/png\" \/>\n<meta name=\"twitter:card\" content=\"summary_large_image\" \/>\n<meta name=\"twitter:label1\" content=\"Est. reading time\" \/>\n\t<meta name=\"twitter:data1\" content=\"1 minute\" \/>\n<script type=\"application\/ld+json\" class=\"yoast-schema-graph\">{\"@context\":\"https:\/\/schema.org\",\"@graph\":[{\"@type\":\"WebPage\",\"@id\":\"https:\/\/fordcargoparca.com\/urunler\/ford-cargo-cam-krikosu-sag-2524-3230-3c46-e23200-bg\/\",\"url\":\"https:\/\/fordcargoparca.com\/urunler\/ford-cargo-cam-krikosu-sag-2524-3230-3c46-e23200-bg\/\",\"name\":\"FORD CARGO CAM KR\u0130KOSU SA\u011e 2524-3230 - 3C46 E23200 BG - Kamil Y\u0131lmaz Otomotiv - Ford Cargo Yedek Par&ccedil;a\",\"isPartOf\":{\"@id\":\"https:\/\/fordcargoparca.com\/#website\"},\"primaryImageOfPage\":{\"@id\":\"https:\/\/fordcargoparca.com\/urunler\/ford-cargo-cam-krikosu-sag-2524-3230-3c46-e23200-bg\/#primaryimage\"},\"image\":{\"@id\":\"https:\/\/fordcargoparca.com\/urunler\/ford-cargo-cam-krikosu-sag-2524-3230-3c46-e23200-bg\/#primaryimage\"},\"thumbnailUrl\":\"https:\/\/fordcargoparca.com\/wp-content\/uploads\/2023\/09\/CC46-E23200.png\",\"datePublished\":\"2023-07-15T22:58:36+00:00\",\"dateModified\":\"2024-03-21T20:57:14+00:00\",\"description\":\"\u00dcr\u00fcn Ad\u0131 : FORD CARGO CAM KR\u0130KOSU SA\u011e 2524-3230 \u00dcr\u00fcn Kodu : 3C46 E23200 BG OEM : 3C46E23200BG Barkod : FORD OTOSAN 3C46 E23200 BG Finnish : T215057\",\"breadcrumb\":{\"@id\":\"https:\/\/fordcargoparca.com\/urunler\/ford-cargo-cam-krikosu-sag-2524-3230-3c46-e23200-bg\/#breadcrumb\"},\"inLanguage\":\"en-US\",\"potentialAction\":[{\"@type\":\"ReadAction\",\"target\":[\"https:\/\/fordcargoparca.com\/urunler\/ford-cargo-cam-krikosu-sag-2524-3230-3c46-e23200-bg\/\"]}]},{\"@type\":\"ImageObject\",\"inLanguage\":\"en-US\",\"@id\":\"https:\/\/fordcargoparca.com\/urunler\/ford-cargo-cam-krikosu-sag-2524-3230-3c46-e23200-bg\/#primaryimage\",\"url\":\"https:\/\/fordcargoparca.com\/wp-content\/uploads\/2023\/09\/CC46-E23200.png\",\"contentUrl\":\"https:\/\/fordcargoparca.com\/wp-content\/uploads\/2023\/09\/CC46-E23200.png\",\"width\":603,\"height\":1011},{\"@type\":\"BreadcrumbList\",\"@id\":\"https:\/\/fordcargoparca.com\/urunler\/ford-cargo-cam-krikosu-sag-2524-3230-3c46-e23200-bg\/#breadcrumb\",\"itemListElement\":[{\"@type\":\"ListItem\",\"position\":1,\"name\":\"Anasayfa\",\"item\":\"https:\/\/fordcargoparca.com\/\"},{\"@type\":\"ListItem\",\"position\":2,\"name\":\"\u00dcr\u00fcnler\",\"item\":\"https:\/\/fordcargoparca.com\/urunler\/\"},{\"@type\":\"ListItem\",\"position\":3,\"name\":\"FORD CARGO CAM KR\u0130KOSU SA\u011e 2524-3230 &#8211; 3C46 E23200 BG\"}]},{\"@type\":\"WebSite\",\"@id\":\"https:\/\/fordcargoparca.com\/#website\",\"url\":\"https:\/\/fordcargoparca.com\/\",\"name\":\"Kamil Y\u0131lmaz Otomotiv - Ford Cargo Par\u00e7a\",\"description\":\"\",\"publisher\":{\"@id\":\"https:\/\/fordcargoparca.com\/#organization\"},\"potentialAction\":[{\"@type\":\"SearchAction\",\"target\":{\"@type\":\"EntryPoint\",\"urlTemplate\":\"https:\/\/fordcargoparca.com\/?s={search_term_string}\"},\"query-input\":\"required name=search_term_string\"}],\"inLanguage\":\"en-US\"},{\"@type\":\"Organization\",\"@id\":\"https:\/\/fordcargoparca.com\/#organization\",\"name\":\"Kamil Y\u0131lmaz Otomotiv - Ford Cargo Par\u00e7a\",\"url\":\"https:\/\/fordcargoparca.com\/\",\"logo\":{\"@type\":\"ImageObject\",\"inLanguage\":\"en-US\",\"@id\":\"https:\/\/fordcargoparca.com\/#\/schema\/logo\/image\/\",\"url\":\"https:\/\/fordcargoparca.com\/wp-content\/uploads\/2023\/07\/cropped-kamilyilmazlogo3.png\",\"contentUrl\":\"https:\/\/fordcargoparca.com\/wp-content\/uploads\/2023\/07\/cropped-kamilyilmazlogo3.png\",\"width\":1080,\"height\":720,\"caption\":\"Kamil Y\u0131lmaz Otomotiv - Ford Cargo Par\u00e7a\"},\"image\":{\"@id\":\"https:\/\/fordcargoparca.com\/#\/schema\/logo\/image\/\"},\"sameAs\":[\"https:\/\/www.facebook.com\/fordtrucksparts\/\",\"https:\/\/www.instagram.com\/kamilyilmazotomotiv\/\"]}]}<\/script>\n<!-- \/ Yoast SEO plugin. -->","yoast_head_json":{"title":"FORD CARGO CAM KR\u0130KOSU SA\u011e 2524-3230 - 3C46 E23200 BG - Kamil Y\u0131lmaz Otomotiv - Ford Cargo Yedek Par&ccedil;a","description":"\u00dcr\u00fcn Ad\u0131 : FORD CARGO CAM KR\u0130KOSU SA\u011e 2524-3230 \u00dcr\u00fcn Kodu : 3C46 E23200 BG OEM : 3C46E23200BG Barkod : FORD OTOSAN 3C46 E23200 BG Finnish : T215057","robots":{"index":"index","follow":"follow","max-snippet":"max-snippet:-1","max-image-preview":"max-image-preview:large","max-video-preview":"max-video-preview:-1"},"canonical":"https:\/\/fordcargoparca.com\/en\/urunler\/ford-cargo-window-jack-sag-2524-3230-3c46-e23200-bg\/","og_locale":"en_US","og_type":"article","og_title":"FORD CARGO CAM KR\u0130KOSU SA\u011e 2524-3230 - 3C46 E23200 BG - Kamil Y\u0131lmaz Otomotiv - Ford Cargo Yedek Par&ccedil;a","og_description":"\u00dcr\u00fcn Ad\u0131 : FORD CARGO CAM KR\u0130KOSU SA\u011e 2524-3230 \u00dcr\u00fcn Kodu : 3C46 E23200 BG OEM : 3C46E23200BG Barkod : FORD OTOSAN 3C46 E23200 BG Finnish : T215057","og_url":"https:\/\/fordcargoparca.com\/en\/urunler\/ford-cargo-window-jack-sag-2524-3230-3c46-e23200-bg\/","og_site_name":"Kamil Y\u0131lmaz Otomotiv - Ford Cargo Yedek Par&ccedil;a","article_publisher":"https:\/\/www.facebook.com\/fordtrucksparts\/","article_modified_time":"2024-03-21T20:57:14+00:00","og_image":[{"width":603,"height":1011,"url":"https:\/\/fordcargoparca.com\/wp-content\/uploads\/2023\/09\/CC46-E23200.png","type":"image\/png"}],"twitter_card":"summary_large_image","twitter_misc":{"Est. reading time":"1 minute"},"schema":{"@context":"https:\/\/schema.org","@graph":[{"@type":"WebPage","@id":"https:\/\/fordcargoparca.com\/urunler\/ford-cargo-cam-krikosu-sag-2524-3230-3c46-e23200-bg\/","url":"https:\/\/fordcargoparca.com\/urunler\/ford-cargo-cam-krikosu-sag-2524-3230-3c46-e23200-bg\/","name":"FORD CARGO CAM KR\u0130KOSU SA\u011e 2524-3230 - 3C46 E23200 BG - Kamil Y\u0131lmaz Otomotiv - Ford Cargo Yedek Par&ccedil;a","isPartOf":{"@id":"https:\/\/fordcargoparca.com\/#website"},"primaryImageOfPage":{"@id":"https:\/\/fordcargoparca.com\/urunler\/ford-cargo-cam-krikosu-sag-2524-3230-3c46-e23200-bg\/#primaryimage"},"image":{"@id":"https:\/\/fordcargoparca.com\/urunler\/ford-cargo-cam-krikosu-sag-2524-3230-3c46-e23200-bg\/#primaryimage"},"thumbnailUrl":"https:\/\/fordcargoparca.com\/wp-content\/uploads\/2023\/09\/CC46-E23200.png","datePublished":"2023-07-15T22:58:36+00:00","dateModified":"2024-03-21T20:57:14+00:00","description":"\u00dcr\u00fcn Ad\u0131 : FORD CARGO CAM KR\u0130KOSU SA\u011e 2524-3230 \u00dcr\u00fcn Kodu : 3C46 E23200 BG OEM : 3C46E23200BG Barkod : FORD OTOSAN 3C46 E23200 BG Finnish : T215057","breadcrumb":{"@id":"https:\/\/fordcargoparca.com\/urunler\/ford-cargo-cam-krikosu-sag-2524-3230-3c46-e23200-bg\/#breadcrumb"},"inLanguage":"en-US","potentialAction":[{"@type":"ReadAction","target":["https:\/\/fordcargoparca.com\/urunler\/ford-cargo-cam-krikosu-sag-2524-3230-3c46-e23200-bg\/"]}]},{"@type":"ImageObject","inLanguage":"en-US","@id":"https:\/\/fordcargoparca.com\/urunler\/ford-cargo-cam-krikosu-sag-2524-3230-3c46-e23200-bg\/#primaryimage","url":"https:\/\/fordcargoparca.com\/wp-content\/uploads\/2023\/09\/CC46-E23200.png","contentUrl":"https:\/\/fordcargoparca.com\/wp-content\/uploads\/2023\/09\/CC46-E23200.png","width":603,"height":1011},{"@type":"BreadcrumbList","@id":"https:\/\/fordcargoparca.com\/urunler\/ford-cargo-cam-krikosu-sag-2524-3230-3c46-e23200-bg\/#breadcrumb","itemListElement":[{"@type":"ListItem","position":1,"name":"Anasayfa","item":"https:\/\/fordcargoparca.com\/"},{"@type":"ListItem","position":2,"name":"\u00dcr\u00fcnler","item":"https:\/\/fordcargoparca.com\/urunler\/"},{"@type":"ListItem","position":3,"name":"FORD CARGO CAM KR\u0130KOSU SA\u011e 2524-3230 &#8211; 3C46 E23200 BG"}]},{"@type":"WebSite","@id":"https:\/\/fordcargoparca.com\/#website","url":"https:\/\/fordcargoparca.com\/","name":"Kamil Y\u0131lmaz Otomotiv - Ford Cargo Par\u00e7a","description":"","publisher":{"@id":"https:\/\/fordcargoparca.com\/#organization"},"potentialAction":[{"@type":"SearchAction","target":{"@type":"EntryPoint","urlTemplate":"https:\/\/fordcargoparca.com\/?s={search_term_string}"},"query-input":"required name=search_term_string"}],"inLanguage":"en-US"},{"@type":"Organization","@id":"https:\/\/fordcargoparca.com\/#organization","name":"Kamil Y\u0131lmaz Otomotiv - Ford Cargo Par\u00e7a","url":"https:\/\/fordcargoparca.com\/","logo":{"@type":"ImageObject","inLanguage":"en-US","@id":"https:\/\/fordcargoparca.com\/#\/schema\/logo\/image\/","url":"https:\/\/fordcargoparca.com\/wp-content\/uploads\/2023\/07\/cropped-kamilyilmazlogo3.png","contentUrl":"https:\/\/fordcargoparca.com\/wp-content\/uploads\/2023\/07\/cropped-kamilyilmazlogo3.png","width":1080,"height":720,"caption":"Kamil Y\u0131lmaz Otomotiv - Ford Cargo Par\u00e7a"},"image":{"@id":"https:\/\/fordcargoparca.com\/#\/schema\/logo\/image\/"},"sameAs":["https:\/\/www.facebook.com\/fordtrucksparts\/","https:\/\/www.instagram.com\/kamilyilmazotomotiv\/"]}]}},"_links":{"self":[{"href":"https:\/\/fordcargoparca.com\/en\/wp-json\/wp\/v2\/product\/4658"}],"collection":[{"href":"https:\/\/fordcargoparca.com\/en\/wp-json\/wp\/v2\/product"}],"about":[{"href":"https:\/\/fordcargoparca.com\/en\/wp-json\/wp\/v2\/types\/product"}],"version-history":[{"count":3,"href":"https:\/\/fordcargoparca.com\/en\/wp-json\/wp\/v2\/product\/4658\/revisions"}],"predecessor-version":[{"id":76933,"href":"https:\/\/fordcargoparca.com\/en\/wp-json\/wp\/v2\/product\/4658\/revisions\/76933"}],"wp:featuredmedia":[{"embeddable":true,"href":"https:\/\/fordcargoparca.com\/en\/wp-json\/wp\/v2\/media\/76929"}],"wp:attachment":[{"href":"https:\/\/fordcargoparca.com\/en\/wp-json\/wp\/v2\/media?parent=4658"}],"wp:term":[{"taxonomy":"product_cat","embeddable":true,"href":"https:\/\/fordcargoparca.com\/en\/wp-json\/wp\/v2\/product_cat?post=4658"},{"taxonomy":"product_tag","embeddable":true,"href":"https:\/\/fordcargoparca.com\/en\/wp-json\/wp\/v2\/product_tag?post=4658"}],"curies":[{"name":"wp","href":"https:\/\/api.w.org\/{rel}","templated":true}]}}