{"id":4796,"date":"2023-07-16T15:57:48","date_gmt":"2023-07-16T12:57:48","guid":{"rendered":"https:\/\/fordcargoparca.com\/?post_type=product&#038;p=4796"},"modified":"2023-07-16T15:57:49","modified_gmt":"2023-07-16T12:57:49","slug":"ford-cargo-biyel-kolu-6c46-6200-ca","status":"publish","type":"product","link":"https:\/\/fordcargoparca.com\/en\/urunler\/ford-cargo-connecting-rod-6c46-6200-ca\/","title":{"rendered":"FORD CARGO CONNECTING ARM \u2013 6C46 6200 CA"},"content":{"rendered":"<p>Product Name : FORD CARGO CONNECTING ARM<br \/>\nProduct Code : 6C46 6200 CA<br \/>\nOEM : 6C466200CA<br \/>\nBarcode : FORD OTOSAN 6C46 6200 CA<br \/>\nFinnish : T168812<\/p>","protected":false},"excerpt":{"rendered":"<p>Product Name : FORD CARGO CONNECTING ARM<br \/>\nProduct Code : 6C46 6200 CA<br \/>\nOEM : 6C466200CA<br \/>\nBarcode : FORD OTOSAN 6C46 6200 CA<br \/>\nFinnish : T168812<\/p>","protected":false},"featured_media":0,"template":"","meta":[],"product_cat":[118],"product_tag":[328],"class_list":{"0":"post-4796","1":"product","2":"type-product","3":"status-publish","5":"product_cat-motor","6":"product_tag-ford-cargo-biyel-kolu-6c46-6200-ca","7":"badges-style-3","9":"first","10":"instock","11":"shipping-taxable","12":"product-type-simple"},"yoast_head":"<!-- This site is optimized with the Yoast SEO plugin v23.0 - https:\/\/yoast.com\/wordpress\/plugins\/seo\/ -->\n<title>FORD CARGO B\u0130YEL KOLU - 6C46 6200 CA - Kamil Y\u0131lmaz Otomotiv - Ford Cargo Yedek Par&ccedil;a<\/title>\n<meta name=\"description\" content=\"\u00dcr\u00fcn Ad\u0131 : FORD CARGO B\u0130YEL KOLU \u00dcr\u00fcn Kodu : 6C46 6200 CA OEM : 6C466200CA Barkod : FORD OTOSAN 6C46 6200 CA Finnish : T168812\" \/>\n<meta name=\"robots\" content=\"index, follow, max-snippet:-1, max-image-preview:large, max-video-preview:-1\" \/>\n<link rel=\"canonical\" href=\"https:\/\/fordcargoparca.com\/en\/urunler\/ford-cargo-connecting-rod-6c46-6200-ca\/\" \/>\n<meta property=\"og:locale\" content=\"en_US\" \/>\n<meta property=\"og:type\" content=\"article\" \/>\n<meta property=\"og:title\" content=\"FORD CARGO B\u0130YEL KOLU - 6C46 6200 CA - Kamil Y\u0131lmaz Otomotiv - Ford Cargo Yedek Par&ccedil;a\" \/>\n<meta property=\"og:description\" content=\"\u00dcr\u00fcn Ad\u0131 : FORD CARGO B\u0130YEL KOLU \u00dcr\u00fcn Kodu : 6C46 6200 CA OEM : 6C466200CA Barkod : FORD OTOSAN 6C46 6200 CA Finnish : T168812\" \/>\n<meta property=\"og:url\" content=\"https:\/\/fordcargoparca.com\/en\/urunler\/ford-cargo-connecting-rod-6c46-6200-ca\/\" \/>\n<meta property=\"og:site_name\" content=\"Kamil Y\u0131lmaz Otomotiv - Ford Cargo Yedek Par&ccedil;a\" \/>\n<meta property=\"article:publisher\" content=\"https:\/\/www.facebook.com\/fordtrucksparts\/\" \/>\n<meta property=\"article:modified_time\" content=\"2023-07-16T12:57:49+00:00\" \/>\n<meta name=\"twitter:card\" content=\"summary_large_image\" \/>\n<script type=\"application\/ld+json\" class=\"yoast-schema-graph\">{\"@context\":\"https:\/\/schema.org\",\"@graph\":[{\"@type\":\"WebPage\",\"@id\":\"https:\/\/fordcargoparca.com\/urunler\/ford-cargo-biyel-kolu-6c46-6200-ca\/\",\"url\":\"https:\/\/fordcargoparca.com\/urunler\/ford-cargo-biyel-kolu-6c46-6200-ca\/\",\"name\":\"FORD CARGO B\u0130YEL KOLU - 6C46 6200 CA - Kamil Y\u0131lmaz Otomotiv - Ford Cargo Yedek Par&ccedil;a\",\"isPartOf\":{\"@id\":\"https:\/\/fordcargoparca.com\/#website\"},\"datePublished\":\"2023-07-16T12:57:48+00:00\",\"dateModified\":\"2023-07-16T12:57:49+00:00\",\"description\":\"\u00dcr\u00fcn Ad\u0131 : FORD CARGO B\u0130YEL KOLU \u00dcr\u00fcn Kodu : 6C46 6200 CA OEM : 6C466200CA Barkod : FORD OTOSAN 6C46 6200 CA Finnish : T168812\",\"breadcrumb\":{\"@id\":\"https:\/\/fordcargoparca.com\/urunler\/ford-cargo-biyel-kolu-6c46-6200-ca\/#breadcrumb\"},\"inLanguage\":\"en-US\",\"potentialAction\":[{\"@type\":\"ReadAction\",\"target\":[\"https:\/\/fordcargoparca.com\/urunler\/ford-cargo-biyel-kolu-6c46-6200-ca\/\"]}]},{\"@type\":\"BreadcrumbList\",\"@id\":\"https:\/\/fordcargoparca.com\/urunler\/ford-cargo-biyel-kolu-6c46-6200-ca\/#breadcrumb\",\"itemListElement\":[{\"@type\":\"ListItem\",\"position\":1,\"name\":\"Anasayfa\",\"item\":\"https:\/\/fordcargoparca.com\/\"},{\"@type\":\"ListItem\",\"position\":2,\"name\":\"\u00dcr\u00fcnler\",\"item\":\"https:\/\/fordcargoparca.com\/urunler\/\"},{\"@type\":\"ListItem\",\"position\":3,\"name\":\"FORD CARGO B\u0130YEL KOLU &#8211; 6C46 6200 CA\"}]},{\"@type\":\"WebSite\",\"@id\":\"https:\/\/fordcargoparca.com\/#website\",\"url\":\"https:\/\/fordcargoparca.com\/\",\"name\":\"Kamil Y\u0131lmaz Otomotiv - Ford Cargo Par\u00e7a\",\"description\":\"\",\"publisher\":{\"@id\":\"https:\/\/fordcargoparca.com\/#organization\"},\"potentialAction\":[{\"@type\":\"SearchAction\",\"target\":{\"@type\":\"EntryPoint\",\"urlTemplate\":\"https:\/\/fordcargoparca.com\/?s={search_term_string}\"},\"query-input\":\"required name=search_term_string\"}],\"inLanguage\":\"en-US\"},{\"@type\":\"Organization\",\"@id\":\"https:\/\/fordcargoparca.com\/#organization\",\"name\":\"Kamil Y\u0131lmaz Otomotiv - Ford Cargo Par\u00e7a\",\"url\":\"https:\/\/fordcargoparca.com\/\",\"logo\":{\"@type\":\"ImageObject\",\"inLanguage\":\"en-US\",\"@id\":\"https:\/\/fordcargoparca.com\/#\/schema\/logo\/image\/\",\"url\":\"https:\/\/fordcargoparca.com\/wp-content\/uploads\/2023\/07\/cropped-kamilyilmazlogo3.png\",\"contentUrl\":\"https:\/\/fordcargoparca.com\/wp-content\/uploads\/2023\/07\/cropped-kamilyilmazlogo3.png\",\"width\":1080,\"height\":720,\"caption\":\"Kamil Y\u0131lmaz Otomotiv - Ford Cargo Par\u00e7a\"},\"image\":{\"@id\":\"https:\/\/fordcargoparca.com\/#\/schema\/logo\/image\/\"},\"sameAs\":[\"https:\/\/www.facebook.com\/fordtrucksparts\/\",\"https:\/\/www.instagram.com\/kamilyilmazotomotiv\/\"]}]}<\/script>\n<!-- \/ Yoast SEO plugin. -->","yoast_head_json":{"title":"FORD CARGO B\u0130YEL KOLU - 6C46 6200 CA - Kamil Y\u0131lmaz Otomotiv - Ford Cargo Yedek Par&ccedil;a","description":"\u00dcr\u00fcn Ad\u0131 : FORD CARGO B\u0130YEL KOLU \u00dcr\u00fcn Kodu : 6C46 6200 CA OEM : 6C466200CA Barkod : FORD OTOSAN 6C46 6200 CA Finnish : T168812","robots":{"index":"index","follow":"follow","max-snippet":"max-snippet:-1","max-image-preview":"max-image-preview:large","max-video-preview":"max-video-preview:-1"},"canonical":"https:\/\/fordcargoparca.com\/en\/urunler\/ford-cargo-connecting-rod-6c46-6200-ca\/","og_locale":"en_US","og_type":"article","og_title":"FORD CARGO B\u0130YEL KOLU - 6C46 6200 CA - Kamil Y\u0131lmaz Otomotiv - Ford Cargo Yedek Par&ccedil;a","og_description":"\u00dcr\u00fcn Ad\u0131 : FORD CARGO B\u0130YEL KOLU \u00dcr\u00fcn Kodu : 6C46 6200 CA OEM : 6C466200CA Barkod : FORD OTOSAN 6C46 6200 CA Finnish : T168812","og_url":"https:\/\/fordcargoparca.com\/en\/urunler\/ford-cargo-connecting-rod-6c46-6200-ca\/","og_site_name":"Kamil Y\u0131lmaz Otomotiv - Ford Cargo Yedek Par&ccedil;a","article_publisher":"https:\/\/www.facebook.com\/fordtrucksparts\/","article_modified_time":"2023-07-16T12:57:49+00:00","twitter_card":"summary_large_image","schema":{"@context":"https:\/\/schema.org","@graph":[{"@type":"WebPage","@id":"https:\/\/fordcargoparca.com\/urunler\/ford-cargo-biyel-kolu-6c46-6200-ca\/","url":"https:\/\/fordcargoparca.com\/urunler\/ford-cargo-biyel-kolu-6c46-6200-ca\/","name":"FORD CARGO B\u0130YEL KOLU - 6C46 6200 CA - Kamil Y\u0131lmaz Otomotiv - Ford Cargo Yedek Par&ccedil;a","isPartOf":{"@id":"https:\/\/fordcargoparca.com\/#website"},"datePublished":"2023-07-16T12:57:48+00:00","dateModified":"2023-07-16T12:57:49+00:00","description":"\u00dcr\u00fcn Ad\u0131 : FORD CARGO B\u0130YEL KOLU \u00dcr\u00fcn Kodu : 6C46 6200 CA OEM : 6C466200CA Barkod : FORD OTOSAN 6C46 6200 CA Finnish : T168812","breadcrumb":{"@id":"https:\/\/fordcargoparca.com\/urunler\/ford-cargo-biyel-kolu-6c46-6200-ca\/#breadcrumb"},"inLanguage":"en-US","potentialAction":[{"@type":"ReadAction","target":["https:\/\/fordcargoparca.com\/urunler\/ford-cargo-biyel-kolu-6c46-6200-ca\/"]}]},{"@type":"BreadcrumbList","@id":"https:\/\/fordcargoparca.com\/urunler\/ford-cargo-biyel-kolu-6c46-6200-ca\/#breadcrumb","itemListElement":[{"@type":"ListItem","position":1,"name":"Anasayfa","item":"https:\/\/fordcargoparca.com\/"},{"@type":"ListItem","position":2,"name":"\u00dcr\u00fcnler","item":"https:\/\/fordcargoparca.com\/urunler\/"},{"@type":"ListItem","position":3,"name":"FORD CARGO B\u0130YEL KOLU &#8211; 6C46 6200 CA"}]},{"@type":"WebSite","@id":"https:\/\/fordcargoparca.com\/#website","url":"https:\/\/fordcargoparca.com\/","name":"Kamil Y\u0131lmaz Otomotiv - Ford Cargo Par\u00e7a","description":"","publisher":{"@id":"https:\/\/fordcargoparca.com\/#organization"},"potentialAction":[{"@type":"SearchAction","target":{"@type":"EntryPoint","urlTemplate":"https:\/\/fordcargoparca.com\/?s={search_term_string}"},"query-input":"required name=search_term_string"}],"inLanguage":"en-US"},{"@type":"Organization","@id":"https:\/\/fordcargoparca.com\/#organization","name":"Kamil Y\u0131lmaz Otomotiv - Ford Cargo Par\u00e7a","url":"https:\/\/fordcargoparca.com\/","logo":{"@type":"ImageObject","inLanguage":"en-US","@id":"https:\/\/fordcargoparca.com\/#\/schema\/logo\/image\/","url":"https:\/\/fordcargoparca.com\/wp-content\/uploads\/2023\/07\/cropped-kamilyilmazlogo3.png","contentUrl":"https:\/\/fordcargoparca.com\/wp-content\/uploads\/2023\/07\/cropped-kamilyilmazlogo3.png","width":1080,"height":720,"caption":"Kamil Y\u0131lmaz Otomotiv - Ford Cargo Par\u00e7a"},"image":{"@id":"https:\/\/fordcargoparca.com\/#\/schema\/logo\/image\/"},"sameAs":["https:\/\/www.facebook.com\/fordtrucksparts\/","https:\/\/www.instagram.com\/kamilyilmazotomotiv\/"]}]}},"_links":{"self":[{"href":"https:\/\/fordcargoparca.com\/en\/wp-json\/wp\/v2\/product\/4796"}],"collection":[{"href":"https:\/\/fordcargoparca.com\/en\/wp-json\/wp\/v2\/product"}],"about":[{"href":"https:\/\/fordcargoparca.com\/en\/wp-json\/wp\/v2\/types\/product"}],"version-history":[{"count":1,"href":"https:\/\/fordcargoparca.com\/en\/wp-json\/wp\/v2\/product\/4796\/revisions"}],"predecessor-version":[{"id":4797,"href":"https:\/\/fordcargoparca.com\/en\/wp-json\/wp\/v2\/product\/4796\/revisions\/4797"}],"wp:attachment":[{"href":"https:\/\/fordcargoparca.com\/en\/wp-json\/wp\/v2\/media?parent=4796"}],"wp:term":[{"taxonomy":"product_cat","embeddable":true,"href":"https:\/\/fordcargoparca.com\/en\/wp-json\/wp\/v2\/product_cat?post=4796"},{"taxonomy":"product_tag","embeddable":true,"href":"https:\/\/fordcargoparca.com\/en\/wp-json\/wp\/v2\/product_tag?post=4796"}],"curies":[{"name":"wp","href":"https:\/\/api.w.org\/{rel}","templated":true}]}}