{"id":4863,"date":"2023-07-16T16:52:31","date_gmt":"2023-07-16T13:52:31","guid":{"rendered":"https:\/\/fordcargoparca.com\/?post_type=product&#038;p=4863"},"modified":"2023-07-16T16:52:32","modified_gmt":"2023-07-16T13:52:32","slug":"ford-f-max-kaput-mentesesi-komple-sag-jc46-16800-ad","status":"publish","type":"product","link":"https:\/\/fordcargoparca.com\/en\/urunler\/ford-f-max-hood-hinge-complete-sag-jc46-16800-ad\/","title":{"rendered":"FORD F-MAX HOOD HINGE COMPLETE RH \u2013 JC46 16800 AD"},"content":{"rendered":"<p>Product Name: FORD F-MAX HOOD HINGE COMPLETE RIGHT<br \/>\nProduct Code: JC46 16800 AD<br \/>\nOEM: JC4616800AD<br \/>\nBarcode: FORD OTOSAN JC46 16800 AD<br \/>\nFinnish: T294344<\/p>","protected":false},"excerpt":{"rendered":"<p>Product Name: FORD F-MAX HOOD HINGE COMPLETE RIGHT<br \/>\nProduct Code: JC46 16800 AD<br \/>\nOEM: JC4616800AD<br \/>\nBarcode: FORD OTOSAN JC46 16800 AD<br \/>\nFinnish: T294344<\/p>","protected":false},"featured_media":0,"template":"","meta":[],"product_cat":[122],"product_tag":[358],"class_list":{"0":"post-4863","1":"product","2":"type-product","3":"status-publish","5":"product_cat-kaporta","6":"product_tag-ford-f-max-kaput-mentesesi-komple-sag-jc46-16800-ad","7":"badges-style-3","9":"first","10":"instock","11":"shipping-taxable","12":"product-type-simple"},"yoast_head":"<!-- This site is optimized with the Yoast SEO plugin v23.0 - https:\/\/yoast.com\/wordpress\/plugins\/seo\/ -->\n<title>FORD F-MAX KAPUT MENTE\u015eES\u0130 KOMPLE SA\u011e - JC46 16800 AD - Kamil Y\u0131lmaz Otomotiv - Ford Cargo Yedek Par&ccedil;a<\/title>\n<meta name=\"description\" content=\"\u00dcr\u00fcn Ad\u0131 : FORD F-MAX KAPUT MENTE\u015eES\u0130 KOMPLE SA\u011e \u00dcr\u00fcn Kodu : JC46 16800 AD OEM : JC4616800AD Barkod : FORD OTOSAN JC46 16800 AD Finnish : T294344\" \/>\n<meta name=\"robots\" content=\"index, follow, max-snippet:-1, max-image-preview:large, max-video-preview:-1\" \/>\n<link rel=\"canonical\" href=\"https:\/\/fordcargoparca.com\/en\/urunler\/ford-f-max-hood-hinge-complete-sag-jc46-16800-ad\/\" \/>\n<meta property=\"og:locale\" content=\"en_US\" \/>\n<meta property=\"og:type\" content=\"article\" \/>\n<meta property=\"og:title\" content=\"FORD F-MAX KAPUT MENTE\u015eES\u0130 KOMPLE SA\u011e - JC46 16800 AD - Kamil Y\u0131lmaz Otomotiv - Ford Cargo Yedek Par&ccedil;a\" \/>\n<meta property=\"og:description\" content=\"\u00dcr\u00fcn Ad\u0131 : FORD F-MAX KAPUT MENTE\u015eES\u0130 KOMPLE SA\u011e \u00dcr\u00fcn Kodu : JC46 16800 AD OEM : JC4616800AD Barkod : FORD OTOSAN JC46 16800 AD Finnish : T294344\" \/>\n<meta property=\"og:url\" content=\"https:\/\/fordcargoparca.com\/en\/urunler\/ford-f-max-hood-hinge-complete-sag-jc46-16800-ad\/\" \/>\n<meta property=\"og:site_name\" content=\"Kamil Y\u0131lmaz Otomotiv - Ford Cargo Yedek Par&ccedil;a\" \/>\n<meta property=\"article:publisher\" content=\"https:\/\/www.facebook.com\/fordtrucksparts\/\" \/>\n<meta property=\"article:modified_time\" content=\"2023-07-16T13:52:32+00:00\" \/>\n<meta name=\"twitter:card\" content=\"summary_large_image\" \/>\n<script type=\"application\/ld+json\" class=\"yoast-schema-graph\">{\"@context\":\"https:\/\/schema.org\",\"@graph\":[{\"@type\":\"WebPage\",\"@id\":\"https:\/\/fordcargoparca.com\/urunler\/ford-f-max-kaput-mentesesi-komple-sag-jc46-16800-ad\/\",\"url\":\"https:\/\/fordcargoparca.com\/urunler\/ford-f-max-kaput-mentesesi-komple-sag-jc46-16800-ad\/\",\"name\":\"FORD F-MAX KAPUT MENTE\u015eES\u0130 KOMPLE SA\u011e - JC46 16800 AD - Kamil Y\u0131lmaz Otomotiv - Ford Cargo Yedek Par&ccedil;a\",\"isPartOf\":{\"@id\":\"https:\/\/fordcargoparca.com\/#website\"},\"datePublished\":\"2023-07-16T13:52:31+00:00\",\"dateModified\":\"2023-07-16T13:52:32+00:00\",\"description\":\"\u00dcr\u00fcn Ad\u0131 : FORD F-MAX KAPUT MENTE\u015eES\u0130 KOMPLE SA\u011e \u00dcr\u00fcn Kodu : JC46 16800 AD OEM : JC4616800AD Barkod : FORD OTOSAN JC46 16800 AD Finnish : T294344\",\"breadcrumb\":{\"@id\":\"https:\/\/fordcargoparca.com\/urunler\/ford-f-max-kaput-mentesesi-komple-sag-jc46-16800-ad\/#breadcrumb\"},\"inLanguage\":\"en-US\",\"potentialAction\":[{\"@type\":\"ReadAction\",\"target\":[\"https:\/\/fordcargoparca.com\/urunler\/ford-f-max-kaput-mentesesi-komple-sag-jc46-16800-ad\/\"]}]},{\"@type\":\"BreadcrumbList\",\"@id\":\"https:\/\/fordcargoparca.com\/urunler\/ford-f-max-kaput-mentesesi-komple-sag-jc46-16800-ad\/#breadcrumb\",\"itemListElement\":[{\"@type\":\"ListItem\",\"position\":1,\"name\":\"Anasayfa\",\"item\":\"https:\/\/fordcargoparca.com\/\"},{\"@type\":\"ListItem\",\"position\":2,\"name\":\"\u00dcr\u00fcnler\",\"item\":\"https:\/\/fordcargoparca.com\/urunler\/\"},{\"@type\":\"ListItem\",\"position\":3,\"name\":\"FORD F-MAX KAPUT MENTE\u015eES\u0130 KOMPLE SA\u011e &#8211; JC46 16800 AD\"}]},{\"@type\":\"WebSite\",\"@id\":\"https:\/\/fordcargoparca.com\/#website\",\"url\":\"https:\/\/fordcargoparca.com\/\",\"name\":\"Kamil Y\u0131lmaz Otomotiv - Ford Cargo Par\u00e7a\",\"description\":\"\",\"publisher\":{\"@id\":\"https:\/\/fordcargoparca.com\/#organization\"},\"potentialAction\":[{\"@type\":\"SearchAction\",\"target\":{\"@type\":\"EntryPoint\",\"urlTemplate\":\"https:\/\/fordcargoparca.com\/?s={search_term_string}\"},\"query-input\":\"required name=search_term_string\"}],\"inLanguage\":\"en-US\"},{\"@type\":\"Organization\",\"@id\":\"https:\/\/fordcargoparca.com\/#organization\",\"name\":\"Kamil Y\u0131lmaz Otomotiv - Ford Cargo Par\u00e7a\",\"url\":\"https:\/\/fordcargoparca.com\/\",\"logo\":{\"@type\":\"ImageObject\",\"inLanguage\":\"en-US\",\"@id\":\"https:\/\/fordcargoparca.com\/#\/schema\/logo\/image\/\",\"url\":\"https:\/\/fordcargoparca.com\/wp-content\/uploads\/2023\/07\/cropped-kamilyilmazlogo3.png\",\"contentUrl\":\"https:\/\/fordcargoparca.com\/wp-content\/uploads\/2023\/07\/cropped-kamilyilmazlogo3.png\",\"width\":1080,\"height\":720,\"caption\":\"Kamil Y\u0131lmaz Otomotiv - Ford Cargo Par\u00e7a\"},\"image\":{\"@id\":\"https:\/\/fordcargoparca.com\/#\/schema\/logo\/image\/\"},\"sameAs\":[\"https:\/\/www.facebook.com\/fordtrucksparts\/\",\"https:\/\/www.instagram.com\/kamilyilmazotomotiv\/\"]}]}<\/script>\n<!-- \/ Yoast SEO plugin. -->","yoast_head_json":{"title":"FORD F-MAX KAPUT MENTE\u015eES\u0130 KOMPLE SA\u011e - JC46 16800 AD - Kamil Y\u0131lmaz Otomotiv - Ford Cargo Yedek Par&ccedil;a","description":"\u00dcr\u00fcn Ad\u0131 : FORD F-MAX KAPUT MENTE\u015eES\u0130 KOMPLE SA\u011e \u00dcr\u00fcn Kodu : JC46 16800 AD OEM : JC4616800AD Barkod : FORD OTOSAN JC46 16800 AD Finnish : T294344","robots":{"index":"index","follow":"follow","max-snippet":"max-snippet:-1","max-image-preview":"max-image-preview:large","max-video-preview":"max-video-preview:-1"},"canonical":"https:\/\/fordcargoparca.com\/en\/urunler\/ford-f-max-hood-hinge-complete-sag-jc46-16800-ad\/","og_locale":"en_US","og_type":"article","og_title":"FORD F-MAX KAPUT MENTE\u015eES\u0130 KOMPLE SA\u011e - JC46 16800 AD - Kamil Y\u0131lmaz Otomotiv - Ford Cargo Yedek Par&ccedil;a","og_description":"\u00dcr\u00fcn Ad\u0131 : FORD F-MAX KAPUT MENTE\u015eES\u0130 KOMPLE SA\u011e \u00dcr\u00fcn Kodu : JC46 16800 AD OEM : JC4616800AD Barkod : FORD OTOSAN JC46 16800 AD Finnish : T294344","og_url":"https:\/\/fordcargoparca.com\/en\/urunler\/ford-f-max-hood-hinge-complete-sag-jc46-16800-ad\/","og_site_name":"Kamil Y\u0131lmaz Otomotiv - Ford Cargo Yedek Par&ccedil;a","article_publisher":"https:\/\/www.facebook.com\/fordtrucksparts\/","article_modified_time":"2023-07-16T13:52:32+00:00","twitter_card":"summary_large_image","schema":{"@context":"https:\/\/schema.org","@graph":[{"@type":"WebPage","@id":"https:\/\/fordcargoparca.com\/urunler\/ford-f-max-kaput-mentesesi-komple-sag-jc46-16800-ad\/","url":"https:\/\/fordcargoparca.com\/urunler\/ford-f-max-kaput-mentesesi-komple-sag-jc46-16800-ad\/","name":"FORD F-MAX KAPUT MENTE\u015eES\u0130 KOMPLE SA\u011e - JC46 16800 AD - Kamil Y\u0131lmaz Otomotiv - Ford Cargo Yedek Par&ccedil;a","isPartOf":{"@id":"https:\/\/fordcargoparca.com\/#website"},"datePublished":"2023-07-16T13:52:31+00:00","dateModified":"2023-07-16T13:52:32+00:00","description":"\u00dcr\u00fcn Ad\u0131 : FORD F-MAX KAPUT MENTE\u015eES\u0130 KOMPLE SA\u011e \u00dcr\u00fcn Kodu : JC46 16800 AD OEM : JC4616800AD Barkod : FORD OTOSAN JC46 16800 AD Finnish : T294344","breadcrumb":{"@id":"https:\/\/fordcargoparca.com\/urunler\/ford-f-max-kaput-mentesesi-komple-sag-jc46-16800-ad\/#breadcrumb"},"inLanguage":"en-US","potentialAction":[{"@type":"ReadAction","target":["https:\/\/fordcargoparca.com\/urunler\/ford-f-max-kaput-mentesesi-komple-sag-jc46-16800-ad\/"]}]},{"@type":"BreadcrumbList","@id":"https:\/\/fordcargoparca.com\/urunler\/ford-f-max-kaput-mentesesi-komple-sag-jc46-16800-ad\/#breadcrumb","itemListElement":[{"@type":"ListItem","position":1,"name":"Anasayfa","item":"https:\/\/fordcargoparca.com\/"},{"@type":"ListItem","position":2,"name":"\u00dcr\u00fcnler","item":"https:\/\/fordcargoparca.com\/urunler\/"},{"@type":"ListItem","position":3,"name":"FORD F-MAX KAPUT MENTE\u015eES\u0130 KOMPLE SA\u011e &#8211; JC46 16800 AD"}]},{"@type":"WebSite","@id":"https:\/\/fordcargoparca.com\/#website","url":"https:\/\/fordcargoparca.com\/","name":"Kamil Y\u0131lmaz Otomotiv - Ford Cargo Par\u00e7a","description":"","publisher":{"@id":"https:\/\/fordcargoparca.com\/#organization"},"potentialAction":[{"@type":"SearchAction","target":{"@type":"EntryPoint","urlTemplate":"https:\/\/fordcargoparca.com\/?s={search_term_string}"},"query-input":"required name=search_term_string"}],"inLanguage":"en-US"},{"@type":"Organization","@id":"https:\/\/fordcargoparca.com\/#organization","name":"Kamil Y\u0131lmaz Otomotiv - Ford Cargo Par\u00e7a","url":"https:\/\/fordcargoparca.com\/","logo":{"@type":"ImageObject","inLanguage":"en-US","@id":"https:\/\/fordcargoparca.com\/#\/schema\/logo\/image\/","url":"https:\/\/fordcargoparca.com\/wp-content\/uploads\/2023\/07\/cropped-kamilyilmazlogo3.png","contentUrl":"https:\/\/fordcargoparca.com\/wp-content\/uploads\/2023\/07\/cropped-kamilyilmazlogo3.png","width":1080,"height":720,"caption":"Kamil Y\u0131lmaz Otomotiv - Ford Cargo Par\u00e7a"},"image":{"@id":"https:\/\/fordcargoparca.com\/#\/schema\/logo\/image\/"},"sameAs":["https:\/\/www.facebook.com\/fordtrucksparts\/","https:\/\/www.instagram.com\/kamilyilmazotomotiv\/"]}]}},"_links":{"self":[{"href":"https:\/\/fordcargoparca.com\/en\/wp-json\/wp\/v2\/product\/4863"}],"collection":[{"href":"https:\/\/fordcargoparca.com\/en\/wp-json\/wp\/v2\/product"}],"about":[{"href":"https:\/\/fordcargoparca.com\/en\/wp-json\/wp\/v2\/types\/product"}],"version-history":[{"count":1,"href":"https:\/\/fordcargoparca.com\/en\/wp-json\/wp\/v2\/product\/4863\/revisions"}],"predecessor-version":[{"id":4865,"href":"https:\/\/fordcargoparca.com\/en\/wp-json\/wp\/v2\/product\/4863\/revisions\/4865"}],"wp:attachment":[{"href":"https:\/\/fordcargoparca.com\/en\/wp-json\/wp\/v2\/media?parent=4863"}],"wp:term":[{"taxonomy":"product_cat","embeddable":true,"href":"https:\/\/fordcargoparca.com\/en\/wp-json\/wp\/v2\/product_cat?post=4863"},{"taxonomy":"product_tag","embeddable":true,"href":"https:\/\/fordcargoparca.com\/en\/wp-json\/wp\/v2\/product_tag?post=4863"}],"curies":[{"name":"wp","href":"https:\/\/api.w.org\/{rel}","templated":true}]}}