{"id":4902,"date":"2023-07-16T17:25:18","date_gmt":"2023-07-16T14:25:18","guid":{"rendered":"https:\/\/fordcargoparca.com\/?post_type=product&#038;p=4902"},"modified":"2023-07-16T17:25:18","modified_gmt":"2023-07-16T14:25:18","slug":"ford-cargo-krank-mili-4142-fmax-gc46-6303-ak","status":"publish","type":"product","link":"https:\/\/fordcargoparca.com\/en\/urunler\/ford-cargo-crankshaft-4142-fmax-gc46-6303-ak\/","title":{"rendered":"FORD CARGO CRANKSHAFT 4142-FMAX \u2013 GC46 6303 AK"},"content":{"rendered":"<p>Product Name : FORD CARGO CRANKSHAFT 1842-1848-4142-FMAX<br \/>\nProduct Code : GC46 6303 AK<br \/>\nOEM : GC46 6303 AK<br \/>\nBarcode : FORD OTOSAN GC46 6303 AK<br \/>\nFinnish : T421857 T409738<\/p>","protected":false},"excerpt":{"rendered":"<p>Product Name : FORD CARGO CRANKSHAFT 1842-1848-4142-FMAX<br \/>\nProduct Code : GC46 6303 AK<br \/>\nOEM : GC46 6303 AK<br \/>\nBarcode : FORD OTOSAN GC46 6303 AK<br \/>\nFinnish : T421857 T409738<\/p>","protected":false},"featured_media":0,"template":"","meta":[],"product_cat":[118],"product_tag":[376,378,379,377,380],"class_list":{"0":"post-4902","1":"product","2":"type-product","3":"status-publish","5":"product_cat-motor","6":"product_tag-ford-cargo-krank-mili-4142-fmax-gc46-6303-ak","7":"product_tag-gc46-6303-ag","8":"product_tag-gc46-6303-ah","9":"product_tag-gc46-6303-aj","10":"product_tag-gc46-6303-ak","11":"badges-style-3","13":"first","14":"instock","15":"shipping-taxable","16":"product-type-simple"},"yoast_head":"<!-- This site is optimized with the Yoast SEO plugin v23.0 - https:\/\/yoast.com\/wordpress\/plugins\/seo\/ -->\n<title>FORD CARGO KRANK M\u0130L\u0130 4142-FMAX - GC46 6303 AK - Kamil Y\u0131lmaz Otomotiv - Ford Cargo Yedek Par&ccedil;a<\/title>\n<meta name=\"description\" content=\"\u00dcr\u00fcn Ad\u0131 : FORD CARGO KRANK M\u0130L\u0130 1842-1848-4142-FMAX \u00dcr\u00fcn Kodu : GC46 6303 AK OEM : GC46 6303 AK Barkod : FORD OTOSAN GC46 6303 AK Finnish : T421857 T409738\" \/>\n<meta name=\"robots\" content=\"index, follow, max-snippet:-1, max-image-preview:large, max-video-preview:-1\" \/>\n<link rel=\"canonical\" href=\"https:\/\/fordcargoparca.com\/en\/urunler\/ford-cargo-crankshaft-4142-fmax-gc46-6303-ak\/\" \/>\n<meta property=\"og:locale\" content=\"en_US\" \/>\n<meta property=\"og:type\" content=\"article\" \/>\n<meta property=\"og:title\" content=\"FORD CARGO KRANK M\u0130L\u0130 4142-FMAX - GC46 6303 AK - Kamil Y\u0131lmaz Otomotiv - Ford Cargo Yedek Par&ccedil;a\" \/>\n<meta property=\"og:description\" content=\"\u00dcr\u00fcn Ad\u0131 : FORD CARGO KRANK M\u0130L\u0130 1842-1848-4142-FMAX \u00dcr\u00fcn Kodu : GC46 6303 AK OEM : GC46 6303 AK Barkod : FORD OTOSAN GC46 6303 AK Finnish : T421857 T409738\" \/>\n<meta property=\"og:url\" content=\"https:\/\/fordcargoparca.com\/en\/urunler\/ford-cargo-crankshaft-4142-fmax-gc46-6303-ak\/\" \/>\n<meta property=\"og:site_name\" content=\"Kamil Y\u0131lmaz Otomotiv - Ford Cargo Yedek Par&ccedil;a\" \/>\n<meta property=\"article:publisher\" content=\"https:\/\/www.facebook.com\/fordtrucksparts\/\" \/>\n<meta name=\"twitter:card\" content=\"summary_large_image\" \/>\n<script type=\"application\/ld+json\" class=\"yoast-schema-graph\">{\"@context\":\"https:\/\/schema.org\",\"@graph\":[{\"@type\":\"WebPage\",\"@id\":\"https:\/\/fordcargoparca.com\/urunler\/ford-cargo-krank-mili-4142-fmax-gc46-6303-ak\/\",\"url\":\"https:\/\/fordcargoparca.com\/urunler\/ford-cargo-krank-mili-4142-fmax-gc46-6303-ak\/\",\"name\":\"FORD CARGO KRANK M\u0130L\u0130 4142-FMAX - GC46 6303 AK - Kamil Y\u0131lmaz Otomotiv - Ford Cargo Yedek Par&ccedil;a\",\"isPartOf\":{\"@id\":\"https:\/\/fordcargoparca.com\/#website\"},\"datePublished\":\"2023-07-16T14:25:18+00:00\",\"dateModified\":\"2023-07-16T14:25:18+00:00\",\"description\":\"\u00dcr\u00fcn Ad\u0131 : FORD CARGO KRANK M\u0130L\u0130 1842-1848-4142-FMAX \u00dcr\u00fcn Kodu : GC46 6303 AK OEM : GC46 6303 AK Barkod : FORD OTOSAN GC46 6303 AK Finnish : T421857 T409738\",\"breadcrumb\":{\"@id\":\"https:\/\/fordcargoparca.com\/urunler\/ford-cargo-krank-mili-4142-fmax-gc46-6303-ak\/#breadcrumb\"},\"inLanguage\":\"en-US\",\"potentialAction\":[{\"@type\":\"ReadAction\",\"target\":[\"https:\/\/fordcargoparca.com\/urunler\/ford-cargo-krank-mili-4142-fmax-gc46-6303-ak\/\"]}]},{\"@type\":\"BreadcrumbList\",\"@id\":\"https:\/\/fordcargoparca.com\/urunler\/ford-cargo-krank-mili-4142-fmax-gc46-6303-ak\/#breadcrumb\",\"itemListElement\":[{\"@type\":\"ListItem\",\"position\":1,\"name\":\"Anasayfa\",\"item\":\"https:\/\/fordcargoparca.com\/\"},{\"@type\":\"ListItem\",\"position\":2,\"name\":\"\u00dcr\u00fcnler\",\"item\":\"https:\/\/fordcargoparca.com\/urunler\/\"},{\"@type\":\"ListItem\",\"position\":3,\"name\":\"FORD CARGO KRANK M\u0130L\u0130 4142-FMAX &#8211; GC46 6303 AK\"}]},{\"@type\":\"WebSite\",\"@id\":\"https:\/\/fordcargoparca.com\/#website\",\"url\":\"https:\/\/fordcargoparca.com\/\",\"name\":\"Kamil Y\u0131lmaz Otomotiv - Ford Cargo Par\u00e7a\",\"description\":\"\",\"publisher\":{\"@id\":\"https:\/\/fordcargoparca.com\/#organization\"},\"potentialAction\":[{\"@type\":\"SearchAction\",\"target\":{\"@type\":\"EntryPoint\",\"urlTemplate\":\"https:\/\/fordcargoparca.com\/?s={search_term_string}\"},\"query-input\":\"required name=search_term_string\"}],\"inLanguage\":\"en-US\"},{\"@type\":\"Organization\",\"@id\":\"https:\/\/fordcargoparca.com\/#organization\",\"name\":\"Kamil Y\u0131lmaz Otomotiv - Ford Cargo Par\u00e7a\",\"url\":\"https:\/\/fordcargoparca.com\/\",\"logo\":{\"@type\":\"ImageObject\",\"inLanguage\":\"en-US\",\"@id\":\"https:\/\/fordcargoparca.com\/#\/schema\/logo\/image\/\",\"url\":\"https:\/\/fordcargoparca.com\/wp-content\/uploads\/2023\/07\/cropped-kamilyilmazlogo3.png\",\"contentUrl\":\"https:\/\/fordcargoparca.com\/wp-content\/uploads\/2023\/07\/cropped-kamilyilmazlogo3.png\",\"width\":1080,\"height\":720,\"caption\":\"Kamil Y\u0131lmaz Otomotiv - Ford Cargo Par\u00e7a\"},\"image\":{\"@id\":\"https:\/\/fordcargoparca.com\/#\/schema\/logo\/image\/\"},\"sameAs\":[\"https:\/\/www.facebook.com\/fordtrucksparts\/\",\"https:\/\/www.instagram.com\/kamilyilmazotomotiv\/\"]}]}<\/script>\n<!-- \/ Yoast SEO plugin. -->","yoast_head_json":{"title":"FORD CARGO KRANK M\u0130L\u0130 4142-FMAX - GC46 6303 AK - Kamil Y\u0131lmaz Otomotiv - Ford Cargo Yedek Par&ccedil;a","description":"\u00dcr\u00fcn Ad\u0131 : FORD CARGO KRANK M\u0130L\u0130 1842-1848-4142-FMAX \u00dcr\u00fcn Kodu : GC46 6303 AK OEM : GC46 6303 AK Barkod : FORD OTOSAN GC46 6303 AK Finnish : T421857 T409738","robots":{"index":"index","follow":"follow","max-snippet":"max-snippet:-1","max-image-preview":"max-image-preview:large","max-video-preview":"max-video-preview:-1"},"canonical":"https:\/\/fordcargoparca.com\/en\/urunler\/ford-cargo-crankshaft-4142-fmax-gc46-6303-ak\/","og_locale":"en_US","og_type":"article","og_title":"FORD CARGO KRANK M\u0130L\u0130 4142-FMAX - GC46 6303 AK - Kamil Y\u0131lmaz Otomotiv - Ford Cargo Yedek Par&ccedil;a","og_description":"\u00dcr\u00fcn Ad\u0131 : FORD CARGO KRANK M\u0130L\u0130 1842-1848-4142-FMAX \u00dcr\u00fcn Kodu : GC46 6303 AK OEM : GC46 6303 AK Barkod : FORD OTOSAN GC46 6303 AK Finnish : T421857 T409738","og_url":"https:\/\/fordcargoparca.com\/en\/urunler\/ford-cargo-crankshaft-4142-fmax-gc46-6303-ak\/","og_site_name":"Kamil Y\u0131lmaz Otomotiv - Ford Cargo Yedek Par&ccedil;a","article_publisher":"https:\/\/www.facebook.com\/fordtrucksparts\/","twitter_card":"summary_large_image","schema":{"@context":"https:\/\/schema.org","@graph":[{"@type":"WebPage","@id":"https:\/\/fordcargoparca.com\/urunler\/ford-cargo-krank-mili-4142-fmax-gc46-6303-ak\/","url":"https:\/\/fordcargoparca.com\/urunler\/ford-cargo-krank-mili-4142-fmax-gc46-6303-ak\/","name":"FORD CARGO KRANK M\u0130L\u0130 4142-FMAX - GC46 6303 AK - Kamil Y\u0131lmaz Otomotiv - Ford Cargo Yedek Par&ccedil;a","isPartOf":{"@id":"https:\/\/fordcargoparca.com\/#website"},"datePublished":"2023-07-16T14:25:18+00:00","dateModified":"2023-07-16T14:25:18+00:00","description":"\u00dcr\u00fcn Ad\u0131 : FORD CARGO KRANK M\u0130L\u0130 1842-1848-4142-FMAX \u00dcr\u00fcn Kodu : GC46 6303 AK OEM : GC46 6303 AK Barkod : FORD OTOSAN GC46 6303 AK Finnish : T421857 T409738","breadcrumb":{"@id":"https:\/\/fordcargoparca.com\/urunler\/ford-cargo-krank-mili-4142-fmax-gc46-6303-ak\/#breadcrumb"},"inLanguage":"en-US","potentialAction":[{"@type":"ReadAction","target":["https:\/\/fordcargoparca.com\/urunler\/ford-cargo-krank-mili-4142-fmax-gc46-6303-ak\/"]}]},{"@type":"BreadcrumbList","@id":"https:\/\/fordcargoparca.com\/urunler\/ford-cargo-krank-mili-4142-fmax-gc46-6303-ak\/#breadcrumb","itemListElement":[{"@type":"ListItem","position":1,"name":"Anasayfa","item":"https:\/\/fordcargoparca.com\/"},{"@type":"ListItem","position":2,"name":"\u00dcr\u00fcnler","item":"https:\/\/fordcargoparca.com\/urunler\/"},{"@type":"ListItem","position":3,"name":"FORD CARGO KRANK M\u0130L\u0130 4142-FMAX &#8211; GC46 6303 AK"}]},{"@type":"WebSite","@id":"https:\/\/fordcargoparca.com\/#website","url":"https:\/\/fordcargoparca.com\/","name":"Kamil Y\u0131lmaz Otomotiv - Ford Cargo Par\u00e7a","description":"","publisher":{"@id":"https:\/\/fordcargoparca.com\/#organization"},"potentialAction":[{"@type":"SearchAction","target":{"@type":"EntryPoint","urlTemplate":"https:\/\/fordcargoparca.com\/?s={search_term_string}"},"query-input":"required name=search_term_string"}],"inLanguage":"en-US"},{"@type":"Organization","@id":"https:\/\/fordcargoparca.com\/#organization","name":"Kamil Y\u0131lmaz Otomotiv - Ford Cargo Par\u00e7a","url":"https:\/\/fordcargoparca.com\/","logo":{"@type":"ImageObject","inLanguage":"en-US","@id":"https:\/\/fordcargoparca.com\/#\/schema\/logo\/image\/","url":"https:\/\/fordcargoparca.com\/wp-content\/uploads\/2023\/07\/cropped-kamilyilmazlogo3.png","contentUrl":"https:\/\/fordcargoparca.com\/wp-content\/uploads\/2023\/07\/cropped-kamilyilmazlogo3.png","width":1080,"height":720,"caption":"Kamil Y\u0131lmaz Otomotiv - Ford Cargo Par\u00e7a"},"image":{"@id":"https:\/\/fordcargoparca.com\/#\/schema\/logo\/image\/"},"sameAs":["https:\/\/www.facebook.com\/fordtrucksparts\/","https:\/\/www.instagram.com\/kamilyilmazotomotiv\/"]}]}},"_links":{"self":[{"href":"https:\/\/fordcargoparca.com\/en\/wp-json\/wp\/v2\/product\/4902"}],"collection":[{"href":"https:\/\/fordcargoparca.com\/en\/wp-json\/wp\/v2\/product"}],"about":[{"href":"https:\/\/fordcargoparca.com\/en\/wp-json\/wp\/v2\/types\/product"}],"version-history":[{"count":1,"href":"https:\/\/fordcargoparca.com\/en\/wp-json\/wp\/v2\/product\/4902\/revisions"}],"predecessor-version":[{"id":4905,"href":"https:\/\/fordcargoparca.com\/en\/wp-json\/wp\/v2\/product\/4902\/revisions\/4905"}],"wp:attachment":[{"href":"https:\/\/fordcargoparca.com\/en\/wp-json\/wp\/v2\/media?parent=4902"}],"wp:term":[{"taxonomy":"product_cat","embeddable":true,"href":"https:\/\/fordcargoparca.com\/en\/wp-json\/wp\/v2\/product_cat?post=4902"},{"taxonomy":"product_tag","embeddable":true,"href":"https:\/\/fordcargoparca.com\/en\/wp-json\/wp\/v2\/product_tag?post=4902"}],"curies":[{"name":"wp","href":"https:\/\/api.w.org\/{rel}","templated":true}]}}