{"id":4945,"date":"2023-07-16T17:55:21","date_gmt":"2023-07-16T14:55:21","guid":{"rendered":"https:\/\/fordcargoparca.com\/?post_type=product&#038;p=4945"},"modified":"2023-07-28T19:48:13","modified_gmt":"2023-07-28T16:48:13","slug":"ford-f-max-yan-basamak-alt-sol-jc46-e20041-af57mc","status":"publish","type":"product","link":"https:\/\/fordcargoparca.com\/en\/urunler\/ford-f-max-side-step-lower-left-jc46-e20041-af57mc\/","title":{"rendered":"FORD F-MAX SIDE STEP LOWER LEFT \u2013 JC46 E20041 AF57MC"},"content":{"rendered":"<p>Product Name : FORD F-MAX SIDE STEP BOTTOM LEFT<br \/>\nProduct Code : JC46 E20041 AF57MC<br \/>\nOEM : JC46E20041AF57MC<br \/>\nBarcode : FORD OTOSAN JC46 E20041 AF57MC<br \/>\nFinnish : T418850<\/p>","protected":false},"excerpt":{"rendered":"<p>Product Name : FORD F-MAX SIDE STEP BOTTOM LEFT<br \/>\nProduct Code : JC46 E20041 AF57MC<br \/>\nOEM : JC46E20041AF57MC<br \/>\nBarcode : FORD OTOSAN JC46 E20041 AF57MC<br \/>\nFinnish : T418850<\/p>","protected":false},"featured_media":5463,"template":"","meta":[],"product_cat":[122],"product_tag":[400],"class_list":{"0":"post-4945","1":"product","2":"type-product","3":"status-publish","4":"has-post-thumbnail","6":"product_cat-kaporta","7":"product_tag-ford-f-max-yan-basamak-alt-sol-jc46-e20041-af57mc","8":"badges-style-3","10":"first","11":"instock","12":"shipping-taxable","13":"product-type-simple"},"yoast_head":"<!-- This site is optimized with the Yoast SEO plugin v23.0 - https:\/\/yoast.com\/wordpress\/plugins\/seo\/ -->\n<title>FORD F-MAX YAN BASAMAK ALT SOL - JC46 E20041 AF57MC - Kamil Y\u0131lmaz Otomotiv - Ford Cargo Yedek Par&ccedil;a<\/title>\n<meta name=\"description\" content=\"\u00dcr\u00fcn Ad\u0131 : FORD F-MAX YAN BASAMAK ALT SOL \u00dcr\u00fcn Kodu : JC46 E20041 AF57MC OEM : JC46E20041AF57MC Barkod : FORD OTOSAN JC46 E20041 AF57MC Finnish : T418850\" \/>\n<meta name=\"robots\" content=\"index, follow, max-snippet:-1, max-image-preview:large, max-video-preview:-1\" \/>\n<link rel=\"canonical\" href=\"https:\/\/fordcargoparca.com\/en\/urunler\/ford-f-max-side-step-lower-left-jc46-e20041-af57mc\/\" \/>\n<meta property=\"og:locale\" content=\"en_US\" \/>\n<meta property=\"og:type\" content=\"article\" \/>\n<meta property=\"og:title\" content=\"FORD F-MAX YAN BASAMAK ALT SOL - JC46 E20041 AF57MC - Kamil Y\u0131lmaz Otomotiv - Ford Cargo Yedek Par&ccedil;a\" \/>\n<meta property=\"og:description\" content=\"\u00dcr\u00fcn Ad\u0131 : FORD F-MAX YAN BASAMAK ALT SOL \u00dcr\u00fcn Kodu : JC46 E20041 AF57MC OEM : JC46E20041AF57MC Barkod : FORD OTOSAN JC46 E20041 AF57MC Finnish : T418850\" \/>\n<meta property=\"og:url\" content=\"https:\/\/fordcargoparca.com\/en\/urunler\/ford-f-max-side-step-lower-left-jc46-e20041-af57mc\/\" \/>\n<meta property=\"og:site_name\" content=\"Kamil Y\u0131lmaz Otomotiv - Ford Cargo Yedek Par&ccedil;a\" \/>\n<meta property=\"article:publisher\" content=\"https:\/\/www.facebook.com\/fordtrucksparts\/\" \/>\n<meta property=\"article:modified_time\" content=\"2023-07-28T16:48:13+00:00\" \/>\n<meta property=\"og:image\" content=\"https:\/\/fordcargoparca.com\/wp-content\/uploads\/2023\/07\/Resim2.jpg\" \/>\n\t<meta property=\"og:image:width\" content=\"767\" \/>\n\t<meta property=\"og:image:height\" content=\"452\" \/>\n\t<meta property=\"og:image:type\" content=\"image\/jpeg\" \/>\n<meta name=\"twitter:card\" content=\"summary_large_image\" \/>\n<meta name=\"twitter:label1\" content=\"Est. reading time\" \/>\n\t<meta name=\"twitter:data1\" content=\"1 minute\" \/>\n<script type=\"application\/ld+json\" class=\"yoast-schema-graph\">{\"@context\":\"https:\/\/schema.org\",\"@graph\":[{\"@type\":\"WebPage\",\"@id\":\"https:\/\/fordcargoparca.com\/urunler\/ford-f-max-yan-basamak-alt-sol-jc46-e20041-af57mc\/\",\"url\":\"https:\/\/fordcargoparca.com\/urunler\/ford-f-max-yan-basamak-alt-sol-jc46-e20041-af57mc\/\",\"name\":\"FORD F-MAX YAN BASAMAK ALT SOL - JC46 E20041 AF57MC - Kamil Y\u0131lmaz Otomotiv - Ford Cargo Yedek Par&ccedil;a\",\"isPartOf\":{\"@id\":\"https:\/\/fordcargoparca.com\/#website\"},\"primaryImageOfPage\":{\"@id\":\"https:\/\/fordcargoparca.com\/urunler\/ford-f-max-yan-basamak-alt-sol-jc46-e20041-af57mc\/#primaryimage\"},\"image\":{\"@id\":\"https:\/\/fordcargoparca.com\/urunler\/ford-f-max-yan-basamak-alt-sol-jc46-e20041-af57mc\/#primaryimage\"},\"thumbnailUrl\":\"https:\/\/fordcargoparca.com\/wp-content\/uploads\/2023\/07\/Resim2.jpg\",\"datePublished\":\"2023-07-16T14:55:21+00:00\",\"dateModified\":\"2023-07-28T16:48:13+00:00\",\"description\":\"\u00dcr\u00fcn Ad\u0131 : FORD F-MAX YAN BASAMAK ALT SOL \u00dcr\u00fcn Kodu : JC46 E20041 AF57MC OEM : JC46E20041AF57MC Barkod : FORD OTOSAN JC46 E20041 AF57MC Finnish : T418850\",\"breadcrumb\":{\"@id\":\"https:\/\/fordcargoparca.com\/urunler\/ford-f-max-yan-basamak-alt-sol-jc46-e20041-af57mc\/#breadcrumb\"},\"inLanguage\":\"en-US\",\"potentialAction\":[{\"@type\":\"ReadAction\",\"target\":[\"https:\/\/fordcargoparca.com\/urunler\/ford-f-max-yan-basamak-alt-sol-jc46-e20041-af57mc\/\"]}]},{\"@type\":\"ImageObject\",\"inLanguage\":\"en-US\",\"@id\":\"https:\/\/fordcargoparca.com\/urunler\/ford-f-max-yan-basamak-alt-sol-jc46-e20041-af57mc\/#primaryimage\",\"url\":\"https:\/\/fordcargoparca.com\/wp-content\/uploads\/2023\/07\/Resim2.jpg\",\"contentUrl\":\"https:\/\/fordcargoparca.com\/wp-content\/uploads\/2023\/07\/Resim2.jpg\",\"width\":767,\"height\":452},{\"@type\":\"BreadcrumbList\",\"@id\":\"https:\/\/fordcargoparca.com\/urunler\/ford-f-max-yan-basamak-alt-sol-jc46-e20041-af57mc\/#breadcrumb\",\"itemListElement\":[{\"@type\":\"ListItem\",\"position\":1,\"name\":\"Anasayfa\",\"item\":\"https:\/\/fordcargoparca.com\/\"},{\"@type\":\"ListItem\",\"position\":2,\"name\":\"\u00dcr\u00fcnler\",\"item\":\"https:\/\/fordcargoparca.com\/urunler\/\"},{\"@type\":\"ListItem\",\"position\":3,\"name\":\"FORD F-MAX YAN BASAMAK ALT SOL &#8211; JC46 E20041 AF57MC\"}]},{\"@type\":\"WebSite\",\"@id\":\"https:\/\/fordcargoparca.com\/#website\",\"url\":\"https:\/\/fordcargoparca.com\/\",\"name\":\"Kamil Y\u0131lmaz Otomotiv - Ford Cargo Par\u00e7a\",\"description\":\"\",\"publisher\":{\"@id\":\"https:\/\/fordcargoparca.com\/#organization\"},\"potentialAction\":[{\"@type\":\"SearchAction\",\"target\":{\"@type\":\"EntryPoint\",\"urlTemplate\":\"https:\/\/fordcargoparca.com\/?s={search_term_string}\"},\"query-input\":\"required name=search_term_string\"}],\"inLanguage\":\"en-US\"},{\"@type\":\"Organization\",\"@id\":\"https:\/\/fordcargoparca.com\/#organization\",\"name\":\"Kamil Y\u0131lmaz Otomotiv - Ford Cargo Par\u00e7a\",\"url\":\"https:\/\/fordcargoparca.com\/\",\"logo\":{\"@type\":\"ImageObject\",\"inLanguage\":\"en-US\",\"@id\":\"https:\/\/fordcargoparca.com\/#\/schema\/logo\/image\/\",\"url\":\"https:\/\/fordcargoparca.com\/wp-content\/uploads\/2023\/07\/cropped-kamilyilmazlogo3.png\",\"contentUrl\":\"https:\/\/fordcargoparca.com\/wp-content\/uploads\/2023\/07\/cropped-kamilyilmazlogo3.png\",\"width\":1080,\"height\":720,\"caption\":\"Kamil Y\u0131lmaz Otomotiv - Ford Cargo Par\u00e7a\"},\"image\":{\"@id\":\"https:\/\/fordcargoparca.com\/#\/schema\/logo\/image\/\"},\"sameAs\":[\"https:\/\/www.facebook.com\/fordtrucksparts\/\",\"https:\/\/www.instagram.com\/kamilyilmazotomotiv\/\"]}]}<\/script>\n<!-- \/ Yoast SEO plugin. -->","yoast_head_json":{"title":"FORD F-MAX YAN BASAMAK ALT SOL - JC46 E20041 AF57MC - Kamil Y\u0131lmaz Otomotiv - Ford Cargo Yedek Par&ccedil;a","description":"\u00dcr\u00fcn Ad\u0131 : FORD F-MAX YAN BASAMAK ALT SOL \u00dcr\u00fcn Kodu : JC46 E20041 AF57MC OEM : JC46E20041AF57MC Barkod : FORD OTOSAN JC46 E20041 AF57MC Finnish : T418850","robots":{"index":"index","follow":"follow","max-snippet":"max-snippet:-1","max-image-preview":"max-image-preview:large","max-video-preview":"max-video-preview:-1"},"canonical":"https:\/\/fordcargoparca.com\/en\/urunler\/ford-f-max-side-step-lower-left-jc46-e20041-af57mc\/","og_locale":"en_US","og_type":"article","og_title":"FORD F-MAX YAN BASAMAK ALT SOL - JC46 E20041 AF57MC - Kamil Y\u0131lmaz Otomotiv - Ford Cargo Yedek Par&ccedil;a","og_description":"\u00dcr\u00fcn Ad\u0131 : FORD F-MAX YAN BASAMAK ALT SOL \u00dcr\u00fcn Kodu : JC46 E20041 AF57MC OEM : JC46E20041AF57MC Barkod : FORD OTOSAN JC46 E20041 AF57MC Finnish : T418850","og_url":"https:\/\/fordcargoparca.com\/en\/urunler\/ford-f-max-side-step-lower-left-jc46-e20041-af57mc\/","og_site_name":"Kamil Y\u0131lmaz Otomotiv - Ford Cargo Yedek Par&ccedil;a","article_publisher":"https:\/\/www.facebook.com\/fordtrucksparts\/","article_modified_time":"2023-07-28T16:48:13+00:00","og_image":[{"width":767,"height":452,"url":"https:\/\/fordcargoparca.com\/wp-content\/uploads\/2023\/07\/Resim2.jpg","type":"image\/jpeg"}],"twitter_card":"summary_large_image","twitter_misc":{"Est. reading time":"1 minute"},"schema":{"@context":"https:\/\/schema.org","@graph":[{"@type":"WebPage","@id":"https:\/\/fordcargoparca.com\/urunler\/ford-f-max-yan-basamak-alt-sol-jc46-e20041-af57mc\/","url":"https:\/\/fordcargoparca.com\/urunler\/ford-f-max-yan-basamak-alt-sol-jc46-e20041-af57mc\/","name":"FORD F-MAX YAN BASAMAK ALT SOL - JC46 E20041 AF57MC - Kamil Y\u0131lmaz Otomotiv - Ford Cargo Yedek Par&ccedil;a","isPartOf":{"@id":"https:\/\/fordcargoparca.com\/#website"},"primaryImageOfPage":{"@id":"https:\/\/fordcargoparca.com\/urunler\/ford-f-max-yan-basamak-alt-sol-jc46-e20041-af57mc\/#primaryimage"},"image":{"@id":"https:\/\/fordcargoparca.com\/urunler\/ford-f-max-yan-basamak-alt-sol-jc46-e20041-af57mc\/#primaryimage"},"thumbnailUrl":"https:\/\/fordcargoparca.com\/wp-content\/uploads\/2023\/07\/Resim2.jpg","datePublished":"2023-07-16T14:55:21+00:00","dateModified":"2023-07-28T16:48:13+00:00","description":"\u00dcr\u00fcn Ad\u0131 : FORD F-MAX YAN BASAMAK ALT SOL \u00dcr\u00fcn Kodu : JC46 E20041 AF57MC OEM : JC46E20041AF57MC Barkod : FORD OTOSAN JC46 E20041 AF57MC Finnish : T418850","breadcrumb":{"@id":"https:\/\/fordcargoparca.com\/urunler\/ford-f-max-yan-basamak-alt-sol-jc46-e20041-af57mc\/#breadcrumb"},"inLanguage":"en-US","potentialAction":[{"@type":"ReadAction","target":["https:\/\/fordcargoparca.com\/urunler\/ford-f-max-yan-basamak-alt-sol-jc46-e20041-af57mc\/"]}]},{"@type":"ImageObject","inLanguage":"en-US","@id":"https:\/\/fordcargoparca.com\/urunler\/ford-f-max-yan-basamak-alt-sol-jc46-e20041-af57mc\/#primaryimage","url":"https:\/\/fordcargoparca.com\/wp-content\/uploads\/2023\/07\/Resim2.jpg","contentUrl":"https:\/\/fordcargoparca.com\/wp-content\/uploads\/2023\/07\/Resim2.jpg","width":767,"height":452},{"@type":"BreadcrumbList","@id":"https:\/\/fordcargoparca.com\/urunler\/ford-f-max-yan-basamak-alt-sol-jc46-e20041-af57mc\/#breadcrumb","itemListElement":[{"@type":"ListItem","position":1,"name":"Anasayfa","item":"https:\/\/fordcargoparca.com\/"},{"@type":"ListItem","position":2,"name":"\u00dcr\u00fcnler","item":"https:\/\/fordcargoparca.com\/urunler\/"},{"@type":"ListItem","position":3,"name":"FORD F-MAX YAN BASAMAK ALT SOL &#8211; JC46 E20041 AF57MC"}]},{"@type":"WebSite","@id":"https:\/\/fordcargoparca.com\/#website","url":"https:\/\/fordcargoparca.com\/","name":"Kamil Y\u0131lmaz Otomotiv - Ford Cargo Par\u00e7a","description":"","publisher":{"@id":"https:\/\/fordcargoparca.com\/#organization"},"potentialAction":[{"@type":"SearchAction","target":{"@type":"EntryPoint","urlTemplate":"https:\/\/fordcargoparca.com\/?s={search_term_string}"},"query-input":"required name=search_term_string"}],"inLanguage":"en-US"},{"@type":"Organization","@id":"https:\/\/fordcargoparca.com\/#organization","name":"Kamil Y\u0131lmaz Otomotiv - Ford Cargo Par\u00e7a","url":"https:\/\/fordcargoparca.com\/","logo":{"@type":"ImageObject","inLanguage":"en-US","@id":"https:\/\/fordcargoparca.com\/#\/schema\/logo\/image\/","url":"https:\/\/fordcargoparca.com\/wp-content\/uploads\/2023\/07\/cropped-kamilyilmazlogo3.png","contentUrl":"https:\/\/fordcargoparca.com\/wp-content\/uploads\/2023\/07\/cropped-kamilyilmazlogo3.png","width":1080,"height":720,"caption":"Kamil Y\u0131lmaz Otomotiv - Ford Cargo Par\u00e7a"},"image":{"@id":"https:\/\/fordcargoparca.com\/#\/schema\/logo\/image\/"},"sameAs":["https:\/\/www.facebook.com\/fordtrucksparts\/","https:\/\/www.instagram.com\/kamilyilmazotomotiv\/"]}]}},"_links":{"self":[{"href":"https:\/\/fordcargoparca.com\/en\/wp-json\/wp\/v2\/product\/4945"}],"collection":[{"href":"https:\/\/fordcargoparca.com\/en\/wp-json\/wp\/v2\/product"}],"about":[{"href":"https:\/\/fordcargoparca.com\/en\/wp-json\/wp\/v2\/types\/product"}],"version-history":[{"count":1,"href":"https:\/\/fordcargoparca.com\/en\/wp-json\/wp\/v2\/product\/4945\/revisions"}],"predecessor-version":[{"id":4946,"href":"https:\/\/fordcargoparca.com\/en\/wp-json\/wp\/v2\/product\/4945\/revisions\/4946"}],"wp:featuredmedia":[{"embeddable":true,"href":"https:\/\/fordcargoparca.com\/en\/wp-json\/wp\/v2\/media\/5463"}],"wp:attachment":[{"href":"https:\/\/fordcargoparca.com\/en\/wp-json\/wp\/v2\/media?parent=4945"}],"wp:term":[{"taxonomy":"product_cat","embeddable":true,"href":"https:\/\/fordcargoparca.com\/en\/wp-json\/wp\/v2\/product_cat?post=4945"},{"taxonomy":"product_tag","embeddable":true,"href":"https:\/\/fordcargoparca.com\/en\/wp-json\/wp\/v2\/product_tag?post=4945"}],"curies":[{"name":"wp","href":"https:\/\/api.w.org\/{rel}","templated":true}]}}