{"id":5007,"date":"2023-07-16T22:48:42","date_gmt":"2023-07-16T19:48:42","guid":{"rendered":"https:\/\/fordcargoparca.com\/?post_type=product&#038;p=5007"},"modified":"2023-07-16T22:50:47","modified_gmt":"2023-07-16T19:50:47","slug":"ford-cargo-far-baglanti-tesisati-sag-1846-dc46-13n052-cc","status":"publish","type":"product","link":"https:\/\/fordcargoparca.com\/en\/urunler\/ford-cargo-headlight-connection-installation-sag-1846-dc46-13n052-cc\/","title":{"rendered":"FORD CARGO HEADLIGHT CONNECTION INSTALLATION RIGHT 1846 \u2013 DC46 13N052 CC"},"content":{"rendered":"<p>Product Name : FORD CARGO HEADLIGHT CONNECTION INSTALLATION RIGHT 1846<br \/>\nProduct Code : DC46 13N052 CC<br \/>\nOEM : DC4613N052CC<br \/>\nBarcode : FORD OTOSAN DC46 13N052 CC<br \/>\nFinnish : T213443<\/p>","protected":false},"excerpt":{"rendered":"<p>Product Name : FORD CARGO HEADLIGHT CONNECTION INSTALLATION RIGHT 1846<br \/>\nProduct Code : DC46 13N052 CC<br \/>\nOEM : DC4613N052CC<br \/>\nBarcode : FORD OTOSAN DC46 13N052 CC<br \/>\nFinnish : T213443<\/p>","protected":false},"featured_media":0,"template":"","meta":[],"product_cat":[124],"product_tag":[431],"class_list":{"0":"post-5007","1":"product","2":"type-product","3":"status-publish","5":"product_cat-elektrik","6":"product_tag-ford-cargo-far-baglanti-tesisati-sag-1846-dc46-13n052-cc","7":"badges-style-3","9":"first","10":"instock","11":"shipping-taxable","12":"product-type-simple"},"yoast_head":"<!-- This site is optimized with the Yoast SEO plugin v23.0 - https:\/\/yoast.com\/wordpress\/plugins\/seo\/ -->\n<title>FORD CARGO FAR BA\u011eLANTI TES\u0130SATI SA\u011e 1846 - DC46 13N052 CC - Kamil Y\u0131lmaz Otomotiv - Ford Cargo Yedek Par&ccedil;a<\/title>\n<meta name=\"description\" content=\"\u00dcr\u00fcn Ad\u0131 : FORD CARGO FAR BA\u011eLANTI TES\u0130SATI SA\u011e 1846 \u00dcr\u00fcn Kodu : DC46 13N052 CC OEM : DC4613N052CC Barkod : FORD OTOSAN DC46 13N052 CC Finnish : T213443\" \/>\n<meta name=\"robots\" content=\"index, follow, max-snippet:-1, max-image-preview:large, max-video-preview:-1\" \/>\n<link rel=\"canonical\" href=\"https:\/\/fordcargoparca.com\/en\/urunler\/ford-cargo-headlight-connection-installation-sag-1846-dc46-13n052-cc\/\" \/>\n<meta property=\"og:locale\" content=\"en_US\" \/>\n<meta property=\"og:type\" content=\"article\" \/>\n<meta property=\"og:title\" content=\"FORD CARGO FAR BA\u011eLANTI TES\u0130SATI SA\u011e 1846 - DC46 13N052 CC - Kamil Y\u0131lmaz Otomotiv - Ford Cargo Yedek Par&ccedil;a\" \/>\n<meta property=\"og:description\" content=\"\u00dcr\u00fcn Ad\u0131 : FORD CARGO FAR BA\u011eLANTI TES\u0130SATI SA\u011e 1846 \u00dcr\u00fcn Kodu : DC46 13N052 CC OEM : DC4613N052CC Barkod : FORD OTOSAN DC46 13N052 CC Finnish : T213443\" \/>\n<meta property=\"og:url\" content=\"https:\/\/fordcargoparca.com\/en\/urunler\/ford-cargo-headlight-connection-installation-sag-1846-dc46-13n052-cc\/\" \/>\n<meta property=\"og:site_name\" content=\"Kamil Y\u0131lmaz Otomotiv - Ford Cargo Yedek Par&ccedil;a\" \/>\n<meta property=\"article:publisher\" content=\"https:\/\/www.facebook.com\/fordtrucksparts\/\" \/>\n<meta property=\"article:modified_time\" content=\"2023-07-16T19:50:47+00:00\" \/>\n<meta name=\"twitter:card\" content=\"summary_large_image\" \/>\n<meta name=\"twitter:label1\" content=\"Est. reading time\" \/>\n\t<meta name=\"twitter:data1\" content=\"1 minute\" \/>\n<script type=\"application\/ld+json\" class=\"yoast-schema-graph\">{\"@context\":\"https:\/\/schema.org\",\"@graph\":[{\"@type\":\"WebPage\",\"@id\":\"https:\/\/fordcargoparca.com\/urunler\/ford-cargo-far-baglanti-tesisati-sag-1846-dc46-13n052-cc\/\",\"url\":\"https:\/\/fordcargoparca.com\/urunler\/ford-cargo-far-baglanti-tesisati-sag-1846-dc46-13n052-cc\/\",\"name\":\"FORD CARGO FAR BA\u011eLANTI TES\u0130SATI SA\u011e 1846 - DC46 13N052 CC - Kamil Y\u0131lmaz Otomotiv - Ford Cargo Yedek Par&ccedil;a\",\"isPartOf\":{\"@id\":\"https:\/\/fordcargoparca.com\/#website\"},\"datePublished\":\"2023-07-16T19:48:42+00:00\",\"dateModified\":\"2023-07-16T19:50:47+00:00\",\"description\":\"\u00dcr\u00fcn Ad\u0131 : FORD CARGO FAR BA\u011eLANTI TES\u0130SATI SA\u011e 1846 \u00dcr\u00fcn Kodu : DC46 13N052 CC OEM : DC4613N052CC Barkod : FORD OTOSAN DC46 13N052 CC Finnish : T213443\",\"breadcrumb\":{\"@id\":\"https:\/\/fordcargoparca.com\/urunler\/ford-cargo-far-baglanti-tesisati-sag-1846-dc46-13n052-cc\/#breadcrumb\"},\"inLanguage\":\"en-US\",\"potentialAction\":[{\"@type\":\"ReadAction\",\"target\":[\"https:\/\/fordcargoparca.com\/urunler\/ford-cargo-far-baglanti-tesisati-sag-1846-dc46-13n052-cc\/\"]}]},{\"@type\":\"BreadcrumbList\",\"@id\":\"https:\/\/fordcargoparca.com\/urunler\/ford-cargo-far-baglanti-tesisati-sag-1846-dc46-13n052-cc\/#breadcrumb\",\"itemListElement\":[{\"@type\":\"ListItem\",\"position\":1,\"name\":\"Anasayfa\",\"item\":\"https:\/\/fordcargoparca.com\/\"},{\"@type\":\"ListItem\",\"position\":2,\"name\":\"\u00dcr\u00fcnler\",\"item\":\"https:\/\/fordcargoparca.com\/urunler\/\"},{\"@type\":\"ListItem\",\"position\":3,\"name\":\"FORD CARGO FAR BA\u011eLANTI TES\u0130SATI SA\u011e 1846 &#8211; DC46 13N052 CC\"}]},{\"@type\":\"WebSite\",\"@id\":\"https:\/\/fordcargoparca.com\/#website\",\"url\":\"https:\/\/fordcargoparca.com\/\",\"name\":\"Kamil Y\u0131lmaz Otomotiv - Ford Cargo Par\u00e7a\",\"description\":\"\",\"publisher\":{\"@id\":\"https:\/\/fordcargoparca.com\/#organization\"},\"potentialAction\":[{\"@type\":\"SearchAction\",\"target\":{\"@type\":\"EntryPoint\",\"urlTemplate\":\"https:\/\/fordcargoparca.com\/?s={search_term_string}\"},\"query-input\":\"required name=search_term_string\"}],\"inLanguage\":\"en-US\"},{\"@type\":\"Organization\",\"@id\":\"https:\/\/fordcargoparca.com\/#organization\",\"name\":\"Kamil Y\u0131lmaz Otomotiv - Ford Cargo Par\u00e7a\",\"url\":\"https:\/\/fordcargoparca.com\/\",\"logo\":{\"@type\":\"ImageObject\",\"inLanguage\":\"en-US\",\"@id\":\"https:\/\/fordcargoparca.com\/#\/schema\/logo\/image\/\",\"url\":\"https:\/\/fordcargoparca.com\/wp-content\/uploads\/2023\/07\/cropped-kamilyilmazlogo3.png\",\"contentUrl\":\"https:\/\/fordcargoparca.com\/wp-content\/uploads\/2023\/07\/cropped-kamilyilmazlogo3.png\",\"width\":1080,\"height\":720,\"caption\":\"Kamil Y\u0131lmaz Otomotiv - Ford Cargo Par\u00e7a\"},\"image\":{\"@id\":\"https:\/\/fordcargoparca.com\/#\/schema\/logo\/image\/\"},\"sameAs\":[\"https:\/\/www.facebook.com\/fordtrucksparts\/\",\"https:\/\/www.instagram.com\/kamilyilmazotomotiv\/\"]}]}<\/script>\n<!-- \/ Yoast SEO plugin. -->","yoast_head_json":{"title":"FORD CARGO FAR BA\u011eLANTI TES\u0130SATI SA\u011e 1846 - DC46 13N052 CC - Kamil Y\u0131lmaz Otomotiv - Ford Cargo Yedek Par&ccedil;a","description":"\u00dcr\u00fcn Ad\u0131 : FORD CARGO FAR BA\u011eLANTI TES\u0130SATI SA\u011e 1846 \u00dcr\u00fcn Kodu : DC46 13N052 CC OEM : DC4613N052CC Barkod : FORD OTOSAN DC46 13N052 CC Finnish : T213443","robots":{"index":"index","follow":"follow","max-snippet":"max-snippet:-1","max-image-preview":"max-image-preview:large","max-video-preview":"max-video-preview:-1"},"canonical":"https:\/\/fordcargoparca.com\/en\/urunler\/ford-cargo-headlight-connection-installation-sag-1846-dc46-13n052-cc\/","og_locale":"en_US","og_type":"article","og_title":"FORD CARGO FAR BA\u011eLANTI TES\u0130SATI SA\u011e 1846 - DC46 13N052 CC - Kamil Y\u0131lmaz Otomotiv - Ford Cargo Yedek Par&ccedil;a","og_description":"\u00dcr\u00fcn Ad\u0131 : FORD CARGO FAR BA\u011eLANTI TES\u0130SATI SA\u011e 1846 \u00dcr\u00fcn Kodu : DC46 13N052 CC OEM : DC4613N052CC Barkod : FORD OTOSAN DC46 13N052 CC Finnish : T213443","og_url":"https:\/\/fordcargoparca.com\/en\/urunler\/ford-cargo-headlight-connection-installation-sag-1846-dc46-13n052-cc\/","og_site_name":"Kamil Y\u0131lmaz Otomotiv - Ford Cargo Yedek Par&ccedil;a","article_publisher":"https:\/\/www.facebook.com\/fordtrucksparts\/","article_modified_time":"2023-07-16T19:50:47+00:00","twitter_card":"summary_large_image","twitter_misc":{"Est. reading time":"1 minute"},"schema":{"@context":"https:\/\/schema.org","@graph":[{"@type":"WebPage","@id":"https:\/\/fordcargoparca.com\/urunler\/ford-cargo-far-baglanti-tesisati-sag-1846-dc46-13n052-cc\/","url":"https:\/\/fordcargoparca.com\/urunler\/ford-cargo-far-baglanti-tesisati-sag-1846-dc46-13n052-cc\/","name":"FORD CARGO FAR BA\u011eLANTI TES\u0130SATI SA\u011e 1846 - DC46 13N052 CC - Kamil Y\u0131lmaz Otomotiv - Ford Cargo Yedek Par&ccedil;a","isPartOf":{"@id":"https:\/\/fordcargoparca.com\/#website"},"datePublished":"2023-07-16T19:48:42+00:00","dateModified":"2023-07-16T19:50:47+00:00","description":"\u00dcr\u00fcn Ad\u0131 : FORD CARGO FAR BA\u011eLANTI TES\u0130SATI SA\u011e 1846 \u00dcr\u00fcn Kodu : DC46 13N052 CC OEM : DC4613N052CC Barkod : FORD OTOSAN DC46 13N052 CC Finnish : T213443","breadcrumb":{"@id":"https:\/\/fordcargoparca.com\/urunler\/ford-cargo-far-baglanti-tesisati-sag-1846-dc46-13n052-cc\/#breadcrumb"},"inLanguage":"en-US","potentialAction":[{"@type":"ReadAction","target":["https:\/\/fordcargoparca.com\/urunler\/ford-cargo-far-baglanti-tesisati-sag-1846-dc46-13n052-cc\/"]}]},{"@type":"BreadcrumbList","@id":"https:\/\/fordcargoparca.com\/urunler\/ford-cargo-far-baglanti-tesisati-sag-1846-dc46-13n052-cc\/#breadcrumb","itemListElement":[{"@type":"ListItem","position":1,"name":"Anasayfa","item":"https:\/\/fordcargoparca.com\/"},{"@type":"ListItem","position":2,"name":"\u00dcr\u00fcnler","item":"https:\/\/fordcargoparca.com\/urunler\/"},{"@type":"ListItem","position":3,"name":"FORD CARGO FAR BA\u011eLANTI TES\u0130SATI SA\u011e 1846 &#8211; DC46 13N052 CC"}]},{"@type":"WebSite","@id":"https:\/\/fordcargoparca.com\/#website","url":"https:\/\/fordcargoparca.com\/","name":"Kamil Y\u0131lmaz Otomotiv - Ford Cargo Par\u00e7a","description":"","publisher":{"@id":"https:\/\/fordcargoparca.com\/#organization"},"potentialAction":[{"@type":"SearchAction","target":{"@type":"EntryPoint","urlTemplate":"https:\/\/fordcargoparca.com\/?s={search_term_string}"},"query-input":"required name=search_term_string"}],"inLanguage":"en-US"},{"@type":"Organization","@id":"https:\/\/fordcargoparca.com\/#organization","name":"Kamil Y\u0131lmaz Otomotiv - Ford Cargo Par\u00e7a","url":"https:\/\/fordcargoparca.com\/","logo":{"@type":"ImageObject","inLanguage":"en-US","@id":"https:\/\/fordcargoparca.com\/#\/schema\/logo\/image\/","url":"https:\/\/fordcargoparca.com\/wp-content\/uploads\/2023\/07\/cropped-kamilyilmazlogo3.png","contentUrl":"https:\/\/fordcargoparca.com\/wp-content\/uploads\/2023\/07\/cropped-kamilyilmazlogo3.png","width":1080,"height":720,"caption":"Kamil Y\u0131lmaz Otomotiv - Ford Cargo Par\u00e7a"},"image":{"@id":"https:\/\/fordcargoparca.com\/#\/schema\/logo\/image\/"},"sameAs":["https:\/\/www.facebook.com\/fordtrucksparts\/","https:\/\/www.instagram.com\/kamilyilmazotomotiv\/"]}]}},"_links":{"self":[{"href":"https:\/\/fordcargoparca.com\/en\/wp-json\/wp\/v2\/product\/5007"}],"collection":[{"href":"https:\/\/fordcargoparca.com\/en\/wp-json\/wp\/v2\/product"}],"about":[{"href":"https:\/\/fordcargoparca.com\/en\/wp-json\/wp\/v2\/types\/product"}],"version-history":[{"count":2,"href":"https:\/\/fordcargoparca.com\/en\/wp-json\/wp\/v2\/product\/5007\/revisions"}],"predecessor-version":[{"id":5011,"href":"https:\/\/fordcargoparca.com\/en\/wp-json\/wp\/v2\/product\/5007\/revisions\/5011"}],"wp:attachment":[{"href":"https:\/\/fordcargoparca.com\/en\/wp-json\/wp\/v2\/media?parent=5007"}],"wp:term":[{"taxonomy":"product_cat","embeddable":true,"href":"https:\/\/fordcargoparca.com\/en\/wp-json\/wp\/v2\/product_cat?post=5007"},{"taxonomy":"product_tag","embeddable":true,"href":"https:\/\/fordcargoparca.com\/en\/wp-json\/wp\/v2\/product_tag?post=5007"}],"curies":[{"name":"wp","href":"https:\/\/api.w.org\/{rel}","templated":true}]}}