{"id":5351,"date":"2023-07-22T13:18:30","date_gmt":"2023-07-22T10:18:30","guid":{"rendered":"https:\/\/fordcargoparca.com\/?post_type=product&#038;p=5351"},"modified":"2025-01-29T17:58:38","modified_gmt":"2025-01-29T14:58:38","slug":"ford-cargo-turbosarj-komple-1833-gc46-6k682-dk","status":"publish","type":"product","link":"https:\/\/fordcargoparca.com\/en\/urunler\/ford-cargo-turbocharger-assembly-1833-gc46-6k682-min\/","title":{"rendered":"FORD CARGO TURBOCHARGER ASSY 1833 \u2013 GC46 6K682 MIN"},"content":{"rendered":"<p>Product Name : FORD CARGO TURBOCHARGER COMPLETE 1833 \u2013 2533<br \/>\nProduct Code: GC46 6K682 DK<br \/>\nOEM : GC466K682DK<br \/>\nBarcode : FORD OTOSAN GC46 6K682 DK<br \/>\nFinnish : T413728<\/p>","protected":false},"excerpt":{"rendered":"<p>Product Name : FORD CARGO TURBOCHARGER COMPLETE 1833 \u2013 2533<br \/>\nProduct Code: GC46 6K682 DK<br \/>\nOEM : GC466K682DK<br \/>\nBarcode : FORD OTOSAN GC46 6K682 DK<br \/>\nFinnish : T413728<\/p>","protected":false},"featured_media":77574,"template":"","meta":[],"product_cat":[118,15],"product_tag":[547],"class_list":{"0":"post-5351","1":"product","2":"type-product","3":"status-publish","4":"has-post-thumbnail","6":"product_cat-motor","7":"product_cat-ford-cargo-yedek-parca","8":"product_tag-ford-cargo-turbosarj-komple-1833-gc46-6k682-dk","9":"badges-style-3","11":"first","12":"instock","13":"shipping-taxable","14":"product-type-simple"},"yoast_head":"<!-- This site is optimized with the Yoast SEO plugin v23.0 - https:\/\/yoast.com\/wordpress\/plugins\/seo\/ -->\n<title>FORD CARGO TURBO\u015eARJ KOMPLE 1833 - GC46 6K682 DK - Kamil Y\u0131lmaz Otomotiv - Ford Cargo Yedek Par&ccedil;a<\/title>\n<meta name=\"description\" content=\"\u00dcr\u00fcn Ad\u0131 : FORD CARGO TURBO\u015eARJ KOMPLE 1833 - 2533 \u00dcr\u00fcn Kodu : GC46 6K682 DK OEM : GC466K682DK Barkod : FORD OTOSAN GC46 6K682 DK Finnish : T413728\" \/>\n<meta name=\"robots\" content=\"index, follow, max-snippet:-1, max-image-preview:large, max-video-preview:-1\" \/>\n<link rel=\"canonical\" href=\"https:\/\/fordcargoparca.com\/en\/urunler\/ford-cargo-turbocharger-assembly-1833-gc46-6k682-min\/\" \/>\n<meta property=\"og:locale\" content=\"en_US\" \/>\n<meta property=\"og:type\" content=\"article\" \/>\n<meta property=\"og:title\" content=\"FORD CARGO TURBO\u015eARJ KOMPLE 1833 - GC46 6K682 DK - Kamil Y\u0131lmaz Otomotiv - Ford Cargo Yedek Par&ccedil;a\" \/>\n<meta property=\"og:description\" content=\"\u00dcr\u00fcn Ad\u0131 : FORD CARGO TURBO\u015eARJ KOMPLE 1833 - 2533 \u00dcr\u00fcn Kodu : GC46 6K682 DK OEM : GC466K682DK Barkod : FORD OTOSAN GC46 6K682 DK Finnish : T413728\" \/>\n<meta property=\"og:url\" content=\"https:\/\/fordcargoparca.com\/en\/urunler\/ford-cargo-turbocharger-assembly-1833-gc46-6k682-min\/\" \/>\n<meta property=\"og:site_name\" content=\"Kamil Y\u0131lmaz Otomotiv - Ford Cargo Yedek Par&ccedil;a\" \/>\n<meta property=\"article:publisher\" content=\"https:\/\/www.facebook.com\/fordtrucksparts\/\" \/>\n<meta property=\"article:modified_time\" content=\"2025-01-29T14:58:38+00:00\" \/>\n<meta property=\"og:image\" content=\"https:\/\/fordcargoparca.com\/wp-content\/uploads\/2024\/01\/gc46-6k682-dk.png\" \/>\n\t<meta property=\"og:image:width\" content=\"1\" \/>\n\t<meta property=\"og:image:height\" content=\"1\" \/>\n\t<meta property=\"og:image:type\" content=\"image\/png\" \/>\n<meta name=\"twitter:card\" content=\"summary_large_image\" \/>\n<meta name=\"twitter:label1\" content=\"Est. reading time\" \/>\n\t<meta name=\"twitter:data1\" content=\"1 minute\" \/>\n<script type=\"application\/ld+json\" class=\"yoast-schema-graph\">{\"@context\":\"https:\/\/schema.org\",\"@graph\":[{\"@type\":\"WebPage\",\"@id\":\"https:\/\/fordcargoparca.com\/urunler\/ford-cargo-turbosarj-komple-1833-gc46-6k682-dk\/\",\"url\":\"https:\/\/fordcargoparca.com\/urunler\/ford-cargo-turbosarj-komple-1833-gc46-6k682-dk\/\",\"name\":\"FORD CARGO TURBO\u015eARJ KOMPLE 1833 - GC46 6K682 DK - Kamil Y\u0131lmaz Otomotiv - Ford Cargo Yedek Par&ccedil;a\",\"isPartOf\":{\"@id\":\"https:\/\/fordcargoparca.com\/#website\"},\"primaryImageOfPage\":{\"@id\":\"https:\/\/fordcargoparca.com\/urunler\/ford-cargo-turbosarj-komple-1833-gc46-6k682-dk\/#primaryimage\"},\"image\":{\"@id\":\"https:\/\/fordcargoparca.com\/urunler\/ford-cargo-turbosarj-komple-1833-gc46-6k682-dk\/#primaryimage\"},\"thumbnailUrl\":\"https:\/\/fordcargoparca.com\/wp-content\/uploads\/2024\/01\/gc46-6k682-dk.png\",\"datePublished\":\"2023-07-22T10:18:30+00:00\",\"dateModified\":\"2025-01-29T14:58:38+00:00\",\"description\":\"\u00dcr\u00fcn Ad\u0131 : FORD CARGO TURBO\u015eARJ KOMPLE 1833 - 2533 \u00dcr\u00fcn Kodu : GC46 6K682 DK OEM : GC466K682DK Barkod : FORD OTOSAN GC46 6K682 DK Finnish : T413728\",\"breadcrumb\":{\"@id\":\"https:\/\/fordcargoparca.com\/urunler\/ford-cargo-turbosarj-komple-1833-gc46-6k682-dk\/#breadcrumb\"},\"inLanguage\":\"en-US\",\"potentialAction\":[{\"@type\":\"ReadAction\",\"target\":[\"https:\/\/fordcargoparca.com\/urunler\/ford-cargo-turbosarj-komple-1833-gc46-6k682-dk\/\"]}]},{\"@type\":\"ImageObject\",\"inLanguage\":\"en-US\",\"@id\":\"https:\/\/fordcargoparca.com\/urunler\/ford-cargo-turbosarj-komple-1833-gc46-6k682-dk\/#primaryimage\",\"url\":\"https:\/\/fordcargoparca.com\/wp-content\/uploads\/2024\/01\/gc46-6k682-dk.png\",\"contentUrl\":\"https:\/\/fordcargoparca.com\/wp-content\/uploads\/2024\/01\/gc46-6k682-dk.png\"},{\"@type\":\"BreadcrumbList\",\"@id\":\"https:\/\/fordcargoparca.com\/urunler\/ford-cargo-turbosarj-komple-1833-gc46-6k682-dk\/#breadcrumb\",\"itemListElement\":[{\"@type\":\"ListItem\",\"position\":1,\"name\":\"Anasayfa\",\"item\":\"https:\/\/fordcargoparca.com\/\"},{\"@type\":\"ListItem\",\"position\":2,\"name\":\"\u00dcr\u00fcnler\",\"item\":\"https:\/\/fordcargoparca.com\/urunler\/\"},{\"@type\":\"ListItem\",\"position\":3,\"name\":\"FORD CARGO TURBO\u015eARJ KOMPLE 1833 &#8211; GC46 6K682 DK\"}]},{\"@type\":\"WebSite\",\"@id\":\"https:\/\/fordcargoparca.com\/#website\",\"url\":\"https:\/\/fordcargoparca.com\/\",\"name\":\"Kamil Y\u0131lmaz Otomotiv - Ford Cargo Par\u00e7a\",\"description\":\"\",\"publisher\":{\"@id\":\"https:\/\/fordcargoparca.com\/#organization\"},\"potentialAction\":[{\"@type\":\"SearchAction\",\"target\":{\"@type\":\"EntryPoint\",\"urlTemplate\":\"https:\/\/fordcargoparca.com\/?s={search_term_string}\"},\"query-input\":\"required name=search_term_string\"}],\"inLanguage\":\"en-US\"},{\"@type\":\"Organization\",\"@id\":\"https:\/\/fordcargoparca.com\/#organization\",\"name\":\"Kamil Y\u0131lmaz Otomotiv - Ford Cargo Par\u00e7a\",\"url\":\"https:\/\/fordcargoparca.com\/\",\"logo\":{\"@type\":\"ImageObject\",\"inLanguage\":\"en-US\",\"@id\":\"https:\/\/fordcargoparca.com\/#\/schema\/logo\/image\/\",\"url\":\"https:\/\/fordcargoparca.com\/wp-content\/uploads\/2023\/07\/cropped-kamilyilmazlogo3.png\",\"contentUrl\":\"https:\/\/fordcargoparca.com\/wp-content\/uploads\/2023\/07\/cropped-kamilyilmazlogo3.png\",\"width\":1080,\"height\":720,\"caption\":\"Kamil Y\u0131lmaz Otomotiv - Ford Cargo Par\u00e7a\"},\"image\":{\"@id\":\"https:\/\/fordcargoparca.com\/#\/schema\/logo\/image\/\"},\"sameAs\":[\"https:\/\/www.facebook.com\/fordtrucksparts\/\",\"https:\/\/www.instagram.com\/kamilyilmazotomotiv\/\"]}]}<\/script>\n<!-- \/ Yoast SEO plugin. -->","yoast_head_json":{"title":"FORD CARGO TURBO\u015eARJ KOMPLE 1833 - GC46 6K682 DK - Kamil Y\u0131lmaz Otomotiv - Ford Cargo Yedek Par&ccedil;a","description":"\u00dcr\u00fcn Ad\u0131 : FORD CARGO TURBO\u015eARJ KOMPLE 1833 - 2533 \u00dcr\u00fcn Kodu : GC46 6K682 DK OEM : GC466K682DK Barkod : FORD OTOSAN GC46 6K682 DK Finnish : T413728","robots":{"index":"index","follow":"follow","max-snippet":"max-snippet:-1","max-image-preview":"max-image-preview:large","max-video-preview":"max-video-preview:-1"},"canonical":"https:\/\/fordcargoparca.com\/en\/urunler\/ford-cargo-turbocharger-assembly-1833-gc46-6k682-min\/","og_locale":"en_US","og_type":"article","og_title":"FORD CARGO TURBO\u015eARJ KOMPLE 1833 - GC46 6K682 DK - Kamil Y\u0131lmaz Otomotiv - Ford Cargo Yedek Par&ccedil;a","og_description":"\u00dcr\u00fcn Ad\u0131 : FORD CARGO TURBO\u015eARJ KOMPLE 1833 - 2533 \u00dcr\u00fcn Kodu : GC46 6K682 DK OEM : GC466K682DK Barkod : FORD OTOSAN GC46 6K682 DK Finnish : T413728","og_url":"https:\/\/fordcargoparca.com\/en\/urunler\/ford-cargo-turbocharger-assembly-1833-gc46-6k682-min\/","og_site_name":"Kamil Y\u0131lmaz Otomotiv - Ford Cargo Yedek Par&ccedil;a","article_publisher":"https:\/\/www.facebook.com\/fordtrucksparts\/","article_modified_time":"2025-01-29T14:58:38+00:00","og_image":[{"url":"https:\/\/fordcargoparca.com\/wp-content\/uploads\/2024\/01\/gc46-6k682-dk.png","width":1,"height":1,"type":"image\/png"}],"twitter_card":"summary_large_image","twitter_misc":{"Est. reading time":"1 minute"},"schema":{"@context":"https:\/\/schema.org","@graph":[{"@type":"WebPage","@id":"https:\/\/fordcargoparca.com\/urunler\/ford-cargo-turbosarj-komple-1833-gc46-6k682-dk\/","url":"https:\/\/fordcargoparca.com\/urunler\/ford-cargo-turbosarj-komple-1833-gc46-6k682-dk\/","name":"FORD CARGO TURBO\u015eARJ KOMPLE 1833 - GC46 6K682 DK - Kamil Y\u0131lmaz Otomotiv - Ford Cargo Yedek Par&ccedil;a","isPartOf":{"@id":"https:\/\/fordcargoparca.com\/#website"},"primaryImageOfPage":{"@id":"https:\/\/fordcargoparca.com\/urunler\/ford-cargo-turbosarj-komple-1833-gc46-6k682-dk\/#primaryimage"},"image":{"@id":"https:\/\/fordcargoparca.com\/urunler\/ford-cargo-turbosarj-komple-1833-gc46-6k682-dk\/#primaryimage"},"thumbnailUrl":"https:\/\/fordcargoparca.com\/wp-content\/uploads\/2024\/01\/gc46-6k682-dk.png","datePublished":"2023-07-22T10:18:30+00:00","dateModified":"2025-01-29T14:58:38+00:00","description":"\u00dcr\u00fcn Ad\u0131 : FORD CARGO TURBO\u015eARJ KOMPLE 1833 - 2533 \u00dcr\u00fcn Kodu : GC46 6K682 DK OEM : GC466K682DK Barkod : FORD OTOSAN GC46 6K682 DK Finnish : T413728","breadcrumb":{"@id":"https:\/\/fordcargoparca.com\/urunler\/ford-cargo-turbosarj-komple-1833-gc46-6k682-dk\/#breadcrumb"},"inLanguage":"en-US","potentialAction":[{"@type":"ReadAction","target":["https:\/\/fordcargoparca.com\/urunler\/ford-cargo-turbosarj-komple-1833-gc46-6k682-dk\/"]}]},{"@type":"ImageObject","inLanguage":"en-US","@id":"https:\/\/fordcargoparca.com\/urunler\/ford-cargo-turbosarj-komple-1833-gc46-6k682-dk\/#primaryimage","url":"https:\/\/fordcargoparca.com\/wp-content\/uploads\/2024\/01\/gc46-6k682-dk.png","contentUrl":"https:\/\/fordcargoparca.com\/wp-content\/uploads\/2024\/01\/gc46-6k682-dk.png"},{"@type":"BreadcrumbList","@id":"https:\/\/fordcargoparca.com\/urunler\/ford-cargo-turbosarj-komple-1833-gc46-6k682-dk\/#breadcrumb","itemListElement":[{"@type":"ListItem","position":1,"name":"Anasayfa","item":"https:\/\/fordcargoparca.com\/"},{"@type":"ListItem","position":2,"name":"\u00dcr\u00fcnler","item":"https:\/\/fordcargoparca.com\/urunler\/"},{"@type":"ListItem","position":3,"name":"FORD CARGO TURBO\u015eARJ KOMPLE 1833 &#8211; GC46 6K682 DK"}]},{"@type":"WebSite","@id":"https:\/\/fordcargoparca.com\/#website","url":"https:\/\/fordcargoparca.com\/","name":"Kamil Y\u0131lmaz Otomotiv - Ford Cargo Par\u00e7a","description":"","publisher":{"@id":"https:\/\/fordcargoparca.com\/#organization"},"potentialAction":[{"@type":"SearchAction","target":{"@type":"EntryPoint","urlTemplate":"https:\/\/fordcargoparca.com\/?s={search_term_string}"},"query-input":"required name=search_term_string"}],"inLanguage":"en-US"},{"@type":"Organization","@id":"https:\/\/fordcargoparca.com\/#organization","name":"Kamil Y\u0131lmaz Otomotiv - Ford Cargo Par\u00e7a","url":"https:\/\/fordcargoparca.com\/","logo":{"@type":"ImageObject","inLanguage":"en-US","@id":"https:\/\/fordcargoparca.com\/#\/schema\/logo\/image\/","url":"https:\/\/fordcargoparca.com\/wp-content\/uploads\/2023\/07\/cropped-kamilyilmazlogo3.png","contentUrl":"https:\/\/fordcargoparca.com\/wp-content\/uploads\/2023\/07\/cropped-kamilyilmazlogo3.png","width":1080,"height":720,"caption":"Kamil Y\u0131lmaz Otomotiv - Ford Cargo Par\u00e7a"},"image":{"@id":"https:\/\/fordcargoparca.com\/#\/schema\/logo\/image\/"},"sameAs":["https:\/\/www.facebook.com\/fordtrucksparts\/","https:\/\/www.instagram.com\/kamilyilmazotomotiv\/"]}]}},"_links":{"self":[{"href":"https:\/\/fordcargoparca.com\/en\/wp-json\/wp\/v2\/product\/5351"}],"collection":[{"href":"https:\/\/fordcargoparca.com\/en\/wp-json\/wp\/v2\/product"}],"about":[{"href":"https:\/\/fordcargoparca.com\/en\/wp-json\/wp\/v2\/types\/product"}],"version-history":[{"count":1,"href":"https:\/\/fordcargoparca.com\/en\/wp-json\/wp\/v2\/product\/5351\/revisions"}],"predecessor-version":[{"id":5352,"href":"https:\/\/fordcargoparca.com\/en\/wp-json\/wp\/v2\/product\/5351\/revisions\/5352"}],"wp:featuredmedia":[{"embeddable":true,"href":"https:\/\/fordcargoparca.com\/en\/wp-json\/wp\/v2\/media\/77574"}],"wp:attachment":[{"href":"https:\/\/fordcargoparca.com\/en\/wp-json\/wp\/v2\/media?parent=5351"}],"wp:term":[{"taxonomy":"product_cat","embeddable":true,"href":"https:\/\/fordcargoparca.com\/en\/wp-json\/wp\/v2\/product_cat?post=5351"},{"taxonomy":"product_tag","embeddable":true,"href":"https:\/\/fordcargoparca.com\/en\/wp-json\/wp\/v2\/product_tag?post=5351"}],"curies":[{"name":"wp","href":"https:\/\/api.w.org\/{rel}","templated":true}]}}