{"id":4321,"date":"2023-07-14T19:19:38","date_gmt":"2023-07-14T16:19:38","guid":{"rendered":"https:\/\/fordcargoparca.com\/?post_type=product&#038;p=4321"},"modified":"2023-07-15T18:16:24","modified_gmt":"2023-07-15T15:16:24","slug":"ford-cargo-kabin-takozu-dc46-5k371-ba","status":"publish","type":"product","link":"https:\/\/fordcargoparca.com\/ru\/urunler\/ford-cargo-cabin-mount-dc46-5k371-ba\/","title":{"rendered":"FORD CARGO \u041a\u0420\u0415\u041f\u041b\u0415\u041d\u0418\u0415 \u041a\u0410\u0411\u0418\u041d\u042b \u2013 DC46 5K371 BA"},"content":{"rendered":"<p>\u041d\u0430\u0437\u0432\u0430\u043d\u0438\u0435 \u043f\u0440\u043e\u0434\u0443\u043a\u0442\u0430: \u041a\u0420\u0415\u041f\u041b\u0415\u041d\u0418\u0415 \u041a\u0410\u0411\u0418\u041d\u042b \u0413\u0420\u0423\u0417\u041e\u0412 FORD<br \/>\n\u041a\u043e\u0434 \u043f\u0440\u043e\u0434\u0443\u043a\u0442\u0430 : DC46 5K371 BA<br \/>\n\u041e\u0415\u041c: \u0414\u041a465\u041a371\u0411\u0410<br \/>\n\u0428\u0442\u0440\u0438\u0445-\u043a\u043e\u0434: FORD OTOSAN DC46 5K371 BA<br \/>\n\u0424\u0438\u043d\u0441\u043a\u0438\u0439 : T202954<\/p>","protected":false},"excerpt":{"rendered":"<p>\u041d\u0430\u0437\u0432\u0430\u043d\u0438\u0435 \u043f\u0440\u043e\u0434\u0443\u043a\u0442\u0430: \u041a\u0420\u0415\u041f\u041b\u0415\u041d\u0418\u0415 \u041a\u0410\u0411\u0418\u041d\u042b \u0413\u0420\u0423\u0417\u041e\u0412 FORD<br \/>\n\u041a\u043e\u0434 \u043f\u0440\u043e\u0434\u0443\u043a\u0442\u0430 : DC46 5K371 BA<br \/>\n\u041e\u0415\u041c: \u0414\u041a465\u041a371\u0411\u0410<br \/>\n\u0428\u0442\u0440\u0438\u0445-\u043a\u043e\u0434: FORD OTOSAN DC46 5K371 BA<br \/>\n\u0424\u0438\u043d\u0441\u043a\u0438\u0439 : T202954<\/p>","protected":false},"featured_media":4322,"template":"","meta":[],"product_cat":[122],"product_tag":[228],"class_list":{"0":"post-4321","1":"product","2":"type-product","3":"status-publish","4":"has-post-thumbnail","6":"product_cat-kaporta","7":"product_tag-ford-cargo-kabin-takozu-dc46-5k371-ba","8":"badges-style-3","10":"first","11":"instock","12":"shipping-taxable","13":"product-type-simple"},"yoast_head":"<!-- This site is optimized with the Yoast SEO plugin v23.0 - https:\/\/yoast.com\/wordpress\/plugins\/seo\/ -->\n<title>FORD CARGO KAB\u0130N TAKOZU - DC46 5K371 BA - Kamil Y\u0131lmaz Otomotiv - Ford Cargo Yedek Par&ccedil;a<\/title>\n<meta name=\"description\" content=\"\u00dcr\u00fcn Ad\u0131 : FORD CARGO KAB\u0130N TAKOZU \u00dcr\u00fcn Kodu : DC46 5K371 BA OEM : DC465K371BA Barkod : FORD OTOSAN DC46 5K371 BA Finnish : T202954\" \/>\n<meta name=\"robots\" content=\"index, follow, max-snippet:-1, max-image-preview:large, max-video-preview:-1\" \/>\n<link rel=\"canonical\" href=\"https:\/\/fordcargoparca.com\/ru\/urunler\/ford-cargo-cabin-mount-dc46-5k371-ba\/\" \/>\n<meta property=\"og:locale\" content=\"ru_RU\" \/>\n<meta property=\"og:type\" content=\"article\" \/>\n<meta property=\"og:title\" content=\"FORD CARGO KAB\u0130N TAKOZU - DC46 5K371 BA - Kamil Y\u0131lmaz Otomotiv - Ford Cargo Yedek Par&ccedil;a\" \/>\n<meta property=\"og:description\" content=\"\u00dcr\u00fcn Ad\u0131 : FORD CARGO KAB\u0130N TAKOZU \u00dcr\u00fcn Kodu : DC46 5K371 BA OEM : DC465K371BA Barkod : FORD OTOSAN DC46 5K371 BA Finnish : T202954\" \/>\n<meta property=\"og:url\" content=\"https:\/\/fordcargoparca.com\/ru\/urunler\/ford-cargo-cabin-mount-dc46-5k371-ba\/\" \/>\n<meta property=\"og:site_name\" content=\"Kamil Y\u0131lmaz Otomotiv - Ford Cargo Yedek Par&ccedil;a\" \/>\n<meta property=\"article:publisher\" content=\"https:\/\/www.facebook.com\/fordtrucksparts\/\" \/>\n<meta property=\"article:modified_time\" content=\"2023-07-15T15:16:24+00:00\" \/>\n<meta property=\"og:image\" content=\"https:\/\/fordcargoparca.com\/wp-content\/uploads\/2023\/07\/KABIN-TAKOZU-DC46-5K371-BA.jpg\" \/>\n\t<meta property=\"og:image:width\" content=\"981\" \/>\n\t<meta property=\"og:image:height\" content=\"1024\" \/>\n\t<meta property=\"og:image:type\" content=\"image\/jpeg\" \/>\n<meta name=\"twitter:card\" content=\"summary_large_image\" \/>\n<meta name=\"twitter:label1\" content=\"\u041f\u0440\u0438\u043c\u0435\u0440\u043d\u043e\u0435 \u0432\u0440\u0435\u043c\u044f \u0434\u043b\u044f \u0447\u0442\u0435\u043d\u0438\u044f\" \/>\n\t<meta name=\"twitter:data1\" content=\"1 \u043c\u0438\u043d\u0443\u0442\u0430\" \/>\n<script type=\"application\/ld+json\" class=\"yoast-schema-graph\">{\"@context\":\"https:\/\/schema.org\",\"@graph\":[{\"@type\":\"WebPage\",\"@id\":\"https:\/\/fordcargoparca.com\/urunler\/ford-cargo-kabin-takozu-dc46-5k371-ba\/\",\"url\":\"https:\/\/fordcargoparca.com\/urunler\/ford-cargo-kabin-takozu-dc46-5k371-ba\/\",\"name\":\"FORD CARGO KAB\u0130N TAKOZU - DC46 5K371 BA - Kamil Y\u0131lmaz Otomotiv - Ford Cargo Yedek Par&ccedil;a\",\"isPartOf\":{\"@id\":\"https:\/\/fordcargoparca.com\/#website\"},\"primaryImageOfPage\":{\"@id\":\"https:\/\/fordcargoparca.com\/urunler\/ford-cargo-kabin-takozu-dc46-5k371-ba\/#primaryimage\"},\"image\":{\"@id\":\"https:\/\/fordcargoparca.com\/urunler\/ford-cargo-kabin-takozu-dc46-5k371-ba\/#primaryimage\"},\"thumbnailUrl\":\"https:\/\/fordcargoparca.com\/wp-content\/uploads\/2023\/07\/KABIN-TAKOZU-DC46-5K371-BA.jpg\",\"datePublished\":\"2023-07-14T16:19:38+00:00\",\"dateModified\":\"2023-07-15T15:16:24+00:00\",\"description\":\"\u00dcr\u00fcn Ad\u0131 : FORD CARGO KAB\u0130N TAKOZU \u00dcr\u00fcn Kodu : DC46 5K371 BA OEM : DC465K371BA Barkod : FORD OTOSAN DC46 5K371 BA Finnish : T202954\",\"breadcrumb\":{\"@id\":\"https:\/\/fordcargoparca.com\/urunler\/ford-cargo-kabin-takozu-dc46-5k371-ba\/#breadcrumb\"},\"inLanguage\":\"ru-RU\",\"potentialAction\":[{\"@type\":\"ReadAction\",\"target\":[\"https:\/\/fordcargoparca.com\/urunler\/ford-cargo-kabin-takozu-dc46-5k371-ba\/\"]}]},{\"@type\":\"ImageObject\",\"inLanguage\":\"ru-RU\",\"@id\":\"https:\/\/fordcargoparca.com\/urunler\/ford-cargo-kabin-takozu-dc46-5k371-ba\/#primaryimage\",\"url\":\"https:\/\/fordcargoparca.com\/wp-content\/uploads\/2023\/07\/KABIN-TAKOZU-DC46-5K371-BA.jpg\",\"contentUrl\":\"https:\/\/fordcargoparca.com\/wp-content\/uploads\/2023\/07\/KABIN-TAKOZU-DC46-5K371-BA.jpg\",\"width\":981,\"height\":1024},{\"@type\":\"BreadcrumbList\",\"@id\":\"https:\/\/fordcargoparca.com\/urunler\/ford-cargo-kabin-takozu-dc46-5k371-ba\/#breadcrumb\",\"itemListElement\":[{\"@type\":\"ListItem\",\"position\":1,\"name\":\"Anasayfa\",\"item\":\"https:\/\/fordcargoparca.com\/\"},{\"@type\":\"ListItem\",\"position\":2,\"name\":\"\u00dcr\u00fcnler\",\"item\":\"https:\/\/fordcargoparca.com\/urunler\/\"},{\"@type\":\"ListItem\",\"position\":3,\"name\":\"FORD CARGO KAB\u0130N TAKOZU &#8211; DC46 5K371 BA\"}]},{\"@type\":\"WebSite\",\"@id\":\"https:\/\/fordcargoparca.com\/#website\",\"url\":\"https:\/\/fordcargoparca.com\/\",\"name\":\"Kamil Y\u0131lmaz Otomotiv - Ford Cargo Par\u00e7a\",\"description\":\"\",\"publisher\":{\"@id\":\"https:\/\/fordcargoparca.com\/#organization\"},\"potentialAction\":[{\"@type\":\"SearchAction\",\"target\":{\"@type\":\"EntryPoint\",\"urlTemplate\":\"https:\/\/fordcargoparca.com\/?s={search_term_string}\"},\"query-input\":\"required name=search_term_string\"}],\"inLanguage\":\"ru-RU\"},{\"@type\":\"Organization\",\"@id\":\"https:\/\/fordcargoparca.com\/#organization\",\"name\":\"Kamil Y\u0131lmaz Otomotiv - Ford Cargo Par\u00e7a\",\"url\":\"https:\/\/fordcargoparca.com\/\",\"logo\":{\"@type\":\"ImageObject\",\"inLanguage\":\"ru-RU\",\"@id\":\"https:\/\/fordcargoparca.com\/#\/schema\/logo\/image\/\",\"url\":\"https:\/\/fordcargoparca.com\/wp-content\/uploads\/2023\/07\/cropped-kamilyilmazlogo3.png\",\"contentUrl\":\"https:\/\/fordcargoparca.com\/wp-content\/uploads\/2023\/07\/cropped-kamilyilmazlogo3.png\",\"width\":1080,\"height\":720,\"caption\":\"Kamil Y\u0131lmaz Otomotiv - Ford Cargo Par\u00e7a\"},\"image\":{\"@id\":\"https:\/\/fordcargoparca.com\/#\/schema\/logo\/image\/\"},\"sameAs\":[\"https:\/\/www.facebook.com\/fordtrucksparts\/\",\"https:\/\/www.instagram.com\/kamilyilmazotomotiv\/\"]}]}<\/script>\n<!-- \/ Yoast SEO plugin. -->","yoast_head_json":{"title":"FORD CARGO KAB\u0130N TAKOZU - DC46 5K371 BA - Kamil Y\u0131lmaz Otomotiv - Ford Cargo Yedek Par&ccedil;a","description":"\u00dcr\u00fcn Ad\u0131 : FORD CARGO KAB\u0130N TAKOZU \u00dcr\u00fcn Kodu : DC46 5K371 BA OEM : DC465K371BA Barkod : FORD OTOSAN DC46 5K371 BA Finnish : T202954","robots":{"index":"index","follow":"follow","max-snippet":"max-snippet:-1","max-image-preview":"max-image-preview:large","max-video-preview":"max-video-preview:-1"},"canonical":"https:\/\/fordcargoparca.com\/ru\/urunler\/ford-cargo-cabin-mount-dc46-5k371-ba\/","og_locale":"ru_RU","og_type":"article","og_title":"FORD CARGO KAB\u0130N TAKOZU - DC46 5K371 BA - Kamil Y\u0131lmaz Otomotiv - Ford Cargo Yedek Par&ccedil;a","og_description":"\u00dcr\u00fcn Ad\u0131 : FORD CARGO KAB\u0130N TAKOZU \u00dcr\u00fcn Kodu : DC46 5K371 BA OEM : DC465K371BA Barkod : FORD OTOSAN DC46 5K371 BA Finnish : T202954","og_url":"https:\/\/fordcargoparca.com\/ru\/urunler\/ford-cargo-cabin-mount-dc46-5k371-ba\/","og_site_name":"Kamil Y\u0131lmaz Otomotiv - Ford Cargo Yedek Par&ccedil;a","article_publisher":"https:\/\/www.facebook.com\/fordtrucksparts\/","article_modified_time":"2023-07-15T15:16:24+00:00","og_image":[{"width":981,"height":1024,"url":"https:\/\/fordcargoparca.com\/wp-content\/uploads\/2023\/07\/KABIN-TAKOZU-DC46-5K371-BA.jpg","type":"image\/jpeg"}],"twitter_card":"summary_large_image","twitter_misc":{"\u041f\u0440\u0438\u043c\u0435\u0440\u043d\u043e\u0435 \u0432\u0440\u0435\u043c\u044f \u0434\u043b\u044f \u0447\u0442\u0435\u043d\u0438\u044f":"1 \u043c\u0438\u043d\u0443\u0442\u0430"},"schema":{"@context":"https:\/\/schema.org","@graph":[{"@type":"WebPage","@id":"https:\/\/fordcargoparca.com\/urunler\/ford-cargo-kabin-takozu-dc46-5k371-ba\/","url":"https:\/\/fordcargoparca.com\/urunler\/ford-cargo-kabin-takozu-dc46-5k371-ba\/","name":"FORD CARGO KAB\u0130N TAKOZU - DC46 5K371 BA - Kamil Y\u0131lmaz Otomotiv - Ford Cargo Yedek Par&ccedil;a","isPartOf":{"@id":"https:\/\/fordcargoparca.com\/#website"},"primaryImageOfPage":{"@id":"https:\/\/fordcargoparca.com\/urunler\/ford-cargo-kabin-takozu-dc46-5k371-ba\/#primaryimage"},"image":{"@id":"https:\/\/fordcargoparca.com\/urunler\/ford-cargo-kabin-takozu-dc46-5k371-ba\/#primaryimage"},"thumbnailUrl":"https:\/\/fordcargoparca.com\/wp-content\/uploads\/2023\/07\/KABIN-TAKOZU-DC46-5K371-BA.jpg","datePublished":"2023-07-14T16:19:38+00:00","dateModified":"2023-07-15T15:16:24+00:00","description":"\u00dcr\u00fcn Ad\u0131 : FORD CARGO KAB\u0130N TAKOZU \u00dcr\u00fcn Kodu : DC46 5K371 BA OEM : DC465K371BA Barkod : FORD OTOSAN DC46 5K371 BA Finnish : T202954","breadcrumb":{"@id":"https:\/\/fordcargoparca.com\/urunler\/ford-cargo-kabin-takozu-dc46-5k371-ba\/#breadcrumb"},"inLanguage":"ru-RU","potentialAction":[{"@type":"ReadAction","target":["https:\/\/fordcargoparca.com\/urunler\/ford-cargo-kabin-takozu-dc46-5k371-ba\/"]}]},{"@type":"ImageObject","inLanguage":"ru-RU","@id":"https:\/\/fordcargoparca.com\/urunler\/ford-cargo-kabin-takozu-dc46-5k371-ba\/#primaryimage","url":"https:\/\/fordcargoparca.com\/wp-content\/uploads\/2023\/07\/KABIN-TAKOZU-DC46-5K371-BA.jpg","contentUrl":"https:\/\/fordcargoparca.com\/wp-content\/uploads\/2023\/07\/KABIN-TAKOZU-DC46-5K371-BA.jpg","width":981,"height":1024},{"@type":"BreadcrumbList","@id":"https:\/\/fordcargoparca.com\/urunler\/ford-cargo-kabin-takozu-dc46-5k371-ba\/#breadcrumb","itemListElement":[{"@type":"ListItem","position":1,"name":"Anasayfa","item":"https:\/\/fordcargoparca.com\/"},{"@type":"ListItem","position":2,"name":"\u00dcr\u00fcnler","item":"https:\/\/fordcargoparca.com\/urunler\/"},{"@type":"ListItem","position":3,"name":"FORD CARGO KAB\u0130N TAKOZU &#8211; DC46 5K371 BA"}]},{"@type":"WebSite","@id":"https:\/\/fordcargoparca.com\/#website","url":"https:\/\/fordcargoparca.com\/","name":"Kamil Y\u0131lmaz Otomotiv - Ford Cargo Par\u00e7a","description":"","publisher":{"@id":"https:\/\/fordcargoparca.com\/#organization"},"potentialAction":[{"@type":"SearchAction","target":{"@type":"EntryPoint","urlTemplate":"https:\/\/fordcargoparca.com\/?s={search_term_string}"},"query-input":"required name=search_term_string"}],"inLanguage":"ru-RU"},{"@type":"Organization","@id":"https:\/\/fordcargoparca.com\/#organization","name":"Kamil Y\u0131lmaz Otomotiv - Ford Cargo Par\u00e7a","url":"https:\/\/fordcargoparca.com\/","logo":{"@type":"ImageObject","inLanguage":"ru-RU","@id":"https:\/\/fordcargoparca.com\/#\/schema\/logo\/image\/","url":"https:\/\/fordcargoparca.com\/wp-content\/uploads\/2023\/07\/cropped-kamilyilmazlogo3.png","contentUrl":"https:\/\/fordcargoparca.com\/wp-content\/uploads\/2023\/07\/cropped-kamilyilmazlogo3.png","width":1080,"height":720,"caption":"Kamil Y\u0131lmaz Otomotiv - Ford Cargo Par\u00e7a"},"image":{"@id":"https:\/\/fordcargoparca.com\/#\/schema\/logo\/image\/"},"sameAs":["https:\/\/www.facebook.com\/fordtrucksparts\/","https:\/\/www.instagram.com\/kamilyilmazotomotiv\/"]}]}},"_links":{"self":[{"href":"https:\/\/fordcargoparca.com\/ru\/wp-json\/wp\/v2\/product\/4321"}],"collection":[{"href":"https:\/\/fordcargoparca.com\/ru\/wp-json\/wp\/v2\/product"}],"about":[{"href":"https:\/\/fordcargoparca.com\/ru\/wp-json\/wp\/v2\/types\/product"}],"version-history":[{"count":2,"href":"https:\/\/fordcargoparca.com\/ru\/wp-json\/wp\/v2\/product\/4321\/revisions"}],"predecessor-version":[{"id":4324,"href":"https:\/\/fordcargoparca.com\/ru\/wp-json\/wp\/v2\/product\/4321\/revisions\/4324"}],"wp:featuredmedia":[{"embeddable":true,"href":"https:\/\/fordcargoparca.com\/ru\/wp-json\/wp\/v2\/media\/4322"}],"wp:attachment":[{"href":"https:\/\/fordcargoparca.com\/ru\/wp-json\/wp\/v2\/media?parent=4321"}],"wp:term":[{"taxonomy":"product_cat","embeddable":true,"href":"https:\/\/fordcargoparca.com\/ru\/wp-json\/wp\/v2\/product_cat?post=4321"},{"taxonomy":"product_tag","embeddable":true,"href":"https:\/\/fordcargoparca.com\/ru\/wp-json\/wp\/v2\/product_tag?post=4321"}],"curies":[{"name":"wp","href":"https:\/\/api.w.org\/{rel}","templated":true}]}}