{"id":4459,"date":"2023-07-15T11:30:33","date_gmt":"2023-07-15T08:30:33","guid":{"rendered":"https:\/\/fordcargoparca.com\/?post_type=product&#038;p=4459"},"modified":"2023-07-15T11:30:33","modified_gmt":"2023-07-15T08:30:33","slug":"ford-cargo-kilometre-saati-2524-3230-2c46-10849-aa","status":"publish","type":"product","link":"https:\/\/fordcargoparca.com\/ru\/urunler\/%d1%84%d0%be%d1%80%d0%b4-%d0%b3%d1%80%d1%83%d0%b7%d0%be%d0%b2%d0%be%d0%b9-%d0%bc%d0%b8%d0%bb%d1%8c-%d1%87%d0%b0%d1%81-2524-3230-2c46-10849-%d0%b0%d0%b0\/","title":{"rendered":"FORD \u0413\u0420\u0423\u0417\u041e\u0412\u041e\u0419 \u041a\u0418\u041b\u041e\u041c\u0415\u0422\u0420 2524-3230 \u2014 2C46 10849 AA"},"content":{"rendered":"<p>\u041d\u0430\u0437\u0432\u0430\u043d\u0438\u0435 \u043f\u0440\u043e\u0434\u0443\u043a\u0442\u0430: FORD \u0413\u0420\u0423\u0417\u041e\u0412\u041e\u0419 \u041a\u0418\u041b\u041e\u041c\u0415\u0422\u0420 2524-3230<br \/>\n\u041a\u043e\u0434 \u043f\u0440\u043e\u0434\u0443\u043a\u0442\u0430: 2C46 10849 AA<br \/>\nOEM: 2C4610849AA<br \/>\n\u0428\u0442\u0440\u0438\u0445-\u043a\u043e\u0434: FORD OTOSAN 2C46 10849 AA<br \/>\n\u0424\u0438\u043d\u0441\u043a\u0438\u0439 : T115988<\/p>","protected":false},"excerpt":{"rendered":"<p>\u041d\u0430\u0437\u0432\u0430\u043d\u0438\u0435 \u043f\u0440\u043e\u0434\u0443\u043a\u0442\u0430: FORD \u0413\u0420\u0423\u0417\u041e\u0412\u041e\u0419 \u041a\u0418\u041b\u041e\u041c\u0415\u0422\u0420 2524-3230<br \/>\n\u041a\u043e\u0434 \u043f\u0440\u043e\u0434\u0443\u043a\u0442\u0430: 2C46 10849 AA<br \/>\nOEM: 2C4610849AA<br \/>\n\u0428\u0442\u0440\u0438\u0445-\u043a\u043e\u0434: FORD OTOSAN 2C46 10849 AA<br \/>\n\u0424\u0438\u043d\u0441\u043a\u0438\u0439 : T115988<\/p>","protected":false},"featured_media":0,"template":"","meta":[],"product_cat":[124],"product_tag":[155],"class_list":{"0":"post-4459","1":"product","2":"type-product","3":"status-publish","5":"product_cat-elektrik","6":"product_tag-ford-cargo-kilometre-saati-2524-3230-2c46-10849-aa","7":"badges-style-3","9":"first","10":"instock","11":"shipping-taxable","12":"product-type-simple"},"yoast_head":"<!-- This site is optimized with the Yoast SEO plugin v23.0 - https:\/\/yoast.com\/wordpress\/plugins\/seo\/ -->\n<title>FORD CARGO K\u0130LOMETRE SAAT\u0130 2524-3230 - 2C46 10849 AA - Kamil Y\u0131lmaz Otomotiv - Ford Cargo Yedek Par&ccedil;a<\/title>\n<meta name=\"description\" content=\"\u00dcr\u00fcn Ad\u0131 : FORD CARGO K\u0130LOMETRE SAAT\u0130 2524-3230 \u00dcr\u00fcn Kodu : 2C46 10849 AA OEM : 2C4610849AA Barkod : FORD OTOSAN 2C46 10849 AA Finnish : T115988\" \/>\n<meta name=\"robots\" content=\"index, follow, max-snippet:-1, max-image-preview:large, max-video-preview:-1\" \/>\n<link rel=\"canonical\" href=\"https:\/\/fordcargoparca.com\/ru\/urunler\/\u0444\u043e\u0440\u0434-\u0433\u0440\u0443\u0437\u043e\u0432\u043e\u0439-\u043c\u0438\u043b\u044c-\u0447\u0430\u0441-2524-3230-2c46-10849-\u0430\u0430\/\" \/>\n<meta property=\"og:locale\" content=\"ru_RU\" \/>\n<meta property=\"og:type\" content=\"article\" \/>\n<meta property=\"og:title\" content=\"FORD CARGO K\u0130LOMETRE SAAT\u0130 2524-3230 - 2C46 10849 AA - Kamil Y\u0131lmaz Otomotiv - Ford Cargo Yedek Par&ccedil;a\" \/>\n<meta property=\"og:description\" content=\"\u00dcr\u00fcn Ad\u0131 : FORD CARGO K\u0130LOMETRE SAAT\u0130 2524-3230 \u00dcr\u00fcn Kodu : 2C46 10849 AA OEM : 2C4610849AA Barkod : FORD OTOSAN 2C46 10849 AA Finnish : T115988\" \/>\n<meta property=\"og:url\" content=\"https:\/\/fordcargoparca.com\/ru\/urunler\/\u0444\u043e\u0440\u0434-\u0433\u0440\u0443\u0437\u043e\u0432\u043e\u0439-\u043c\u0438\u043b\u044c-\u0447\u0430\u0441-2524-3230-2c46-10849-\u0430\u0430\/\" \/>\n<meta property=\"og:site_name\" content=\"Kamil Y\u0131lmaz Otomotiv - Ford Cargo Yedek Par&ccedil;a\" \/>\n<meta property=\"article:publisher\" content=\"https:\/\/www.facebook.com\/fordtrucksparts\/\" \/>\n<meta name=\"twitter:card\" content=\"summary_large_image\" \/>\n<script type=\"application\/ld+json\" class=\"yoast-schema-graph\">{\"@context\":\"https:\/\/schema.org\",\"@graph\":[{\"@type\":\"WebPage\",\"@id\":\"https:\/\/fordcargoparca.com\/urunler\/ford-cargo-kilometre-saati-2524-3230-2c46-10849-aa\/\",\"url\":\"https:\/\/fordcargoparca.com\/urunler\/ford-cargo-kilometre-saati-2524-3230-2c46-10849-aa\/\",\"name\":\"FORD CARGO K\u0130LOMETRE SAAT\u0130 2524-3230 - 2C46 10849 AA - Kamil Y\u0131lmaz Otomotiv - Ford Cargo Yedek Par&ccedil;a\",\"isPartOf\":{\"@id\":\"https:\/\/fordcargoparca.com\/#website\"},\"datePublished\":\"2023-07-15T08:30:33+00:00\",\"dateModified\":\"2023-07-15T08:30:33+00:00\",\"description\":\"\u00dcr\u00fcn Ad\u0131 : FORD CARGO K\u0130LOMETRE SAAT\u0130 2524-3230 \u00dcr\u00fcn Kodu : 2C46 10849 AA OEM : 2C4610849AA Barkod : FORD OTOSAN 2C46 10849 AA Finnish : T115988\",\"breadcrumb\":{\"@id\":\"https:\/\/fordcargoparca.com\/urunler\/ford-cargo-kilometre-saati-2524-3230-2c46-10849-aa\/#breadcrumb\"},\"inLanguage\":\"ru-RU\",\"potentialAction\":[{\"@type\":\"ReadAction\",\"target\":[\"https:\/\/fordcargoparca.com\/urunler\/ford-cargo-kilometre-saati-2524-3230-2c46-10849-aa\/\"]}]},{\"@type\":\"BreadcrumbList\",\"@id\":\"https:\/\/fordcargoparca.com\/urunler\/ford-cargo-kilometre-saati-2524-3230-2c46-10849-aa\/#breadcrumb\",\"itemListElement\":[{\"@type\":\"ListItem\",\"position\":1,\"name\":\"Anasayfa\",\"item\":\"https:\/\/fordcargoparca.com\/\"},{\"@type\":\"ListItem\",\"position\":2,\"name\":\"\u00dcr\u00fcnler\",\"item\":\"https:\/\/fordcargoparca.com\/urunler\/\"},{\"@type\":\"ListItem\",\"position\":3,\"name\":\"FORD CARGO K\u0130LOMETRE SAAT\u0130 2524-3230 &#8211; 2C46 10849 AA\"}]},{\"@type\":\"WebSite\",\"@id\":\"https:\/\/fordcargoparca.com\/#website\",\"url\":\"https:\/\/fordcargoparca.com\/\",\"name\":\"Kamil Y\u0131lmaz Otomotiv - Ford Cargo Par\u00e7a\",\"description\":\"\",\"publisher\":{\"@id\":\"https:\/\/fordcargoparca.com\/#organization\"},\"potentialAction\":[{\"@type\":\"SearchAction\",\"target\":{\"@type\":\"EntryPoint\",\"urlTemplate\":\"https:\/\/fordcargoparca.com\/?s={search_term_string}\"},\"query-input\":\"required name=search_term_string\"}],\"inLanguage\":\"ru-RU\"},{\"@type\":\"Organization\",\"@id\":\"https:\/\/fordcargoparca.com\/#organization\",\"name\":\"Kamil Y\u0131lmaz Otomotiv - Ford Cargo Par\u00e7a\",\"url\":\"https:\/\/fordcargoparca.com\/\",\"logo\":{\"@type\":\"ImageObject\",\"inLanguage\":\"ru-RU\",\"@id\":\"https:\/\/fordcargoparca.com\/#\/schema\/logo\/image\/\",\"url\":\"https:\/\/fordcargoparca.com\/wp-content\/uploads\/2023\/07\/cropped-kamilyilmazlogo3.png\",\"contentUrl\":\"https:\/\/fordcargoparca.com\/wp-content\/uploads\/2023\/07\/cropped-kamilyilmazlogo3.png\",\"width\":1080,\"height\":720,\"caption\":\"Kamil Y\u0131lmaz Otomotiv - Ford Cargo Par\u00e7a\"},\"image\":{\"@id\":\"https:\/\/fordcargoparca.com\/#\/schema\/logo\/image\/\"},\"sameAs\":[\"https:\/\/www.facebook.com\/fordtrucksparts\/\",\"https:\/\/www.instagram.com\/kamilyilmazotomotiv\/\"]}]}<\/script>\n<!-- \/ Yoast SEO plugin. -->","yoast_head_json":{"title":"FORD CARGO K\u0130LOMETRE SAAT\u0130 2524-3230 - 2C46 10849 AA - Kamil Y\u0131lmaz Otomotiv - Ford Cargo Yedek Par&ccedil;a","description":"\u00dcr\u00fcn Ad\u0131 : FORD CARGO K\u0130LOMETRE SAAT\u0130 2524-3230 \u00dcr\u00fcn Kodu : 2C46 10849 AA OEM : 2C4610849AA Barkod : FORD OTOSAN 2C46 10849 AA Finnish : T115988","robots":{"index":"index","follow":"follow","max-snippet":"max-snippet:-1","max-image-preview":"max-image-preview:large","max-video-preview":"max-video-preview:-1"},"canonical":"https:\/\/fordcargoparca.com\/ru\/urunler\/\u0444\u043e\u0440\u0434-\u0433\u0440\u0443\u0437\u043e\u0432\u043e\u0439-\u043c\u0438\u043b\u044c-\u0447\u0430\u0441-2524-3230-2c46-10849-\u0430\u0430\/","og_locale":"ru_RU","og_type":"article","og_title":"FORD CARGO K\u0130LOMETRE SAAT\u0130 2524-3230 - 2C46 10849 AA - Kamil Y\u0131lmaz Otomotiv - Ford Cargo Yedek Par&ccedil;a","og_description":"\u00dcr\u00fcn Ad\u0131 : FORD CARGO K\u0130LOMETRE SAAT\u0130 2524-3230 \u00dcr\u00fcn Kodu : 2C46 10849 AA OEM : 2C4610849AA Barkod : FORD OTOSAN 2C46 10849 AA Finnish : T115988","og_url":"https:\/\/fordcargoparca.com\/ru\/urunler\/\u0444\u043e\u0440\u0434-\u0433\u0440\u0443\u0437\u043e\u0432\u043e\u0439-\u043c\u0438\u043b\u044c-\u0447\u0430\u0441-2524-3230-2c46-10849-\u0430\u0430\/","og_site_name":"Kamil Y\u0131lmaz Otomotiv - Ford Cargo Yedek Par&ccedil;a","article_publisher":"https:\/\/www.facebook.com\/fordtrucksparts\/","twitter_card":"summary_large_image","schema":{"@context":"https:\/\/schema.org","@graph":[{"@type":"WebPage","@id":"https:\/\/fordcargoparca.com\/urunler\/ford-cargo-kilometre-saati-2524-3230-2c46-10849-aa\/","url":"https:\/\/fordcargoparca.com\/urunler\/ford-cargo-kilometre-saati-2524-3230-2c46-10849-aa\/","name":"FORD CARGO K\u0130LOMETRE SAAT\u0130 2524-3230 - 2C46 10849 AA - Kamil Y\u0131lmaz Otomotiv - Ford Cargo Yedek Par&ccedil;a","isPartOf":{"@id":"https:\/\/fordcargoparca.com\/#website"},"datePublished":"2023-07-15T08:30:33+00:00","dateModified":"2023-07-15T08:30:33+00:00","description":"\u00dcr\u00fcn Ad\u0131 : FORD CARGO K\u0130LOMETRE SAAT\u0130 2524-3230 \u00dcr\u00fcn Kodu : 2C46 10849 AA OEM : 2C4610849AA Barkod : FORD OTOSAN 2C46 10849 AA Finnish : T115988","breadcrumb":{"@id":"https:\/\/fordcargoparca.com\/urunler\/ford-cargo-kilometre-saati-2524-3230-2c46-10849-aa\/#breadcrumb"},"inLanguage":"ru-RU","potentialAction":[{"@type":"ReadAction","target":["https:\/\/fordcargoparca.com\/urunler\/ford-cargo-kilometre-saati-2524-3230-2c46-10849-aa\/"]}]},{"@type":"BreadcrumbList","@id":"https:\/\/fordcargoparca.com\/urunler\/ford-cargo-kilometre-saati-2524-3230-2c46-10849-aa\/#breadcrumb","itemListElement":[{"@type":"ListItem","position":1,"name":"Anasayfa","item":"https:\/\/fordcargoparca.com\/"},{"@type":"ListItem","position":2,"name":"\u00dcr\u00fcnler","item":"https:\/\/fordcargoparca.com\/urunler\/"},{"@type":"ListItem","position":3,"name":"FORD CARGO K\u0130LOMETRE SAAT\u0130 2524-3230 &#8211; 2C46 10849 AA"}]},{"@type":"WebSite","@id":"https:\/\/fordcargoparca.com\/#website","url":"https:\/\/fordcargoparca.com\/","name":"Kamil Y\u0131lmaz Otomotiv - Ford Cargo Par\u00e7a","description":"","publisher":{"@id":"https:\/\/fordcargoparca.com\/#organization"},"potentialAction":[{"@type":"SearchAction","target":{"@type":"EntryPoint","urlTemplate":"https:\/\/fordcargoparca.com\/?s={search_term_string}"},"query-input":"required name=search_term_string"}],"inLanguage":"ru-RU"},{"@type":"Organization","@id":"https:\/\/fordcargoparca.com\/#organization","name":"Kamil Y\u0131lmaz Otomotiv - Ford Cargo Par\u00e7a","url":"https:\/\/fordcargoparca.com\/","logo":{"@type":"ImageObject","inLanguage":"ru-RU","@id":"https:\/\/fordcargoparca.com\/#\/schema\/logo\/image\/","url":"https:\/\/fordcargoparca.com\/wp-content\/uploads\/2023\/07\/cropped-kamilyilmazlogo3.png","contentUrl":"https:\/\/fordcargoparca.com\/wp-content\/uploads\/2023\/07\/cropped-kamilyilmazlogo3.png","width":1080,"height":720,"caption":"Kamil Y\u0131lmaz Otomotiv - Ford Cargo Par\u00e7a"},"image":{"@id":"https:\/\/fordcargoparca.com\/#\/schema\/logo\/image\/"},"sameAs":["https:\/\/www.facebook.com\/fordtrucksparts\/","https:\/\/www.instagram.com\/kamilyilmazotomotiv\/"]}]}},"_links":{"self":[{"href":"https:\/\/fordcargoparca.com\/ru\/wp-json\/wp\/v2\/product\/4459"}],"collection":[{"href":"https:\/\/fordcargoparca.com\/ru\/wp-json\/wp\/v2\/product"}],"about":[{"href":"https:\/\/fordcargoparca.com\/ru\/wp-json\/wp\/v2\/types\/product"}],"version-history":[{"count":1,"href":"https:\/\/fordcargoparca.com\/ru\/wp-json\/wp\/v2\/product\/4459\/revisions"}],"predecessor-version":[{"id":4460,"href":"https:\/\/fordcargoparca.com\/ru\/wp-json\/wp\/v2\/product\/4459\/revisions\/4460"}],"wp:attachment":[{"href":"https:\/\/fordcargoparca.com\/ru\/wp-json\/wp\/v2\/media?parent=4459"}],"wp:term":[{"taxonomy":"product_cat","embeddable":true,"href":"https:\/\/fordcargoparca.com\/ru\/wp-json\/wp\/v2\/product_cat?post=4459"},{"taxonomy":"product_tag","embeddable":true,"href":"https:\/\/fordcargoparca.com\/ru\/wp-json\/wp\/v2\/product_tag?post=4459"}],"curies":[{"name":"wp","href":"https:\/\/api.w.org\/{rel}","templated":true}]}}