{"id":4697,"date":"2023-07-16T13:52:51","date_gmt":"2023-07-16T10:52:51","guid":{"rendered":"https:\/\/fordcargoparca.com\/?post_type=product&#038;p=4697"},"modified":"2023-07-16T13:52:52","modified_gmt":"2023-07-16T10:52:52","slug":"kapi-cami-acma-anahtari-1838-4136-6c46-14b132-ag","status":"publish","type":"product","link":"https:\/\/fordcargoparca.com\/ru\/urunler\/%d0%b4%d0%b2%d0%b5%d1%80%d1%8c-%d0%bc%d0%b5%d1%87%d0%b5%d1%82%d1%8c-%d0%be%d1%82%d0%ba%d1%80%d1%8b%d1%82%d1%8c-%d0%b2%d1%8b%d0%ba%d0%bb%d1%8e%d1%87%d0%b0%d1%82%d0%b5%d0%bb%d1%8c-1838-4136-6c46-14b132\/","title":{"rendered":"\u0412\u042b\u041a\u041b\u042e\u0427\u0410\u0422\u0415\u041b\u042c \u041e\u0422\u041a\u0420\u042b\u0422\u0418\u042f \u0421\u0422\u0415\u041a\u041b\u0410 \u0414\u0412\u0415\u0420\u0418 1838-4136 \u2013 6C46 14B132 AG"},"content":{"rendered":"<p>\u041d\u0430\u0437\u0432\u0430\u043d\u0438\u0435 \u043f\u0440\u043e\u0434\u0443\u043a\u0442\u0430: \u0412\u042b\u041a\u041b\u042e\u0427\u0410\u0422\u0415\u041b\u042c \u041e\u0422\u041a\u0420\u042b\u0422\u0418\u042f \u0421\u0422\u0415\u041a\u041b\u0410 \u0414\u0412\u0415\u0420\u0418 1838-4136<br \/>\n\u041a\u043e\u0434 \u043f\u0440\u043e\u0434\u0443\u043a\u0442\u0430: 6C46 14B132 AG<br \/>\n\u041e\u042d\u041c: 6C4614B132AG<br \/>\n\u0428\u0442\u0440\u0438\u0445-\u043a\u043e\u0434: FORD OTOSAN 6C46 14B132 AG<br \/>\n\u0424\u0438\u043d\u0441\u043a\u0438\u0439: T226504<\/p>","protected":false},"excerpt":{"rendered":"<p>\u041d\u0430\u0437\u0432\u0430\u043d\u0438\u0435 \u043f\u0440\u043e\u0434\u0443\u043a\u0442\u0430: \u0412\u042b\u041a\u041b\u042e\u0427\u0410\u0422\u0415\u041b\u042c \u041e\u0422\u041a\u0420\u042b\u0422\u0418\u042f \u0421\u0422\u0415\u041a\u041b\u0410 \u0414\u0412\u0415\u0420\u0418 1838-4136<br \/>\n\u041a\u043e\u0434 \u043f\u0440\u043e\u0434\u0443\u043a\u0442\u0430: 6C46 14B132 AG<br \/>\n\u041e\u042d\u041c: 6C4614B132AG<br \/>\n\u0428\u0442\u0440\u0438\u0445-\u043a\u043e\u0434: FORD OTOSAN 6C46 14B132 AG<br \/>\n\u0424\u0438\u043d\u0441\u043a\u0438\u0439: T226504<\/p>","protected":false},"featured_media":4698,"template":"","meta":[],"product_cat":[124],"product_tag":[284],"class_list":{"0":"post-4697","1":"product","2":"type-product","3":"status-publish","4":"has-post-thumbnail","6":"product_cat-elektrik","7":"product_tag-kapi-cami-acma-anahtari-1838-4136-6c46-14b132-ag","8":"badges-style-3","10":"first","11":"instock","12":"shipping-taxable","13":"product-type-simple"},"yoast_head":"<!-- This site is optimized with the Yoast SEO plugin v23.0 - https:\/\/yoast.com\/wordpress\/plugins\/seo\/ -->\n<title>KAPI CAMI A\u00c7MA ANAHTARI 1838-4136 - 6C46 14B132 AG - Kamil Y\u0131lmaz Otomotiv - Ford Cargo Yedek Par&ccedil;a<\/title>\n<meta name=\"description\" content=\"\u00dcr\u00fcn Ad\u0131 : KAPI CAMI A\u00c7MA ANAHTARI 1838-4136 \u00dcr\u00fcn Kodu : 6C46 14B132 AG OEM : 6C4614B132AG Barkod : FORD OTOSAN 6C46 14B132 AG Finnish : T226504\" \/>\n<meta name=\"robots\" content=\"index, follow, max-snippet:-1, max-image-preview:large, max-video-preview:-1\" \/>\n<link rel=\"canonical\" href=\"https:\/\/fordcargoparca.com\/ru\/urunler\/\u0434\u0432\u0435\u0440\u044c-\u043c\u0435\u0447\u0435\u0442\u044c-\u043e\u0442\u043a\u0440\u044b\u0442\u044c-\u0432\u044b\u043a\u043b\u044e\u0447\u0430\u0442\u0435\u043b\u044c-1838-4136-6c46-14b132\/\" \/>\n<meta property=\"og:locale\" content=\"ru_RU\" \/>\n<meta property=\"og:type\" content=\"article\" \/>\n<meta property=\"og:title\" content=\"KAPI CAMI A\u00c7MA ANAHTARI 1838-4136 - 6C46 14B132 AG - Kamil Y\u0131lmaz Otomotiv - Ford Cargo Yedek Par&ccedil;a\" \/>\n<meta property=\"og:description\" content=\"\u00dcr\u00fcn Ad\u0131 : KAPI CAMI A\u00c7MA ANAHTARI 1838-4136 \u00dcr\u00fcn Kodu : 6C46 14B132 AG OEM : 6C4614B132AG Barkod : FORD OTOSAN 6C46 14B132 AG Finnish : T226504\" \/>\n<meta property=\"og:url\" content=\"https:\/\/fordcargoparca.com\/ru\/urunler\/\u0434\u0432\u0435\u0440\u044c-\u043c\u0435\u0447\u0435\u0442\u044c-\u043e\u0442\u043a\u0440\u044b\u0442\u044c-\u0432\u044b\u043a\u043b\u044e\u0447\u0430\u0442\u0435\u043b\u044c-1838-4136-6c46-14b132\/\" \/>\n<meta property=\"og:site_name\" content=\"Kamil Y\u0131lmaz Otomotiv - Ford Cargo Yedek Par&ccedil;a\" \/>\n<meta property=\"article:publisher\" content=\"https:\/\/www.facebook.com\/fordtrucksparts\/\" \/>\n<meta property=\"article:modified_time\" content=\"2023-07-16T10:52:52+00:00\" \/>\n<meta property=\"og:image\" content=\"https:\/\/fordcargoparca.com\/wp-content\/uploads\/2023\/07\/6C4614B132AG.jpg\" \/>\n\t<meta property=\"og:image:width\" content=\"902\" \/>\n\t<meta property=\"og:image:height\" content=\"773\" \/>\n\t<meta property=\"og:image:type\" content=\"image\/jpeg\" \/>\n<meta name=\"twitter:card\" content=\"summary_large_image\" \/>\n<script type=\"application\/ld+json\" class=\"yoast-schema-graph\">{\"@context\":\"https:\/\/schema.org\",\"@graph\":[{\"@type\":\"WebPage\",\"@id\":\"https:\/\/fordcargoparca.com\/urunler\/kapi-cami-acma-anahtari-1838-4136-6c46-14b132-ag\/\",\"url\":\"https:\/\/fordcargoparca.com\/urunler\/kapi-cami-acma-anahtari-1838-4136-6c46-14b132-ag\/\",\"name\":\"KAPI CAMI A\u00c7MA ANAHTARI 1838-4136 - 6C46 14B132 AG - Kamil Y\u0131lmaz Otomotiv - Ford Cargo Yedek Par&ccedil;a\",\"isPartOf\":{\"@id\":\"https:\/\/fordcargoparca.com\/#website\"},\"primaryImageOfPage\":{\"@id\":\"https:\/\/fordcargoparca.com\/urunler\/kapi-cami-acma-anahtari-1838-4136-6c46-14b132-ag\/#primaryimage\"},\"image\":{\"@id\":\"https:\/\/fordcargoparca.com\/urunler\/kapi-cami-acma-anahtari-1838-4136-6c46-14b132-ag\/#primaryimage\"},\"thumbnailUrl\":\"https:\/\/fordcargoparca.com\/wp-content\/uploads\/2023\/07\/6C4614B132AG.jpg\",\"datePublished\":\"2023-07-16T10:52:51+00:00\",\"dateModified\":\"2023-07-16T10:52:52+00:00\",\"description\":\"\u00dcr\u00fcn Ad\u0131 : KAPI CAMI A\u00c7MA ANAHTARI 1838-4136 \u00dcr\u00fcn Kodu : 6C46 14B132 AG OEM : 6C4614B132AG Barkod : FORD OTOSAN 6C46 14B132 AG Finnish : T226504\",\"breadcrumb\":{\"@id\":\"https:\/\/fordcargoparca.com\/urunler\/kapi-cami-acma-anahtari-1838-4136-6c46-14b132-ag\/#breadcrumb\"},\"inLanguage\":\"ru-RU\",\"potentialAction\":[{\"@type\":\"ReadAction\",\"target\":[\"https:\/\/fordcargoparca.com\/urunler\/kapi-cami-acma-anahtari-1838-4136-6c46-14b132-ag\/\"]}]},{\"@type\":\"ImageObject\",\"inLanguage\":\"ru-RU\",\"@id\":\"https:\/\/fordcargoparca.com\/urunler\/kapi-cami-acma-anahtari-1838-4136-6c46-14b132-ag\/#primaryimage\",\"url\":\"https:\/\/fordcargoparca.com\/wp-content\/uploads\/2023\/07\/6C4614B132AG.jpg\",\"contentUrl\":\"https:\/\/fordcargoparca.com\/wp-content\/uploads\/2023\/07\/6C4614B132AG.jpg\",\"width\":902,\"height\":773},{\"@type\":\"BreadcrumbList\",\"@id\":\"https:\/\/fordcargoparca.com\/urunler\/kapi-cami-acma-anahtari-1838-4136-6c46-14b132-ag\/#breadcrumb\",\"itemListElement\":[{\"@type\":\"ListItem\",\"position\":1,\"name\":\"Anasayfa\",\"item\":\"https:\/\/fordcargoparca.com\/\"},{\"@type\":\"ListItem\",\"position\":2,\"name\":\"\u00dcr\u00fcnler\",\"item\":\"https:\/\/fordcargoparca.com\/urunler\/\"},{\"@type\":\"ListItem\",\"position\":3,\"name\":\"KAPI CAMI A\u00c7MA ANAHTARI 1838-4136 &#8211; 6C46 14B132 AG\"}]},{\"@type\":\"WebSite\",\"@id\":\"https:\/\/fordcargoparca.com\/#website\",\"url\":\"https:\/\/fordcargoparca.com\/\",\"name\":\"Kamil Y\u0131lmaz Otomotiv - Ford Cargo Par\u00e7a\",\"description\":\"\",\"publisher\":{\"@id\":\"https:\/\/fordcargoparca.com\/#organization\"},\"potentialAction\":[{\"@type\":\"SearchAction\",\"target\":{\"@type\":\"EntryPoint\",\"urlTemplate\":\"https:\/\/fordcargoparca.com\/?s={search_term_string}\"},\"query-input\":\"required name=search_term_string\"}],\"inLanguage\":\"ru-RU\"},{\"@type\":\"Organization\",\"@id\":\"https:\/\/fordcargoparca.com\/#organization\",\"name\":\"Kamil Y\u0131lmaz Otomotiv - Ford Cargo Par\u00e7a\",\"url\":\"https:\/\/fordcargoparca.com\/\",\"logo\":{\"@type\":\"ImageObject\",\"inLanguage\":\"ru-RU\",\"@id\":\"https:\/\/fordcargoparca.com\/#\/schema\/logo\/image\/\",\"url\":\"https:\/\/fordcargoparca.com\/wp-content\/uploads\/2023\/07\/cropped-kamilyilmazlogo3.png\",\"contentUrl\":\"https:\/\/fordcargoparca.com\/wp-content\/uploads\/2023\/07\/cropped-kamilyilmazlogo3.png\",\"width\":1080,\"height\":720,\"caption\":\"Kamil Y\u0131lmaz Otomotiv - Ford Cargo Par\u00e7a\"},\"image\":{\"@id\":\"https:\/\/fordcargoparca.com\/#\/schema\/logo\/image\/\"},\"sameAs\":[\"https:\/\/www.facebook.com\/fordtrucksparts\/\",\"https:\/\/www.instagram.com\/kamilyilmazotomotiv\/\"]}]}<\/script>\n<!-- \/ Yoast SEO plugin. -->","yoast_head_json":{"title":"KAPI CAMI A\u00c7MA ANAHTARI 1838-4136 - 6C46 14B132 AG - Kamil Y\u0131lmaz Otomotiv - Ford Cargo Yedek Par&ccedil;a","description":"\u00dcr\u00fcn Ad\u0131 : KAPI CAMI A\u00c7MA ANAHTARI 1838-4136 \u00dcr\u00fcn Kodu : 6C46 14B132 AG OEM : 6C4614B132AG Barkod : FORD OTOSAN 6C46 14B132 AG Finnish : T226504","robots":{"index":"index","follow":"follow","max-snippet":"max-snippet:-1","max-image-preview":"max-image-preview:large","max-video-preview":"max-video-preview:-1"},"canonical":"https:\/\/fordcargoparca.com\/ru\/urunler\/\u0434\u0432\u0435\u0440\u044c-\u043c\u0435\u0447\u0435\u0442\u044c-\u043e\u0442\u043a\u0440\u044b\u0442\u044c-\u0432\u044b\u043a\u043b\u044e\u0447\u0430\u0442\u0435\u043b\u044c-1838-4136-6c46-14b132\/","og_locale":"ru_RU","og_type":"article","og_title":"KAPI CAMI A\u00c7MA ANAHTARI 1838-4136 - 6C46 14B132 AG - Kamil Y\u0131lmaz Otomotiv - Ford Cargo Yedek Par&ccedil;a","og_description":"\u00dcr\u00fcn Ad\u0131 : KAPI CAMI A\u00c7MA ANAHTARI 1838-4136 \u00dcr\u00fcn Kodu : 6C46 14B132 AG OEM : 6C4614B132AG Barkod : FORD OTOSAN 6C46 14B132 AG Finnish : T226504","og_url":"https:\/\/fordcargoparca.com\/ru\/urunler\/\u0434\u0432\u0435\u0440\u044c-\u043c\u0435\u0447\u0435\u0442\u044c-\u043e\u0442\u043a\u0440\u044b\u0442\u044c-\u0432\u044b\u043a\u043b\u044e\u0447\u0430\u0442\u0435\u043b\u044c-1838-4136-6c46-14b132\/","og_site_name":"Kamil Y\u0131lmaz Otomotiv - Ford Cargo Yedek Par&ccedil;a","article_publisher":"https:\/\/www.facebook.com\/fordtrucksparts\/","article_modified_time":"2023-07-16T10:52:52+00:00","og_image":[{"width":902,"height":773,"url":"https:\/\/fordcargoparca.com\/wp-content\/uploads\/2023\/07\/6C4614B132AG.jpg","type":"image\/jpeg"}],"twitter_card":"summary_large_image","schema":{"@context":"https:\/\/schema.org","@graph":[{"@type":"WebPage","@id":"https:\/\/fordcargoparca.com\/urunler\/kapi-cami-acma-anahtari-1838-4136-6c46-14b132-ag\/","url":"https:\/\/fordcargoparca.com\/urunler\/kapi-cami-acma-anahtari-1838-4136-6c46-14b132-ag\/","name":"KAPI CAMI A\u00c7MA ANAHTARI 1838-4136 - 6C46 14B132 AG - Kamil Y\u0131lmaz Otomotiv - Ford Cargo Yedek Par&ccedil;a","isPartOf":{"@id":"https:\/\/fordcargoparca.com\/#website"},"primaryImageOfPage":{"@id":"https:\/\/fordcargoparca.com\/urunler\/kapi-cami-acma-anahtari-1838-4136-6c46-14b132-ag\/#primaryimage"},"image":{"@id":"https:\/\/fordcargoparca.com\/urunler\/kapi-cami-acma-anahtari-1838-4136-6c46-14b132-ag\/#primaryimage"},"thumbnailUrl":"https:\/\/fordcargoparca.com\/wp-content\/uploads\/2023\/07\/6C4614B132AG.jpg","datePublished":"2023-07-16T10:52:51+00:00","dateModified":"2023-07-16T10:52:52+00:00","description":"\u00dcr\u00fcn Ad\u0131 : KAPI CAMI A\u00c7MA ANAHTARI 1838-4136 \u00dcr\u00fcn Kodu : 6C46 14B132 AG OEM : 6C4614B132AG Barkod : FORD OTOSAN 6C46 14B132 AG Finnish : T226504","breadcrumb":{"@id":"https:\/\/fordcargoparca.com\/urunler\/kapi-cami-acma-anahtari-1838-4136-6c46-14b132-ag\/#breadcrumb"},"inLanguage":"ru-RU","potentialAction":[{"@type":"ReadAction","target":["https:\/\/fordcargoparca.com\/urunler\/kapi-cami-acma-anahtari-1838-4136-6c46-14b132-ag\/"]}]},{"@type":"ImageObject","inLanguage":"ru-RU","@id":"https:\/\/fordcargoparca.com\/urunler\/kapi-cami-acma-anahtari-1838-4136-6c46-14b132-ag\/#primaryimage","url":"https:\/\/fordcargoparca.com\/wp-content\/uploads\/2023\/07\/6C4614B132AG.jpg","contentUrl":"https:\/\/fordcargoparca.com\/wp-content\/uploads\/2023\/07\/6C4614B132AG.jpg","width":902,"height":773},{"@type":"BreadcrumbList","@id":"https:\/\/fordcargoparca.com\/urunler\/kapi-cami-acma-anahtari-1838-4136-6c46-14b132-ag\/#breadcrumb","itemListElement":[{"@type":"ListItem","position":1,"name":"Anasayfa","item":"https:\/\/fordcargoparca.com\/"},{"@type":"ListItem","position":2,"name":"\u00dcr\u00fcnler","item":"https:\/\/fordcargoparca.com\/urunler\/"},{"@type":"ListItem","position":3,"name":"KAPI CAMI A\u00c7MA ANAHTARI 1838-4136 &#8211; 6C46 14B132 AG"}]},{"@type":"WebSite","@id":"https:\/\/fordcargoparca.com\/#website","url":"https:\/\/fordcargoparca.com\/","name":"Kamil Y\u0131lmaz Otomotiv - Ford Cargo Par\u00e7a","description":"","publisher":{"@id":"https:\/\/fordcargoparca.com\/#organization"},"potentialAction":[{"@type":"SearchAction","target":{"@type":"EntryPoint","urlTemplate":"https:\/\/fordcargoparca.com\/?s={search_term_string}"},"query-input":"required name=search_term_string"}],"inLanguage":"ru-RU"},{"@type":"Organization","@id":"https:\/\/fordcargoparca.com\/#organization","name":"Kamil Y\u0131lmaz Otomotiv - Ford Cargo Par\u00e7a","url":"https:\/\/fordcargoparca.com\/","logo":{"@type":"ImageObject","inLanguage":"ru-RU","@id":"https:\/\/fordcargoparca.com\/#\/schema\/logo\/image\/","url":"https:\/\/fordcargoparca.com\/wp-content\/uploads\/2023\/07\/cropped-kamilyilmazlogo3.png","contentUrl":"https:\/\/fordcargoparca.com\/wp-content\/uploads\/2023\/07\/cropped-kamilyilmazlogo3.png","width":1080,"height":720,"caption":"Kamil Y\u0131lmaz Otomotiv - Ford Cargo Par\u00e7a"},"image":{"@id":"https:\/\/fordcargoparca.com\/#\/schema\/logo\/image\/"},"sameAs":["https:\/\/www.facebook.com\/fordtrucksparts\/","https:\/\/www.instagram.com\/kamilyilmazotomotiv\/"]}]}},"_links":{"self":[{"href":"https:\/\/fordcargoparca.com\/ru\/wp-json\/wp\/v2\/product\/4697"}],"collection":[{"href":"https:\/\/fordcargoparca.com\/ru\/wp-json\/wp\/v2\/product"}],"about":[{"href":"https:\/\/fordcargoparca.com\/ru\/wp-json\/wp\/v2\/types\/product"}],"version-history":[{"count":1,"href":"https:\/\/fordcargoparca.com\/ru\/wp-json\/wp\/v2\/product\/4697\/revisions"}],"predecessor-version":[{"id":4699,"href":"https:\/\/fordcargoparca.com\/ru\/wp-json\/wp\/v2\/product\/4697\/revisions\/4699"}],"wp:featuredmedia":[{"embeddable":true,"href":"https:\/\/fordcargoparca.com\/ru\/wp-json\/wp\/v2\/media\/4698"}],"wp:attachment":[{"href":"https:\/\/fordcargoparca.com\/ru\/wp-json\/wp\/v2\/media?parent=4697"}],"wp:term":[{"taxonomy":"product_cat","embeddable":true,"href":"https:\/\/fordcargoparca.com\/ru\/wp-json\/wp\/v2\/product_cat?post=4697"},{"taxonomy":"product_tag","embeddable":true,"href":"https:\/\/fordcargoparca.com\/ru\/wp-json\/wp\/v2\/product_tag?post=4697"}],"curies":[{"name":"wp","href":"https:\/\/api.w.org\/{rel}","templated":true}]}}