{"id":4817,"date":"2023-07-16T16:24:53","date_gmt":"2023-07-16T13:24:53","guid":{"rendered":"https:\/\/fordcargoparca.com\/?post_type=product&#038;p=4817"},"modified":"2023-07-16T16:24:54","modified_gmt":"2023-07-16T13:24:54","slug":"ford-f-max-taban-deflektoru-sol-jc46-e001a07-aeb5qn","status":"publish","type":"product","link":"https:\/\/fordcargoparca.com\/ru\/urunler\/ford-f-max-taban-deflektoru-sol-jc46-e001a07-aeb5qn\/","title":{"rendered":"FORD F-MAX \u041d\u0410\u041f\u041e\u041b\u042c\u041d\u042b\u0419 \u0414\u0415\u0424\u041b\u0415\u041a\u0422\u041e\u0420 \u041b\u0415\u0412\u042b\u0419 \u2014 JC46 E001A07 AEB5QN"},"content":{"rendered":"<p>\u041d\u0430\u0437\u0432\u0430\u043d\u0438\u0435 \u043f\u0440\u043e\u0434\u0443\u043a\u0442\u0430: FORD F-MAX \u041d\u0410\u041f\u041e\u041b\u042c\u041d\u042b\u0419 \u0414\u0415\u0424\u041b\u0415\u041a\u0422\u041e\u0420 \u041b\u0415\u0412\u042b\u0419<br \/>\n\u041a\u043e\u0434 \u043f\u0440\u043e\u0434\u0443\u043a\u0442\u0430: JC46 E001A07 AEB5QN<br \/>\nOEM: JC46E001A07AEB5QN<br \/>\n\u0428\u0442\u0440\u0438\u0445-\u043a\u043e\u0434: FORD OTOSAN JC46 E001A07 AEB5QN<br \/>\n\u0424\u0438\u043d\u0441\u043a\u0438\u0439: T314854<\/p>","protected":false},"excerpt":{"rendered":"<p>\u041d\u0430\u0437\u0432\u0430\u043d\u0438\u0435 \u043f\u0440\u043e\u0434\u0443\u043a\u0442\u0430: FORD F-MAX \u041d\u0410\u041f\u041e\u041b\u042c\u041d\u042b\u0419 \u0414\u0415\u0424\u041b\u0415\u041a\u0422\u041e\u0420 \u041b\u0415\u0412\u042b\u0419<br \/>\n\u041a\u043e\u0434 \u043f\u0440\u043e\u0434\u0443\u043a\u0442\u0430: JC46 E001A07 AEB5QN<br \/>\nOEM: JC46E001A07AEB5QN<br \/>\n\u0428\u0442\u0440\u0438\u0445-\u043a\u043e\u0434: FORD OTOSAN JC46 E001A07 AEB5QN<br \/>\n\u0424\u0438\u043d\u0441\u043a\u0438\u0439: T314854<\/p>","protected":false},"featured_media":0,"template":"","meta":[],"product_cat":[122],"product_tag":[338],"class_list":{"0":"post-4817","1":"product","2":"type-product","3":"status-publish","5":"product_cat-kaporta","6":"product_tag-ford-f-max-taban-deflektoru-sol-jc46-e001a07-aeb5qn","7":"badges-style-3","9":"first","10":"instock","11":"shipping-taxable","12":"product-type-simple"},"yoast_head":"<!-- This site is optimized with the Yoast SEO plugin v23.0 - https:\/\/yoast.com\/wordpress\/plugins\/seo\/ -->\n<title>FORD F-MAX TABAN DEFLEKT\u00d6R\u00dc SOL - JC46 E001A07 AEB5QN - Kamil Y\u0131lmaz Otomotiv - Ford Cargo Yedek Par&ccedil;a<\/title>\n<meta name=\"description\" content=\"\u00dcr\u00fcn Ad\u0131 : FORD F-MAX TABAN DEFLEKT\u00d6R\u00dc SOL \u00dcr\u00fcn Kodu : JC46 E001A07 AEB5QN OEM : JC46E001A07AEB5QN Barkod : FORD OTOSAN JC46 E001A07 AEB5QN Finnish : T314854\" \/>\n<meta name=\"robots\" content=\"index, follow, max-snippet:-1, max-image-preview:large, max-video-preview:-1\" \/>\n<link rel=\"canonical\" href=\"https:\/\/fordcargoparca.com\/ru\/urunler\/ford-f-max-taban-deflektoru-sol-jc46-e001a07-aeb5qn\/\" \/>\n<meta property=\"og:locale\" content=\"ru_RU\" \/>\n<meta property=\"og:type\" content=\"article\" \/>\n<meta property=\"og:title\" content=\"FORD F-MAX TABAN DEFLEKT\u00d6R\u00dc SOL - JC46 E001A07 AEB5QN - Kamil Y\u0131lmaz Otomotiv - Ford Cargo Yedek Par&ccedil;a\" \/>\n<meta property=\"og:description\" content=\"\u00dcr\u00fcn Ad\u0131 : FORD F-MAX TABAN DEFLEKT\u00d6R\u00dc SOL \u00dcr\u00fcn Kodu : JC46 E001A07 AEB5QN OEM : JC46E001A07AEB5QN Barkod : FORD OTOSAN JC46 E001A07 AEB5QN Finnish : T314854\" \/>\n<meta property=\"og:url\" content=\"https:\/\/fordcargoparca.com\/ru\/urunler\/ford-f-max-taban-deflektoru-sol-jc46-e001a07-aeb5qn\/\" \/>\n<meta property=\"og:site_name\" content=\"Kamil Y\u0131lmaz Otomotiv - Ford Cargo Yedek Par&ccedil;a\" \/>\n<meta property=\"article:publisher\" content=\"https:\/\/www.facebook.com\/fordtrucksparts\/\" \/>\n<meta property=\"article:modified_time\" content=\"2023-07-16T13:24:54+00:00\" \/>\n<meta name=\"twitter:card\" content=\"summary_large_image\" \/>\n<script type=\"application\/ld+json\" class=\"yoast-schema-graph\">{\"@context\":\"https:\/\/schema.org\",\"@graph\":[{\"@type\":\"WebPage\",\"@id\":\"https:\/\/fordcargoparca.com\/urunler\/ford-f-max-taban-deflektoru-sol-jc46-e001a07-aeb5qn\/\",\"url\":\"https:\/\/fordcargoparca.com\/urunler\/ford-f-max-taban-deflektoru-sol-jc46-e001a07-aeb5qn\/\",\"name\":\"FORD F-MAX TABAN DEFLEKT\u00d6R\u00dc SOL - JC46 E001A07 AEB5QN - Kamil Y\u0131lmaz Otomotiv - Ford Cargo Yedek Par&ccedil;a\",\"isPartOf\":{\"@id\":\"https:\/\/fordcargoparca.com\/#website\"},\"datePublished\":\"2023-07-16T13:24:53+00:00\",\"dateModified\":\"2023-07-16T13:24:54+00:00\",\"description\":\"\u00dcr\u00fcn Ad\u0131 : FORD F-MAX TABAN DEFLEKT\u00d6R\u00dc SOL \u00dcr\u00fcn Kodu : JC46 E001A07 AEB5QN OEM : JC46E001A07AEB5QN Barkod : FORD OTOSAN JC46 E001A07 AEB5QN Finnish : T314854\",\"breadcrumb\":{\"@id\":\"https:\/\/fordcargoparca.com\/urunler\/ford-f-max-taban-deflektoru-sol-jc46-e001a07-aeb5qn\/#breadcrumb\"},\"inLanguage\":\"ru-RU\",\"potentialAction\":[{\"@type\":\"ReadAction\",\"target\":[\"https:\/\/fordcargoparca.com\/urunler\/ford-f-max-taban-deflektoru-sol-jc46-e001a07-aeb5qn\/\"]}]},{\"@type\":\"BreadcrumbList\",\"@id\":\"https:\/\/fordcargoparca.com\/urunler\/ford-f-max-taban-deflektoru-sol-jc46-e001a07-aeb5qn\/#breadcrumb\",\"itemListElement\":[{\"@type\":\"ListItem\",\"position\":1,\"name\":\"Anasayfa\",\"item\":\"https:\/\/fordcargoparca.com\/\"},{\"@type\":\"ListItem\",\"position\":2,\"name\":\"\u00dcr\u00fcnler\",\"item\":\"https:\/\/fordcargoparca.com\/urunler\/\"},{\"@type\":\"ListItem\",\"position\":3,\"name\":\"FORD F-MAX TABAN DEFLEKT\u00d6R\u00dc SOL &#8211; JC46 E001A07 AEB5QN\"}]},{\"@type\":\"WebSite\",\"@id\":\"https:\/\/fordcargoparca.com\/#website\",\"url\":\"https:\/\/fordcargoparca.com\/\",\"name\":\"Kamil Y\u0131lmaz Otomotiv - Ford Cargo Par\u00e7a\",\"description\":\"\",\"publisher\":{\"@id\":\"https:\/\/fordcargoparca.com\/#organization\"},\"potentialAction\":[{\"@type\":\"SearchAction\",\"target\":{\"@type\":\"EntryPoint\",\"urlTemplate\":\"https:\/\/fordcargoparca.com\/?s={search_term_string}\"},\"query-input\":\"required name=search_term_string\"}],\"inLanguage\":\"ru-RU\"},{\"@type\":\"Organization\",\"@id\":\"https:\/\/fordcargoparca.com\/#organization\",\"name\":\"Kamil Y\u0131lmaz Otomotiv - Ford Cargo Par\u00e7a\",\"url\":\"https:\/\/fordcargoparca.com\/\",\"logo\":{\"@type\":\"ImageObject\",\"inLanguage\":\"ru-RU\",\"@id\":\"https:\/\/fordcargoparca.com\/#\/schema\/logo\/image\/\",\"url\":\"https:\/\/fordcargoparca.com\/wp-content\/uploads\/2023\/07\/cropped-kamilyilmazlogo3.png\",\"contentUrl\":\"https:\/\/fordcargoparca.com\/wp-content\/uploads\/2023\/07\/cropped-kamilyilmazlogo3.png\",\"width\":1080,\"height\":720,\"caption\":\"Kamil Y\u0131lmaz Otomotiv - Ford Cargo Par\u00e7a\"},\"image\":{\"@id\":\"https:\/\/fordcargoparca.com\/#\/schema\/logo\/image\/\"},\"sameAs\":[\"https:\/\/www.facebook.com\/fordtrucksparts\/\",\"https:\/\/www.instagram.com\/kamilyilmazotomotiv\/\"]}]}<\/script>\n<!-- \/ Yoast SEO plugin. -->","yoast_head_json":{"title":"FORD F-MAX TABAN DEFLEKT\u00d6R\u00dc SOL - JC46 E001A07 AEB5QN - Kamil Y\u0131lmaz Otomotiv - Ford Cargo Yedek Par&ccedil;a","description":"\u00dcr\u00fcn Ad\u0131 : FORD F-MAX TABAN DEFLEKT\u00d6R\u00dc SOL \u00dcr\u00fcn Kodu : JC46 E001A07 AEB5QN OEM : JC46E001A07AEB5QN Barkod : FORD OTOSAN JC46 E001A07 AEB5QN Finnish : T314854","robots":{"index":"index","follow":"follow","max-snippet":"max-snippet:-1","max-image-preview":"max-image-preview:large","max-video-preview":"max-video-preview:-1"},"canonical":"https:\/\/fordcargoparca.com\/ru\/urunler\/ford-f-max-taban-deflektoru-sol-jc46-e001a07-aeb5qn\/","og_locale":"ru_RU","og_type":"article","og_title":"FORD F-MAX TABAN DEFLEKT\u00d6R\u00dc SOL - JC46 E001A07 AEB5QN - Kamil Y\u0131lmaz Otomotiv - Ford Cargo Yedek Par&ccedil;a","og_description":"\u00dcr\u00fcn Ad\u0131 : FORD F-MAX TABAN DEFLEKT\u00d6R\u00dc SOL \u00dcr\u00fcn Kodu : JC46 E001A07 AEB5QN OEM : JC46E001A07AEB5QN Barkod : FORD OTOSAN JC46 E001A07 AEB5QN Finnish : T314854","og_url":"https:\/\/fordcargoparca.com\/ru\/urunler\/ford-f-max-taban-deflektoru-sol-jc46-e001a07-aeb5qn\/","og_site_name":"Kamil Y\u0131lmaz Otomotiv - Ford Cargo Yedek Par&ccedil;a","article_publisher":"https:\/\/www.facebook.com\/fordtrucksparts\/","article_modified_time":"2023-07-16T13:24:54+00:00","twitter_card":"summary_large_image","schema":{"@context":"https:\/\/schema.org","@graph":[{"@type":"WebPage","@id":"https:\/\/fordcargoparca.com\/urunler\/ford-f-max-taban-deflektoru-sol-jc46-e001a07-aeb5qn\/","url":"https:\/\/fordcargoparca.com\/urunler\/ford-f-max-taban-deflektoru-sol-jc46-e001a07-aeb5qn\/","name":"FORD F-MAX TABAN DEFLEKT\u00d6R\u00dc SOL - JC46 E001A07 AEB5QN - Kamil Y\u0131lmaz Otomotiv - Ford Cargo Yedek Par&ccedil;a","isPartOf":{"@id":"https:\/\/fordcargoparca.com\/#website"},"datePublished":"2023-07-16T13:24:53+00:00","dateModified":"2023-07-16T13:24:54+00:00","description":"\u00dcr\u00fcn Ad\u0131 : FORD F-MAX TABAN DEFLEKT\u00d6R\u00dc SOL \u00dcr\u00fcn Kodu : JC46 E001A07 AEB5QN OEM : JC46E001A07AEB5QN Barkod : FORD OTOSAN JC46 E001A07 AEB5QN Finnish : T314854","breadcrumb":{"@id":"https:\/\/fordcargoparca.com\/urunler\/ford-f-max-taban-deflektoru-sol-jc46-e001a07-aeb5qn\/#breadcrumb"},"inLanguage":"ru-RU","potentialAction":[{"@type":"ReadAction","target":["https:\/\/fordcargoparca.com\/urunler\/ford-f-max-taban-deflektoru-sol-jc46-e001a07-aeb5qn\/"]}]},{"@type":"BreadcrumbList","@id":"https:\/\/fordcargoparca.com\/urunler\/ford-f-max-taban-deflektoru-sol-jc46-e001a07-aeb5qn\/#breadcrumb","itemListElement":[{"@type":"ListItem","position":1,"name":"Anasayfa","item":"https:\/\/fordcargoparca.com\/"},{"@type":"ListItem","position":2,"name":"\u00dcr\u00fcnler","item":"https:\/\/fordcargoparca.com\/urunler\/"},{"@type":"ListItem","position":3,"name":"FORD F-MAX TABAN DEFLEKT\u00d6R\u00dc SOL &#8211; JC46 E001A07 AEB5QN"}]},{"@type":"WebSite","@id":"https:\/\/fordcargoparca.com\/#website","url":"https:\/\/fordcargoparca.com\/","name":"Kamil Y\u0131lmaz Otomotiv - Ford Cargo Par\u00e7a","description":"","publisher":{"@id":"https:\/\/fordcargoparca.com\/#organization"},"potentialAction":[{"@type":"SearchAction","target":{"@type":"EntryPoint","urlTemplate":"https:\/\/fordcargoparca.com\/?s={search_term_string}"},"query-input":"required name=search_term_string"}],"inLanguage":"ru-RU"},{"@type":"Organization","@id":"https:\/\/fordcargoparca.com\/#organization","name":"Kamil Y\u0131lmaz Otomotiv - Ford Cargo Par\u00e7a","url":"https:\/\/fordcargoparca.com\/","logo":{"@type":"ImageObject","inLanguage":"ru-RU","@id":"https:\/\/fordcargoparca.com\/#\/schema\/logo\/image\/","url":"https:\/\/fordcargoparca.com\/wp-content\/uploads\/2023\/07\/cropped-kamilyilmazlogo3.png","contentUrl":"https:\/\/fordcargoparca.com\/wp-content\/uploads\/2023\/07\/cropped-kamilyilmazlogo3.png","width":1080,"height":720,"caption":"Kamil Y\u0131lmaz Otomotiv - Ford Cargo Par\u00e7a"},"image":{"@id":"https:\/\/fordcargoparca.com\/#\/schema\/logo\/image\/"},"sameAs":["https:\/\/www.facebook.com\/fordtrucksparts\/","https:\/\/www.instagram.com\/kamilyilmazotomotiv\/"]}]}},"_links":{"self":[{"href":"https:\/\/fordcargoparca.com\/ru\/wp-json\/wp\/v2\/product\/4817"}],"collection":[{"href":"https:\/\/fordcargoparca.com\/ru\/wp-json\/wp\/v2\/product"}],"about":[{"href":"https:\/\/fordcargoparca.com\/ru\/wp-json\/wp\/v2\/types\/product"}],"version-history":[{"count":1,"href":"https:\/\/fordcargoparca.com\/ru\/wp-json\/wp\/v2\/product\/4817\/revisions"}],"predecessor-version":[{"id":4818,"href":"https:\/\/fordcargoparca.com\/ru\/wp-json\/wp\/v2\/product\/4817\/revisions\/4818"}],"wp:attachment":[{"href":"https:\/\/fordcargoparca.com\/ru\/wp-json\/wp\/v2\/media?parent=4817"}],"wp:term":[{"taxonomy":"product_cat","embeddable":true,"href":"https:\/\/fordcargoparca.com\/ru\/wp-json\/wp\/v2\/product_cat?post=4817"},{"taxonomy":"product_tag","embeddable":true,"href":"https:\/\/fordcargoparca.com\/ru\/wp-json\/wp\/v2\/product_tag?post=4817"}],"curies":[{"name":"wp","href":"https:\/\/api.w.org\/{rel}","templated":true}]}}