{"id":4938,"date":"2023-07-16T17:48:15","date_gmt":"2023-07-16T14:48:15","guid":{"rendered":"https:\/\/fordcargoparca.com\/?post_type=product&#038;p=4938"},"modified":"2023-07-16T17:48:15","modified_gmt":"2023-07-16T14:48:15","slug":"ford-f-max-kep-kilitleme-pimi-arka-jc46-5c375-aa","status":"publish","type":"product","link":"https:\/\/fordcargoparca.com\/ru\/urunler\/ford-f-max-cap-locking-pin-rear-jc46-5c375-aa\/","title":{"rendered":"\u0417\u0410\u041c\u041e\u041a \u041a\u0420\u042b\u0428\u041a\u0418 \u041a\u0420\u042b\u0428\u041a\u0418 FORD F-MAX \u0417\u0410\u0414\u041d\u0418\u0419 \u2014 JC46 5C375 AA"},"content":{"rendered":"<p>\u041d\u0430\u0437\u0432\u0430\u043d\u0438\u0435 \u043f\u0440\u043e\u0434\u0443\u043a\u0442\u0430: \u0417\u0410\u041c\u041e\u041a \u041a\u0420\u042b\u0428\u041a\u0418 FORD F-MAX \u0417\u0410\u0414\u041d\u0418\u0419<br \/>\n\u041a\u043e\u0434 \u043f\u0440\u043e\u0434\u0443\u043a\u0442\u0430: JC46 5C375 AA<br \/>\n\u041e\u042d\u041c: \u0414\u0416\u041a465\u041a375\u0410\u0410<br \/>\n\u0428\u0442\u0440\u0438\u0445-\u043a\u043e\u0434: FORD OTOSAN JC46 5C375 AA<br \/>\n\u0424\u0438\u043d\u0441\u043a\u0438\u0439: T288772<\/p>","protected":false},"excerpt":{"rendered":"<p>\u041d\u0430\u0437\u0432\u0430\u043d\u0438\u0435 \u043f\u0440\u043e\u0434\u0443\u043a\u0442\u0430: \u0417\u0410\u041c\u041e\u041a \u041a\u0420\u042b\u0428\u041a\u0418 FORD F-MAX \u0417\u0410\u0414\u041d\u0418\u0419<br \/>\n\u041a\u043e\u0434 \u043f\u0440\u043e\u0434\u0443\u043a\u0442\u0430: JC46 5C375 AA<br \/>\n\u041e\u042d\u041c: \u0414\u0416\u041a465\u041a375\u0410\u0410<br \/>\n\u0428\u0442\u0440\u0438\u0445-\u043a\u043e\u0434: FORD OTOSAN JC46 5C375 AA<br \/>\n\u0424\u0438\u043d\u0441\u043a\u0438\u0439: T288772<\/p>","protected":false},"featured_media":0,"template":"","meta":[],"product_cat":[122],"product_tag":[397],"class_list":{"0":"post-4938","1":"product","2":"type-product","3":"status-publish","5":"product_cat-kaporta","6":"product_tag-ford-f-max-kep-kilitleme-pimi-arka-jc46-5c375-aa","7":"badges-style-3","9":"first","10":"instock","11":"shipping-taxable","12":"product-type-simple"},"yoast_head":"<!-- This site is optimized with the Yoast SEO plugin v23.0 - https:\/\/yoast.com\/wordpress\/plugins\/seo\/ -->\n<title>FORD F-MAX KEP K\u0130L\u0130TLEME P\u0130M\u0130 ARKA - JC46 5C375 AA - Kamil Y\u0131lmaz Otomotiv - Ford Cargo Yedek Par&ccedil;a<\/title>\n<meta name=\"description\" content=\"\u00dcr\u00fcn Ad\u0131 : FORD F-MAX KEP K\u0130L\u0130TLEME P\u0130M\u0130 ARKA \u00dcr\u00fcn Kodu : JC46 5C375 AA OEM : JC465C375AA Barkod : FORD OTOSAN JC46 5C375 AA Finnish : T288772\" \/>\n<meta name=\"robots\" content=\"index, follow, max-snippet:-1, max-image-preview:large, max-video-preview:-1\" \/>\n<link rel=\"canonical\" href=\"https:\/\/fordcargoparca.com\/ru\/urunler\/ford-f-max-cap-locking-pin-rear-jc46-5c375-aa\/\" \/>\n<meta property=\"og:locale\" content=\"ru_RU\" \/>\n<meta property=\"og:type\" content=\"article\" \/>\n<meta property=\"og:title\" content=\"FORD F-MAX KEP K\u0130L\u0130TLEME P\u0130M\u0130 ARKA - JC46 5C375 AA - Kamil Y\u0131lmaz Otomotiv - Ford Cargo Yedek Par&ccedil;a\" \/>\n<meta property=\"og:description\" content=\"\u00dcr\u00fcn Ad\u0131 : FORD F-MAX KEP K\u0130L\u0130TLEME P\u0130M\u0130 ARKA \u00dcr\u00fcn Kodu : JC46 5C375 AA OEM : JC465C375AA Barkod : FORD OTOSAN JC46 5C375 AA Finnish : T288772\" \/>\n<meta property=\"og:url\" content=\"https:\/\/fordcargoparca.com\/ru\/urunler\/ford-f-max-cap-locking-pin-rear-jc46-5c375-aa\/\" \/>\n<meta property=\"og:site_name\" content=\"Kamil Y\u0131lmaz Otomotiv - Ford Cargo Yedek Par&ccedil;a\" \/>\n<meta property=\"article:publisher\" content=\"https:\/\/www.facebook.com\/fordtrucksparts\/\" \/>\n<meta name=\"twitter:card\" content=\"summary_large_image\" \/>\n<script type=\"application\/ld+json\" class=\"yoast-schema-graph\">{\"@context\":\"https:\/\/schema.org\",\"@graph\":[{\"@type\":\"WebPage\",\"@id\":\"https:\/\/fordcargoparca.com\/urunler\/ford-f-max-kep-kilitleme-pimi-arka-jc46-5c375-aa\/\",\"url\":\"https:\/\/fordcargoparca.com\/urunler\/ford-f-max-kep-kilitleme-pimi-arka-jc46-5c375-aa\/\",\"name\":\"FORD F-MAX KEP K\u0130L\u0130TLEME P\u0130M\u0130 ARKA - JC46 5C375 AA - Kamil Y\u0131lmaz Otomotiv - Ford Cargo Yedek Par&ccedil;a\",\"isPartOf\":{\"@id\":\"https:\/\/fordcargoparca.com\/#website\"},\"datePublished\":\"2023-07-16T14:48:15+00:00\",\"dateModified\":\"2023-07-16T14:48:15+00:00\",\"description\":\"\u00dcr\u00fcn Ad\u0131 : FORD F-MAX KEP K\u0130L\u0130TLEME P\u0130M\u0130 ARKA \u00dcr\u00fcn Kodu : JC46 5C375 AA OEM : JC465C375AA Barkod : FORD OTOSAN JC46 5C375 AA Finnish : T288772\",\"breadcrumb\":{\"@id\":\"https:\/\/fordcargoparca.com\/urunler\/ford-f-max-kep-kilitleme-pimi-arka-jc46-5c375-aa\/#breadcrumb\"},\"inLanguage\":\"ru-RU\",\"potentialAction\":[{\"@type\":\"ReadAction\",\"target\":[\"https:\/\/fordcargoparca.com\/urunler\/ford-f-max-kep-kilitleme-pimi-arka-jc46-5c375-aa\/\"]}]},{\"@type\":\"BreadcrumbList\",\"@id\":\"https:\/\/fordcargoparca.com\/urunler\/ford-f-max-kep-kilitleme-pimi-arka-jc46-5c375-aa\/#breadcrumb\",\"itemListElement\":[{\"@type\":\"ListItem\",\"position\":1,\"name\":\"Anasayfa\",\"item\":\"https:\/\/fordcargoparca.com\/\"},{\"@type\":\"ListItem\",\"position\":2,\"name\":\"\u00dcr\u00fcnler\",\"item\":\"https:\/\/fordcargoparca.com\/urunler\/\"},{\"@type\":\"ListItem\",\"position\":3,\"name\":\"FORD F-MAX KEP K\u0130L\u0130TLEME P\u0130M\u0130 ARKA &#8211; JC46 5C375 AA\"}]},{\"@type\":\"WebSite\",\"@id\":\"https:\/\/fordcargoparca.com\/#website\",\"url\":\"https:\/\/fordcargoparca.com\/\",\"name\":\"Kamil Y\u0131lmaz Otomotiv - Ford Cargo Par\u00e7a\",\"description\":\"\",\"publisher\":{\"@id\":\"https:\/\/fordcargoparca.com\/#organization\"},\"potentialAction\":[{\"@type\":\"SearchAction\",\"target\":{\"@type\":\"EntryPoint\",\"urlTemplate\":\"https:\/\/fordcargoparca.com\/?s={search_term_string}\"},\"query-input\":\"required name=search_term_string\"}],\"inLanguage\":\"ru-RU\"},{\"@type\":\"Organization\",\"@id\":\"https:\/\/fordcargoparca.com\/#organization\",\"name\":\"Kamil Y\u0131lmaz Otomotiv - Ford Cargo Par\u00e7a\",\"url\":\"https:\/\/fordcargoparca.com\/\",\"logo\":{\"@type\":\"ImageObject\",\"inLanguage\":\"ru-RU\",\"@id\":\"https:\/\/fordcargoparca.com\/#\/schema\/logo\/image\/\",\"url\":\"https:\/\/fordcargoparca.com\/wp-content\/uploads\/2023\/07\/cropped-kamilyilmazlogo3.png\",\"contentUrl\":\"https:\/\/fordcargoparca.com\/wp-content\/uploads\/2023\/07\/cropped-kamilyilmazlogo3.png\",\"width\":1080,\"height\":720,\"caption\":\"Kamil Y\u0131lmaz Otomotiv - Ford Cargo Par\u00e7a\"},\"image\":{\"@id\":\"https:\/\/fordcargoparca.com\/#\/schema\/logo\/image\/\"},\"sameAs\":[\"https:\/\/www.facebook.com\/fordtrucksparts\/\",\"https:\/\/www.instagram.com\/kamilyilmazotomotiv\/\"]}]}<\/script>\n<!-- \/ Yoast SEO plugin. -->","yoast_head_json":{"title":"FORD F-MAX KEP K\u0130L\u0130TLEME P\u0130M\u0130 ARKA - JC46 5C375 AA - Kamil Y\u0131lmaz Otomotiv - Ford Cargo Yedek Par&ccedil;a","description":"\u00dcr\u00fcn Ad\u0131 : FORD F-MAX KEP K\u0130L\u0130TLEME P\u0130M\u0130 ARKA \u00dcr\u00fcn Kodu : JC46 5C375 AA OEM : JC465C375AA Barkod : FORD OTOSAN JC46 5C375 AA Finnish : T288772","robots":{"index":"index","follow":"follow","max-snippet":"max-snippet:-1","max-image-preview":"max-image-preview:large","max-video-preview":"max-video-preview:-1"},"canonical":"https:\/\/fordcargoparca.com\/ru\/urunler\/ford-f-max-cap-locking-pin-rear-jc46-5c375-aa\/","og_locale":"ru_RU","og_type":"article","og_title":"FORD F-MAX KEP K\u0130L\u0130TLEME P\u0130M\u0130 ARKA - JC46 5C375 AA - Kamil Y\u0131lmaz Otomotiv - Ford Cargo Yedek Par&ccedil;a","og_description":"\u00dcr\u00fcn Ad\u0131 : FORD F-MAX KEP K\u0130L\u0130TLEME P\u0130M\u0130 ARKA \u00dcr\u00fcn Kodu : JC46 5C375 AA OEM : JC465C375AA Barkod : FORD OTOSAN JC46 5C375 AA Finnish : T288772","og_url":"https:\/\/fordcargoparca.com\/ru\/urunler\/ford-f-max-cap-locking-pin-rear-jc46-5c375-aa\/","og_site_name":"Kamil Y\u0131lmaz Otomotiv - Ford Cargo Yedek Par&ccedil;a","article_publisher":"https:\/\/www.facebook.com\/fordtrucksparts\/","twitter_card":"summary_large_image","schema":{"@context":"https:\/\/schema.org","@graph":[{"@type":"WebPage","@id":"https:\/\/fordcargoparca.com\/urunler\/ford-f-max-kep-kilitleme-pimi-arka-jc46-5c375-aa\/","url":"https:\/\/fordcargoparca.com\/urunler\/ford-f-max-kep-kilitleme-pimi-arka-jc46-5c375-aa\/","name":"FORD F-MAX KEP K\u0130L\u0130TLEME P\u0130M\u0130 ARKA - JC46 5C375 AA - Kamil Y\u0131lmaz Otomotiv - Ford Cargo Yedek Par&ccedil;a","isPartOf":{"@id":"https:\/\/fordcargoparca.com\/#website"},"datePublished":"2023-07-16T14:48:15+00:00","dateModified":"2023-07-16T14:48:15+00:00","description":"\u00dcr\u00fcn Ad\u0131 : FORD F-MAX KEP K\u0130L\u0130TLEME P\u0130M\u0130 ARKA \u00dcr\u00fcn Kodu : JC46 5C375 AA OEM : JC465C375AA Barkod : FORD OTOSAN JC46 5C375 AA Finnish : T288772","breadcrumb":{"@id":"https:\/\/fordcargoparca.com\/urunler\/ford-f-max-kep-kilitleme-pimi-arka-jc46-5c375-aa\/#breadcrumb"},"inLanguage":"ru-RU","potentialAction":[{"@type":"ReadAction","target":["https:\/\/fordcargoparca.com\/urunler\/ford-f-max-kep-kilitleme-pimi-arka-jc46-5c375-aa\/"]}]},{"@type":"BreadcrumbList","@id":"https:\/\/fordcargoparca.com\/urunler\/ford-f-max-kep-kilitleme-pimi-arka-jc46-5c375-aa\/#breadcrumb","itemListElement":[{"@type":"ListItem","position":1,"name":"Anasayfa","item":"https:\/\/fordcargoparca.com\/"},{"@type":"ListItem","position":2,"name":"\u00dcr\u00fcnler","item":"https:\/\/fordcargoparca.com\/urunler\/"},{"@type":"ListItem","position":3,"name":"FORD F-MAX KEP K\u0130L\u0130TLEME P\u0130M\u0130 ARKA &#8211; JC46 5C375 AA"}]},{"@type":"WebSite","@id":"https:\/\/fordcargoparca.com\/#website","url":"https:\/\/fordcargoparca.com\/","name":"Kamil Y\u0131lmaz Otomotiv - Ford Cargo Par\u00e7a","description":"","publisher":{"@id":"https:\/\/fordcargoparca.com\/#organization"},"potentialAction":[{"@type":"SearchAction","target":{"@type":"EntryPoint","urlTemplate":"https:\/\/fordcargoparca.com\/?s={search_term_string}"},"query-input":"required name=search_term_string"}],"inLanguage":"ru-RU"},{"@type":"Organization","@id":"https:\/\/fordcargoparca.com\/#organization","name":"Kamil Y\u0131lmaz Otomotiv - Ford Cargo Par\u00e7a","url":"https:\/\/fordcargoparca.com\/","logo":{"@type":"ImageObject","inLanguage":"ru-RU","@id":"https:\/\/fordcargoparca.com\/#\/schema\/logo\/image\/","url":"https:\/\/fordcargoparca.com\/wp-content\/uploads\/2023\/07\/cropped-kamilyilmazlogo3.png","contentUrl":"https:\/\/fordcargoparca.com\/wp-content\/uploads\/2023\/07\/cropped-kamilyilmazlogo3.png","width":1080,"height":720,"caption":"Kamil Y\u0131lmaz Otomotiv - Ford Cargo Par\u00e7a"},"image":{"@id":"https:\/\/fordcargoparca.com\/#\/schema\/logo\/image\/"},"sameAs":["https:\/\/www.facebook.com\/fordtrucksparts\/","https:\/\/www.instagram.com\/kamilyilmazotomotiv\/"]}]}},"_links":{"self":[{"href":"https:\/\/fordcargoparca.com\/ru\/wp-json\/wp\/v2\/product\/4938"}],"collection":[{"href":"https:\/\/fordcargoparca.com\/ru\/wp-json\/wp\/v2\/product"}],"about":[{"href":"https:\/\/fordcargoparca.com\/ru\/wp-json\/wp\/v2\/types\/product"}],"version-history":[{"count":1,"href":"https:\/\/fordcargoparca.com\/ru\/wp-json\/wp\/v2\/product\/4938\/revisions"}],"predecessor-version":[{"id":4940,"href":"https:\/\/fordcargoparca.com\/ru\/wp-json\/wp\/v2\/product\/4938\/revisions\/4940"}],"wp:attachment":[{"href":"https:\/\/fordcargoparca.com\/ru\/wp-json\/wp\/v2\/media?parent=4938"}],"wp:term":[{"taxonomy":"product_cat","embeddable":true,"href":"https:\/\/fordcargoparca.com\/ru\/wp-json\/wp\/v2\/product_cat?post=4938"},{"taxonomy":"product_tag","embeddable":true,"href":"https:\/\/fordcargoparca.com\/ru\/wp-json\/wp\/v2\/product_tag?post=4938"}],"curies":[{"name":"wp","href":"https:\/\/api.w.org\/{rel}","templated":true}]}}