{"id":5408,"date":"2023-07-22T18:05:27","date_gmt":"2023-07-22T15:05:27","guid":{"rendered":"https:\/\/fordcargoparca.com\/?post_type=product&#038;p=5408"},"modified":"2023-07-22T18:05:28","modified_gmt":"2023-07-22T15:05:28","slug":"ford-cargo-egzoz-manifoldu-orta-dc46-9a460-aa","status":"publish","type":"product","link":"https:\/\/fordcargoparca.com\/ru\/urunler\/ford-cargo-%d0%b2%d1%8b%d0%bf%d1%83%d1%81%d0%ba%d0%bd%d0%be%d0%b9-%d0%ba%d0%be%d0%bb%d0%bb%d0%b5%d0%ba%d1%82%d0%be%d1%80-mid-dc46-9a460-aa\/","title":{"rendered":"\u0421\u0420\u0415\u0414\u041d\u0418\u0419 \u0412\u042b\u041f\u0423\u0421\u041a\u041d\u041e\u0419 \u041f\u0410\u0422\u0420\u0423\u0411\u041e\u041a FORD CARGO \u2014 DC46 9A460 AA"},"content":{"rendered":"<p>\u041d\u0430\u0437\u0432\u0430\u043d\u0438\u0435 \u043f\u0440\u043e\u0434\u0443\u043a\u0442\u0430: FORD CARGO \u0412\u042b\u0425\u041b\u041e\u041f\u041d\u042b\u0419 \u041f\u0410\u0422\u0420\u0423\u0411\u041e\u041a \u0421\u0420\u0415\u0414\u041d\u0418\u0419<br \/>\n\u041a\u043e\u0434 \u043f\u0440\u043e\u0434\u0443\u043a\u0442\u0430: DC46 9A460 AA<br \/>\n\u041e\u042d\u041c: \u0414\u041a469\u0410460\u0410\u0410<br \/>\n\u0428\u0442\u0440\u0438\u0445-\u043a\u043e\u0434: FORD OTOSAN DC46 9A460 AA<br \/>\n\u0424\u0438\u043d\u0441\u043a\u0438\u0439: T202820<\/p>","protected":false},"excerpt":{"rendered":"<p>\u041d\u0430\u0437\u0432\u0430\u043d\u0438\u0435 \u043f\u0440\u043e\u0434\u0443\u043a\u0442\u0430: FORD CARGO \u0412\u042b\u0425\u041b\u041e\u041f\u041d\u042b\u0419 \u041f\u0410\u0422\u0420\u0423\u0411\u041e\u041a \u0421\u0420\u0415\u0414\u041d\u0418\u0419<br \/>\n\u041a\u043e\u0434 \u043f\u0440\u043e\u0434\u0443\u043a\u0442\u0430: DC46 9A460 AA<br \/>\n\u041e\u042d\u041c: \u0414\u041a469\u0410460\u0410\u0410<br \/>\n\u0428\u0442\u0440\u0438\u0445-\u043a\u043e\u0434: FORD OTOSAN DC46 9A460 AA<br \/>\n\u0424\u0438\u043d\u0441\u043a\u0438\u0439: T202820<\/p>","protected":false},"featured_media":0,"template":"","meta":[],"product_cat":[118],"product_tag":[572],"class_list":{"0":"post-5408","1":"product","2":"type-product","3":"status-publish","5":"product_cat-motor","6":"product_tag-ford-cargo-egzoz-manifoldu-orta-dc46-9a460-aa","7":"badges-style-3","9":"first","10":"instock","11":"shipping-taxable","12":"product-type-simple"},"yoast_head":"<!-- This site is optimized with the Yoast SEO plugin v23.0 - https:\/\/yoast.com\/wordpress\/plugins\/seo\/ -->\n<title>FORD CARGO EGZOZ MAN\u0130FOLDU ORTA - DC46 9A460 AA - Kamil Y\u0131lmaz Otomotiv - Ford Cargo Yedek Par&ccedil;a<\/title>\n<meta name=\"description\" content=\"\u00dcr\u00fcn Ad\u0131 : FORD CARGO EGZOZ MAN\u0130FOLDU ORTA \u00dcr\u00fcn Kodu : DC46 9A460 AA OEM : DC469A460AA Barkod : FORD OTOSAN DC46 9A460 AA Finnish : T202820\" \/>\n<meta name=\"robots\" content=\"index, follow, max-snippet:-1, max-image-preview:large, max-video-preview:-1\" \/>\n<link rel=\"canonical\" href=\"https:\/\/fordcargoparca.com\/ru\/urunler\/ford-cargo-\u0432\u044b\u043f\u0443\u0441\u043a\u043d\u043e\u0439-\u043a\u043e\u043b\u043b\u0435\u043a\u0442\u043e\u0440-mid-dc46-9a460-aa\/\" \/>\n<meta property=\"og:locale\" content=\"ru_RU\" \/>\n<meta property=\"og:type\" content=\"article\" \/>\n<meta property=\"og:title\" content=\"FORD CARGO EGZOZ MAN\u0130FOLDU ORTA - DC46 9A460 AA - Kamil Y\u0131lmaz Otomotiv - Ford Cargo Yedek Par&ccedil;a\" \/>\n<meta property=\"og:description\" content=\"\u00dcr\u00fcn Ad\u0131 : FORD CARGO EGZOZ MAN\u0130FOLDU ORTA \u00dcr\u00fcn Kodu : DC46 9A460 AA OEM : DC469A460AA Barkod : FORD OTOSAN DC46 9A460 AA Finnish : T202820\" \/>\n<meta property=\"og:url\" content=\"https:\/\/fordcargoparca.com\/ru\/urunler\/ford-cargo-\u0432\u044b\u043f\u0443\u0441\u043a\u043d\u043e\u0439-\u043a\u043e\u043b\u043b\u0435\u043a\u0442\u043e\u0440-mid-dc46-9a460-aa\/\" \/>\n<meta property=\"og:site_name\" content=\"Kamil Y\u0131lmaz Otomotiv - Ford Cargo Yedek Par&ccedil;a\" \/>\n<meta property=\"article:publisher\" content=\"https:\/\/www.facebook.com\/fordtrucksparts\/\" \/>\n<meta property=\"article:modified_time\" content=\"2023-07-22T15:05:28+00:00\" \/>\n<meta name=\"twitter:card\" content=\"summary_large_image\" \/>\n<script type=\"application\/ld+json\" class=\"yoast-schema-graph\">{\"@context\":\"https:\/\/schema.org\",\"@graph\":[{\"@type\":\"WebPage\",\"@id\":\"https:\/\/fordcargoparca.com\/urunler\/ford-cargo-egzoz-manifoldu-orta-dc46-9a460-aa\/\",\"url\":\"https:\/\/fordcargoparca.com\/urunler\/ford-cargo-egzoz-manifoldu-orta-dc46-9a460-aa\/\",\"name\":\"FORD CARGO EGZOZ MAN\u0130FOLDU ORTA - DC46 9A460 AA - Kamil Y\u0131lmaz Otomotiv - Ford Cargo Yedek Par&ccedil;a\",\"isPartOf\":{\"@id\":\"https:\/\/fordcargoparca.com\/#website\"},\"datePublished\":\"2023-07-22T15:05:27+00:00\",\"dateModified\":\"2023-07-22T15:05:28+00:00\",\"description\":\"\u00dcr\u00fcn Ad\u0131 : FORD CARGO EGZOZ MAN\u0130FOLDU ORTA \u00dcr\u00fcn Kodu : DC46 9A460 AA OEM : DC469A460AA Barkod : FORD OTOSAN DC46 9A460 AA Finnish : T202820\",\"breadcrumb\":{\"@id\":\"https:\/\/fordcargoparca.com\/urunler\/ford-cargo-egzoz-manifoldu-orta-dc46-9a460-aa\/#breadcrumb\"},\"inLanguage\":\"ru-RU\",\"potentialAction\":[{\"@type\":\"ReadAction\",\"target\":[\"https:\/\/fordcargoparca.com\/urunler\/ford-cargo-egzoz-manifoldu-orta-dc46-9a460-aa\/\"]}]},{\"@type\":\"BreadcrumbList\",\"@id\":\"https:\/\/fordcargoparca.com\/urunler\/ford-cargo-egzoz-manifoldu-orta-dc46-9a460-aa\/#breadcrumb\",\"itemListElement\":[{\"@type\":\"ListItem\",\"position\":1,\"name\":\"Anasayfa\",\"item\":\"https:\/\/fordcargoparca.com\/\"},{\"@type\":\"ListItem\",\"position\":2,\"name\":\"\u00dcr\u00fcnler\",\"item\":\"https:\/\/fordcargoparca.com\/urunler\/\"},{\"@type\":\"ListItem\",\"position\":3,\"name\":\"FORD CARGO EGZOZ MAN\u0130FOLDU ORTA &#8211; DC46 9A460 AA\"}]},{\"@type\":\"WebSite\",\"@id\":\"https:\/\/fordcargoparca.com\/#website\",\"url\":\"https:\/\/fordcargoparca.com\/\",\"name\":\"Kamil Y\u0131lmaz Otomotiv - Ford Cargo Par\u00e7a\",\"description\":\"\",\"publisher\":{\"@id\":\"https:\/\/fordcargoparca.com\/#organization\"},\"potentialAction\":[{\"@type\":\"SearchAction\",\"target\":{\"@type\":\"EntryPoint\",\"urlTemplate\":\"https:\/\/fordcargoparca.com\/?s={search_term_string}\"},\"query-input\":\"required name=search_term_string\"}],\"inLanguage\":\"ru-RU\"},{\"@type\":\"Organization\",\"@id\":\"https:\/\/fordcargoparca.com\/#organization\",\"name\":\"Kamil Y\u0131lmaz Otomotiv - Ford Cargo Par\u00e7a\",\"url\":\"https:\/\/fordcargoparca.com\/\",\"logo\":{\"@type\":\"ImageObject\",\"inLanguage\":\"ru-RU\",\"@id\":\"https:\/\/fordcargoparca.com\/#\/schema\/logo\/image\/\",\"url\":\"https:\/\/fordcargoparca.com\/wp-content\/uploads\/2023\/07\/cropped-kamilyilmazlogo3.png\",\"contentUrl\":\"https:\/\/fordcargoparca.com\/wp-content\/uploads\/2023\/07\/cropped-kamilyilmazlogo3.png\",\"width\":1080,\"height\":720,\"caption\":\"Kamil Y\u0131lmaz Otomotiv - Ford Cargo Par\u00e7a\"},\"image\":{\"@id\":\"https:\/\/fordcargoparca.com\/#\/schema\/logo\/image\/\"},\"sameAs\":[\"https:\/\/www.facebook.com\/fordtrucksparts\/\",\"https:\/\/www.instagram.com\/kamilyilmazotomotiv\/\"]}]}<\/script>\n<!-- \/ Yoast SEO plugin. -->","yoast_head_json":{"title":"FORD CARGO EGZOZ MAN\u0130FOLDU ORTA - DC46 9A460 AA - Kamil Y\u0131lmaz Otomotiv - Ford Cargo Yedek Par&ccedil;a","description":"\u00dcr\u00fcn Ad\u0131 : FORD CARGO EGZOZ MAN\u0130FOLDU ORTA \u00dcr\u00fcn Kodu : DC46 9A460 AA OEM : DC469A460AA Barkod : FORD OTOSAN DC46 9A460 AA Finnish : T202820","robots":{"index":"index","follow":"follow","max-snippet":"max-snippet:-1","max-image-preview":"max-image-preview:large","max-video-preview":"max-video-preview:-1"},"canonical":"https:\/\/fordcargoparca.com\/ru\/urunler\/ford-cargo-\u0432\u044b\u043f\u0443\u0441\u043a\u043d\u043e\u0439-\u043a\u043e\u043b\u043b\u0435\u043a\u0442\u043e\u0440-mid-dc46-9a460-aa\/","og_locale":"ru_RU","og_type":"article","og_title":"FORD CARGO EGZOZ MAN\u0130FOLDU ORTA - DC46 9A460 AA - Kamil Y\u0131lmaz Otomotiv - Ford Cargo Yedek Par&ccedil;a","og_description":"\u00dcr\u00fcn Ad\u0131 : FORD CARGO EGZOZ MAN\u0130FOLDU ORTA \u00dcr\u00fcn Kodu : DC46 9A460 AA OEM : DC469A460AA Barkod : FORD OTOSAN DC46 9A460 AA Finnish : T202820","og_url":"https:\/\/fordcargoparca.com\/ru\/urunler\/ford-cargo-\u0432\u044b\u043f\u0443\u0441\u043a\u043d\u043e\u0439-\u043a\u043e\u043b\u043b\u0435\u043a\u0442\u043e\u0440-mid-dc46-9a460-aa\/","og_site_name":"Kamil Y\u0131lmaz Otomotiv - Ford Cargo Yedek Par&ccedil;a","article_publisher":"https:\/\/www.facebook.com\/fordtrucksparts\/","article_modified_time":"2023-07-22T15:05:28+00:00","twitter_card":"summary_large_image","schema":{"@context":"https:\/\/schema.org","@graph":[{"@type":"WebPage","@id":"https:\/\/fordcargoparca.com\/urunler\/ford-cargo-egzoz-manifoldu-orta-dc46-9a460-aa\/","url":"https:\/\/fordcargoparca.com\/urunler\/ford-cargo-egzoz-manifoldu-orta-dc46-9a460-aa\/","name":"FORD CARGO EGZOZ MAN\u0130FOLDU ORTA - DC46 9A460 AA - Kamil Y\u0131lmaz Otomotiv - Ford Cargo Yedek Par&ccedil;a","isPartOf":{"@id":"https:\/\/fordcargoparca.com\/#website"},"datePublished":"2023-07-22T15:05:27+00:00","dateModified":"2023-07-22T15:05:28+00:00","description":"\u00dcr\u00fcn Ad\u0131 : FORD CARGO EGZOZ MAN\u0130FOLDU ORTA \u00dcr\u00fcn Kodu : DC46 9A460 AA OEM : DC469A460AA Barkod : FORD OTOSAN DC46 9A460 AA Finnish : T202820","breadcrumb":{"@id":"https:\/\/fordcargoparca.com\/urunler\/ford-cargo-egzoz-manifoldu-orta-dc46-9a460-aa\/#breadcrumb"},"inLanguage":"ru-RU","potentialAction":[{"@type":"ReadAction","target":["https:\/\/fordcargoparca.com\/urunler\/ford-cargo-egzoz-manifoldu-orta-dc46-9a460-aa\/"]}]},{"@type":"BreadcrumbList","@id":"https:\/\/fordcargoparca.com\/urunler\/ford-cargo-egzoz-manifoldu-orta-dc46-9a460-aa\/#breadcrumb","itemListElement":[{"@type":"ListItem","position":1,"name":"Anasayfa","item":"https:\/\/fordcargoparca.com\/"},{"@type":"ListItem","position":2,"name":"\u00dcr\u00fcnler","item":"https:\/\/fordcargoparca.com\/urunler\/"},{"@type":"ListItem","position":3,"name":"FORD CARGO EGZOZ MAN\u0130FOLDU ORTA &#8211; DC46 9A460 AA"}]},{"@type":"WebSite","@id":"https:\/\/fordcargoparca.com\/#website","url":"https:\/\/fordcargoparca.com\/","name":"Kamil Y\u0131lmaz Otomotiv - Ford Cargo Par\u00e7a","description":"","publisher":{"@id":"https:\/\/fordcargoparca.com\/#organization"},"potentialAction":[{"@type":"SearchAction","target":{"@type":"EntryPoint","urlTemplate":"https:\/\/fordcargoparca.com\/?s={search_term_string}"},"query-input":"required name=search_term_string"}],"inLanguage":"ru-RU"},{"@type":"Organization","@id":"https:\/\/fordcargoparca.com\/#organization","name":"Kamil Y\u0131lmaz Otomotiv - Ford Cargo Par\u00e7a","url":"https:\/\/fordcargoparca.com\/","logo":{"@type":"ImageObject","inLanguage":"ru-RU","@id":"https:\/\/fordcargoparca.com\/#\/schema\/logo\/image\/","url":"https:\/\/fordcargoparca.com\/wp-content\/uploads\/2023\/07\/cropped-kamilyilmazlogo3.png","contentUrl":"https:\/\/fordcargoparca.com\/wp-content\/uploads\/2023\/07\/cropped-kamilyilmazlogo3.png","width":1080,"height":720,"caption":"Kamil Y\u0131lmaz Otomotiv - Ford Cargo Par\u00e7a"},"image":{"@id":"https:\/\/fordcargoparca.com\/#\/schema\/logo\/image\/"},"sameAs":["https:\/\/www.facebook.com\/fordtrucksparts\/","https:\/\/www.instagram.com\/kamilyilmazotomotiv\/"]}]}},"_links":{"self":[{"href":"https:\/\/fordcargoparca.com\/ru\/wp-json\/wp\/v2\/product\/5408"}],"collection":[{"href":"https:\/\/fordcargoparca.com\/ru\/wp-json\/wp\/v2\/product"}],"about":[{"href":"https:\/\/fordcargoparca.com\/ru\/wp-json\/wp\/v2\/types\/product"}],"version-history":[{"count":1,"href":"https:\/\/fordcargoparca.com\/ru\/wp-json\/wp\/v2\/product\/5408\/revisions"}],"predecessor-version":[{"id":5409,"href":"https:\/\/fordcargoparca.com\/ru\/wp-json\/wp\/v2\/product\/5408\/revisions\/5409"}],"wp:attachment":[{"href":"https:\/\/fordcargoparca.com\/ru\/wp-json\/wp\/v2\/media?parent=5408"}],"wp:term":[{"taxonomy":"product_cat","embeddable":true,"href":"https:\/\/fordcargoparca.com\/ru\/wp-json\/wp\/v2\/product_cat?post=5408"},{"taxonomy":"product_tag","embeddable":true,"href":"https:\/\/fordcargoparca.com\/ru\/wp-json\/wp\/v2\/product_tag?post=5408"}],"curies":[{"name":"wp","href":"https:\/\/api.w.org\/{rel}","templated":true}]}}