{"id":5424,"date":"2023-07-22T19:11:02","date_gmt":"2023-07-22T16:11:02","guid":{"rendered":"https:\/\/fordcargoparca.com\/?post_type=product&#038;p=5424"},"modified":"2023-07-22T20:52:38","modified_gmt":"2023-07-22T17:52:38","slug":"ford-cargo-aku-kutupbasi-ve-komple-6c46-14a280-ad","status":"publish","type":"product","link":"https:\/\/fordcargoparca.com\/ru\/urunler\/ford-cargo-aku-kutupbasi-ve-complete-6c46-14a280-ad\/","title":{"rendered":"\u041a\u041b\u0415\u041c\u041c\u0410 \u0410\u041a\u041a\u0423\u041c\u0423\u041b\u042f\u0422\u041e\u0420\u041d\u041e\u0419 \u0410\u041a\u041a\u0423\u041c\u0423\u041b\u042f\u0422\u041e\u0420\u041d\u041e\u0419 \u0411\u0410\u0422\u0410\u0420\u0415\u0418 FORD CARGO \u0412 \u0421\u0411\u041e\u0420\u0415 \u2014 6C46 14A280 AD"},"content":{"rendered":"<p>\u041d\u0430\u0437\u0432\u0430\u043d\u0438\u0435 \u043f\u0440\u043e\u0434\u0443\u043a\u0442\u0430: \u041a\u041b\u0415\u041c\u041c\u0410 \u0418 \u0421\u0411\u041e\u0420\u041a\u0410 \u0410\u041a\u041a\u0423\u041c\u0423\u041b\u042f\u0422\u041e\u0420\u041d\u041e\u0419 \u0410\u041a\u041a\u0423\u041c\u0423\u041b\u042f\u0422\u041e\u0420\u041d\u041e\u0419 \u0411\u0410\u0422\u0410\u0420\u0415\u0418 FORD CARGO<br \/>\n\u041a\u043e\u0434 \u043f\u0440\u043e\u0434\u0443\u043a\u0442\u0430: 6C46 14A280 AD<br \/>\n\u041e\u042d\u041c: 6C4614A280AD<br \/>\n\u0428\u0442\u0440\u0438\u0445-\u043a\u043e\u0434: FORD OTOSAN 6C46 14A280 AD<br \/>\n\u0424\u0438\u043d\u0441\u043a\u0438\u0439: T225204<\/p>","protected":false},"excerpt":{"rendered":"<p>\u041d\u0430\u0437\u0432\u0430\u043d\u0438\u0435 \u043f\u0440\u043e\u0434\u0443\u043a\u0442\u0430: \u041a\u041b\u0415\u041c\u041c\u0410 \u0418 \u0421\u0411\u041e\u0420\u041a\u0410 \u0410\u041a\u041a\u0423\u041c\u0423\u041b\u042f\u0422\u041e\u0420\u041d\u041e\u0419 \u0410\u041a\u041a\u0423\u041c\u0423\u041b\u042f\u0422\u041e\u0420\u041d\u041e\u0419 \u0411\u0410\u0422\u0410\u0420\u0415\u0418 FORD CARGO<br \/>\n\u041a\u043e\u0434 \u043f\u0440\u043e\u0434\u0443\u043a\u0442\u0430: 6C46 14A280 AD<br \/>\n\u041e\u042d\u041c: 6C4614A280AD<br \/>\n\u0428\u0442\u0440\u0438\u0445-\u043a\u043e\u0434: FORD OTOSAN 6C46 14A280 AD<br \/>\n\u0424\u0438\u043d\u0441\u043a\u0438\u0439: T225204<\/p>","protected":false},"featured_media":0,"template":"","meta":[],"product_cat":[124],"product_tag":[579],"class_list":{"0":"post-5424","1":"product","2":"type-product","3":"status-publish","5":"product_cat-elektrik","6":"product_tag-ford-cargo-aku-kutupbasi-ve-komple-6c46-14a280-ad","7":"badges-style-3","9":"first","10":"instock","11":"shipping-taxable","12":"product-type-simple"},"yoast_head":"<!-- This site is optimized with the Yoast SEO plugin v23.0 - https:\/\/yoast.com\/wordpress\/plugins\/seo\/ -->\n<title>FORD CARGO AK\u00dc KUTUPBA\u015eI VE KOMPLE - 6C46 14A280 AD - Kamil Y\u0131lmaz Otomotiv - Ford Cargo Yedek Par&ccedil;a<\/title>\n<meta name=\"description\" content=\"\u00dcr\u00fcn Ad\u0131 : FORD CARGO AK\u00dc KUTUPBA\u015eI VE KOMPLE \u00dcr\u00fcn Kodu : 6C46 14A280 AD OEM : 6C4614A280AD Barkod : FORD OTOSAN 6C46 14A280 AD Finnish : T225204\" \/>\n<meta name=\"robots\" content=\"index, follow, max-snippet:-1, max-image-preview:large, max-video-preview:-1\" \/>\n<link rel=\"canonical\" href=\"https:\/\/fordcargoparca.com\/ru\/urunler\/ford-cargo-aku-kutupbasi-ve-complete-6c46-14a280-ad\/\" \/>\n<meta property=\"og:locale\" content=\"ru_RU\" \/>\n<meta property=\"og:type\" content=\"article\" \/>\n<meta property=\"og:title\" content=\"FORD CARGO AK\u00dc KUTUPBA\u015eI VE KOMPLE - 6C46 14A280 AD - Kamil Y\u0131lmaz Otomotiv - Ford Cargo Yedek Par&ccedil;a\" \/>\n<meta property=\"og:description\" content=\"\u00dcr\u00fcn Ad\u0131 : FORD CARGO AK\u00dc KUTUPBA\u015eI VE KOMPLE \u00dcr\u00fcn Kodu : 6C46 14A280 AD OEM : 6C4614A280AD Barkod : FORD OTOSAN 6C46 14A280 AD Finnish : T225204\" \/>\n<meta property=\"og:url\" content=\"https:\/\/fordcargoparca.com\/ru\/urunler\/ford-cargo-aku-kutupbasi-ve-complete-6c46-14a280-ad\/\" \/>\n<meta property=\"og:site_name\" content=\"Kamil Y\u0131lmaz Otomotiv - Ford Cargo Yedek Par&ccedil;a\" \/>\n<meta property=\"article:publisher\" content=\"https:\/\/www.facebook.com\/fordtrucksparts\/\" \/>\n<meta property=\"article:modified_time\" content=\"2023-07-22T17:52:38+00:00\" \/>\n<meta name=\"twitter:card\" content=\"summary_large_image\" \/>\n<meta name=\"twitter:label1\" content=\"\u041f\u0440\u0438\u043c\u0435\u0440\u043d\u043e\u0435 \u0432\u0440\u0435\u043c\u044f \u0434\u043b\u044f \u0447\u0442\u0435\u043d\u0438\u044f\" \/>\n\t<meta name=\"twitter:data1\" content=\"1 \u043c\u0438\u043d\u0443\u0442\u0430\" \/>\n<script type=\"application\/ld+json\" class=\"yoast-schema-graph\">{\"@context\":\"https:\/\/schema.org\",\"@graph\":[{\"@type\":\"WebPage\",\"@id\":\"https:\/\/fordcargoparca.com\/urunler\/ford-cargo-aku-kutupbasi-ve-komple-6c46-14a280-ad\/\",\"url\":\"https:\/\/fordcargoparca.com\/urunler\/ford-cargo-aku-kutupbasi-ve-komple-6c46-14a280-ad\/\",\"name\":\"FORD CARGO AK\u00dc KUTUPBA\u015eI VE KOMPLE - 6C46 14A280 AD - Kamil Y\u0131lmaz Otomotiv - Ford Cargo Yedek Par&ccedil;a\",\"isPartOf\":{\"@id\":\"https:\/\/fordcargoparca.com\/#website\"},\"datePublished\":\"2023-07-22T16:11:02+00:00\",\"dateModified\":\"2023-07-22T17:52:38+00:00\",\"description\":\"\u00dcr\u00fcn Ad\u0131 : FORD CARGO AK\u00dc KUTUPBA\u015eI VE KOMPLE \u00dcr\u00fcn Kodu : 6C46 14A280 AD OEM : 6C4614A280AD Barkod : FORD OTOSAN 6C46 14A280 AD Finnish : T225204\",\"breadcrumb\":{\"@id\":\"https:\/\/fordcargoparca.com\/urunler\/ford-cargo-aku-kutupbasi-ve-komple-6c46-14a280-ad\/#breadcrumb\"},\"inLanguage\":\"ru-RU\",\"potentialAction\":[{\"@type\":\"ReadAction\",\"target\":[\"https:\/\/fordcargoparca.com\/urunler\/ford-cargo-aku-kutupbasi-ve-komple-6c46-14a280-ad\/\"]}]},{\"@type\":\"BreadcrumbList\",\"@id\":\"https:\/\/fordcargoparca.com\/urunler\/ford-cargo-aku-kutupbasi-ve-komple-6c46-14a280-ad\/#breadcrumb\",\"itemListElement\":[{\"@type\":\"ListItem\",\"position\":1,\"name\":\"Anasayfa\",\"item\":\"https:\/\/fordcargoparca.com\/\"},{\"@type\":\"ListItem\",\"position\":2,\"name\":\"\u00dcr\u00fcnler\",\"item\":\"https:\/\/fordcargoparca.com\/urunler\/\"},{\"@type\":\"ListItem\",\"position\":3,\"name\":\"FORD CARGO AK\u00dc KUTUPBA\u015eI VE KOMPLE &#8211; 6C46 14A280 AD\"}]},{\"@type\":\"WebSite\",\"@id\":\"https:\/\/fordcargoparca.com\/#website\",\"url\":\"https:\/\/fordcargoparca.com\/\",\"name\":\"Kamil Y\u0131lmaz Otomotiv - Ford Cargo Par\u00e7a\",\"description\":\"\",\"publisher\":{\"@id\":\"https:\/\/fordcargoparca.com\/#organization\"},\"potentialAction\":[{\"@type\":\"SearchAction\",\"target\":{\"@type\":\"EntryPoint\",\"urlTemplate\":\"https:\/\/fordcargoparca.com\/?s={search_term_string}\"},\"query-input\":\"required name=search_term_string\"}],\"inLanguage\":\"ru-RU\"},{\"@type\":\"Organization\",\"@id\":\"https:\/\/fordcargoparca.com\/#organization\",\"name\":\"Kamil Y\u0131lmaz Otomotiv - Ford Cargo Par\u00e7a\",\"url\":\"https:\/\/fordcargoparca.com\/\",\"logo\":{\"@type\":\"ImageObject\",\"inLanguage\":\"ru-RU\",\"@id\":\"https:\/\/fordcargoparca.com\/#\/schema\/logo\/image\/\",\"url\":\"https:\/\/fordcargoparca.com\/wp-content\/uploads\/2023\/07\/cropped-kamilyilmazlogo3.png\",\"contentUrl\":\"https:\/\/fordcargoparca.com\/wp-content\/uploads\/2023\/07\/cropped-kamilyilmazlogo3.png\",\"width\":1080,\"height\":720,\"caption\":\"Kamil Y\u0131lmaz Otomotiv - Ford Cargo Par\u00e7a\"},\"image\":{\"@id\":\"https:\/\/fordcargoparca.com\/#\/schema\/logo\/image\/\"},\"sameAs\":[\"https:\/\/www.facebook.com\/fordtrucksparts\/\",\"https:\/\/www.instagram.com\/kamilyilmazotomotiv\/\"]}]}<\/script>\n<!-- \/ Yoast SEO plugin. -->","yoast_head_json":{"title":"FORD CARGO AK\u00dc KUTUPBA\u015eI VE KOMPLE - 6C46 14A280 AD - Kamil Y\u0131lmaz Otomotiv - Ford Cargo Yedek Par&ccedil;a","description":"\u00dcr\u00fcn Ad\u0131 : FORD CARGO AK\u00dc KUTUPBA\u015eI VE KOMPLE \u00dcr\u00fcn Kodu : 6C46 14A280 AD OEM : 6C4614A280AD Barkod : FORD OTOSAN 6C46 14A280 AD Finnish : T225204","robots":{"index":"index","follow":"follow","max-snippet":"max-snippet:-1","max-image-preview":"max-image-preview:large","max-video-preview":"max-video-preview:-1"},"canonical":"https:\/\/fordcargoparca.com\/ru\/urunler\/ford-cargo-aku-kutupbasi-ve-complete-6c46-14a280-ad\/","og_locale":"ru_RU","og_type":"article","og_title":"FORD CARGO AK\u00dc KUTUPBA\u015eI VE KOMPLE - 6C46 14A280 AD - Kamil Y\u0131lmaz Otomotiv - Ford Cargo Yedek Par&ccedil;a","og_description":"\u00dcr\u00fcn Ad\u0131 : FORD CARGO AK\u00dc KUTUPBA\u015eI VE KOMPLE \u00dcr\u00fcn Kodu : 6C46 14A280 AD OEM : 6C4614A280AD Barkod : FORD OTOSAN 6C46 14A280 AD Finnish : T225204","og_url":"https:\/\/fordcargoparca.com\/ru\/urunler\/ford-cargo-aku-kutupbasi-ve-complete-6c46-14a280-ad\/","og_site_name":"Kamil Y\u0131lmaz Otomotiv - Ford Cargo Yedek Par&ccedil;a","article_publisher":"https:\/\/www.facebook.com\/fordtrucksparts\/","article_modified_time":"2023-07-22T17:52:38+00:00","twitter_card":"summary_large_image","twitter_misc":{"\u041f\u0440\u0438\u043c\u0435\u0440\u043d\u043e\u0435 \u0432\u0440\u0435\u043c\u044f \u0434\u043b\u044f \u0447\u0442\u0435\u043d\u0438\u044f":"1 \u043c\u0438\u043d\u0443\u0442\u0430"},"schema":{"@context":"https:\/\/schema.org","@graph":[{"@type":"WebPage","@id":"https:\/\/fordcargoparca.com\/urunler\/ford-cargo-aku-kutupbasi-ve-komple-6c46-14a280-ad\/","url":"https:\/\/fordcargoparca.com\/urunler\/ford-cargo-aku-kutupbasi-ve-komple-6c46-14a280-ad\/","name":"FORD CARGO AK\u00dc KUTUPBA\u015eI VE KOMPLE - 6C46 14A280 AD - Kamil Y\u0131lmaz Otomotiv - Ford Cargo Yedek Par&ccedil;a","isPartOf":{"@id":"https:\/\/fordcargoparca.com\/#website"},"datePublished":"2023-07-22T16:11:02+00:00","dateModified":"2023-07-22T17:52:38+00:00","description":"\u00dcr\u00fcn Ad\u0131 : FORD CARGO AK\u00dc KUTUPBA\u015eI VE KOMPLE \u00dcr\u00fcn Kodu : 6C46 14A280 AD OEM : 6C4614A280AD Barkod : FORD OTOSAN 6C46 14A280 AD Finnish : T225204","breadcrumb":{"@id":"https:\/\/fordcargoparca.com\/urunler\/ford-cargo-aku-kutupbasi-ve-komple-6c46-14a280-ad\/#breadcrumb"},"inLanguage":"ru-RU","potentialAction":[{"@type":"ReadAction","target":["https:\/\/fordcargoparca.com\/urunler\/ford-cargo-aku-kutupbasi-ve-komple-6c46-14a280-ad\/"]}]},{"@type":"BreadcrumbList","@id":"https:\/\/fordcargoparca.com\/urunler\/ford-cargo-aku-kutupbasi-ve-komple-6c46-14a280-ad\/#breadcrumb","itemListElement":[{"@type":"ListItem","position":1,"name":"Anasayfa","item":"https:\/\/fordcargoparca.com\/"},{"@type":"ListItem","position":2,"name":"\u00dcr\u00fcnler","item":"https:\/\/fordcargoparca.com\/urunler\/"},{"@type":"ListItem","position":3,"name":"FORD CARGO AK\u00dc KUTUPBA\u015eI VE KOMPLE &#8211; 6C46 14A280 AD"}]},{"@type":"WebSite","@id":"https:\/\/fordcargoparca.com\/#website","url":"https:\/\/fordcargoparca.com\/","name":"Kamil Y\u0131lmaz Otomotiv - Ford Cargo Par\u00e7a","description":"","publisher":{"@id":"https:\/\/fordcargoparca.com\/#organization"},"potentialAction":[{"@type":"SearchAction","target":{"@type":"EntryPoint","urlTemplate":"https:\/\/fordcargoparca.com\/?s={search_term_string}"},"query-input":"required name=search_term_string"}],"inLanguage":"ru-RU"},{"@type":"Organization","@id":"https:\/\/fordcargoparca.com\/#organization","name":"Kamil Y\u0131lmaz Otomotiv - Ford Cargo Par\u00e7a","url":"https:\/\/fordcargoparca.com\/","logo":{"@type":"ImageObject","inLanguage":"ru-RU","@id":"https:\/\/fordcargoparca.com\/#\/schema\/logo\/image\/","url":"https:\/\/fordcargoparca.com\/wp-content\/uploads\/2023\/07\/cropped-kamilyilmazlogo3.png","contentUrl":"https:\/\/fordcargoparca.com\/wp-content\/uploads\/2023\/07\/cropped-kamilyilmazlogo3.png","width":1080,"height":720,"caption":"Kamil Y\u0131lmaz Otomotiv - Ford Cargo Par\u00e7a"},"image":{"@id":"https:\/\/fordcargoparca.com\/#\/schema\/logo\/image\/"},"sameAs":["https:\/\/www.facebook.com\/fordtrucksparts\/","https:\/\/www.instagram.com\/kamilyilmazotomotiv\/"]}]}},"_links":{"self":[{"href":"https:\/\/fordcargoparca.com\/ru\/wp-json\/wp\/v2\/product\/5424"}],"collection":[{"href":"https:\/\/fordcargoparca.com\/ru\/wp-json\/wp\/v2\/product"}],"about":[{"href":"https:\/\/fordcargoparca.com\/ru\/wp-json\/wp\/v2\/types\/product"}],"version-history":[{"count":1,"href":"https:\/\/fordcargoparca.com\/ru\/wp-json\/wp\/v2\/product\/5424\/revisions"}],"predecessor-version":[{"id":5425,"href":"https:\/\/fordcargoparca.com\/ru\/wp-json\/wp\/v2\/product\/5424\/revisions\/5425"}],"wp:attachment":[{"href":"https:\/\/fordcargoparca.com\/ru\/wp-json\/wp\/v2\/media?parent=5424"}],"wp:term":[{"taxonomy":"product_cat","embeddable":true,"href":"https:\/\/fordcargoparca.com\/ru\/wp-json\/wp\/v2\/product_cat?post=5424"},{"taxonomy":"product_tag","embeddable":true,"href":"https:\/\/fordcargoparca.com\/ru\/wp-json\/wp\/v2\/product_tag?post=5424"}],"curies":[{"name":"wp","href":"https:\/\/api.w.org\/{rel}","templated":true}]}}