{"id":78639,"date":"2026-01-16T23:40:17","date_gmt":"2026-01-16T20:40:17","guid":{"rendered":"https:\/\/fordcargoparca.com\/?post_type=product&#038;p=78639"},"modified":"2026-01-16T23:41:17","modified_gmt":"2026-01-16T20:41:17","slug":"rc46-13w029-ac-n-t436300-f-line-sag-far-komple","status":"publish","type":"product","link":"https:\/\/fordcargoparca.com\/ru\/urunler\/rc46-13w029-ac-n-t436300-f-line-sag-far-komple\/","title":{"rendered":"RC46 13W029 AC N &#8211; T436300 \/ F-L\u0130NE SA\u011e FAR KOMPLE"},"content":{"rendered":"","protected":false},"excerpt":{"rendered":"","protected":false},"featured_media":78615,"template":"","meta":[],"product_cat":[124,15],"product_tag":[],"class_list":{"0":"post-78639","1":"product","2":"type-product","3":"status-publish","4":"has-post-thumbnail","6":"product_cat-elektrik","7":"product_cat-ford-cargo-yedek-parca","8":"badges-style-3","10":"first","11":"instock","12":"shipping-taxable","13":"product-type-simple"},"yoast_head":"<!-- This site is optimized with the Yoast SEO plugin v23.0 - https:\/\/yoast.com\/wordpress\/plugins\/seo\/ -->\n<title>RC46 13W029 AC N - T436300 \/ F-L\u0130NE SA\u011e FAR KOMPLE - Kamil Y\u0131lmaz Otomotiv - Ford Cargo Yedek Par&ccedil;a<\/title>\n<meta name=\"robots\" content=\"index, follow, max-snippet:-1, max-image-preview:large, max-video-preview:-1\" \/>\n<link rel=\"canonical\" href=\"https:\/\/fordcargoparca.com\/ru\/urunler\/rc46-13w029-ac-n-t436300-f-line-sag-far-komple\/\" \/>\n<meta property=\"og:locale\" content=\"ru_RU\" \/>\n<meta property=\"og:type\" content=\"article\" \/>\n<meta property=\"og:title\" content=\"RC46 13W029 AC N - T436300 \/ F-L\u0130NE SA\u011e FAR KOMPLE - Kamil Y\u0131lmaz Otomotiv - Ford Cargo Yedek Par&ccedil;a\" \/>\n<meta property=\"og:url\" content=\"https:\/\/fordcargoparca.com\/ru\/urunler\/rc46-13w029-ac-n-t436300-f-line-sag-far-komple\/\" \/>\n<meta property=\"og:site_name\" content=\"Kamil Y\u0131lmaz Otomotiv - Ford Cargo Yedek Par&ccedil;a\" \/>\n<meta property=\"article:publisher\" content=\"https:\/\/www.facebook.com\/fordtrucksparts\/\" \/>\n<meta property=\"article:modified_time\" content=\"2026-01-16T20:41:17+00:00\" \/>\n<meta property=\"og:image\" content=\"https:\/\/fordcargoparca.com\/wp-content\/uploads\/2026\/01\/RC46-13W029-AC.png\" \/>\n\t<meta property=\"og:image:width\" content=\"1028\" \/>\n\t<meta property=\"og:image:height\" content=\"1000\" \/>\n\t<meta property=\"og:image:type\" content=\"image\/png\" \/>\n<meta name=\"twitter:card\" content=\"summary_large_image\" \/>\n<meta name=\"twitter:label1\" content=\"\u041f\u0440\u0438\u043c\u0435\u0440\u043d\u043e\u0435 \u0432\u0440\u0435\u043c\u044f \u0434\u043b\u044f \u0447\u0442\u0435\u043d\u0438\u044f\" \/>\n\t<meta name=\"twitter:data1\" content=\"1 \u043c\u0438\u043d\u0443\u0442\u0430\" \/>\n<script type=\"application\/ld+json\" class=\"yoast-schema-graph\">{\"@context\":\"https:\/\/schema.org\",\"@graph\":[{\"@type\":\"WebPage\",\"@id\":\"https:\/\/fordcargoparca.com\/urunler\/rc46-13w029-ac-n-t436300-f-line-sag-far-komple\/\",\"url\":\"https:\/\/fordcargoparca.com\/urunler\/rc46-13w029-ac-n-t436300-f-line-sag-far-komple\/\",\"name\":\"RC46 13W029 AC N - T436300 \/ F-L\u0130NE SA\u011e FAR KOMPLE - Kamil Y\u0131lmaz Otomotiv - Ford Cargo Yedek Par&ccedil;a\",\"isPartOf\":{\"@id\":\"https:\/\/fordcargoparca.com\/#website\"},\"primaryImageOfPage\":{\"@id\":\"https:\/\/fordcargoparca.com\/urunler\/rc46-13w029-ac-n-t436300-f-line-sag-far-komple\/#primaryimage\"},\"image\":{\"@id\":\"https:\/\/fordcargoparca.com\/urunler\/rc46-13w029-ac-n-t436300-f-line-sag-far-komple\/#primaryimage\"},\"thumbnailUrl\":\"https:\/\/fordcargoparca.com\/wp-content\/uploads\/2026\/01\/RC46-13W029-AC.png\",\"datePublished\":\"2026-01-16T20:40:17+00:00\",\"dateModified\":\"2026-01-16T20:41:17+00:00\",\"breadcrumb\":{\"@id\":\"https:\/\/fordcargoparca.com\/urunler\/rc46-13w029-ac-n-t436300-f-line-sag-far-komple\/#breadcrumb\"},\"inLanguage\":\"ru-RU\",\"potentialAction\":[{\"@type\":\"ReadAction\",\"target\":[\"https:\/\/fordcargoparca.com\/urunler\/rc46-13w029-ac-n-t436300-f-line-sag-far-komple\/\"]}]},{\"@type\":\"ImageObject\",\"inLanguage\":\"ru-RU\",\"@id\":\"https:\/\/fordcargoparca.com\/urunler\/rc46-13w029-ac-n-t436300-f-line-sag-far-komple\/#primaryimage\",\"url\":\"https:\/\/fordcargoparca.com\/wp-content\/uploads\/2026\/01\/RC46-13W029-AC.png\",\"contentUrl\":\"https:\/\/fordcargoparca.com\/wp-content\/uploads\/2026\/01\/RC46-13W029-AC.png\",\"width\":1028,\"height\":1000},{\"@type\":\"BreadcrumbList\",\"@id\":\"https:\/\/fordcargoparca.com\/urunler\/rc46-13w029-ac-n-t436300-f-line-sag-far-komple\/#breadcrumb\",\"itemListElement\":[{\"@type\":\"ListItem\",\"position\":1,\"name\":\"Anasayfa\",\"item\":\"https:\/\/fordcargoparca.com\/\"},{\"@type\":\"ListItem\",\"position\":2,\"name\":\"\u00dcr\u00fcnler\",\"item\":\"https:\/\/fordcargoparca.com\/urunler\/\"},{\"@type\":\"ListItem\",\"position\":3,\"name\":\"RC46 13W029 AC N &#8211; T436300 \/ F-L\u0130NE SA\u011e FAR KOMPLE\"}]},{\"@type\":\"WebSite\",\"@id\":\"https:\/\/fordcargoparca.com\/#website\",\"url\":\"https:\/\/fordcargoparca.com\/\",\"name\":\"Kamil Y\u0131lmaz Otomotiv - Ford Cargo Par\u00e7a\",\"description\":\"\",\"publisher\":{\"@id\":\"https:\/\/fordcargoparca.com\/#organization\"},\"potentialAction\":[{\"@type\":\"SearchAction\",\"target\":{\"@type\":\"EntryPoint\",\"urlTemplate\":\"https:\/\/fordcargoparca.com\/?s={search_term_string}\"},\"query-input\":\"required name=search_term_string\"}],\"inLanguage\":\"ru-RU\"},{\"@type\":\"Organization\",\"@id\":\"https:\/\/fordcargoparca.com\/#organization\",\"name\":\"Kamil Y\u0131lmaz Otomotiv - Ford Cargo Par\u00e7a\",\"url\":\"https:\/\/fordcargoparca.com\/\",\"logo\":{\"@type\":\"ImageObject\",\"inLanguage\":\"ru-RU\",\"@id\":\"https:\/\/fordcargoparca.com\/#\/schema\/logo\/image\/\",\"url\":\"https:\/\/fordcargoparca.com\/wp-content\/uploads\/2023\/07\/cropped-kamilyilmazlogo3.png\",\"contentUrl\":\"https:\/\/fordcargoparca.com\/wp-content\/uploads\/2023\/07\/cropped-kamilyilmazlogo3.png\",\"width\":1080,\"height\":720,\"caption\":\"Kamil Y\u0131lmaz Otomotiv - Ford Cargo Par\u00e7a\"},\"image\":{\"@id\":\"https:\/\/fordcargoparca.com\/#\/schema\/logo\/image\/\"},\"sameAs\":[\"https:\/\/www.facebook.com\/fordtrucksparts\/\",\"https:\/\/www.instagram.com\/kamilyilmazotomotiv\/\"]}]}<\/script>\n<!-- \/ Yoast SEO plugin. -->","yoast_head_json":{"title":"RC46 13W029 AC N - T436300 \/ F-L\u0130NE SA\u011e FAR KOMPLE - Kamil Y\u0131lmaz Otomotiv - Ford Cargo Yedek Par&ccedil;a","robots":{"index":"index","follow":"follow","max-snippet":"max-snippet:-1","max-image-preview":"max-image-preview:large","max-video-preview":"max-video-preview:-1"},"canonical":"https:\/\/fordcargoparca.com\/ru\/urunler\/rc46-13w029-ac-n-t436300-f-line-sag-far-komple\/","og_locale":"ru_RU","og_type":"article","og_title":"RC46 13W029 AC N - T436300 \/ F-L\u0130NE SA\u011e FAR KOMPLE - Kamil Y\u0131lmaz Otomotiv - Ford Cargo Yedek Par&ccedil;a","og_url":"https:\/\/fordcargoparca.com\/ru\/urunler\/rc46-13w029-ac-n-t436300-f-line-sag-far-komple\/","og_site_name":"Kamil Y\u0131lmaz Otomotiv - Ford Cargo Yedek Par&ccedil;a","article_publisher":"https:\/\/www.facebook.com\/fordtrucksparts\/","article_modified_time":"2026-01-16T20:41:17+00:00","og_image":[{"width":1028,"height":1000,"url":"https:\/\/fordcargoparca.com\/wp-content\/uploads\/2026\/01\/RC46-13W029-AC.png","type":"image\/png"}],"twitter_card":"summary_large_image","twitter_misc":{"\u041f\u0440\u0438\u043c\u0435\u0440\u043d\u043e\u0435 \u0432\u0440\u0435\u043c\u044f \u0434\u043b\u044f \u0447\u0442\u0435\u043d\u0438\u044f":"1 \u043c\u0438\u043d\u0443\u0442\u0430"},"schema":{"@context":"https:\/\/schema.org","@graph":[{"@type":"WebPage","@id":"https:\/\/fordcargoparca.com\/urunler\/rc46-13w029-ac-n-t436300-f-line-sag-far-komple\/","url":"https:\/\/fordcargoparca.com\/urunler\/rc46-13w029-ac-n-t436300-f-line-sag-far-komple\/","name":"RC46 13W029 AC N - T436300 \/ F-L\u0130NE SA\u011e FAR KOMPLE - Kamil Y\u0131lmaz Otomotiv - Ford Cargo Yedek Par&ccedil;a","isPartOf":{"@id":"https:\/\/fordcargoparca.com\/#website"},"primaryImageOfPage":{"@id":"https:\/\/fordcargoparca.com\/urunler\/rc46-13w029-ac-n-t436300-f-line-sag-far-komple\/#primaryimage"},"image":{"@id":"https:\/\/fordcargoparca.com\/urunler\/rc46-13w029-ac-n-t436300-f-line-sag-far-komple\/#primaryimage"},"thumbnailUrl":"https:\/\/fordcargoparca.com\/wp-content\/uploads\/2026\/01\/RC46-13W029-AC.png","datePublished":"2026-01-16T20:40:17+00:00","dateModified":"2026-01-16T20:41:17+00:00","breadcrumb":{"@id":"https:\/\/fordcargoparca.com\/urunler\/rc46-13w029-ac-n-t436300-f-line-sag-far-komple\/#breadcrumb"},"inLanguage":"ru-RU","potentialAction":[{"@type":"ReadAction","target":["https:\/\/fordcargoparca.com\/urunler\/rc46-13w029-ac-n-t436300-f-line-sag-far-komple\/"]}]},{"@type":"ImageObject","inLanguage":"ru-RU","@id":"https:\/\/fordcargoparca.com\/urunler\/rc46-13w029-ac-n-t436300-f-line-sag-far-komple\/#primaryimage","url":"https:\/\/fordcargoparca.com\/wp-content\/uploads\/2026\/01\/RC46-13W029-AC.png","contentUrl":"https:\/\/fordcargoparca.com\/wp-content\/uploads\/2026\/01\/RC46-13W029-AC.png","width":1028,"height":1000},{"@type":"BreadcrumbList","@id":"https:\/\/fordcargoparca.com\/urunler\/rc46-13w029-ac-n-t436300-f-line-sag-far-komple\/#breadcrumb","itemListElement":[{"@type":"ListItem","position":1,"name":"Anasayfa","item":"https:\/\/fordcargoparca.com\/"},{"@type":"ListItem","position":2,"name":"\u00dcr\u00fcnler","item":"https:\/\/fordcargoparca.com\/urunler\/"},{"@type":"ListItem","position":3,"name":"RC46 13W029 AC N &#8211; T436300 \/ F-L\u0130NE SA\u011e FAR KOMPLE"}]},{"@type":"WebSite","@id":"https:\/\/fordcargoparca.com\/#website","url":"https:\/\/fordcargoparca.com\/","name":"Kamil Y\u0131lmaz Otomotiv - Ford Cargo Par\u00e7a","description":"","publisher":{"@id":"https:\/\/fordcargoparca.com\/#organization"},"potentialAction":[{"@type":"SearchAction","target":{"@type":"EntryPoint","urlTemplate":"https:\/\/fordcargoparca.com\/?s={search_term_string}"},"query-input":"required name=search_term_string"}],"inLanguage":"ru-RU"},{"@type":"Organization","@id":"https:\/\/fordcargoparca.com\/#organization","name":"Kamil Y\u0131lmaz Otomotiv - Ford Cargo Par\u00e7a","url":"https:\/\/fordcargoparca.com\/","logo":{"@type":"ImageObject","inLanguage":"ru-RU","@id":"https:\/\/fordcargoparca.com\/#\/schema\/logo\/image\/","url":"https:\/\/fordcargoparca.com\/wp-content\/uploads\/2023\/07\/cropped-kamilyilmazlogo3.png","contentUrl":"https:\/\/fordcargoparca.com\/wp-content\/uploads\/2023\/07\/cropped-kamilyilmazlogo3.png","width":1080,"height":720,"caption":"Kamil Y\u0131lmaz Otomotiv - Ford Cargo Par\u00e7a"},"image":{"@id":"https:\/\/fordcargoparca.com\/#\/schema\/logo\/image\/"},"sameAs":["https:\/\/www.facebook.com\/fordtrucksparts\/","https:\/\/www.instagram.com\/kamilyilmazotomotiv\/"]}]}},"_links":{"self":[{"href":"https:\/\/fordcargoparca.com\/ru\/wp-json\/wp\/v2\/product\/78639"}],"collection":[{"href":"https:\/\/fordcargoparca.com\/ru\/wp-json\/wp\/v2\/product"}],"about":[{"href":"https:\/\/fordcargoparca.com\/ru\/wp-json\/wp\/v2\/types\/product"}],"version-history":[{"count":1,"href":"https:\/\/fordcargoparca.com\/ru\/wp-json\/wp\/v2\/product\/78639\/revisions"}],"predecessor-version":[{"id":78641,"href":"https:\/\/fordcargoparca.com\/ru\/wp-json\/wp\/v2\/product\/78639\/revisions\/78641"}],"wp:featuredmedia":[{"embeddable":true,"href":"https:\/\/fordcargoparca.com\/ru\/wp-json\/wp\/v2\/media\/78615"}],"wp:attachment":[{"href":"https:\/\/fordcargoparca.com\/ru\/wp-json\/wp\/v2\/media?parent=78639"}],"wp:term":[{"taxonomy":"product_cat","embeddable":true,"href":"https:\/\/fordcargoparca.com\/ru\/wp-json\/wp\/v2\/product_cat?post=78639"},{"taxonomy":"product_tag","embeddable":true,"href":"https:\/\/fordcargoparca.com\/ru\/wp-json\/wp\/v2\/product_tag?post=78639"}],"curies":[{"name":"wp","href":"https:\/\/api.w.org\/{rel}","templated":true}]}}